{"id":1569,"date":"2023-05-23T12:18:42","date_gmt":"2023-05-23T12:18:42","guid":{"rendered":"https:\/\/es.360immigrationlaw.com\/?page_id=1569"},"modified":"2023-09-18T18:55:44","modified_gmt":"2023-09-18T18:55:44","slug":"visa-de-estudiante-f-1","status":"publish","type":"page","link":"https:\/\/360immigrationlaw.com\/es\/visa-de-estudiante-f-1\/","title":{"rendered":"VISA DE ESTUDIANTE F-1"},"content":{"rendered":"\n[et_pb_section fb_built=\u00bb1&#8243; custom_padding_last_edited=\u00bbon|phone\u00bb module_id=\u00bbhead-sec\u00bb _builder_version=\u00bb4.21.0&#8243; _module_preset=\u00bbdefault\u00bb use_background_color_gradient=\u00bbon\u00bb background_color_gradient_direction=\u00bb91deg\u00bb background_color_gradient_stops=\u00bbrgba(0,0,0,0.87) 0%|rgba(0,0,0,0.33) 99%\u00bb background_image=\u00bbhttps:\/\/360immigrationlaw.com\/es\/wp-content\/uploads\/2023\/05\/STUDENT_VISA_F1_header_image.jpg\u00bb custom_padding=\u00bb400px||80px||false|false\u00bb custom_padding_tablet=\u00bb200px||200px||false|false\u00bb custom_padding_phone=\u00bb30px||30px||true|false\u00bb locked=\u00bboff\u00bb global_colors_info=\u00bb{}\u00bb][et_pb_row custom_padding_last_edited=\u00bbon|desktop\u00bb _builder_version=\u00bb4.21.0&#8243; _module_preset=\u00bbdefault\u00bb custom_padding=\u00bb80px||80px||true|false\u00bb custom_padding_tablet=\u00bb50px||50px||true|false\u00bb custom_padding_phone=\u00bb150px||0px||false|false\u00bb global_colors_info=\u00bb{}\u00bb custom_margin=\u00bb||||true|false\u00bb][et_pb_column type=\u00bb4_4&#8243; _builder_version=\u00bb4.20.2&#8243; _module_preset=\u00bbdefault\u00bb global_colors_info=\u00bb{}\u00bb][et_pb_text _builder_version=\u00bb4.21.0&#8243; _module_preset=\u00bbdefault\u00bb header_font=\u00bbAdobe Garamond Pro Semibold|600|||||||\u00bb background_layout=\u00bbdark\u00bb global_colors_info=\u00bb{}\u00bb custom_margin=\u00bb||||false|false\u00bb custom_padding=\u00bb||||false|false\u00bb header_font_size_phone=\u00bb30px\u00bb header_font_size_last_edited=\u00bbon|phone\u00bb]<h1>VISA DE ESTUDIANTE F-1<\/h1>[\/et_pb_text][\/et_pb_column][\/et_pb_row][\/et_pb_section][et_pb_section fb_built=\u00bb1&#8243; _builder_version=\u00bb4.20.2&#8243; _module_preset=\u00bbdefault\u00bb locked=\u00bboff\u00bb global_colors_info=\u00bb{}\u00bb][et_pb_row _builder_version=\u00bb4.21.0&#8243; _module_preset=\u00bbdefault\u00bb custom_padding=\u00bb0px||||false|false\u00bb global_colors_info=\u00bb{}\u00bb][et_pb_column type=\u00bb4_4&#8243; _builder_version=\u00bb4.20.2&#8243; _module_preset=\u00bbdefault\u00bb global_colors_info=\u00bb{}\u00bb][et_pb_text _builder_version=\u00bb4.21.0&#8243; _module_preset=\u00bbdefault\u00bb text_font=\u00bbHelveticaNeue normal||||||||\u00bb header_4_font=\u00bbHelvetica Neu Bold||||||||\u00bb header_4_font_size=\u00bb20px\u00bb text_font_size_tablet=\u00bb\u00bb text_font_size_phone=\u00bb20px\u00bb text_font_size_last_edited=\u00bbon|phone\u00bb global_colors_info=\u00bb{}\u00bb]Una visa de estudiante, tambi\u00e9n conocida como visa F-1, se otorga a los estudiantes que ingresan a los Estados Unidos para estudiar. Este tipo de visa permite a los solicitantes vivir, estudiar y trabajar en los Estados Unidos si asisten a una escuela aprobada por el SEVP \u2013 Programa de Visitantes de Intercambio y Estudiantes. Los estudiantes F-1 deben mantener la carga de trabajo m\u00ednima para obtener el estatus de estudiante de tiempo completo. Este estado permite el empleo a tiempo parcial en la escuela (menos de 20 horas por semana). Adem\u00e1s, los estudiantes pueden trabajar en capacitaci\u00f3n pr\u00e1ctica opcional (OPT) hasta por un a\u00f1o despu\u00e9s de completar el programa acad\u00e9mico.\n\nNo hay l\u00edmite para la cantidad de visas de estudiante F-1 emitidas cada a\u00f1o. El alumno candidato puede matricularse en cualquier \u00e9poca del a\u00f1o. Para calificar para una visa de estudiante, hay requisitos espec\u00edficos que deben cumplirse.[\/et_pb_text][\/et_pb_column][\/et_pb_row][et_pb_row column_structure=\u00bb1_2,1_2&#8243; make_equal=\u00bbon\u00bb custom_padding_last_edited=\u00bbon|phone\u00bb _builder_version=\u00bb4.21.0&#8243; _module_preset=\u00bbdefault\u00bb custom_margin=\u00bb||||false|false\u00bb custom_padding=\u00bb||0px||false|false\u00bb custom_padding_tablet=\u00bb||0px||false|false\u00bb custom_padding_phone=\u00bb0px||0px||false|false\u00bb global_colors_info=\u00bb{}\u00bb][et_pb_column type=\u00bb1_2&#8243; _builder_version=\u00bb4.21.0&#8243; _module_preset=\u00bbdefault\u00bb background_image=\u00bbhttps:\/\/360immigrationlaw.com\/es\/wp-content\/uploads\/2023\/06\/STUDENT_VISA_F1_image_1.png\u00bb background_last_edited=\u00bbon|tablet\u00bb background_enable_image_tablet=\u00bboff\u00bb global_colors_info=\u00bb{}\u00bb][et_pb_image src=\u00bbhttps:\/\/360immigrationlaw.com\/es\/wp-content\/uploads\/2023\/06\/STUDENT_VISA_F1_image_1.png\u00bb title_text=\u00bbSTUDENT_VISA_F1_image_1&#8243; disabled_on=\u00bboff|off|on\u00bb _builder_version=\u00bb4.21.0&#8243; _module_preset=\u00bbdefault\u00bb global_colors_info=\u00bb{}\u00bb][\/et_pb_image][\/et_pb_column][et_pb_column type=\u00bb1_2&#8243; _builder_version=\u00bb4.20.2&#8243; _module_preset=\u00bbdefault\u00bb global_colors_info=\u00bb{}\u00bb][et_pb_text _builder_version=\u00bb4.21.0&#8243; _module_preset=\u00bbdefault\u00bb text_font=\u00bbHelveticaNeue normal||||||||\u00bb header_4_font=\u00bbHelvetica Neu Bold||||||||\u00bb header_4_font_size=\u00bb25px\u00bb header_4_line_height=\u00bb1.4em\u00bb text_font_size_tablet=\u00bb\u00bb text_font_size_phone=\u00bb20px\u00bb text_font_size_last_edited=\u00bbon|phone\u00bb header_4_font_size_tablet=\u00bb25px\u00bb header_4_font_size_phone=\u00bb24px\u00bb header_4_font_size_last_edited=\u00bbon|phone\u00bb header_4_line_height_tablet=\u00bb1.4em\u00bb header_4_line_height_phone=\u00bb1.2em\u00bb header_4_line_height_last_edited=\u00bbon|phone\u00bb global_colors_info=\u00bb{}\u00bb]<h4>REQUISITOS<\/h4>\n<ul>\n\t<li> El programa seleccionado debe ser un programa educativo acad\u00e9mico acreditado, un programa de capacitaci\u00f3n en idiomas o un programa vocacional aprobado por el Fiscal General;<\/li>\n\t<li>La escuela del estudiante debe ser aceptada por la SEVP;<\/li>\n\t<li>El estudiante debe demostrar la no intenci\u00f3n de convertirse en inmigrante y mostrar evidencia de fuertes v\u00ednculos con su pa\u00eds de origen e independencia financiera durante el per\u00edodo de estudio;<\/li>\n\t<li>El estudiante debe demostrar su habilidad y credenciales para calificar para el curso elegido en su totalidad;<\/li>\n\t<li>El estudiante debe poder demostrar competencia en el idioma ingl\u00e9s o estar inscrito en cursos para lograr esa competencia;<\/li>\n\t<li>El estudiante no debe abandonar su residencia adquirida en el extranjero.<\/li>\n<\/ul>[\/et_pb_text][\/et_pb_column][\/et_pb_row][et_pb_row custom_padding_last_edited=\u00bbon|phone\u00bb _builder_version=\u00bb4.21.0&#8243; _module_preset=\u00bbdefault\u00bb custom_padding_tablet=\u00bb\u00bb custom_padding_phone=\u00bb0px||||false|false\u00bb global_colors_info=\u00bb{}\u00bb][et_pb_column type=\u00bb4_4&#8243; _builder_version=\u00bb4.20.2&#8243; _module_preset=\u00bbdefault\u00bb global_colors_info=\u00bb{}\u00bb][et_pb_text _builder_version=\u00bb4.21.0&#8243; _module_preset=\u00bbdefault\u00bb text_font=\u00bbHelveticaNeue normal||||||||\u00bb header_4_font=\u00bbHelvetica Neu Bold||||||||\u00bb header_4_font_size=\u00bb25px\u00bb header_4_line_height=\u00bb1.4em\u00bb text_font_size_tablet=\u00bb\u00bb text_font_size_phone=\u00bb20px\u00bb text_font_size_last_edited=\u00bbon|phone\u00bb header_4_font_size_tablet=\u00bb25px\u00bb header_4_font_size_phone=\u00bb24px\u00bb header_4_font_size_last_edited=\u00bbon|phone\u00bb header_4_line_height_tablet=\u00bb1.4em\u00bb header_4_line_height_phone=\u00bb1.2em\u00bb header_4_line_height_last_edited=\u00bbon|phone\u00bb global_colors_info=\u00bb{}\u00bb]<h4>\u00bfBENEFICIOS Y LIMITACIONES?<\/h4>\nUna de las mayores limitaciones de una visa de estudiante F-1 es que el estudiante no tenga \u00abdoble intenci\u00f3n\u00bb, lo que significa que el estudiante no tenga la intenci\u00f3n de ser estudiante e inmigrar a los estados unidos. Solicitar la residencia (Green Card) estando con la visa de estudiante F-1 no solo puede resultar en la denegaci\u00f3n del proceso de aplicaci\u00f3n para la residencia legal (Green Card), sino que tambi\u00e9n se considerar\u00e1 una violaci\u00f3n de estado y puede resultar en una barrera migratoria temporal para el reingreso a los Estados Unidos.\n\nSin embargo, a\u00fan es posible obtener su residencia legal si ingres\u00f3 a los EE. UU. con una visa de estudiante F-1. Lo primero que debe hacer es cambiar su estado a una visa de no inmigrante lo cual es diferente a que tenga \u00abdoble intenci\u00f3n\u00bb, que est\u00e1 permitida bajo el estado F-1. Es importante consultar a un abogado o abogada de inmigraci\u00f3n con amplia experiencia en visas de estudiante F-1, ya que ellos pueden asesorarlo mejor sobre los requisitos y restricciones.\n\nCon una visa de estudiante F-1, puede trabajar legalmente a tiempo parcial durante el a\u00f1o escolar (en la escuela) y a tiempo completo durante las vacaciones de verano (fuera de la escuela, sujeto a los requisitos de inscripci\u00f3n). Y despu\u00e9s de la graduaci\u00f3n, existe la opci\u00f3n de solicitar la Capacitaci\u00f3n Pr\u00e1ctica Opcional (OPT).\n\nCon una visa F-1, el c\u00f3nyuge del titular y los hijos menores solteros (menores de 21 a\u00f1os) son elegibles para obtener el estatus F-2. Aunque el c\u00f3nyuge no puede seguir un curso de estudio de tiempo completo, los hijos menores de edad son elegibles para inscribirse en estudios de tiempo completo en las escuelas primarias o secundarias.[\/et_pb_text][\/et_pb_column][\/et_pb_row][et_pb_row column_structure=\u00bb1_2,1_2&#8243; make_equal=\u00bbon\u00bb custom_padding_last_edited=\u00bbon|phone\u00bb _builder_version=\u00bb4.21.0&#8243; _module_preset=\u00bbdefault\u00bb custom_padding_tablet=\u00bb\u00bb custom_padding_phone=\u00bb0px||||false|false\u00bb global_colors_info=\u00bb{}\u00bb][et_pb_column type=\u00bb1_2&#8243; _builder_version=\u00bb4.20.2&#8243; _module_preset=\u00bbdefault\u00bb global_colors_info=\u00bb{}\u00bb][et_pb_text _builder_version=\u00bb4.21.0&#8243; _module_preset=\u00bbdefault\u00bb text_font=\u00bbHelveticaNeue normal||||||||\u00bb header_4_font=\u00bbHelvetica Neu Bold||||||||\u00bb header_4_font_size=\u00bb25px\u00bb header_4_line_height=\u00bb1.4em\u00bb text_font_size_tablet=\u00bb\u00bb text_font_size_phone=\u00bb20px\u00bb text_font_size_last_edited=\u00bbon|phone\u00bb header_4_font_size_tablet=\u00bb25px\u00bb header_4_font_size_phone=\u00bb24px\u00bb header_4_font_size_last_edited=\u00bbon|phone\u00bb header_4_line_height_tablet=\u00bb1.4em\u00bb header_4_line_height_phone=\u00bb1.2em\u00bb header_4_line_height_last_edited=\u00bbon|phone\u00bb global_colors_info=\u00bb{}\u00bb]<h4>\u00bfC\u00d3MO PUEDE AYUDAR UN ABOGADO CON UN PROCESO DE VISA DE ESTUDIANTE F-1?<\/h4>\nEl bufete de la abogada Jamile Moraes Pellicer brinda asistencia para obtener una visa de estudiante F-1, ya sea para preparar una solicitud de cambio de estatus en los EE. UU. O para guiarlo con el proceso consular en el extranjero. Con la vasta experiencia de nuestro equipo legal, lo ayudaremos a planificar una estrategia y plan de acci\u00f3n para aumentar las posibilidades de obtener la visa de estudiante F-1. Nuestros abogados de inmigraci\u00f3n ofrecen atenci\u00f3n individualizada para brindar el servicio m\u00e1s eficiente y completo.[\/et_pb_text][\/et_pb_column][et_pb_column type=\u00bb1_2&#8243; _builder_version=\u00bb4.21.0&#8243; _module_preset=\u00bbdefault\u00bb background_image=\u00bbhttps:\/\/360immigrationlaw.com\/es\/wp-content\/uploads\/2023\/06\/STUDENT_VISA_F1_image_2.png\u00bb background_last_edited=\u00bbon|tablet\u00bb background_enable_image_tablet=\u00bboff\u00bb global_colors_info=\u00bb{}\u00bb][et_pb_image src=\u00bbhttps:\/\/360immigrationlaw.com\/es\/wp-content\/uploads\/2023\/06\/STUDENT_VISA_F1_image_2.png\u00bb alt=\u00bbdaca\u00bb title_text=\u00bbSTUDENT_VISA_F1_image_2&#8243; disabled_on=\u00bboff|off|on\u00bb _builder_version=\u00bb4.21.0&#8243; _module_preset=\u00bbdefault\u00bb sticky_limit_top=\u00bbcolumn\u00bb sticky_limit_bottom=\u00bbcolumn\u00bb global_colors_info=\u00bb{}\u00bb][\/et_pb_image][\/et_pb_column][\/et_pb_row][\/et_pb_section][et_pb_section fb_built=\u00bb1&#8243; _builder_version=\u00bb4.21.0&#8243; _module_preset=\u00bbdefault\u00bb custom_padding=\u00bb0px||||false|false\u00bb locked=\u00bboff\u00bb global_colors_info=\u00bb{}\u00bb][et_pb_row custom_padding_last_edited=\u00bbon|phone\u00bb _builder_version=\u00bb4.21.0&#8243; _module_preset=\u00bbdefault\u00bb background_color=\u00bbrgba(213,207,203,0.42)\u00bb custom_padding_tablet=\u00bb\u00bb custom_padding_phone=\u00bb||||false|false\u00bb global_colors_info=\u00bb{}\u00bb][et_pb_column type=\u00bb4_4&#8243; _builder_version=\u00bb4.20.2&#8243; _module_preset=\u00bbdefault\u00bb global_colors_info=\u00bb{}\u00bb][et_pb_cta button_url=\u00bb@ET-DC@eyJkeW5hbWljIjp0cnVlLCJjb250ZW50IjoicG9zdF9saW5rX3VybF9wYWdlIiwic2V0dGluZ3MiOnsicG9zdF9pZCI6IjUwNiJ9fQ==@\u00bb button_text=\u00bbCONT\u00c1CTENOS\u00bb _builder_version=\u00bb4.21.0&#8243; _dynamic_attributes=\u00bbbutton_url\u00bb _module_preset=\u00bbdefault\u00bb body_font=\u00bbHelvetica Neu Bold|700|||||||\u00bb body_text_color=\u00bbgcid-30b07574-da3b-4944-bfd9-3b5cde1edd29&#8243; background_enable_color=\u00bboff\u00bb custom_button=\u00bbon\u00bb button_text_size=\u00bb18px\u00bb button_bg_color=\u00bbgcid-30b07574-da3b-4944-bfd9-3b5cde1edd29&#8243; button_border_width=\u00bb0px\u00bb button_border_radius=\u00bb15px\u00bb button_font=\u00bbRoboto|700||on|||||\u00bb button_use_icon=\u00bboff\u00bb button_custom_margin=\u00bb30px||||false|false\u00bb button_custom_padding=\u00bb|40px||40px|false|true\u00bb module_alignment=\u00bbcenter\u00bb custom_padding=\u00bb||0px||false|false\u00bb body_font_size_tablet=\u00bb\u00bb body_font_size_phone=\u00bb20px\u00bb body_font_size_last_edited=\u00bbon|phone\u00bb global_colors_info=\u00bb{%22gcid-30b07574-da3b-4944-bfd9-3b5cde1edd29%22:%91%22body_text_color%22,%22button_bg_color%22%93,%22gcid-eafa90e3-7c53-4465-b3ea-d911763a82f7%22:%91%22button_bg_color__hover%22%93}\u00bb button_bg_color__hover_enabled=\u00bbon|hover\u00bb button_bg_color__hover=\u00bb#400101&#8243; button_bg_enable_color__hover=\u00bbon\u00bb]<p>Si realmente quiere saber c\u00f3mo ganar su caso. . .<br \/>Cont\u00e1ctenos y Programaremos su sesi\u00f3n de estrategia y planificaci\u00f3n legal hoy. Estamos aqu\u00ed para ayudarlo.<\/p>[\/et_pb_cta][\/et_pb_column][\/et_pb_row][\/et_pb_section]\n","protected":false},"excerpt":{"rendered":"<p>VISA DE ESTUDIANTE F-1Una visa de estudiante, tambi\u00e9n conocida como visa F-1, se otorga a los estudiantes que ingresan a los Estados Unidos para estudiar. Este tipo de visa permite a los solicitantes vivir, estudiar y trabajar en los Estados Unidos si asisten a una escuela aprobada por el SEVP \u2013 Programa de Visitantes de Intercambio y Estudiantes. Los estudiantes F-1 deben mantener la carga de trabajo m\u00ednima para obtener el estatus de estudiante de tiempo completo. Este estado permite el empleo a tiempo parcial en la escuela (menos de 20 horas por semana). Adem\u00e1s, los estudiantes pueden trabajar en capacitaci\u00f3n pr\u00e1ctica opcional (OPT) hasta por un a\u00f1o despu\u00e9s de completar el programa acad\u00e9mico. No hay l\u00edmite para la cantidad de visas de estudiante F-1 emitidas cada a\u00f1o. El alumno candidato puede matricularse en cualquier \u00e9poca del a\u00f1o. Para calificar para una visa de estudiante, hay requisitos espec\u00edficos que deben cumplirse.REQUISITOS El programa seleccionado debe ser un programa educativo acad\u00e9mico acreditado, un programa de capacitaci\u00f3n en idiomas o un programa vocacional aprobado por el Fiscal General; La escuela del estudiante debe ser aceptada por la SEVP; El estudiante debe demostrar la no intenci\u00f3n de convertirse en inmigrante y mostrar evidencia [&hellip;]<\/p>\n","protected":false},"author":3,"featured_media":0,"parent":0,"menu_order":0,"comment_status":"closed","ping_status":"closed","template":"","meta":{"_et_pb_use_builder":"on","_et_pb_old_content":"","_et_gb_content_width":"","_lmt_disableupdate":"","_lmt_disable":"","footnotes":""},"class_list":["post-1569","page","type-page","status-publish","hentry"],"yoast_head":"<!-- This site is optimized with the Yoast SEO plugin v27.3 - https:\/\/yoast.com\/product\/yoast-seo-wordpress\/ -->\n<title>Hable con un Abogado de Visa de Estudiante | 360 Immigration Law<\/title>\n<meta name=\"description\" content=\"Obtenga su visa de estudiante. 360 Immigration Law Group lo puede asistir en la obtenci\u00f3n de una visa de estudiante F-1. Cont\u00e1ctenos hoy mismo.\" \/>\n<meta name=\"robots\" content=\"index, follow, max-snippet:-1, max-image-preview:large, max-video-preview:-1\" \/>\n<link rel=\"canonical\" href=\"https:\/\/v7k.09d.myftpupload.com\/visa-de-estudiante-f-1\/\" \/>\n<meta property=\"og:locale\" content=\"es_ES\" \/>\n<meta property=\"og:type\" content=\"article\" \/>\n<meta property=\"og:title\" content=\"Hable con un Abogado de Visa de Estudiante | 360 Immigration Law\" \/>\n<meta property=\"og:description\" content=\"Obtenga su visa de estudiante. 360 Immigration Law Group lo puede asistir en la obtenci\u00f3n de una visa de estudiante F-1. Cont\u00e1ctenos hoy mismo.\" \/>\n<meta property=\"og:url\" content=\"https:\/\/v7k.09d.myftpupload.com\/visa-de-estudiante-f-1\/\" \/>\n<meta property=\"og:site_name\" content=\"360 Immigration Law\" \/>\n<meta property=\"article:publisher\" content=\"https:\/\/www.facebook.com\/360Immigration\/\" \/>\n<meta property=\"article:modified_time\" content=\"2023-09-18T18:55:44+00:00\" \/>\n<meta name=\"twitter:card\" content=\"summary_large_image\" \/>\n<meta name=\"twitter:site\" content=\"@360immigration\" \/>\n<meta name=\"twitter:label1\" content=\"Tiempo de lectura\" \/>\n\t<meta name=\"twitter:data1\" content=\"5 minutos\" \/>\n<script type=\"application\/ld+json\" class=\"yoast-schema-graph\">{\"@context\":\"https:\\\/\\\/schema.org\",\"@graph\":[{\"@type\":\"WebPage\",\"@id\":\"https:\\\/\\\/v7k.09d.myftpupload.com\\\/visa-de-estudiante-f-1\\\/\",\"url\":\"https:\\\/\\\/v7k.09d.myftpupload.com\\\/visa-de-estudiante-f-1\\\/\",\"name\":\"Hable con un Abogado de Visa de Estudiante | 360 Immigration Law\",\"isPartOf\":{\"@id\":\"https:\\\/\\\/es.360immigrationlaw.com\\\/#website\"},\"datePublished\":\"2023-05-23T12:18:42+00:00\",\"dateModified\":\"2023-09-18T18:55:44+00:00\",\"description\":\"Obtenga su visa de estudiante. 360 Immigration Law Group lo puede asistir en la obtenci\u00f3n de una visa de estudiante F-1. Cont\u00e1ctenos hoy mismo.\",\"breadcrumb\":{\"@id\":\"https:\\\/\\\/v7k.09d.myftpupload.com\\\/visa-de-estudiante-f-1\\\/#breadcrumb\"},\"inLanguage\":\"es\",\"potentialAction\":[{\"@type\":\"ReadAction\",\"target\":[\"https:\\\/\\\/v7k.09d.myftpupload.com\\\/visa-de-estudiante-f-1\\\/\"]}]},{\"@type\":\"BreadcrumbList\",\"@id\":\"https:\\\/\\\/v7k.09d.myftpupload.com\\\/visa-de-estudiante-f-1\\\/#breadcrumb\",\"itemListElement\":[{\"@type\":\"ListItem\",\"position\":1,\"name\":\"Home\",\"item\":\"https:\\\/\\\/360immigrationlaw.com\\\/es\\\/\"},{\"@type\":\"ListItem\",\"position\":2,\"name\":\"VISA DE ESTUDIANTE F-1\"}]},{\"@type\":\"WebSite\",\"@id\":\"https:\\\/\\\/es.360immigrationlaw.com\\\/#website\",\"url\":\"https:\\\/\\\/es.360immigrationlaw.com\\\/\",\"name\":\"360 Immigration Law\",\"description\":\"Abogado de inmigraci\u00f3n en Florida\",\"publisher\":{\"@id\":\"https:\\\/\\\/es.360immigrationlaw.com\\\/#organization\"},\"potentialAction\":[{\"@type\":\"SearchAction\",\"target\":{\"@type\":\"EntryPoint\",\"urlTemplate\":\"https:\\\/\\\/es.360immigrationlaw.com\\\/?s={search_term_string}\"},\"query-input\":{\"@type\":\"PropertyValueSpecification\",\"valueRequired\":true,\"valueName\":\"search_term_string\"}}],\"inLanguage\":\"es\"},{\"@type\":\"Organization\",\"@id\":\"https:\\\/\\\/es.360immigrationlaw.com\\\/#organization\",\"name\":\"360 Immigration Law\",\"url\":\"https:\\\/\\\/es.360immigrationlaw.com\\\/\",\"logo\":{\"@type\":\"ImageObject\",\"inLanguage\":\"es\",\"@id\":\"https:\\\/\\\/es.360immigrationlaw.com\\\/#\\\/schema\\\/logo\\\/image\\\/\",\"url\":\"https:\\\/\\\/360immigrationlaw.com\\\/es\\\/wp-content\\\/uploads\\\/2023\\\/06\\\/360_Immigration_Law_Group.jpg\",\"contentUrl\":\"https:\\\/\\\/360immigrationlaw.com\\\/es\\\/wp-content\\\/uploads\\\/2023\\\/06\\\/360_Immigration_Law_Group.jpg\",\"width\":1264,\"height\":932,\"caption\":\"360 Immigration Law\"},\"image\":{\"@id\":\"https:\\\/\\\/es.360immigrationlaw.com\\\/#\\\/schema\\\/logo\\\/image\\\/\"},\"sameAs\":[\"https:\\\/\\\/www.facebook.com\\\/360Immigration\\\/\",\"https:\\\/\\\/x.com\\\/360immigration\"]}]}<\/script>\n<!-- \/ Yoast SEO plugin. -->","yoast_head_json":{"title":"Hable con un Abogado de Visa de Estudiante | 360 Immigration Law","description":"Obtenga su visa de estudiante. 360 Immigration Law Group lo puede asistir en la obtenci\u00f3n de una visa de estudiante F-1. Cont\u00e1ctenos hoy mismo.","robots":{"index":"index","follow":"follow","max-snippet":"max-snippet:-1","max-image-preview":"max-image-preview:large","max-video-preview":"max-video-preview:-1"},"canonical":"https:\/\/v7k.09d.myftpupload.com\/visa-de-estudiante-f-1\/","og_locale":"es_ES","og_type":"article","og_title":"Hable con un Abogado de Visa de Estudiante | 360 Immigration Law","og_description":"Obtenga su visa de estudiante. 360 Immigration Law Group lo puede asistir en la obtenci\u00f3n de una visa de estudiante F-1. Cont\u00e1ctenos hoy mismo.","og_url":"https:\/\/v7k.09d.myftpupload.com\/visa-de-estudiante-f-1\/","og_site_name":"360 Immigration Law","article_publisher":"https:\/\/www.facebook.com\/360Immigration\/","article_modified_time":"2023-09-18T18:55:44+00:00","twitter_card":"summary_large_image","twitter_site":"@360immigration","twitter_misc":{"Tiempo de lectura":"5 minutos"},"schema":{"@context":"https:\/\/schema.org","@graph":[{"@type":"WebPage","@id":"https:\/\/v7k.09d.myftpupload.com\/visa-de-estudiante-f-1\/","url":"https:\/\/v7k.09d.myftpupload.com\/visa-de-estudiante-f-1\/","name":"Hable con un Abogado de Visa de Estudiante | 360 Immigration Law","isPartOf":{"@id":"https:\/\/es.360immigrationlaw.com\/#website"},"datePublished":"2023-05-23T12:18:42+00:00","dateModified":"2023-09-18T18:55:44+00:00","description":"Obtenga su visa de estudiante. 360 Immigration Law Group lo puede asistir en la obtenci\u00f3n de una visa de estudiante F-1. Cont\u00e1ctenos hoy mismo.","breadcrumb":{"@id":"https:\/\/v7k.09d.myftpupload.com\/visa-de-estudiante-f-1\/#breadcrumb"},"inLanguage":"es","potentialAction":[{"@type":"ReadAction","target":["https:\/\/v7k.09d.myftpupload.com\/visa-de-estudiante-f-1\/"]}]},{"@type":"BreadcrumbList","@id":"https:\/\/v7k.09d.myftpupload.com\/visa-de-estudiante-f-1\/#breadcrumb","itemListElement":[{"@type":"ListItem","position":1,"name":"Home","item":"https:\/\/360immigrationlaw.com\/es\/"},{"@type":"ListItem","position":2,"name":"VISA DE ESTUDIANTE F-1"}]},{"@type":"WebSite","@id":"https:\/\/es.360immigrationlaw.com\/#website","url":"https:\/\/es.360immigrationlaw.com\/","name":"360 Immigration Law","description":"Abogado de inmigraci\u00f3n en Florida","publisher":{"@id":"https:\/\/es.360immigrationlaw.com\/#organization"},"potentialAction":[{"@type":"SearchAction","target":{"@type":"EntryPoint","urlTemplate":"https:\/\/es.360immigrationlaw.com\/?s={search_term_string}"},"query-input":{"@type":"PropertyValueSpecification","valueRequired":true,"valueName":"search_term_string"}}],"inLanguage":"es"},{"@type":"Organization","@id":"https:\/\/es.360immigrationlaw.com\/#organization","name":"360 Immigration Law","url":"https:\/\/es.360immigrationlaw.com\/","logo":{"@type":"ImageObject","inLanguage":"es","@id":"https:\/\/es.360immigrationlaw.com\/#\/schema\/logo\/image\/","url":"https:\/\/360immigrationlaw.com\/es\/wp-content\/uploads\/2023\/06\/360_Immigration_Law_Group.jpg","contentUrl":"https:\/\/360immigrationlaw.com\/es\/wp-content\/uploads\/2023\/06\/360_Immigration_Law_Group.jpg","width":1264,"height":932,"caption":"360 Immigration Law"},"image":{"@id":"https:\/\/es.360immigrationlaw.com\/#\/schema\/logo\/image\/"},"sameAs":["https:\/\/www.facebook.com\/360Immigration\/","https:\/\/x.com\/360immigration"]}]}},"_links":{"self":[{"href":"https:\/\/360immigrationlaw.com\/es\/wp-json\/wp\/v2\/pages\/1569","targetHints":{"allow":["GET"]}}],"collection":[{"href":"https:\/\/360immigrationlaw.com\/es\/wp-json\/wp\/v2\/pages"}],"about":[{"href":"https:\/\/360immigrationlaw.com\/es\/wp-json\/wp\/v2\/types\/page"}],"author":[{"embeddable":true,"href":"https:\/\/360immigrationlaw.com\/es\/wp-json\/wp\/v2\/users\/3"}],"replies":[{"embeddable":true,"href":"https:\/\/360immigrationlaw.com\/es\/wp-json\/wp\/v2\/comments?post=1569"}],"version-history":[{"count":23,"href":"https:\/\/360immigrationlaw.com\/es\/wp-json\/wp\/v2\/pages\/1569\/revisions"}],"predecessor-version":[{"id":3475,"href":"https:\/\/360immigrationlaw.com\/es\/wp-json\/wp\/v2\/pages\/1569\/revisions\/3475"}],"wp:attachment":[{"href":"https:\/\/360immigrationlaw.com\/es\/wp-json\/wp\/v2\/media?parent=1569"}],"curies":[{"name":"wp","href":"https:\/\/api.w.org\/{rel}","templated":true}]}}