{"id":1592,"date":"2023-05-23T13:04:23","date_gmt":"2023-05-23T13:04:23","guid":{"rendered":"https:\/\/es.360immigrationlaw.com\/?page_id=1592"},"modified":"2023-09-27T17:00:47","modified_gmt":"2023-09-27T17:00:47","slug":"visa-u-para-victimas-del-crimen","status":"publish","type":"page","link":"https:\/\/360immigrationlaw.com\/es\/visa-u-para-victimas-del-crimen\/","title":{"rendered":"U-VISA"},"content":{"rendered":"<p>[et_pb_section fb_built=\u00bb1&#8243; custom_padding_last_edited=\u00bbon|phone\u00bb module_id=\u00bbhead-sec\u00bb _builder_version=\u00bb4.21.0&#8243; _module_preset=\u00bbdefault\u00bb use_background_color_gradient=\u00bbon\u00bb background_color_gradient_direction=\u00bb91deg\u00bb background_color_gradient_stops=\u00bbrgba(0,0,0,0.87) 0%|rgba(0,0,0,0.33) 99%\u00bb background_image=\u00bbhttps:\/\/360immigrationlaw.com\/es\/wp-content\/uploads\/2023\/05\/U-VISA_header_image.jpg\u00bb custom_padding=\u00bb400px||80px||false|false\u00bb custom_padding_tablet=\u00bb200px||200px||false|false\u00bb custom_padding_phone=\u00bb30px||30px||true|false\u00bb locked=\u00bboff\u00bb global_colors_info=\u00bb{}\u00bb][et_pb_row custom_padding_last_edited=\u00bbon|desktop\u00bb _builder_version=\u00bb4.21.0&#8243; _module_preset=\u00bbdefault\u00bb custom_margin=\u00bb||||true|false\u00bb custom_padding=\u00bb80px||80px||true|false\u00bb custom_padding_tablet=\u00bb50px||50px||true|false\u00bb custom_padding_phone=\u00bb150px||0px||false|false\u00bb global_colors_info=\u00bb{}\u00bb][et_pb_column type=\u00bb4_4&#8243; _builder_version=\u00bb4.20.2&#8243; _module_preset=\u00bbdefault\u00bb global_colors_info=\u00bb{}\u00bb][et_pb_text _builder_version=\u00bb4.21.0&#8243; _module_preset=\u00bbdefault\u00bb header_font=\u00bbAdobe Garamond Pro Semibold|600|||||||\u00bb background_layout=\u00bbdark\u00bb custom_margin=\u00bb||||false|false\u00bb custom_padding=\u00bb||||false|false\u00bb header_font_size_tablet=\u00bb\u00bb header_font_size_phone=\u00bb30px\u00bb header_font_size_last_edited=\u00bbon|phone\u00bb global_colors_info=\u00bb{}\u00bb]<\/p>\n<h1>VISA U<\/h1>\n<p>[\/et_pb_text][\/et_pb_column][\/et_pb_row][\/et_pb_section][et_pb_section fb_built=\u00bb1&#8243; custom_padding_last_edited=\u00bbon|phone\u00bb _builder_version=\u00bb4.21.0&#8243; _module_preset=\u00bbdefault\u00bb custom_padding_tablet=\u00bb\u00bb custom_padding_phone=\u00bb0px||||false|false\u00bb locked=\u00bboff\u00bb global_colors_info=\u00bb{}\u00bb][et_pb_row _builder_version=\u00bb4.21.0&#8243; _module_preset=\u00bbdefault\u00bb global_colors_info=\u00bb{}\u00bb][et_pb_column type=\u00bb4_4&#8243; _builder_version=\u00bb4.20.2&#8243; _module_preset=\u00bbdefault\u00bb global_colors_info=\u00bb{}\u00bb][et_pb_text _builder_version=\u00bb4.21.0&#8243; _module_preset=\u00bbdefault\u00bb text_font=\u00bbHelveticaNeue normal||||||||\u00bb text_font_size_tablet=\u00bb\u00bb text_font_size_phone=\u00bb20px\u00bb text_font_size_last_edited=\u00bbon|phone\u00bb global_colors_info=\u00bb{}\u00bb]<\/p>\n<p>La visa U es una visa especial que permite a un inmigrante ilegal que fue v\u00edctima de un delito en los Estados Unidos y decide ayudar a la polic\u00eda a capturar el autor del crimen. La polic\u00eda lo puede proteger y al mismo tiempo le puede dar la posibilidad de permanecer en los Estados Unidos libre de deportaci\u00f3n. Una vez aprobada por los Servicios de Ciudadan\u00eda e Inmigraci\u00f3n de los Estados Unidos (USCIS), la Visa U permitir\u00e1 al inmigrante y a su familia inmediata trabajar y vivir en los Estados Unidos, y solicitar la residencia permanente en tres a\u00f1os.<\/p>\n<p>Esta categor\u00eda de visa est\u00e1 dise\u00f1ada para proteger a las v\u00edctimas de delitos y a sus seres queridos, pero el proceso de solicitud es complicado y requiere un abogado o abogada con experiencia trabajando con los sistemas penales y de inmigraci\u00f3n. En la oficina de Jamile Moraes Pellicer P. A., ofrecemos tanto la representaci\u00f3n legal como apoyo emocional a las v\u00edctimas y sus familias, mientras que persiguen estas visas no inmigrantes.<\/p>\n<p>[\/et_pb_text][\/et_pb_column][\/et_pb_row][et_pb_row column_structure=\u00bb2_5,3_5&#8243; make_equal=\u00bbon\u00bb _builder_version=\u00bb4.21.0&#8243; _module_preset=\u00bbdefault\u00bb global_colors_info=\u00bb{}\u00bb][et_pb_column type=\u00bb2_5&#8243; _builder_version=\u00bb4.21.0&#8243; _module_preset=\u00bbdefault\u00bb background_image=\u00bbhttps:\/\/360immigrationlaw.com\/es\/wp-content\/uploads\/2023\/05\/U-VISA_image_1.jpg\u00bb background_last_edited=\u00bbon|tablet\u00bb background_enable_image_tablet=\u00bboff\u00bb global_colors_info=\u00bb{}\u00bb][et_pb_image src=\u00bbhttps:\/\/360immigrationlaw.com\/es\/wp-content\/uploads\/2023\/05\/U-VISA_image_1.jpg\u00bb alt=\u00bbVICTIMS OF CRIMES\u00bb title_text=\u00bbU-VISA_image_1&#8243; disabled_on=\u00bboff|off|on\u00bb _builder_version=\u00bb4.21.0&#8243; _module_preset=\u00bbdefault\u00bb sticky_limit_top=\u00bbcolumn\u00bb sticky_limit_bottom=\u00bbcolumn\u00bb global_colors_info=\u00bb{}\u00bb][\/et_pb_image][\/et_pb_column][et_pb_column type=\u00bb3_5&#8243; _builder_version=\u00bb4.21.0&#8243; _module_preset=\u00bbdefault\u00bb global_colors_info=\u00bb{}\u00bb][et_pb_text _builder_version=\u00bb4.21.0&#8243; _module_preset=\u00bbdefault\u00bb text_font=\u00bbHelveticaNeue normal||||||||\u00bb header_4_font=\u00bbHelvetica Neu Bold||||||||\u00bb header_4_font_size=\u00bb25px\u00bb text_font_size_tablet=\u00bb\u00bb text_font_size_phone=\u00bb20px\u00bb text_font_size_last_edited=\u00bbon|phone\u00bb header_4_font_size_tablet=\u00bb25px\u00bb header_4_font_size_phone=\u00bb24px\u00bb header_4_font_size_last_edited=\u00bbon|phone\u00bb header_4_line_height_tablet=\u00bb\u00bb header_4_line_height_phone=\u00bb1.2em\u00bb header_4_line_height_last_edited=\u00bbon|phone\u00bb global_colors_info=\u00bb{}\u00bb]<\/p>\n<h4>\u00bfQU\u00c9 ES UNA VISA U?<\/h4>\n<p>En el a\u00f1o 2000, el Congreso aprob\u00f3 la Ley de protecci\u00f3n a las v\u00edctimas de la trata y la violencia. El prop\u00f3sito de esta ley era fortalecer la capacidad de las fuerzas del orden para perseguir a los delincuentes involucrados en la trata de personas, la violencia dom\u00e9stica, la agresi\u00f3n sexual y otros delitos violentos. Los legisladores se dieron cuenta de que para generar confianza con las comunidades de inmigrantes y proteger a los testigos, el programa de Visas U era una herramienta vital y necesaria para la aplicaci\u00f3n de la ley.<\/p>\n<p>Si su solicitud de Visa U es aprobada, es v\u00e1lida por hasta cuatro a\u00f1os. Durante este tiempo, puede vivir y trabajar legalmente en los Estados Unidos. Despu\u00e9s de tres a\u00f1os, la mayor\u00eda de los titulares de la Visa U pueden solicitar su tarjeta de residencia y obtener la residencia permanente legal. Una Visa U tambi\u00e9n puede cubrir a los familiares de la v\u00edctima del crimen. Si tiene 21 a\u00f1os o m\u00e1s, su solicitud de Visa U tambi\u00e9n puede incluir a su c\u00f3nyuge e hijos. Si es menor de 21 a\u00f1os, su petici\u00f3n puede incluir a su c\u00f3nyuge, hijos, padres y hermanos solteros menores de 18 a\u00f1os.<\/p>\n<p>[\/et_pb_text][\/et_pb_column][\/et_pb_row][et_pb_row column_structure=\u00bb2_5,3_5&#8243; make_equal=\u00bbon\u00bb custom_padding_last_edited=\u00bbon|phone\u00bb _builder_version=\u00bb4.21.0&#8243; _module_preset=\u00bbdefault\u00bb custom_padding_tablet=\u00bb\u00bb custom_padding_phone=\u00bb0px||||false|false\u00bb locked=\u00bboff\u00bb global_colors_info=\u00bb{}\u00bb][et_pb_column type=\u00bb2_5&#8243; _builder_version=\u00bb4.21.0&#8243; _module_preset=\u00bbdefault\u00bb global_colors_info=\u00bb{}\u00bb][et_pb_text _builder_version=\u00bb4.21.0&#8243; _module_preset=\u00bbdefault\u00bb text_font=\u00bbHelveticaNeue normal||||||||\u00bb header_4_font=\u00bbHelvetica Neu Bold||||||||\u00bb header_4_font_size=\u00bb25px\u00bb text_font_size_tablet=\u00bb\u00bb text_font_size_phone=\u00bb20px\u00bb text_font_size_last_edited=\u00bbon|phone\u00bb header_4_font_size_tablet=\u00bb25px\u00bb header_4_font_size_phone=\u00bb24px\u00bb header_4_font_size_last_edited=\u00bbon|phone\u00bb header_4_line_height_tablet=\u00bb\u00bb header_4_line_height_phone=\u00bb1.2em\u00bb header_4_line_height_last_edited=\u00bbon|phone\u00bb global_colors_info=\u00bb{}\u00bb]<\/p>\n<h4>\u00bfQUI\u00c9N ES ELEGIBLE PARA UNA VISA U?<\/h4>\n<p>Hay seis requisitos que deben cumplirse para cumplir con la elegibilidad:<\/p>\n<ul>\n<li>El solicitante fue v\u00edctima de un delito calificado;<\/li>\n<li>El solicitante sufri\u00f3 un abuso f\u00edsico, emocional o mental sustancial;<\/li>\n<li>La v\u00edctima puede proporcionar informaci\u00f3n cre\u00edble sobre el delito;<\/li>\n<li>El crimen ocurri\u00f3 en los Estados Unidos o de otro modo viola las leyes de Estados Unidos;<\/li>\n<li>La v\u00edctima debe cooperar plenamente con las fuerzas del orden y proporcionar informaci\u00f3n durante la investigaci\u00f3n y el enjuiciamiento del delito;<\/li>\n<li>Seg\u00fan las leyes y regulaciones de inmigraci\u00f3n de los Estados Unidos., El solicitante es admisible en los Estados Unidos (Si no son admisibles, puede solicitar una exenci\u00f3n).<\/li>\n<\/ul>\n<p>[\/et_pb_text][\/et_pb_column][et_pb_column type=\u00bb3_5&#8243; _builder_version=\u00bb4.21.0&#8243; _module_preset=\u00bbdefault\u00bb background_image=\u00bbhttps:\/\/360immigrationlaw.com\/es\/wp-content\/uploads\/2023\/06\/U-VISA_image_2.jpg\u00bb background_last_edited=\u00bbon|tablet\u00bb background_enable_image_tablet=\u00bboff\u00bb global_colors_info=\u00bb{}\u00bb][et_pb_image src=\u00bbhttps:\/\/360immigrationlaw.com\/es\/wp-content\/uploads\/2023\/06\/U-VISA_image_2.jpg\u00bb alt=\u00bbVICTIMS OF DOMESTIC VIOLENCE \u00bb title_text=\u00bbU-VISA_image_2&#8243; disabled_on=\u00bboff|off|on\u00bb _builder_version=\u00bb4.21.0&#8243; _module_preset=\u00bbdefault\u00bb sticky_limit_top=\u00bbcolumn\u00bb sticky_limit_bottom=\u00bbcolumn\u00bb global_colors_info=\u00bb{}\u00bb][\/et_pb_image][\/et_pb_column][\/et_pb_row][et_pb_row custom_padding_last_edited=\u00bbon|phone\u00bb _builder_version=\u00bb4.21.0&#8243; _module_preset=\u00bbdefault\u00bb custom_padding_tablet=\u00bb\u00bb custom_padding_phone=\u00bb0px||||false|false\u00bb locked=\u00bboff\u00bb global_colors_info=\u00bb{}\u00bb][et_pb_column type=\u00bb4_4&#8243; _builder_version=\u00bb4.20.2&#8243; _module_preset=\u00bbdefault\u00bb global_colors_info=\u00bb{}\u00bb][et_pb_text _builder_version=\u00bb4.21.0&#8243; _module_preset=\u00bbdefault\u00bb text_font=\u00bbHelveticaNeue normal||||||||\u00bb text_font_size_tablet=\u00bb\u00bb text_font_size_phone=\u00bb20px\u00bb text_font_size_last_edited=\u00bbon|phone\u00bb global_colors_info=\u00bb{}\u00bb]<\/p>\n<p>La lista de delitos cubiertos es extensa e incluye agresi\u00f3n agravada, secuestro, chantaje y extorsi\u00f3n, violencia dom\u00e9stica, agresi\u00f3n sexual, homicidio culposo y asesinato, prostituci\u00f3n, as\u00ed como secuestro y tr\u00e1fico de seres humanos. Otros cr\u00edmenes relacionados incluyen la tentativa, conspiraci\u00f3n o solicitud de cualquiera de estos cr\u00edmenes, o una actividad semejante donde los elementos del crimen son muy similares.<\/p>\n<p>Sin embargo, estos son solo algunos de los delitos que califican para una Visa U. La lista es muy extensa.<\/p>\n<p>Incluso las personas que tienen antecedentes penales o que han violado las leyes de inmigraci\u00f3n pueden ser elegibles para una Visa U. Incluso si una persona ha ingresado al pa\u00eds ilegalmente o tiene antecedentes penales que lo hacen \u00abinadmisible\u00bb en los Estados Unidos, podr\u00eda haber una forma de avanzar con una exenci\u00f3n. El proceso de la Visa U es uno de los casos m\u00e1s complejos para un inmigrante. Debido a que hay mucho en juego, siempre es mejor consultar con un abogado de inmigraci\u00f3n antes de iniciar el proceso de perd\u00f3n.<\/p>\n<p>Si necesita ayuda para comprender si es elegible para una Visa U, consulte con la Oficina Legal de Jamile Moraes Pellicer P.A. Nuestra abogada y equipo tiene experiencia en estos tipos de casos.<\/p>\n<p>[\/et_pb_text][\/et_pb_column][\/et_pb_row][et_pb_row _builder_version=\u00bb4.21.0&#8243; _module_preset=\u00bbdefault\u00bb background_color=\u00bbrgba(213,207,203,0.42)\u00bb custom_padding=\u00bb20px||0px||false|false\u00bb locked=\u00bboff\u00bb global_colors_info=\u00bb{}\u00bb][et_pb_column type=\u00bb4_4&#8243; _builder_version=\u00bb4.20.2&#8243; _module_preset=\u00bbdefault\u00bb global_colors_info=\u00bb{}\u00bb][et_pb_cta button_url=\u00bb@ET-DC@eyJkeW5hbWljIjp0cnVlLCJjb250ZW50IjoicG9zdF9saW5rX3VybF9wYWdlIiwic2V0dGluZ3MiOnsicG9zdF9pZCI6IjUwNiJ9fQ==@\u00bb button_text=\u00bbCONT\u00c1CTENOS\u00bb _builder_version=\u00bb4.21.0&#8243; _dynamic_attributes=\u00bbbutton_url\u00bb _module_preset=\u00bbdefault\u00bb header_line_height=\u00bb1.2em\u00bb body_font=\u00bbHelvetica Neu Bold|700|||||||\u00bb body_text_color=\u00bbgcid-30b07574-da3b-4944-bfd9-3b5cde1edd29&#8243; background_enable_color=\u00bboff\u00bb custom_button=\u00bbon\u00bb button_text_size=\u00bb18px\u00bb button_bg_color=\u00bbgcid-30b07574-da3b-4944-bfd9-3b5cde1edd29&#8243; button_border_width=\u00bb0px\u00bb button_border_radius=\u00bb15px\u00bb button_font=\u00bbRoboto|700|||||||\u00bb button_use_icon=\u00bboff\u00bb button_custom_margin=\u00bb20px||||false|false\u00bb button_custom_padding=\u00bb|40px||40px|false|true\u00bb module_alignment=\u00bbcenter\u00bb custom_margin=\u00bb||||false|false\u00bb custom_padding=\u00bb||||false|false\u00bb body_font_size_tablet=\u00bb\u00bb body_font_size_phone=\u00bb20px\u00bb body_font_size_last_edited=\u00bbon|phone\u00bb global_colors_info=\u00bb{%22gcid-30b07574-da3b-4944-bfd9-3b5cde1edd29%22:%91%22body_text_color%22,%22button_bg_color%22%93,%22gcid-eafa90e3-7c53-4465-b3ea-d911763a82f7%22:%91%22button_bg_color__hover%22%93}\u00bb button_bg_color__hover_enabled=\u00bbon|hover\u00bb button_bg_color__hover=\u00bb#400101&#8243; button_bg_enable_color__hover=\u00bbon\u00bb]<\/p>\n<p>Si realmente quiere descubrir c\u00f3mo obtener su residencia permanente. . .<br \/>Cont\u00e1ctenos y programaremos su sesi\u00f3n de estrategia y planificaci\u00f3n legal hoy. Estamos aqu\u00ed para ayudarle.<\/p>\n<p>[\/et_pb_cta][\/et_pb_column][\/et_pb_row][\/et_pb_section]<\/p>\n","protected":false},"excerpt":{"rendered":"<p>VISA ULa visa U es una visa especial que permite a un inmigrante ilegal que fue v\u00edctima de un delito en los Estados Unidos y decide ayudar a la polic\u00eda a capturar el autor del crimen. La polic\u00eda lo puede proteger y al mismo tiempo le puede dar la posibilidad de permanecer en los Estados Unidos libre de deportaci\u00f3n. Una vez aprobada por los Servicios de Ciudadan\u00eda e Inmigraci\u00f3n de los Estados Unidos (USCIS), la Visa U permitir\u00e1 al inmigrante y a su familia inmediata trabajar y vivir en los Estados Unidos, y solicitar la residencia permanente en tres a\u00f1os. Esta categor\u00eda de visa est\u00e1 dise\u00f1ada para proteger a las v\u00edctimas de delitos y a sus seres queridos, pero el proceso de solicitud es complicado y requiere un abogado o abogada con experiencia trabajando con los sistemas penales y de inmigraci\u00f3n. En la oficina de Jamile Moraes Pellicer P. A., ofrecemos tanto la representaci\u00f3n legal como apoyo emocional a las v\u00edctimas y sus familias, mientras que persiguen estas visas no inmigrantes.\u00bfQU\u00c9 ES UNA VISA U? En el a\u00f1o 2000, el Congreso aprob\u00f3 la Ley de protecci\u00f3n a las v\u00edctimas de la trata y la violencia. El prop\u00f3sito de esta ley [&hellip;]<\/p>\n","protected":false},"author":3,"featured_media":0,"parent":0,"menu_order":0,"comment_status":"closed","ping_status":"closed","template":"","meta":{"_et_pb_use_builder":"on","_et_pb_old_content":"","_et_gb_content_width":"","_lmt_disableupdate":"","_lmt_disable":"","footnotes":""},"class_list":["post-1592","page","type-page","status-publish","hentry"],"yoast_head":"<!-- This site is optimized with the Yoast SEO plugin v27.3 - https:\/\/yoast.com\/product\/yoast-seo-wordpress\/ -->\n<title>Conozca Nuestros Servicios de Visa U | 360 Immigration Law<\/title>\n<meta name=\"description\" content=\"\u00bfNecesita una visa U? Aprenda los requisitos. Hable con nuestro abogado y comience ahora.\" \/>\n<meta name=\"robots\" content=\"index, follow, max-snippet:-1, max-image-preview:large, max-video-preview:-1\" \/>\n<link rel=\"canonical\" href=\"https:\/\/es.360immigrationlaw.com\/visa-u-para-victimas-del-crimen\/\" \/>\n<meta property=\"og:locale\" content=\"es_ES\" \/>\n<meta property=\"og:type\" content=\"article\" \/>\n<meta property=\"og:title\" content=\"Conozca Nuestros Servicios de Visa U | 360 Immigration Law\" \/>\n<meta property=\"og:description\" content=\"\u00bfNecesita una visa U? Aprenda los requisitos. Hable con nuestro abogado y comience ahora.\" \/>\n<meta property=\"og:url\" content=\"https:\/\/es.360immigrationlaw.com\/visa-u-para-victimas-del-crimen\/\" \/>\n<meta property=\"og:site_name\" content=\"360 Immigration Law\" \/>\n<meta property=\"article:publisher\" content=\"https:\/\/www.facebook.com\/360Immigration\/\" \/>\n<meta property=\"article:modified_time\" content=\"2023-09-27T17:00:47+00:00\" \/>\n<meta name=\"twitter:card\" content=\"summary_large_image\" \/>\n<meta name=\"twitter:site\" content=\"@360immigration\" \/>\n<meta name=\"twitter:label1\" content=\"Tiempo de lectura\" \/>\n\t<meta name=\"twitter:data1\" content=\"5 minutos\" \/>\n<script type=\"application\/ld+json\" class=\"yoast-schema-graph\">{\"@context\":\"https:\\\/\\\/schema.org\",\"@graph\":[{\"@type\":\"WebPage\",\"@id\":\"https:\\\/\\\/es.360immigrationlaw.com\\\/visa-u-para-victimas-del-crimen\\\/\",\"url\":\"https:\\\/\\\/es.360immigrationlaw.com\\\/visa-u-para-victimas-del-crimen\\\/\",\"name\":\"Conozca Nuestros Servicios de Visa U | 360 Immigration Law\",\"isPartOf\":{\"@id\":\"https:\\\/\\\/es.360immigrationlaw.com\\\/#website\"},\"datePublished\":\"2023-05-23T13:04:23+00:00\",\"dateModified\":\"2023-09-27T17:00:47+00:00\",\"description\":\"\u00bfNecesita una visa U? Aprenda los requisitos. Hable con nuestro abogado y comience ahora.\",\"breadcrumb\":{\"@id\":\"https:\\\/\\\/es.360immigrationlaw.com\\\/visa-u-para-victimas-del-crimen\\\/#breadcrumb\"},\"inLanguage\":\"es\",\"potentialAction\":[{\"@type\":\"ReadAction\",\"target\":[\"https:\\\/\\\/es.360immigrationlaw.com\\\/visa-u-para-victimas-del-crimen\\\/\"]}]},{\"@type\":\"BreadcrumbList\",\"@id\":\"https:\\\/\\\/es.360immigrationlaw.com\\\/visa-u-para-victimas-del-crimen\\\/#breadcrumb\",\"itemListElement\":[{\"@type\":\"ListItem\",\"position\":1,\"name\":\"Home\",\"item\":\"https:\\\/\\\/360immigrationlaw.com\\\/es\\\/\"},{\"@type\":\"ListItem\",\"position\":2,\"name\":\"U-VISA\"}]},{\"@type\":\"WebSite\",\"@id\":\"https:\\\/\\\/es.360immigrationlaw.com\\\/#website\",\"url\":\"https:\\\/\\\/es.360immigrationlaw.com\\\/\",\"name\":\"360 Immigration Law\",\"description\":\"Abogado de inmigraci\u00f3n en Florida\",\"publisher\":{\"@id\":\"https:\\\/\\\/es.360immigrationlaw.com\\\/#organization\"},\"potentialAction\":[{\"@type\":\"SearchAction\",\"target\":{\"@type\":\"EntryPoint\",\"urlTemplate\":\"https:\\\/\\\/es.360immigrationlaw.com\\\/?s={search_term_string}\"},\"query-input\":{\"@type\":\"PropertyValueSpecification\",\"valueRequired\":true,\"valueName\":\"search_term_string\"}}],\"inLanguage\":\"es\"},{\"@type\":\"Organization\",\"@id\":\"https:\\\/\\\/es.360immigrationlaw.com\\\/#organization\",\"name\":\"360 Immigration Law\",\"url\":\"https:\\\/\\\/es.360immigrationlaw.com\\\/\",\"logo\":{\"@type\":\"ImageObject\",\"inLanguage\":\"es\",\"@id\":\"https:\\\/\\\/es.360immigrationlaw.com\\\/#\\\/schema\\\/logo\\\/image\\\/\",\"url\":\"https:\\\/\\\/360immigrationlaw.com\\\/es\\\/wp-content\\\/uploads\\\/2023\\\/06\\\/360_Immigration_Law_Group.jpg\",\"contentUrl\":\"https:\\\/\\\/360immigrationlaw.com\\\/es\\\/wp-content\\\/uploads\\\/2023\\\/06\\\/360_Immigration_Law_Group.jpg\",\"width\":1264,\"height\":932,\"caption\":\"360 Immigration Law\"},\"image\":{\"@id\":\"https:\\\/\\\/es.360immigrationlaw.com\\\/#\\\/schema\\\/logo\\\/image\\\/\"},\"sameAs\":[\"https:\\\/\\\/www.facebook.com\\\/360Immigration\\\/\",\"https:\\\/\\\/x.com\\\/360immigration\"]}]}<\/script>\n<!-- \/ Yoast SEO plugin. -->","yoast_head_json":{"title":"Conozca Nuestros Servicios de Visa U | 360 Immigration Law","description":"\u00bfNecesita una visa U? Aprenda los requisitos. Hable con nuestro abogado y comience ahora.","robots":{"index":"index","follow":"follow","max-snippet":"max-snippet:-1","max-image-preview":"max-image-preview:large","max-video-preview":"max-video-preview:-1"},"canonical":"https:\/\/es.360immigrationlaw.com\/visa-u-para-victimas-del-crimen\/","og_locale":"es_ES","og_type":"article","og_title":"Conozca Nuestros Servicios de Visa U | 360 Immigration Law","og_description":"\u00bfNecesita una visa U? Aprenda los requisitos. Hable con nuestro abogado y comience ahora.","og_url":"https:\/\/es.360immigrationlaw.com\/visa-u-para-victimas-del-crimen\/","og_site_name":"360 Immigration Law","article_publisher":"https:\/\/www.facebook.com\/360Immigration\/","article_modified_time":"2023-09-27T17:00:47+00:00","twitter_card":"summary_large_image","twitter_site":"@360immigration","twitter_misc":{"Tiempo de lectura":"5 minutos"},"schema":{"@context":"https:\/\/schema.org","@graph":[{"@type":"WebPage","@id":"https:\/\/es.360immigrationlaw.com\/visa-u-para-victimas-del-crimen\/","url":"https:\/\/es.360immigrationlaw.com\/visa-u-para-victimas-del-crimen\/","name":"Conozca Nuestros Servicios de Visa U | 360 Immigration Law","isPartOf":{"@id":"https:\/\/es.360immigrationlaw.com\/#website"},"datePublished":"2023-05-23T13:04:23+00:00","dateModified":"2023-09-27T17:00:47+00:00","description":"\u00bfNecesita una visa U? Aprenda los requisitos. Hable con nuestro abogado y comience ahora.","breadcrumb":{"@id":"https:\/\/es.360immigrationlaw.com\/visa-u-para-victimas-del-crimen\/#breadcrumb"},"inLanguage":"es","potentialAction":[{"@type":"ReadAction","target":["https:\/\/es.360immigrationlaw.com\/visa-u-para-victimas-del-crimen\/"]}]},{"@type":"BreadcrumbList","@id":"https:\/\/es.360immigrationlaw.com\/visa-u-para-victimas-del-crimen\/#breadcrumb","itemListElement":[{"@type":"ListItem","position":1,"name":"Home","item":"https:\/\/360immigrationlaw.com\/es\/"},{"@type":"ListItem","position":2,"name":"U-VISA"}]},{"@type":"WebSite","@id":"https:\/\/es.360immigrationlaw.com\/#website","url":"https:\/\/es.360immigrationlaw.com\/","name":"360 Immigration Law","description":"Abogado de inmigraci\u00f3n en Florida","publisher":{"@id":"https:\/\/es.360immigrationlaw.com\/#organization"},"potentialAction":[{"@type":"SearchAction","target":{"@type":"EntryPoint","urlTemplate":"https:\/\/es.360immigrationlaw.com\/?s={search_term_string}"},"query-input":{"@type":"PropertyValueSpecification","valueRequired":true,"valueName":"search_term_string"}}],"inLanguage":"es"},{"@type":"Organization","@id":"https:\/\/es.360immigrationlaw.com\/#organization","name":"360 Immigration Law","url":"https:\/\/es.360immigrationlaw.com\/","logo":{"@type":"ImageObject","inLanguage":"es","@id":"https:\/\/es.360immigrationlaw.com\/#\/schema\/logo\/image\/","url":"https:\/\/360immigrationlaw.com\/es\/wp-content\/uploads\/2023\/06\/360_Immigration_Law_Group.jpg","contentUrl":"https:\/\/360immigrationlaw.com\/es\/wp-content\/uploads\/2023\/06\/360_Immigration_Law_Group.jpg","width":1264,"height":932,"caption":"360 Immigration Law"},"image":{"@id":"https:\/\/es.360immigrationlaw.com\/#\/schema\/logo\/image\/"},"sameAs":["https:\/\/www.facebook.com\/360Immigration\/","https:\/\/x.com\/360immigration"]}]}},"_links":{"self":[{"href":"https:\/\/360immigrationlaw.com\/es\/wp-json\/wp\/v2\/pages\/1592","targetHints":{"allow":["GET"]}}],"collection":[{"href":"https:\/\/360immigrationlaw.com\/es\/wp-json\/wp\/v2\/pages"}],"about":[{"href":"https:\/\/360immigrationlaw.com\/es\/wp-json\/wp\/v2\/types\/page"}],"author":[{"embeddable":true,"href":"https:\/\/360immigrationlaw.com\/es\/wp-json\/wp\/v2\/users\/3"}],"replies":[{"embeddable":true,"href":"https:\/\/360immigrationlaw.com\/es\/wp-json\/wp\/v2\/comments?post=1592"}],"version-history":[{"count":27,"href":"https:\/\/360immigrationlaw.com\/es\/wp-json\/wp\/v2\/pages\/1592\/revisions"}],"predecessor-version":[{"id":3666,"href":"https:\/\/360immigrationlaw.com\/es\/wp-json\/wp\/v2\/pages\/1592\/revisions\/3666"}],"wp:attachment":[{"href":"https:\/\/360immigrationlaw.com\/es\/wp-json\/wp\/v2\/media?parent=1592"}],"curies":[{"name":"wp","href":"https:\/\/api.w.org\/{rel}","templated":true}]}}