{"id":1606,"date":"2023-05-23T13:16:32","date_gmt":"2023-05-23T13:16:32","guid":{"rendered":"https:\/\/es.360immigrationlaw.com\/?page_id=1606"},"modified":"2023-09-27T17:20:18","modified_gmt":"2023-09-27T17:20:18","slug":"visas-k-1-de-prometido","status":"publish","type":"page","link":"https:\/\/360immigrationlaw.com\/es\/visas-k-1-de-prometido\/","title":{"rendered":"VISAS K-1 DE PROMETIDO"},"content":{"rendered":"<p>[et_pb_section fb_built=\u00bb1&#8243; custom_padding_last_edited=\u00bbon|phone\u00bb module_id=\u00bbhead-sec\u00bb _builder_version=\u00bb4.21.0&#8243; _module_preset=\u00bbdefault\u00bb use_background_color_gradient=\u00bbon\u00bb background_color_gradient_direction=\u00bb91deg\u00bb background_color_gradient_stops=\u00bbrgba(0,0,0,0.87) 0%|rgba(0,0,0,0.33) 99%\u00bb background_image=\u00bbhttps:\/\/360immigrationlaw.com\/es\/wp-content\/uploads\/2023\/05\/K1_Visa_header_image.jpg\u00bb custom_padding=\u00bb400px||80px||false|false\u00bb custom_padding_tablet=\u00bb200px||200px||false|false\u00bb custom_padding_phone=\u00bb30px||30px||true|false\u00bb locked=\u00bboff\u00bb global_colors_info=\u00bb{}\u00bb][et_pb_row custom_padding_last_edited=\u00bbon|desktop\u00bb _builder_version=\u00bb4.21.0&#8243; _module_preset=\u00bbdefault\u00bb custom_margin=\u00bb||||true|false\u00bb custom_padding=\u00bb80px||80px||true|false\u00bb custom_padding_tablet=\u00bb50px||50px||true|false\u00bb custom_padding_phone=\u00bb150px||0px||false|false\u00bb global_colors_info=\u00bb{}\u00bb][et_pb_column type=\u00bb4_4&#8243; _builder_version=\u00bb4.20.2&#8243; _module_preset=\u00bbdefault\u00bb global_colors_info=\u00bb{}\u00bb][et_pb_text _builder_version=\u00bb4.21.0&#8243; _module_preset=\u00bbdefault\u00bb header_font=\u00bbAdobe Garamond Pro Semibold|600|||||||\u00bb background_layout=\u00bbdark\u00bb custom_margin=\u00bb||||false|false\u00bb custom_padding=\u00bb||||false|false\u00bb header_font_size_tablet=\u00bb\u00bb header_font_size_phone=\u00bb30px\u00bb header_font_size_last_edited=\u00bbon|phone\u00bb global_colors_info=\u00bb{}\u00bb]<\/p>\n<h1>VISAS K-1 DE PROMETIDO<\/h1>\n<p>[\/et_pb_text][\/et_pb_column][\/et_pb_row][\/et_pb_section][et_pb_section fb_built=\u00bb1&#8243; custom_padding_last_edited=\u00bbon|phone\u00bb _builder_version=\u00bb4.21.0&#8243; _module_preset=\u00bbdefault\u00bb custom_padding=\u00bb0px||||false|false\u00bb custom_padding_tablet=\u00bb\u00bb custom_padding_phone=\u00bb0px||||false|false\u00bb locked=\u00bboff\u00bb global_colors_info=\u00bb{}\u00bb][et_pb_row _builder_version=\u00bb4.20.2&#8243; _module_preset=\u00bbdefault\u00bb global_colors_info=\u00bb{}\u00bb][et_pb_column type=\u00bb4_4&#8243; _builder_version=\u00bb4.20.2&#8243; _module_preset=\u00bbdefault\u00bb global_colors_info=\u00bb{}\u00bb][et_pb_text _builder_version=\u00bb4.21.0&#8243; _module_preset=\u00bbdefault\u00bb text_font=\u00bbHelveticaNeue normal||||||||\u00bb text_font_size_tablet=\u00bb\u00bb text_font_size_phone=\u00bb20px\u00bb text_font_size_last_edited=\u00bbon|phone\u00bb global_colors_info=\u00bb{}\u00bb]Si su futuro c\u00f3nyuge es extranjero y reside en el extranjero, es probable que tenga muchas preguntas sobre las tarjetas de residencia, las visas y su capacidad para establecer una vida y un futuro juntos en los Estados Unidos. Por ejemplo, \u00bfcu\u00e1l es la diferencia entre una visa de prometido y una petici\u00f3n familiar? \u00bfUna visa de prometido implica un procesamiento consular?<\/p>\n<p>Al planificar su boda, tambi\u00e9n debe programar una cita con nuestros abogados de inmigraci\u00f3n en nuestra oficina de Jamile Moraes Pellicer P.A. Podemos ayudarlo a comprender sus opciones legales y ayudar a aliviar las presiones del proceso de inmigraci\u00f3n, incluida la comunicaci\u00f3n con el gobierno.[\/et_pb_text][\/et_pb_column][\/et_pb_row][et_pb_row column_structure=\u00bb2_5,3_5&#8243; make_equal=\u00bbon\u00bb custom_padding_last_edited=\u00bbon|phone\u00bb _builder_version=\u00bb4.21.0&#8243; _module_preset=\u00bbdefault\u00bb custom_padding_tablet=\u00bb\u00bb custom_padding_phone=\u00bb0px||||false|false\u00bb global_colors_info=\u00bb{}\u00bb][et_pb_column type=\u00bb2_5&#8243; _builder_version=\u00bb4.21.0&#8243; _module_preset=\u00bbdefault\u00bb background_image=\u00bbhttps:\/\/360immigrationlaw.com\/es\/wp-content\/uploads\/2023\/06\/K1_Visa_image_1.png\u00bb background_position=\u00bbtop_left\u00bb background_last_edited=\u00bbon|tablet\u00bb background_enable_image_tablet=\u00bboff\u00bb global_colors_info=\u00bb{}\u00bb][et_pb_image src=\u00bbhttps:\/\/360immigrationlaw.com\/es\/wp-content\/uploads\/2023\/06\/K1_Visa_image_1.png\u00bb alt=\u00bbVICTIMS OF CRIMES\u00bb title_text=\u00bbK1_Visa_image_1&#8243; disabled_on=\u00bboff|off|on\u00bb _builder_version=\u00bb4.21.0&#8243; _module_preset=\u00bbdefault\u00bb sticky_limit_top=\u00bbcolumn\u00bb sticky_limit_bottom=\u00bbcolumn\u00bb global_colors_info=\u00bb{}\u00bb][\/et_pb_image][\/et_pb_column][et_pb_column type=\u00bb3_5&#8243; _builder_version=\u00bb4.21.0&#8243; _module_preset=\u00bbdefault\u00bb global_colors_info=\u00bb{}\u00bb][et_pb_text _builder_version=\u00bb4.21.0&#8243; _module_preset=\u00bbdefault\u00bb text_font=\u00bbHelveticaNeue normal||||||||\u00bb header_4_font=\u00bbHelvetica Neu Bold||||||||\u00bb header_4_font_size=\u00bb25px\u00bb header_4_line_height=\u00bb1.4em\u00bb text_font_size_tablet=\u00bb\u00bb text_font_size_phone=\u00bb20px\u00bb text_font_size_last_edited=\u00bbon|phone\u00bb text_line_height_tablet=\u00bb1.2em\u00bb text_line_height_phone=\u00bb1.2em\u00bb text_line_height_last_edited=\u00bbon|phone\u00bb header_4_font_size_tablet=\u00bb25px\u00bb header_4_font_size_phone=\u00bb24px\u00bb header_4_font_size_last_edited=\u00bbon|phone\u00bb header_4_line_height_tablet=\u00bb1.4em\u00bb header_4_line_height_phone=\u00bb1.2em\u00bb header_4_line_height_last_edited=\u00bbon|phone\u00bb global_colors_info=\u00bb{}\u00bb]<\/p>\n<h4>\u00bfMI SOLICITANTE NECESITA UNA VISA DE PROMETIDO?<\/h4>\n<p>Una visa de prometido, tambi\u00e9n llamada visa K-1, permite a un ciudadano extranjero que actualmente est\u00e1 involucrado con un ciudadano estadounidense ingresar y residir en los Estados Unidos incluso antes de la ceremonia. Sin embargo, no todos los novios necesitan solicitar una visa de prometido. Antes de comenzar el largo proceso de solicitud de visa K-1, debe evaluar su situaci\u00f3n y necesidades espec\u00edficas. Su prometido no necesitar\u00e1 una visa K-1 si:<\/p>\n<ul>\n<li>No planean vivir en los Estados Unidos despu\u00e9s de su matrimonio;<\/li>\n<li>No planean casarse en los Estados Unidos;<\/li>\n<li>Ya tiene residencia legal permanente (Green Card) o visa v\u00e1lida, lo que le permite residir legalmente en los EE. UU.<\/li>\n<\/ul>\n<p>En estas circunstancias, su prometido puede tener la opci\u00f3n de solicitar la residencia permanente despu\u00e9s de la boda, utilizando un proceso diferente. Sin embargo, si su futuro c\u00f3nyuge vive fuera de los Estados Unidos, no tiene una visa v\u00e1lida y desea solicitar la residencia legal permanente (Green Card), el primer paso en el viaje de inmigraci\u00f3n es la visa de prometido. Podemos ayudarlo a comprender el espectro completo de opciones de inmigraci\u00f3n disponibles para usted.<\/p>\n<p>[\/et_pb_text][\/et_pb_column][\/et_pb_row][et_pb_row column_structure=\u00bb2_5,3_5&#8243; make_equal=\u00bbon\u00bb custom_padding_last_edited=\u00bbon|phone\u00bb _builder_version=\u00bb4.21.0&#8243; _module_preset=\u00bbdefault\u00bb custom_padding_tablet=\u00bb\u00bb custom_padding_phone=\u00bb0px||||false|false\u00bb locked=\u00bboff\u00bb global_colors_info=\u00bb{}\u00bb][et_pb_column type=\u00bb2_5&#8243; _builder_version=\u00bb4.21.0&#8243; _module_preset=\u00bbdefault\u00bb global_colors_info=\u00bb{}\u00bb][et_pb_text _builder_version=\u00bb4.21.0&#8243; _module_preset=\u00bbdefault\u00bb text_font=\u00bbHelveticaNeue normal||||||||\u00bb header_4_font=\u00bbHelvetica Neu Bold||||||||\u00bb header_4_font_size=\u00bb25px\u00bb header_4_line_height=\u00bb1.4em\u00bb text_font_size_tablet=\u00bb\u00bb text_font_size_phone=\u00bb20px\u00bb text_font_size_last_edited=\u00bbon|phone\u00bb header_4_font_size_tablet=\u00bb25px\u00bb header_4_font_size_phone=\u00bb24px\u00bb header_4_font_size_last_edited=\u00bbon|phone\u00bb header_4_line_height_tablet=\u00bb1.4em\u00bb header_4_line_height_phone=\u00bb1.2em\u00bb header_4_line_height_last_edited=\u00bbon|phone\u00bb global_colors_info=\u00bb{}\u00bb]<\/p>\n<h4>\u00bfQUI\u00c9N CALIFICA PARA UNA VISA DE PROMETIDO?<\/h4>\n<p>Los requisitos de elegibilidad para una visa K-1 son relativamente amplios. Pero siempre es de gran valor consultar a un abogado de inmigraci\u00f3n antes de presentar la solicitud. Esto es especialmente cierto si su posible c\u00f3nyuge ya ha sido acusado o condenado por un delito en el extranjero o en los EE. UU. O ha cometido una infracci\u00f3n de inmigraci\u00f3n en los EE. UU. La ley de inmigraci\u00f3n de EE. UU. Es muy complicada e incluso algo como un robo menor o DUI (que se determina que es conducir en estado de ebriedad) puede cambiar la forma en que esto se aplica a usted o a un miembro de su familia. Un abogado de inmigraci\u00f3n puede ayudarlo a evitar errores que pueden costarle a su prometido su visa o permiso de residencia (Green Card).[\/et_pb_text][\/et_pb_column][et_pb_column type=\u00bb3_5&#8243; _builder_version=\u00bb4.21.0&#8243; _module_preset=\u00bbdefault\u00bb background_image=\u00bbhttps:\/\/360immigrationlaw.com\/es\/wp-content\/uploads\/2023\/06\/K1_Visa_image_2.png\u00bb background_last_edited=\u00bbon|tablet\u00bb background_enable_image_tablet=\u00bboff\u00bb global_colors_info=\u00bb{}\u00bb][et_pb_image src=\u00bbhttps:\/\/360immigrationlaw.com\/es\/wp-content\/uploads\/2023\/06\/K1_Visa_image_2.png\u00bb alt=\u00bbVICTIMS OF DOMESTIC VIOLENCE \u00bb title_text=\u00bbK1_Visa_image_2&#8243; disabled_on=\u00bboff|off|on\u00bb _builder_version=\u00bb4.21.0&#8243; _module_preset=\u00bbdefault\u00bb sticky_limit_top=\u00bbcolumn\u00bb sticky_limit_bottom=\u00bbcolumn\u00bb global_colors_info=\u00bb{}\u00bb][\/et_pb_image][\/et_pb_column][\/et_pb_row][et_pb_row custom_padding_last_edited=\u00bbon|phone\u00bb _builder_version=\u00bb4.21.0&#8243; _module_preset=\u00bbdefault\u00bb custom_padding_tablet=\u00bb\u00bb custom_padding_phone=\u00bb0px||||false|false\u00bb locked=\u00bboff\u00bb global_colors_info=\u00bb{}\u00bb][et_pb_column type=\u00bb4_4&#8243; _builder_version=\u00bb4.20.2&#8243; _module_preset=\u00bbdefault\u00bb global_colors_info=\u00bb{}\u00bb][et_pb_text _builder_version=\u00bb4.21.0&#8243; _module_preset=\u00bbdefault\u00bb text_font=\u00bbHelveticaNeue normal||||||||\u00bb text_font_size_tablet=\u00bb\u00bb text_font_size_phone=\u00bb20px\u00bb text_font_size_last_edited=\u00bbon|phone\u00bb global_colors_info=\u00bb{}\u00bb]<\/p>\n<p>Su prometido extranjero generalmente es elegible para una visa de prometido si usted puede comprobar lo siguiente:<\/p>\n<ul>\n<li>Usted es un ciudadano de los Estados Unidos;<\/li>\n<li>Usted y su prometido planean casarse dentro de los 90 d\u00edas de haber ingresado a los Estados Unidos;<\/li>\n<li>En los \u00faltimos dos a\u00f1os, ustedes dos se han conocido f\u00edsicamente;<\/li>\n<li>Los dos pueden casarse legalmente en Estados Unidos. En otras palabras, actualmente no est\u00e1n casados.<\/li>\n<\/ul>\n<p>Cualquiera de los hijos de su prometido menor de 21 a\u00f1os tambi\u00e9n podr\u00e1 recibir la visa de estado K-2 derivada si planea mudarse a los EE. UU. junto con su prometido. En relaci\u00f3n con los residentes permanentes legales, los beneficiarios de DACA y otros titulares de visas, no podr\u00e1n solicitar una visa K-1 para su solicitante.<\/p>\n<p>[\/et_pb_text][\/et_pb_column][\/et_pb_row][et_pb_row _builder_version=\u00bb4.21.0&#8243; _module_preset=\u00bbdefault\u00bb background_color=\u00bbrgba(213,207,203,0.42)\u00bb custom_padding=\u00bb0px||0px||true|false\u00bb locked=\u00bboff\u00bb global_colors_info=\u00bb{}\u00bb][et_pb_column type=\u00bb4_4&#8243; _builder_version=\u00bb4.20.2&#8243; _module_preset=\u00bbdefault\u00bb global_colors_info=\u00bb{}\u00bb][et_pb_cta button_url=\u00bb@ET-DC@eyJkeW5hbWljIjp0cnVlLCJjb250ZW50IjoicG9zdF9saW5rX3VybF9wYWdlIiwic2V0dGluZ3MiOnsicG9zdF9pZCI6IjUwNiJ9fQ==@\u00bb button_text=\u00bbCONT\u00c1CTENOS\u00bb _builder_version=\u00bb4.21.0&#8243; _dynamic_attributes=\u00bbbutton_url\u00bb _module_preset=\u00bbdefault\u00bb body_font=\u00bbHelvetica Neu Bold|700|||||||\u00bb body_text_color=\u00bbgcid-30b07574-da3b-4944-bfd9-3b5cde1edd29&#8243; background_enable_color=\u00bboff\u00bb custom_button=\u00bbon\u00bb button_text_size=\u00bb20px\u00bb button_bg_color=\u00bbgcid-30b07574-da3b-4944-bfd9-3b5cde1edd29&#8243; button_border_width=\u00bb0px\u00bb button_border_radius=\u00bb15px\u00bb button_font=\u00bbRoboto|700|||||||\u00bb button_use_icon=\u00bboff\u00bb button_custom_margin=\u00bb40px||||false|false\u00bb button_custom_padding=\u00bb|40px||40px|false|true\u00bb module_alignment=\u00bbcenter\u00bb custom_margin=\u00bb||||false|false\u00bb custom_padding=\u00bb||||false|false\u00bb body_font_size_tablet=\u00bb\u00bb body_font_size_phone=\u00bb20px\u00bb body_font_size_last_edited=\u00bbon|phone\u00bb button_text_size_tablet=\u00bb20px\u00bb button_text_size_phone=\u00bb18px\u00bb button_text_size_last_edited=\u00bbon|phone\u00bb global_colors_info=\u00bb{%22gcid-30b07574-da3b-4944-bfd9-3b5cde1edd29%22:%91%22body_text_color%22,%22button_bg_color%22%93,%22gcid-eafa90e3-7c53-4465-b3ea-d911763a82f7%22:%91%22button_bg_color__hover%22%93}\u00bb button_bg_color__hover_enabled=\u00bbon|hover\u00bb button_bg_color__hover=\u00bb#400101&#8243; button_bg_enable_color__hover=\u00bbon\u00bb]<\/p>\n<p>\u00bfListo para tramitar una solicitud de visa para su prometido?<br \/>Cont\u00e1ctenos y programaremos su sesi\u00f3n de estrategia y planificaci\u00f3n legal hoy!<\/p>\n<p>[\/et_pb_cta][\/et_pb_column][\/et_pb_row][\/et_pb_section]<\/p>\n","protected":false},"excerpt":{"rendered":"<p>VISAS K-1 DE PROMETIDOSi su futuro c\u00f3nyuge es extranjero y reside en el extranjero, es probable que tenga muchas preguntas sobre las tarjetas de residencia, las visas y su capacidad para establecer una vida y un futuro juntos en los Estados Unidos. Por ejemplo, \u00bfcu\u00e1l es la diferencia entre una visa de prometido y una petici\u00f3n familiar? \u00bfUna visa de prometido implica un procesamiento consular? Al planificar su boda, tambi\u00e9n debe programar una cita con nuestros abogados de inmigraci\u00f3n en nuestra oficina de Jamile Moraes Pellicer P.A. Podemos ayudarlo a comprender sus opciones legales y ayudar a aliviar las presiones del proceso de inmigraci\u00f3n, incluida la comunicaci\u00f3n con el gobierno.\u00bfMI SOLICITANTE NECESITA UNA VISA DE PROMETIDO? Una visa de prometido, tambi\u00e9n llamada visa K-1, permite a un ciudadano extranjero que actualmente est\u00e1 involucrado con un ciudadano estadounidense ingresar y residir en los Estados Unidos incluso antes de la ceremonia. Sin embargo, no todos los novios necesitan solicitar una visa de prometido. Antes de comenzar el largo proceso de solicitud de visa K-1, debe evaluar su situaci\u00f3n y necesidades espec\u00edficas. Su prometido no necesitar\u00e1 una visa K-1 si: No planean vivir en los Estados Unidos despu\u00e9s de su matrimonio; No planean [&hellip;]<\/p>\n","protected":false},"author":3,"featured_media":0,"parent":0,"menu_order":0,"comment_status":"closed","ping_status":"closed","template":"","meta":{"_et_pb_use_builder":"on","_et_pb_old_content":"","_et_gb_content_width":"","_lmt_disableupdate":"","_lmt_disable":"","footnotes":""},"class_list":["post-1606","page","type-page","status-publish","hentry"],"yoast_head":"<!-- This site is optimized with the Yoast SEO plugin v27.3 - https:\/\/yoast.com\/product\/yoast-seo-wordpress\/ -->\n<title>Nuestros Servicios de Visa K-1 | 360 Immigration Law Group<\/title>\n<meta name=\"description\" content=\"Hable con un abogado con experiencia hoy y comience el proceso para obtener su visa K-1. P\u00f3ngase en contacto con 360 Immigration Law Group ahora.\" \/>\n<meta name=\"robots\" content=\"index, follow, max-snippet:-1, max-image-preview:large, max-video-preview:-1\" \/>\n<link rel=\"canonical\" href=\"https:\/\/es.360immigrationlaw.com\/visas-k-1-de-prometido\/\" \/>\n<meta property=\"og:locale\" content=\"es_ES\" \/>\n<meta property=\"og:type\" content=\"article\" \/>\n<meta property=\"og:title\" content=\"Nuestros Servicios de Visa K-1 | 360 Immigration Law Group\" \/>\n<meta property=\"og:description\" content=\"Hable con un abogado con experiencia hoy y comience el proceso para obtener su visa K-1. P\u00f3ngase en contacto con 360 Immigration Law Group ahora.\" \/>\n<meta property=\"og:url\" content=\"https:\/\/es.360immigrationlaw.com\/visas-k-1-de-prometido\/\" \/>\n<meta property=\"og:site_name\" content=\"360 Immigration Law\" \/>\n<meta property=\"article:publisher\" content=\"https:\/\/www.facebook.com\/360Immigration\/\" \/>\n<meta property=\"article:modified_time\" content=\"2023-09-27T17:20:18+00:00\" \/>\n<meta name=\"twitter:card\" content=\"summary_large_image\" \/>\n<meta name=\"twitter:site\" content=\"@360immigration\" \/>\n<meta name=\"twitter:label1\" content=\"Tiempo de lectura\" \/>\n\t<meta name=\"twitter:data1\" content=\"4 minutos\" \/>\n<script type=\"application\/ld+json\" class=\"yoast-schema-graph\">{\"@context\":\"https:\\\/\\\/schema.org\",\"@graph\":[{\"@type\":\"WebPage\",\"@id\":\"https:\\\/\\\/es.360immigrationlaw.com\\\/visas-k-1-de-prometido\\\/\",\"url\":\"https:\\\/\\\/es.360immigrationlaw.com\\\/visas-k-1-de-prometido\\\/\",\"name\":\"Nuestros Servicios de Visa K-1 | 360 Immigration Law Group\",\"isPartOf\":{\"@id\":\"https:\\\/\\\/es.360immigrationlaw.com\\\/#website\"},\"datePublished\":\"2023-05-23T13:16:32+00:00\",\"dateModified\":\"2023-09-27T17:20:18+00:00\",\"description\":\"Hable con un abogado con experiencia hoy y comience el proceso para obtener su visa K-1. P\u00f3ngase en contacto con 360 Immigration Law Group ahora.\",\"breadcrumb\":{\"@id\":\"https:\\\/\\\/es.360immigrationlaw.com\\\/visas-k-1-de-prometido\\\/#breadcrumb\"},\"inLanguage\":\"es\",\"potentialAction\":[{\"@type\":\"ReadAction\",\"target\":[\"https:\\\/\\\/es.360immigrationlaw.com\\\/visas-k-1-de-prometido\\\/\"]}]},{\"@type\":\"BreadcrumbList\",\"@id\":\"https:\\\/\\\/es.360immigrationlaw.com\\\/visas-k-1-de-prometido\\\/#breadcrumb\",\"itemListElement\":[{\"@type\":\"ListItem\",\"position\":1,\"name\":\"Home\",\"item\":\"https:\\\/\\\/360immigrationlaw.com\\\/es\\\/\"},{\"@type\":\"ListItem\",\"position\":2,\"name\":\"VISAS K-1 DE PROMETIDO\"}]},{\"@type\":\"WebSite\",\"@id\":\"https:\\\/\\\/es.360immigrationlaw.com\\\/#website\",\"url\":\"https:\\\/\\\/es.360immigrationlaw.com\\\/\",\"name\":\"360 Immigration Law\",\"description\":\"Abogado de inmigraci\u00f3n en Florida\",\"publisher\":{\"@id\":\"https:\\\/\\\/es.360immigrationlaw.com\\\/#organization\"},\"potentialAction\":[{\"@type\":\"SearchAction\",\"target\":{\"@type\":\"EntryPoint\",\"urlTemplate\":\"https:\\\/\\\/es.360immigrationlaw.com\\\/?s={search_term_string}\"},\"query-input\":{\"@type\":\"PropertyValueSpecification\",\"valueRequired\":true,\"valueName\":\"search_term_string\"}}],\"inLanguage\":\"es\"},{\"@type\":\"Organization\",\"@id\":\"https:\\\/\\\/es.360immigrationlaw.com\\\/#organization\",\"name\":\"360 Immigration Law\",\"url\":\"https:\\\/\\\/es.360immigrationlaw.com\\\/\",\"logo\":{\"@type\":\"ImageObject\",\"inLanguage\":\"es\",\"@id\":\"https:\\\/\\\/es.360immigrationlaw.com\\\/#\\\/schema\\\/logo\\\/image\\\/\",\"url\":\"https:\\\/\\\/360immigrationlaw.com\\\/es\\\/wp-content\\\/uploads\\\/2023\\\/06\\\/360_Immigration_Law_Group.jpg\",\"contentUrl\":\"https:\\\/\\\/360immigrationlaw.com\\\/es\\\/wp-content\\\/uploads\\\/2023\\\/06\\\/360_Immigration_Law_Group.jpg\",\"width\":1264,\"height\":932,\"caption\":\"360 Immigration Law\"},\"image\":{\"@id\":\"https:\\\/\\\/es.360immigrationlaw.com\\\/#\\\/schema\\\/logo\\\/image\\\/\"},\"sameAs\":[\"https:\\\/\\\/www.facebook.com\\\/360Immigration\\\/\",\"https:\\\/\\\/x.com\\\/360immigration\"]}]}<\/script>\n<!-- \/ Yoast SEO plugin. -->","yoast_head_json":{"title":"Nuestros Servicios de Visa K-1 | 360 Immigration Law Group","description":"Hable con un abogado con experiencia hoy y comience el proceso para obtener su visa K-1. P\u00f3ngase en contacto con 360 Immigration Law Group ahora.","robots":{"index":"index","follow":"follow","max-snippet":"max-snippet:-1","max-image-preview":"max-image-preview:large","max-video-preview":"max-video-preview:-1"},"canonical":"https:\/\/es.360immigrationlaw.com\/visas-k-1-de-prometido\/","og_locale":"es_ES","og_type":"article","og_title":"Nuestros Servicios de Visa K-1 | 360 Immigration Law Group","og_description":"Hable con un abogado con experiencia hoy y comience el proceso para obtener su visa K-1. P\u00f3ngase en contacto con 360 Immigration Law Group ahora.","og_url":"https:\/\/es.360immigrationlaw.com\/visas-k-1-de-prometido\/","og_site_name":"360 Immigration Law","article_publisher":"https:\/\/www.facebook.com\/360Immigration\/","article_modified_time":"2023-09-27T17:20:18+00:00","twitter_card":"summary_large_image","twitter_site":"@360immigration","twitter_misc":{"Tiempo de lectura":"4 minutos"},"schema":{"@context":"https:\/\/schema.org","@graph":[{"@type":"WebPage","@id":"https:\/\/es.360immigrationlaw.com\/visas-k-1-de-prometido\/","url":"https:\/\/es.360immigrationlaw.com\/visas-k-1-de-prometido\/","name":"Nuestros Servicios de Visa K-1 | 360 Immigration Law Group","isPartOf":{"@id":"https:\/\/es.360immigrationlaw.com\/#website"},"datePublished":"2023-05-23T13:16:32+00:00","dateModified":"2023-09-27T17:20:18+00:00","description":"Hable con un abogado con experiencia hoy y comience el proceso para obtener su visa K-1. P\u00f3ngase en contacto con 360 Immigration Law Group ahora.","breadcrumb":{"@id":"https:\/\/es.360immigrationlaw.com\/visas-k-1-de-prometido\/#breadcrumb"},"inLanguage":"es","potentialAction":[{"@type":"ReadAction","target":["https:\/\/es.360immigrationlaw.com\/visas-k-1-de-prometido\/"]}]},{"@type":"BreadcrumbList","@id":"https:\/\/es.360immigrationlaw.com\/visas-k-1-de-prometido\/#breadcrumb","itemListElement":[{"@type":"ListItem","position":1,"name":"Home","item":"https:\/\/360immigrationlaw.com\/es\/"},{"@type":"ListItem","position":2,"name":"VISAS K-1 DE PROMETIDO"}]},{"@type":"WebSite","@id":"https:\/\/es.360immigrationlaw.com\/#website","url":"https:\/\/es.360immigrationlaw.com\/","name":"360 Immigration Law","description":"Abogado de inmigraci\u00f3n en Florida","publisher":{"@id":"https:\/\/es.360immigrationlaw.com\/#organization"},"potentialAction":[{"@type":"SearchAction","target":{"@type":"EntryPoint","urlTemplate":"https:\/\/es.360immigrationlaw.com\/?s={search_term_string}"},"query-input":{"@type":"PropertyValueSpecification","valueRequired":true,"valueName":"search_term_string"}}],"inLanguage":"es"},{"@type":"Organization","@id":"https:\/\/es.360immigrationlaw.com\/#organization","name":"360 Immigration Law","url":"https:\/\/es.360immigrationlaw.com\/","logo":{"@type":"ImageObject","inLanguage":"es","@id":"https:\/\/es.360immigrationlaw.com\/#\/schema\/logo\/image\/","url":"https:\/\/360immigrationlaw.com\/es\/wp-content\/uploads\/2023\/06\/360_Immigration_Law_Group.jpg","contentUrl":"https:\/\/360immigrationlaw.com\/es\/wp-content\/uploads\/2023\/06\/360_Immigration_Law_Group.jpg","width":1264,"height":932,"caption":"360 Immigration Law"},"image":{"@id":"https:\/\/es.360immigrationlaw.com\/#\/schema\/logo\/image\/"},"sameAs":["https:\/\/www.facebook.com\/360Immigration\/","https:\/\/x.com\/360immigration"]}]}},"_links":{"self":[{"href":"https:\/\/360immigrationlaw.com\/es\/wp-json\/wp\/v2\/pages\/1606","targetHints":{"allow":["GET"]}}],"collection":[{"href":"https:\/\/360immigrationlaw.com\/es\/wp-json\/wp\/v2\/pages"}],"about":[{"href":"https:\/\/360immigrationlaw.com\/es\/wp-json\/wp\/v2\/types\/page"}],"author":[{"embeddable":true,"href":"https:\/\/360immigrationlaw.com\/es\/wp-json\/wp\/v2\/users\/3"}],"replies":[{"embeddable":true,"href":"https:\/\/360immigrationlaw.com\/es\/wp-json\/wp\/v2\/comments?post=1606"}],"version-history":[{"count":22,"href":"https:\/\/360immigrationlaw.com\/es\/wp-json\/wp\/v2\/pages\/1606\/revisions"}],"predecessor-version":[{"id":3670,"href":"https:\/\/360immigrationlaw.com\/es\/wp-json\/wp\/v2\/pages\/1606\/revisions\/3670"}],"wp:attachment":[{"href":"https:\/\/360immigrationlaw.com\/es\/wp-json\/wp\/v2\/media?parent=1606"}],"curies":[{"name":"wp","href":"https:\/\/api.w.org\/{rel}","templated":true}]}}