{"id":1615,"date":"2023-05-23T13:28:10","date_gmt":"2023-05-23T13:28:10","guid":{"rendered":"https:\/\/es.360immigrationlaw.com\/?page_id=1615"},"modified":"2023-09-27T17:23:47","modified_gmt":"2023-09-27T17:23:47","slug":"ajuste-de-estatus","status":"publish","type":"page","link":"https:\/\/360immigrationlaw.com\/es\/ajuste-de-estatus\/","title":{"rendered":"AJUSTE DE ESTATUS"},"content":{"rendered":"<p>[et_pb_section fb_built=\u00bb1&#8243; custom_padding_last_edited=\u00bbon|phone\u00bb module_id=\u00bbhead-sec\u00bb _builder_version=\u00bb4.21.0&#8243; _module_preset=\u00bbdefault\u00bb use_background_color_gradient=\u00bbon\u00bb background_color_gradient_direction=\u00bb91deg\u00bb background_color_gradient_stops=\u00bbrgba(0,0,0,0.87) 0%|rgba(0,0,0,0.33) 99%\u00bb background_image=\u00bbhttps:\/\/360immigrationlaw.com\/es\/wp-content\/uploads\/2023\/05\/ADJUSTMENT_STATUS_header_image.jpg\u00bb custom_padding=\u00bb400px||80px||false|false\u00bb custom_padding_tablet=\u00bb200px||200px||false|false\u00bb custom_padding_phone=\u00bb30px||30px||true|false\u00bb locked=\u00bboff\u00bb global_colors_info=\u00bb{}\u00bb][et_pb_row custom_padding_last_edited=\u00bbon|desktop\u00bb _builder_version=\u00bb4.21.0&#8243; _module_preset=\u00bbdefault\u00bb custom_margin=\u00bb||||true|false\u00bb custom_padding=\u00bb80px||80px||true|false\u00bb custom_padding_tablet=\u00bb50px||50px||true|false\u00bb custom_padding_phone=\u00bb150px||0px||false|false\u00bb global_colors_info=\u00bb{}\u00bb][et_pb_column type=\u00bb4_4&#8243; _builder_version=\u00bb4.20.2&#8243; _module_preset=\u00bbdefault\u00bb global_colors_info=\u00bb{}\u00bb][et_pb_text _builder_version=\u00bb4.21.0&#8243; _module_preset=\u00bbdefault\u00bb header_font=\u00bbAdobe Garamond Pro Semibold|600|||||||\u00bb background_layout=\u00bbdark\u00bb custom_margin=\u00bb||||false|false\u00bb custom_padding=\u00bb||||false|false\u00bb header_font_size_tablet=\u00bb\u00bb header_font_size_phone=\u00bb30px\u00bb header_font_size_last_edited=\u00bbon|phone\u00bb global_colors_info=\u00bb{}\u00bb]<\/p>\n<h1>AJUSTE DE ESTATUS<\/h1>\n<p>[\/et_pb_text][\/et_pb_column][\/et_pb_row][\/et_pb_section][et_pb_section fb_built=\u00bb1&#8243; custom_padding_last_edited=\u00bbon|phone\u00bb _builder_version=\u00bb4.21.0&#8243; _module_preset=\u00bbdefault\u00bb custom_padding_tablet=\u00bb\u00bb custom_padding_phone=\u00bb0px||||false|false\u00bb locked=\u00bboff\u00bb global_colors_info=\u00bb{}\u00bb][et_pb_row make_equal=\u00bbon\u00bb _builder_version=\u00bb4.21.0&#8243; _module_preset=\u00bbdefault\u00bb global_colors_info=\u00bb{}\u00bb][et_pb_column type=\u00bb4_4&#8243; _builder_version=\u00bb4.21.0&#8243; _module_preset=\u00bbdefault\u00bb global_colors_info=\u00bb{}\u00bb][et_pb_text _builder_version=\u00bb4.21.0&#8243; _module_preset=\u00bbdefault\u00bb text_font=\u00bbHelveticaNeue normal||||||||\u00bb header_4_font=\u00bbHelvetica Neu Bold||||||||\u00bb header_4_font_size=\u00bb20px\u00bb text_font_size_tablet=\u00bb\u00bb text_font_size_phone=\u00bb20px\u00bb text_font_size_last_edited=\u00bbon|phone\u00bb global_colors_info=\u00bb{}\u00bb]<\/p>\n<p>Si desea ajustar su estatus de titular de visa a residente permanente legal o titular de Green Card, puede ser un proceso largo y complicado. Los cambios recientes en las leyes de inmigraci\u00f3n de los Estados Unidos han hecho que los requisitos sean m\u00e1s complicados de entender.<\/p>\n<p>Es posible que desee confiar en un abogado de inmigraci\u00f3n para completar el proceso de ajuste de estatus para evitar contratiempos o errores. Esto puede implicar enviar una solicitud para registrar la residencia permanente o ajustar el estatus y formularios adicionales. Sus formularios adicionales se pueden enviar al mismo tiempo que su solicitud o por separado. Procesarlos juntos se llama \u00abaplicaci\u00f3n simult\u00e1nea\u00bb. Esto puede reducir el tiempo necesario para obtener un ajuste de estatus.<\/p>\n<p>[\/et_pb_text][et_pb_image src=\u00bbhttps:\/\/360immigrationlaw.com\/es\/wp-content\/uploads\/2023\/05\/ADJUSTMENT_STATUS_image_1.jpg\u00bb title_text=\u00bbADJUSTMENT_STATUS_image_1&#8243; _builder_version=\u00bb4.21.0&#8243; _module_preset=\u00bbdefault\u00bb global_colors_info=\u00bb{}\u00bb][\/et_pb_image][et_pb_text _builder_version=\u00bb4.21.0&#8243; _module_preset=\u00bbdefault\u00bb text_font=\u00bbHelveticaNeue normal||||||||\u00bb header_4_font=\u00bbHelvetica Neu Bold||||||||\u00bb header_4_font_size=\u00bb20px\u00bb text_font_size_tablet=\u00bb\u00bb text_font_size_phone=\u00bb20px\u00bb text_font_size_last_edited=\u00bbon|phone\u00bb global_colors_info=\u00bb{}\u00bb]<\/p>\n<p>Tambi\u00e9n deber\u00e1 asistir al local de Aplicaci\u00f3n Support Center, o \u00abbiometr\u00eda\u00bb, y una entrevista con USCIS. Estos compromisos requerir\u00e1n que respondas preguntas y revisen sus antecedentes. Es deber de un oficial de inmigraci\u00f3n recoger y encontrar cualquier informaci\u00f3n pertinente, y esta puede ser una experiencia estresante. Es mejor prepararse para estas entrevistas con la ayuda de un abogado de inmigraci\u00f3n. Un abogado de inmigraci\u00f3n puede incluso participar en la entrevista con usted para asegurarse de que lo traten de manera justa.<\/p>\n<p>Para obtener su tarjeta de residencia (Green Card), debe pertenecer a una categor\u00eda espec\u00edfica como inmigrante potencial. Por ejemplo, puede tener un familiar cercano que sea ciudadano estadounidense o residente permanente, o un empleador que est\u00e9 dispuesto a patrocinarlo, o puede ser un refugiado o asilado.<\/p>\n<p>Existen requisitos adicionales, dependiendo de la categor\u00eda de inmigrantes a la que pertenezcas. Por ejemplo, si usted es un inmigrante de base familiar, debe tener una solicitud de visa aprobada antes del proceso de ajuste de estatus. Su fecha de prioridad tambi\u00e9n debe estar actualizada. Asimismo, si eres asilo o refugiado, debes haber esperado el a\u00f1o necesario desde tu entrada a Estados Unidos o la fecha de aprobaci\u00f3n del asilo.<\/p>\n<p>Un requisito para todas los solicitantes de residencia permanente (Green Card) es que actualmente resida en los Estados Unidos. No puede vivir en otro pa\u00eds, incluido su pa\u00eds de origen. Si se encuentra fuera de los EE. UU. durante un per\u00edodo prolongado, probablemente no calificar\u00e1 para la de residencia permanente (Green Card).<\/p>\n<p>[\/et_pb_text][et_pb_text _builder_version=\u00bb4.21.0&#8243; _module_preset=\u00bbdefault\u00bb text_font=\u00bbHelveticaNeue normal||||||||\u00bb header_4_font=\u00bbHelvetica Neu Bold||||||||\u00bb header_4_font_size=\u00bb25px\u00bb header_4_line_height=\u00bb1.5em\u00bb text_font_size_tablet=\u00bb\u00bb text_font_size_phone=\u00bb20px\u00bb text_font_size_last_edited=\u00bbon|phone\u00bb header_4_font_size_tablet=\u00bb25px\u00bb header_4_font_size_phone=\u00bb24px\u00bb header_4_font_size_last_edited=\u00bbon|phone\u00bb header_4_line_height_tablet=\u00bb1.5em\u00bb header_4_line_height_phone=\u00bb1.2em\u00bb header_4_line_height_last_edited=\u00bbon|phone\u00bb global_colors_info=\u00bb{}\u00bb]<\/p>\n<h4>DETERMINAR SU ELEGIBILIDAD<\/h4>\n<p>Para ser elegible para un ajuste de estatus, debe tener una visa v\u00e1lida. Si su visa ha expirado y se ha quedado m\u00e1s all\u00e1 de la fecha v\u00e1lida, es posible que deba abandonar el pa\u00eds antes de solicitar un ajuste de estatus. De hecho, es posible que ya no sea elegible para regresar a los Estados Unidos. Existen algunas excepciones a esto bajo la Ley de Inmigraci\u00f3n y Nacionalidad 245 (i), si un empleador o un miembro de la familia present\u00f3 una petici\u00f3n por usted, antes o hasta el 30 de abril de 2001. Esto puede permitirle pagar una multa de $1,000 y continuar buscando un ajuste de estatus.<\/p>\n<p>Es importante trabajar con un abogado de inmigraci\u00f3n para determinar su elegibilidad para un ajuste de estatus. Tendr\u00e1 que demostrar su elegibilidad y, si hay alguna duda sobre su validez, su proceso puede retrasarse o su petici\u00f3n puede ser denegada.<\/p>\n<p>[\/et_pb_text][\/et_pb_column][\/et_pb_row][et_pb_row custom_padding_last_edited=\u00bbon|phone\u00bb _builder_version=\u00bb4.21.0&#8243; _module_preset=\u00bbdefault\u00bb background_color=\u00bbrgba(213,207,203,0.42)\u00bb custom_margin_tablet=\u00bb\u00bb custom_margin_phone=\u00bb0px||||false|false\u00bb custom_margin_last_edited=\u00bbon|phone\u00bb custom_padding=\u00bb0px||0px||true|false\u00bb custom_padding_tablet=\u00bb\u00bb custom_padding_phone=\u00bb||||false|false\u00bb locked=\u00bboff\u00bb global_colors_info=\u00bb{}\u00bb][et_pb_column type=\u00bb4_4&#8243; _builder_version=\u00bb4.20.2&#8243; _module_preset=\u00bbdefault\u00bb global_colors_info=\u00bb{}\u00bb][et_pb_cta button_url=\u00bb@ET-DC@eyJkeW5hbWljIjp0cnVlLCJjb250ZW50IjoicG9zdF9saW5rX3VybF9wYWdlIiwic2V0dGluZ3MiOnsicG9zdF9pZCI6IjUwNiJ9fQ==@\u00bb button_text=\u00bbCONT\u00c1CTENOS\u00bb _builder_version=\u00bb4.21.0&#8243; _dynamic_attributes=\u00bbbutton_url\u00bb _module_preset=\u00bbdefault\u00bb body_font=\u00bbHelvetica Neu Bold|700|||||||\u00bb body_text_color=\u00bbgcid-30b07574-da3b-4944-bfd9-3b5cde1edd29&#8243; background_enable_color=\u00bboff\u00bb custom_button=\u00bbon\u00bb button_text_size=\u00bb18px\u00bb button_bg_color=\u00bbgcid-30b07574-da3b-4944-bfd9-3b5cde1edd29&#8243; button_border_width=\u00bb0px\u00bb button_border_radius=\u00bb15px\u00bb button_font=\u00bbRoboto|700|||||||\u00bb button_use_icon=\u00bboff\u00bb button_custom_margin=\u00bb40px||||false|false\u00bb button_custom_padding=\u00bb|40px||40px|false|true\u00bb module_alignment=\u00bbcenter\u00bb custom_margin=\u00bb||||false|false\u00bb custom_padding=\u00bb||||false|false\u00bb body_font_size_tablet=\u00bb\u00bb body_font_size_phone=\u00bb20px\u00bb body_font_size_last_edited=\u00bbon|phone\u00bb global_colors_info=\u00bb{%22gcid-30b07574-da3b-4944-bfd9-3b5cde1edd29%22:%91%22body_text_color%22,%22button_bg_color%22%93,%22gcid-eafa90e3-7c53-4465-b3ea-d911763a82f7%22:%91%22button_bg_color__hover%22%93}\u00bb button_bg_color__hover_enabled=\u00bbon|hover\u00bb button_bg_color__hover=\u00bb#400101&#8243; button_bg_enable_color__hover=\u00bbon\u00bb]<\/p>\n<p>Si est\u00e1 dispuesto a obtener su residencia permanente. . .<br \/>Cont\u00e1ctenos y programaremos su sesi\u00f3n de estrategia y planificaci\u00f3n legal hoy.<\/p>\n<p>[\/et_pb_cta][\/et_pb_column][\/et_pb_row][\/et_pb_section]<\/p>\n","protected":false},"excerpt":{"rendered":"<p>AJUSTE DE ESTATUSSi desea ajustar su estatus de titular de visa a residente permanente legal o titular de Green Card, puede ser un proceso largo y complicado. Los cambios recientes en las leyes de inmigraci\u00f3n de los Estados Unidos han hecho que los requisitos sean m\u00e1s complicados de entender. Es posible que desee confiar en un abogado de inmigraci\u00f3n para completar el proceso de ajuste de estatus para evitar contratiempos o errores. Esto puede implicar enviar una solicitud para registrar la residencia permanente o ajustar el estatus y formularios adicionales. Sus formularios adicionales se pueden enviar al mismo tiempo que su solicitud o por separado. Procesarlos juntos se llama \u00abaplicaci\u00f3n simult\u00e1nea\u00bb. Esto puede reducir el tiempo necesario para obtener un ajuste de estatus.Tambi\u00e9n deber\u00e1 asistir al local de Aplicaci\u00f3n Support Center, o \u00abbiometr\u00eda\u00bb, y una entrevista con USCIS. Estos compromisos requerir\u00e1n que respondas preguntas y revisen sus antecedentes. Es deber de un oficial de inmigraci\u00f3n recoger y encontrar cualquier informaci\u00f3n pertinente, y esta puede ser una experiencia estresante. Es mejor prepararse para estas entrevistas con la ayuda de un abogado de inmigraci\u00f3n. Un abogado de inmigraci\u00f3n puede incluso participar en la entrevista con usted para asegurarse de que lo traten [&hellip;]<\/p>\n","protected":false},"author":3,"featured_media":0,"parent":0,"menu_order":0,"comment_status":"closed","ping_status":"closed","template":"","meta":{"_et_pb_use_builder":"on","_et_pb_old_content":"","_et_gb_content_width":"","_lmt_disableupdate":"","_lmt_disable":"","footnotes":""},"class_list":["post-1615","page","type-page","status-publish","hentry"],"yoast_head":"<!-- This site is optimized with the Yoast SEO plugin v27.3 - https:\/\/yoast.com\/product\/yoast-seo-wordpress\/ -->\n<title>Hable con un Abogado de Ajuste de Estatus | 360 Immigration Law<\/title>\n<meta name=\"description\" content=\"Nuestro equipo de abogados de ajuste de estatus est\u00e1 listo para ayudar. P\u00f3ngase en contacto con 360 Immigration Law Group para obtener m\u00e1s informaci\u00f3n.\" \/>\n<meta name=\"robots\" content=\"index, follow, max-snippet:-1, max-image-preview:large, max-video-preview:-1\" \/>\n<link rel=\"canonical\" href=\"https:\/\/es.360immigrationlaw.com\/ajuste-de-estatus\/\" \/>\n<meta property=\"og:locale\" content=\"es_ES\" \/>\n<meta property=\"og:type\" content=\"article\" \/>\n<meta property=\"og:title\" content=\"Hable con un Abogado de Ajuste de Estatus | 360 Immigration Law\" \/>\n<meta property=\"og:description\" content=\"Nuestro equipo de abogados de ajuste de estatus est\u00e1 listo para ayudar. P\u00f3ngase en contacto con 360 Immigration Law Group para obtener m\u00e1s informaci\u00f3n.\" \/>\n<meta property=\"og:url\" content=\"https:\/\/es.360immigrationlaw.com\/ajuste-de-estatus\/\" \/>\n<meta property=\"og:site_name\" content=\"360 Immigration Law\" \/>\n<meta property=\"article:publisher\" content=\"https:\/\/www.facebook.com\/360Immigration\/\" \/>\n<meta property=\"article:modified_time\" content=\"2023-09-27T17:23:47+00:00\" \/>\n<meta name=\"twitter:card\" content=\"summary_large_image\" \/>\n<meta name=\"twitter:site\" content=\"@360immigration\" \/>\n<meta name=\"twitter:label1\" content=\"Tiempo de lectura\" \/>\n\t<meta name=\"twitter:data1\" content=\"4 minutos\" \/>\n<script type=\"application\/ld+json\" class=\"yoast-schema-graph\">{\"@context\":\"https:\\\/\\\/schema.org\",\"@graph\":[{\"@type\":\"WebPage\",\"@id\":\"https:\\\/\\\/es.360immigrationlaw.com\\\/ajuste-de-estatus\\\/\",\"url\":\"https:\\\/\\\/es.360immigrationlaw.com\\\/ajuste-de-estatus\\\/\",\"name\":\"Hable con un Abogado de Ajuste de Estatus | 360 Immigration Law\",\"isPartOf\":{\"@id\":\"https:\\\/\\\/es.360immigrationlaw.com\\\/#website\"},\"datePublished\":\"2023-05-23T13:28:10+00:00\",\"dateModified\":\"2023-09-27T17:23:47+00:00\",\"description\":\"Nuestro equipo de abogados de ajuste de estatus est\u00e1 listo para ayudar. P\u00f3ngase en contacto con 360 Immigration Law Group para obtener m\u00e1s informaci\u00f3n.\",\"breadcrumb\":{\"@id\":\"https:\\\/\\\/es.360immigrationlaw.com\\\/ajuste-de-estatus\\\/#breadcrumb\"},\"inLanguage\":\"es\",\"potentialAction\":[{\"@type\":\"ReadAction\",\"target\":[\"https:\\\/\\\/es.360immigrationlaw.com\\\/ajuste-de-estatus\\\/\"]}]},{\"@type\":\"BreadcrumbList\",\"@id\":\"https:\\\/\\\/es.360immigrationlaw.com\\\/ajuste-de-estatus\\\/#breadcrumb\",\"itemListElement\":[{\"@type\":\"ListItem\",\"position\":1,\"name\":\"Home\",\"item\":\"https:\\\/\\\/360immigrationlaw.com\\\/es\\\/\"},{\"@type\":\"ListItem\",\"position\":2,\"name\":\"AJUSTE DE ESTATUS\"}]},{\"@type\":\"WebSite\",\"@id\":\"https:\\\/\\\/es.360immigrationlaw.com\\\/#website\",\"url\":\"https:\\\/\\\/es.360immigrationlaw.com\\\/\",\"name\":\"360 Immigration Law\",\"description\":\"Abogado de inmigraci\u00f3n en Florida\",\"publisher\":{\"@id\":\"https:\\\/\\\/es.360immigrationlaw.com\\\/#organization\"},\"potentialAction\":[{\"@type\":\"SearchAction\",\"target\":{\"@type\":\"EntryPoint\",\"urlTemplate\":\"https:\\\/\\\/es.360immigrationlaw.com\\\/?s={search_term_string}\"},\"query-input\":{\"@type\":\"PropertyValueSpecification\",\"valueRequired\":true,\"valueName\":\"search_term_string\"}}],\"inLanguage\":\"es\"},{\"@type\":\"Organization\",\"@id\":\"https:\\\/\\\/es.360immigrationlaw.com\\\/#organization\",\"name\":\"360 Immigration Law\",\"url\":\"https:\\\/\\\/es.360immigrationlaw.com\\\/\",\"logo\":{\"@type\":\"ImageObject\",\"inLanguage\":\"es\",\"@id\":\"https:\\\/\\\/es.360immigrationlaw.com\\\/#\\\/schema\\\/logo\\\/image\\\/\",\"url\":\"https:\\\/\\\/360immigrationlaw.com\\\/es\\\/wp-content\\\/uploads\\\/2023\\\/06\\\/360_Immigration_Law_Group.jpg\",\"contentUrl\":\"https:\\\/\\\/360immigrationlaw.com\\\/es\\\/wp-content\\\/uploads\\\/2023\\\/06\\\/360_Immigration_Law_Group.jpg\",\"width\":1264,\"height\":932,\"caption\":\"360 Immigration Law\"},\"image\":{\"@id\":\"https:\\\/\\\/es.360immigrationlaw.com\\\/#\\\/schema\\\/logo\\\/image\\\/\"},\"sameAs\":[\"https:\\\/\\\/www.facebook.com\\\/360Immigration\\\/\",\"https:\\\/\\\/x.com\\\/360immigration\"]}]}<\/script>\n<!-- \/ Yoast SEO plugin. -->","yoast_head_json":{"title":"Hable con un Abogado de Ajuste de Estatus | 360 Immigration Law","description":"Nuestro equipo de abogados de ajuste de estatus est\u00e1 listo para ayudar. P\u00f3ngase en contacto con 360 Immigration Law Group para obtener m\u00e1s informaci\u00f3n.","robots":{"index":"index","follow":"follow","max-snippet":"max-snippet:-1","max-image-preview":"max-image-preview:large","max-video-preview":"max-video-preview:-1"},"canonical":"https:\/\/es.360immigrationlaw.com\/ajuste-de-estatus\/","og_locale":"es_ES","og_type":"article","og_title":"Hable con un Abogado de Ajuste de Estatus | 360 Immigration Law","og_description":"Nuestro equipo de abogados de ajuste de estatus est\u00e1 listo para ayudar. P\u00f3ngase en contacto con 360 Immigration Law Group para obtener m\u00e1s informaci\u00f3n.","og_url":"https:\/\/es.360immigrationlaw.com\/ajuste-de-estatus\/","og_site_name":"360 Immigration Law","article_publisher":"https:\/\/www.facebook.com\/360Immigration\/","article_modified_time":"2023-09-27T17:23:47+00:00","twitter_card":"summary_large_image","twitter_site":"@360immigration","twitter_misc":{"Tiempo de lectura":"4 minutos"},"schema":{"@context":"https:\/\/schema.org","@graph":[{"@type":"WebPage","@id":"https:\/\/es.360immigrationlaw.com\/ajuste-de-estatus\/","url":"https:\/\/es.360immigrationlaw.com\/ajuste-de-estatus\/","name":"Hable con un Abogado de Ajuste de Estatus | 360 Immigration Law","isPartOf":{"@id":"https:\/\/es.360immigrationlaw.com\/#website"},"datePublished":"2023-05-23T13:28:10+00:00","dateModified":"2023-09-27T17:23:47+00:00","description":"Nuestro equipo de abogados de ajuste de estatus est\u00e1 listo para ayudar. P\u00f3ngase en contacto con 360 Immigration Law Group para obtener m\u00e1s informaci\u00f3n.","breadcrumb":{"@id":"https:\/\/es.360immigrationlaw.com\/ajuste-de-estatus\/#breadcrumb"},"inLanguage":"es","potentialAction":[{"@type":"ReadAction","target":["https:\/\/es.360immigrationlaw.com\/ajuste-de-estatus\/"]}]},{"@type":"BreadcrumbList","@id":"https:\/\/es.360immigrationlaw.com\/ajuste-de-estatus\/#breadcrumb","itemListElement":[{"@type":"ListItem","position":1,"name":"Home","item":"https:\/\/360immigrationlaw.com\/es\/"},{"@type":"ListItem","position":2,"name":"AJUSTE DE ESTATUS"}]},{"@type":"WebSite","@id":"https:\/\/es.360immigrationlaw.com\/#website","url":"https:\/\/es.360immigrationlaw.com\/","name":"360 Immigration Law","description":"Abogado de inmigraci\u00f3n en Florida","publisher":{"@id":"https:\/\/es.360immigrationlaw.com\/#organization"},"potentialAction":[{"@type":"SearchAction","target":{"@type":"EntryPoint","urlTemplate":"https:\/\/es.360immigrationlaw.com\/?s={search_term_string}"},"query-input":{"@type":"PropertyValueSpecification","valueRequired":true,"valueName":"search_term_string"}}],"inLanguage":"es"},{"@type":"Organization","@id":"https:\/\/es.360immigrationlaw.com\/#organization","name":"360 Immigration Law","url":"https:\/\/es.360immigrationlaw.com\/","logo":{"@type":"ImageObject","inLanguage":"es","@id":"https:\/\/es.360immigrationlaw.com\/#\/schema\/logo\/image\/","url":"https:\/\/360immigrationlaw.com\/es\/wp-content\/uploads\/2023\/06\/360_Immigration_Law_Group.jpg","contentUrl":"https:\/\/360immigrationlaw.com\/es\/wp-content\/uploads\/2023\/06\/360_Immigration_Law_Group.jpg","width":1264,"height":932,"caption":"360 Immigration Law"},"image":{"@id":"https:\/\/es.360immigrationlaw.com\/#\/schema\/logo\/image\/"},"sameAs":["https:\/\/www.facebook.com\/360Immigration\/","https:\/\/x.com\/360immigration"]}]}},"_links":{"self":[{"href":"https:\/\/360immigrationlaw.com\/es\/wp-json\/wp\/v2\/pages\/1615","targetHints":{"allow":["GET"]}}],"collection":[{"href":"https:\/\/360immigrationlaw.com\/es\/wp-json\/wp\/v2\/pages"}],"about":[{"href":"https:\/\/360immigrationlaw.com\/es\/wp-json\/wp\/v2\/types\/page"}],"author":[{"embeddable":true,"href":"https:\/\/360immigrationlaw.com\/es\/wp-json\/wp\/v2\/users\/3"}],"replies":[{"embeddable":true,"href":"https:\/\/360immigrationlaw.com\/es\/wp-json\/wp\/v2\/comments?post=1615"}],"version-history":[{"count":18,"href":"https:\/\/360immigrationlaw.com\/es\/wp-json\/wp\/v2\/pages\/1615\/revisions"}],"predecessor-version":[{"id":3671,"href":"https:\/\/360immigrationlaw.com\/es\/wp-json\/wp\/v2\/pages\/1615\/revisions\/3671"}],"wp:attachment":[{"href":"https:\/\/360immigrationlaw.com\/es\/wp-json\/wp\/v2\/media?parent=1615"}],"curies":[{"name":"wp","href":"https:\/\/api.w.org\/{rel}","templated":true}]}}