{"id":1628,"date":"2023-05-24T06:25:25","date_gmt":"2023-05-24T06:25:25","guid":{"rendered":"https:\/\/es.360immigrationlaw.com\/?page_id=1628"},"modified":"2023-09-18T18:52:51","modified_gmt":"2023-09-18T18:52:51","slug":"proceso-consular","status":"publish","type":"page","link":"https:\/\/360immigrationlaw.com\/es\/proceso-consular\/","title":{"rendered":"PROCESO CONSULAR"},"content":{"rendered":"\n[et_pb_section fb_built=\u00bb1&#8243; custom_padding_last_edited=\u00bbon|phone\u00bb module_id=\u00bbhead-sec\u00bb _builder_version=\u00bb4.21.0&#8243; _module_preset=\u00bbdefault\u00bb use_background_color_gradient=\u00bbon\u00bb background_color_gradient_direction=\u00bb91deg\u00bb background_color_gradient_stops=\u00bbrgba(0,0,0,0.87) 0%|rgba(0,0,0,0.33) 99%\u00bb background_image=\u00bbhttps:\/\/360immigrationlaw.com\/es\/wp-content\/uploads\/2023\/05\/CONSULAR_PROCESSING_header_image.jpg\u00bb custom_padding=\u00bb400px||80px||false|false\u00bb custom_padding_tablet=\u00bb200px||200px||false|false\u00bb custom_padding_phone=\u00bb30px||30px||true|false\u00bb locked=\u00bboff\u00bb global_colors_info=\u00bb{}\u00bb][et_pb_row custom_padding_last_edited=\u00bbon|desktop\u00bb _builder_version=\u00bb4.21.0&#8243; _module_preset=\u00bbdefault\u00bb custom_padding=\u00bb80px||80px||true|false\u00bb custom_padding_tablet=\u00bb50px||50px||true|false\u00bb custom_padding_phone=\u00bb150px||0px||false|false\u00bb global_colors_info=\u00bb{}\u00bb custom_margin=\u00bb||||true|false\u00bb][et_pb_column type=\u00bb4_4&#8243; _builder_version=\u00bb4.20.2&#8243; _module_preset=\u00bbdefault\u00bb global_colors_info=\u00bb{}\u00bb][et_pb_text _builder_version=\u00bb4.21.0&#8243; _module_preset=\u00bbdefault\u00bb header_font=\u00bbAdobe Garamond Pro Semibold|600|||||||\u00bb background_layout=\u00bbdark\u00bb header_font_size_tablet=\u00bb\u00bb header_font_size_phone=\u00bb40px\u00bb header_font_size_last_edited=\u00bbon|phone\u00bb header_line_height_tablet=\u00bb\u00bb header_line_height_phone=\u00bb1.3em\u00bb header_line_height_last_edited=\u00bbon|phone\u00bb global_colors_info=\u00bb{}\u00bb]<h1>PROCESO CONSULAR<\/h1>[\/et_pb_text][\/et_pb_column][\/et_pb_row][\/et_pb_section][et_pb_section fb_built=\u00bb1&#8243; custom_padding_last_edited=\u00bbon|phone\u00bb _builder_version=\u00bb4.21.0&#8243; _module_preset=\u00bbdefault\u00bb custom_padding_tablet=\u00bb\u00bb custom_padding_phone=\u00bb0px||0px||false|false\u00bb locked=\u00bboff\u00bb global_colors_info=\u00bb{}\u00bb][et_pb_row _builder_version=\u00bb4.21.0&#8243; _module_preset=\u00bbdefault\u00bb custom_padding=\u00bb0px||||false|false\u00bb global_colors_info=\u00bb{}\u00bb][et_pb_column type=\u00bb4_4&#8243; _builder_version=\u00bb4.20.2&#8243; _module_preset=\u00bbdefault\u00bb global_colors_info=\u00bb{}\u00bb][et_pb_text _builder_version=\u00bb4.21.0&#8243; _module_preset=\u00bbdefault\u00bb text_font=\u00bbHelveticaNeue normal||||||||\u00bb text_font_size_tablet=\u00bb\u00bb text_font_size_phone=\u00bb20px\u00bb text_font_size_last_edited=\u00bbon|phone\u00bb global_colors_info=\u00bb{}\u00bb]Si reside fuera de los Estados Unidos, es posible que deba pasar por un proceso consular para obtener una visa de inmigrante o un (Green Card o Permiso de residencia). Esto requiere que asista a los horarios y entrevistas programados en su consulado local. Esto se suele hacer a trav\u00e9s de la inmigraci\u00f3n en familia u otros casos, dependiendo del tipo de visa, situaci\u00f3n u objetivos actuales. Su consulado har\u00e1 datos biom\u00e9tricos, as\u00ed como una verificaci\u00f3n de antecedentes y una entrevista que requiere informaci\u00f3n sobre su prop\u00f3sito y conexiones en los Estados Unidos. Es mejor prepararse para este proceso con la ayuda de un abogado de inmigraci\u00f3n.[\/et_pb_text][\/et_pb_column][\/et_pb_row][et_pb_row column_structure=\u00bb3_5,2_5&#8243; make_equal=\u00bbon\u00bb custom_padding_last_edited=\u00bbon|phone\u00bb _builder_version=\u00bb4.21.0&#8243; _module_preset=\u00bbdefault\u00bb custom_padding=\u00bb0px||||false|false\u00bb custom_padding_tablet=\u00bb\u00bb custom_padding_phone=\u00bb0px||||false|false\u00bb locked=\u00bboff\u00bb global_colors_info=\u00bb{}\u00bb][et_pb_column type=\u00bb3_5&#8243; _builder_version=\u00bb4.21.0&#8243; _module_preset=\u00bbdefault\u00bb global_colors_info=\u00bb{}\u00bb][et_pb_text _builder_version=\u00bb4.21.0&#8243; _module_preset=\u00bbdefault\u00bb text_font=\u00bbHelveticaNeue normal||||||||\u00bb header_4_font=\u00bbHelvetica Neu Bold||||||||\u00bb header_4_font_size=\u00bb25px\u00bb header_4_line_height=\u00bb1.5em\u00bb text_font_size_tablet=\u00bb\u00bb text_font_size_phone=\u00bb20px\u00bb text_font_size_last_edited=\u00bbon|phone\u00bb header_4_font_size_tablet=\u00bb25px\u00bb header_4_font_size_phone=\u00bb24px\u00bb header_4_font_size_last_edited=\u00bbon|phone\u00bb header_4_line_height_tablet=\u00bb1.5em\u00bb header_4_line_height_phone=\u00bb1.2em\u00bb header_4_line_height_last_edited=\u00bbon|phone\u00bb global_colors_info=\u00bb{}\u00bb]<h4>\u00bfQU\u00c9 ES EL TR\u00c1MITE CONSULAR?<\/h4>\nComo ciudadano estadounidense o residente legal permanente, los miembros de su familia pueden tener derecho a visas de inmigrante y (Green Card o Permiso de residencia). Hay dos formas de sistemas de inmigraci\u00f3n basados \u200b\u200ben la familia en los Estados Unidos:\n\nAjuste de estatus: convierte una visa de no inmigrante (como una visa de estudiante, una visa K-1 comprometida o una visa de visitante B-2) en un residente legal permanente; Procesamiento consular: el proceso de inmigraci\u00f3n que otorga a los familiares que viven fuera de los Estados Unidos un (Green Card o Permiso de residencia).\n\nEn el bufete de abogados Jamile Moraes Pellicer P.A., entendemos la importancia de la reunificaci\u00f3n familiar. Como inmigrantes, Jamile y su equipo comprenden personalmente lo dif\u00edcil y frustrante que puede ser el proceso, especialmente cuando no tiene un abogado en quien pueda confiar y que lo cubra. Nuestros abogados y personal de inmigraci\u00f3n con experiencia asesoran a las familias sobre los ajustes de estatus y el procesamiento consular. Lo mantenemos actualizado con cada paso del viaje.\n\nTambi\u00e9n hay diferentes procesos disponibles para los empleadores que necesitan visas para sus empleados y para empresarios y otras personas de gran talento.\n\nSi no est\u00e1 seguro de qu\u00e9 proceso de inmigraci\u00f3n familiar es el adecuado para sus seres queridos, solicite una cita con nuestra oficina. Donde escucharemos su historia, examinaremos su situaci\u00f3n, evaluaremos sus necesidades y elegibilidad, y le informamos sobre sus opciones legales.\n\nNuestro personal triling\u00fce estar\u00e1 encantado de ayudarle: hablamos ingl\u00e9s, espa\u00f1ol y portugu\u00e9s.[\/et_pb_text][\/et_pb_column][et_pb_column type=\u00bb2_5&#8243; _builder_version=\u00bb4.21.0&#8243; _module_preset=\u00bbdefault\u00bb background_image=\u00bbhttps:\/\/360immigrationlaw.com\/es\/wp-content\/uploads\/2023\/05\/CONSULAR_PROCESSING_image_1.jpg\u00bb background_position=\u00bbtop_left\u00bb background_last_edited=\u00bbon|tablet\u00bb background_enable_image_tablet=\u00bboff\u00bb global_colors_info=\u00bb{}\u00bb][et_pb_image src=\u00bbhttps:\/\/360immigrationlaw.com\/es\/wp-content\/uploads\/2023\/05\/CONSULAR_PROCESSING_image_1.jpg\u00bb alt=\u00bbVICTIMS OF DOMESTIC VIOLENCE \u00bb title_text=\u00bbCONSULAR_PROCESSING_image_1&#8243; align=\u00bbcenter\u00bb disabled_on=\u00bboff|off|on\u00bb _builder_version=\u00bb4.21.0&#8243; _module_preset=\u00bbdefault\u00bb sticky_limit_top=\u00bbcolumn\u00bb sticky_limit_bottom=\u00bbcolumn\u00bb global_colors_info=\u00bb{}\u00bb][\/et_pb_image][\/et_pb_column][\/et_pb_row][et_pb_row make_equal=\u00bbon\u00bb custom_padding_last_edited=\u00bbon|phone\u00bb _builder_version=\u00bb4.21.0&#8243; _module_preset=\u00bbdefault\u00bb custom_padding=\u00bb0px||||false|false\u00bb custom_padding_tablet=\u00bb\u00bb custom_padding_phone=\u00bb0px||||false|false\u00bb locked=\u00bboff\u00bb global_colors_info=\u00bb{}\u00bb][et_pb_column type=\u00bb4_4&#8243; _builder_version=\u00bb4.21.0&#8243; _module_preset=\u00bbdefault\u00bb global_colors_info=\u00bb{}\u00bb][et_pb_text _builder_version=\u00bb4.21.0&#8243; _module_preset=\u00bbdefault\u00bb text_font=\u00bbHelveticaNeue normal||||||||\u00bb header_4_font=\u00bbHelvetica Neu Bold||||||||\u00bb header_4_font_size=\u00bb25px\u00bb header_4_line_height=\u00bb1.5em\u00bb text_font_size_tablet=\u00bb\u00bb text_font_size_phone=\u00bb20px\u00bb text_font_size_last_edited=\u00bbon|phone\u00bb header_4_font_size_tablet=\u00bb25px\u00bb header_4_font_size_phone=\u00bb24px\u00bb header_4_font_size_last_edited=\u00bbon|phone\u00bb header_4_line_height_tablet=\u00bb1.5em\u00bb header_4_line_height_phone=\u00bb1.2em\u00bb header_4_line_height_last_edited=\u00bbon|phone\u00bb global_colors_info=\u00bb{}\u00bb]<h4>C\u00d3MO PUEDE AYUDAR UN ABOGADO DE INMIGRACI\u00d3N<\/h4>\nNuestros abogados y personal de inmigraci\u00f3n gu\u00edan a muchas familias a trav\u00e9s del procesamiento consular. Hacemos m\u00e1s que completar los formularios por usted. Nosotros tambi\u00e9n:\n<ul>\n\t<li>Brindamos informaci\u00f3n precisa y consejos pr\u00e1cticos sobre la ley de inmigraci\u00f3n;<\/li>\n\t<li>Ayudamos a las familias a recopilar todos los documentos y pruebas correctas para respaldar su caso;<\/li>\n\t<li>De conformidad con las leyes federales, informamos con precisi\u00f3n a nuestros clientes sobre las solicitudes y los formularios de apoyo;<\/li>\n\t<li>Evaluamos las peticiones rechazadas y denegadas, as\u00ed como las opciones para apelar a nuestros clientes;<\/li>\n\t<li>Lo preparamos para la entrevista del consulado y lo guiamos paso a paso a trav\u00e9s de todo el proceso de la entrevista.<\/li>\n<\/ul>\nSabemos lo importante que es la tarjeta de residencia de su ser querido para usted y su familia. Ya hemos estado en su lugar y es por eso que trabajamos incansablemente para nuestros clientes y dedicamos mucho tiempo a educarlos sobre sus casos y las opciones legales disponibles para ellos. El procesamiento consular puede ser un viaje largo y confuso: nuestro objetivo es hacerlo lo m\u00e1s f\u00e1cil posible.[\/et_pb_text][et_pb_image src=\u00bbhttps:\/\/360immigrationlaw.com\/es\/wp-content\/uploads\/2023\/05\/CONSULAR_PROCESSING_image_2.jpg\u00bb title_text=\u00bbCONSULAR_PROCESSING_image_2&#8243; _builder_version=\u00bb4.21.0&#8243; _module_preset=\u00bbdefault\u00bb global_colors_info=\u00bb{}\u00bb][\/et_pb_image][\/et_pb_column][\/et_pb_row][et_pb_row make_equal=\u00bbon\u00bb custom_padding_last_edited=\u00bbon|phone\u00bb _builder_version=\u00bb4.21.0&#8243; _module_preset=\u00bbdefault\u00bb custom_padding_tablet=\u00bb\u00bb custom_padding_phone=\u00bb0px||||false|false\u00bb locked=\u00bboff\u00bb global_colors_info=\u00bb{}\u00bb][et_pb_column type=\u00bb4_4&#8243; _builder_version=\u00bb4.21.0&#8243; _module_preset=\u00bbdefault\u00bb global_colors_info=\u00bb{}\u00bb][et_pb_text _builder_version=\u00bb4.21.0&#8243; _module_preset=\u00bbdefault\u00bb text_font=\u00bbHelveticaNeue normal||||||||\u00bb header_4_font=\u00bbHelvetica Neu Bold||||||||\u00bb header_4_font_size=\u00bb25px\u00bb header_4_line_height=\u00bb1.5em\u00bb text_font_size_tablet=\u00bb\u00bb text_font_size_phone=\u00bb20px\u00bb text_font_size_last_edited=\u00bbon|phone\u00bb header_4_font_size_tablet=\u00bb25px\u00bb header_4_font_size_phone=\u00bb24px\u00bb header_4_font_size_last_edited=\u00bbon|phone\u00bb header_4_line_height_tablet=\u00bb1.5em\u00bb header_4_line_height_phone=\u00bb1.2em\u00bb header_4_line_height_last_edited=\u00bbon|phone\u00bb global_colors_info=\u00bb{}\u00bb]<h4>\u00bfD\u00d3NDE SE REALIZA LA ENTREVISTA?<\/h4>\nEl procesamiento consular es supervisado por el Departamento de Estado y el Centro Nacional de Visas. La entrevista debe realizarse en el pa\u00eds de origen de su ser querido. La embajada o el consulado de EE. UU. Procesar\u00e1 los documentos y evaluar\u00e1 la elegibilidad de su familiar para el Permiso de residencia permanente (Green Card). Si su ser querido todav\u00eda se encuentra en el pa\u00eds de origen, este no es un desaf\u00edo importante.\n\nSin embargo, si ya se encuentran en los Estados Unidos y no tienen una visa v\u00e1lida, debe consultar a un abogado de inmigraci\u00f3n antes de iniciarla, ya que es posible que necesiten una solicitud de perd\u00f3n antes de iniciar el tr\u00e1mite consular. Si el gobierno federal determina que su ser querido vivi\u00f3 como un inmigrante indocumentado en los Estados Unidos, puede imponer sanciones. El consulado les impedir\u00e1 ingresar a los EE. UU. Durante tres a\u00f1os si la estad\u00eda dura entre 180 d\u00edas y un a\u00f1o. Si han sido residentes indocumentados de los Estados Unidos durante m\u00e1s de un a\u00f1o, la barrera aumenta a cinco o diez a\u00f1os.\n\nSi bien es tentador mentir sobre la situaci\u00f3n irregular de un ser querido, puede resultar en cargos de fraude migratorio. En cambio, le recomendamos que hable con nuestro equipo de inmigraci\u00f3n en el bufete de abogados Jamile Moraes Pellicer P.A. Donde ayudamos a nuestros clientes a comprender las complejidades del sistema de inmigraci\u00f3n de los Estados Unidos y los guiamos a trav\u00e9s de sus desaf\u00edos.[\/et_pb_text][\/et_pb_column][\/et_pb_row][\/et_pb_section][et_pb_section fb_built=\u00bb1&#8243; _builder_version=\u00bb4.21.0&#8243; _module_preset=\u00bbdefault\u00bb custom_padding=\u00bb0px||||false|false\u00bb locked=\u00bboff\u00bb global_colors_info=\u00bb{}\u00bb][et_pb_row _builder_version=\u00bb4.21.0&#8243; _module_preset=\u00bbdefault\u00bb background_color=\u00bbrgba(213,207,203,0.42)\u00bb custom_padding=\u00bb0px||0px||true|false\u00bb global_colors_info=\u00bb{}\u00bb][et_pb_column type=\u00bb4_4&#8243; _builder_version=\u00bb4.20.2&#8243; _module_preset=\u00bbdefault\u00bb global_colors_info=\u00bb{}\u00bb][et_pb_cta button_url=\u00bb@ET-DC@eyJkeW5hbWljIjp0cnVlLCJjb250ZW50IjoicG9zdF9saW5rX3VybF9wYWdlIiwic2V0dGluZ3MiOnsicG9zdF9pZCI6IjUwNiJ9fQ==@\u00bb button_text=\u00bbCONT\u00c1CTENOS\u00bb _builder_version=\u00bb4.21.0&#8243; _dynamic_attributes=\u00bbbutton_url\u00bb _module_preset=\u00bbdefault\u00bb body_font=\u00bbHelvetica Neu Bold|700|||||||\u00bb body_text_color=\u00bbgcid-30b07574-da3b-4944-bfd9-3b5cde1edd29&#8243; background_enable_color=\u00bboff\u00bb custom_button=\u00bbon\u00bb button_text_size=\u00bb18px\u00bb button_bg_color=\u00bbgcid-30b07574-da3b-4944-bfd9-3b5cde1edd29&#8243; button_border_width=\u00bb0px\u00bb button_border_radius=\u00bb15px\u00bb button_font=\u00bbRoboto|700|||||||\u00bb button_use_icon=\u00bboff\u00bb button_custom_margin=\u00bb30px||||false|false\u00bb button_custom_padding=\u00bb|40px||40px|false|true\u00bb module_alignment=\u00bbcenter\u00bb body_font_size_tablet=\u00bb\u00bb body_font_size_phone=\u00bb20px\u00bb body_font_size_last_edited=\u00bbon|phone\u00bb global_colors_info=\u00bb{%22gcid-30b07574-da3b-4944-bfd9-3b5cde1edd29%22:%91%22body_text_color%22,%22button_bg_color%22%93,%22gcid-eafa90e3-7c53-4465-b3ea-d911763a82f7%22:%91%22button_bg_color__hover%22%93}\u00bb button_bg_color__hover_enabled=\u00bbon|hover\u00bb button_bg_color__hover=\u00bb#400101&#8243; button_bg_enable_color__hover=\u00bbon\u00bb]Si se encuentra fuera de los Estados Unidos y realmente desea saber c\u00f3mo obtener su residencia permanente, estamos aqu\u00ed para ayudarlo. . .\n\nCont\u00e1ctenos y Programaremos su sesi\u00f3n de estrategia y planificaci\u00f3n legal hoy.[\/et_pb_cta][\/et_pb_column][\/et_pb_row][\/et_pb_section]\n","protected":false},"excerpt":{"rendered":"<p>PROCESO CONSULARSi reside fuera de los Estados Unidos, es posible que deba pasar por un proceso consular para obtener una visa de inmigrante o un (Green Card o Permiso de residencia). Esto requiere que asista a los horarios y entrevistas programados en su consulado local. Esto se suele hacer a trav\u00e9s de la inmigraci\u00f3n en familia u otros casos, dependiendo del tipo de visa, situaci\u00f3n u objetivos actuales. Su consulado har\u00e1 datos biom\u00e9tricos, as\u00ed como una verificaci\u00f3n de antecedentes y una entrevista que requiere informaci\u00f3n sobre su prop\u00f3sito y conexiones en los Estados Unidos. Es mejor prepararse para este proceso con la ayuda de un abogado de inmigraci\u00f3n.\u00bfQU\u00c9 ES EL TR\u00c1MITE CONSULAR? Como ciudadano estadounidense o residente legal permanente, los miembros de su familia pueden tener derecho a visas de inmigrante y (Green Card o Permiso de residencia). Hay dos formas de sistemas de inmigraci\u00f3n basados \u200b\u200ben la familia en los Estados Unidos: Ajuste de estatus: convierte una visa de no inmigrante (como una visa de estudiante, una visa K-1 comprometida o una visa de visitante B-2) en un residente legal permanente; Procesamiento consular: el proceso de inmigraci\u00f3n que otorga a los familiares que viven fuera de los Estados Unidos [&hellip;]<\/p>\n","protected":false},"author":3,"featured_media":0,"parent":0,"menu_order":0,"comment_status":"closed","ping_status":"closed","template":"","meta":{"_et_pb_use_builder":"on","_et_pb_old_content":"","_et_gb_content_width":"","_lmt_disableupdate":"","_lmt_disable":"","footnotes":""},"class_list":["post-1628","page","type-page","status-publish","hentry"],"yoast_head":"<!-- This site is optimized with the Yoast SEO plugin v27.3 - https:\/\/yoast.com\/product\/yoast-seo-wordpress\/ -->\n<title>Abogado de Proceso Consular | 360 Immigration Law Group<\/title>\n<meta name=\"description\" content=\"Nuestros abogados de inmigraci\u00f3n han guiado a muchas familias a trav\u00e9s del proceso consular. Contacte a 360 Immigration Law Group ahora.\" \/>\n<meta name=\"robots\" content=\"index, follow, max-snippet:-1, max-image-preview:large, max-video-preview:-1\" \/>\n<link rel=\"canonical\" href=\"https:\/\/v7k.09d.myftpupload.com\/proceso-consular\/\" \/>\n<meta property=\"og:locale\" content=\"es_ES\" \/>\n<meta property=\"og:type\" content=\"article\" \/>\n<meta property=\"og:title\" content=\"Abogado de Proceso Consular | 360 Immigration Law Group\" \/>\n<meta property=\"og:description\" content=\"Nuestros abogados de inmigraci\u00f3n han guiado a muchas familias a trav\u00e9s del proceso consular. Contacte a 360 Immigration Law Group ahora.\" \/>\n<meta property=\"og:url\" content=\"https:\/\/v7k.09d.myftpupload.com\/proceso-consular\/\" \/>\n<meta property=\"og:site_name\" content=\"360 Immigration Law\" \/>\n<meta property=\"article:publisher\" content=\"https:\/\/www.facebook.com\/360Immigration\/\" \/>\n<meta property=\"article:modified_time\" content=\"2023-09-18T18:52:51+00:00\" \/>\n<meta name=\"twitter:card\" content=\"summary_large_image\" \/>\n<meta name=\"twitter:site\" content=\"@360immigration\" \/>\n<meta name=\"twitter:label1\" content=\"Tiempo de lectura\" \/>\n\t<meta name=\"twitter:data1\" content=\"5 minutos\" \/>\n<script type=\"application\/ld+json\" class=\"yoast-schema-graph\">{\"@context\":\"https:\\\/\\\/schema.org\",\"@graph\":[{\"@type\":\"WebPage\",\"@id\":\"https:\\\/\\\/v7k.09d.myftpupload.com\\\/proceso-consular\\\/\",\"url\":\"https:\\\/\\\/v7k.09d.myftpupload.com\\\/proceso-consular\\\/\",\"name\":\"Abogado de Proceso Consular | 360 Immigration Law Group\",\"isPartOf\":{\"@id\":\"https:\\\/\\\/es.360immigrationlaw.com\\\/#website\"},\"datePublished\":\"2023-05-24T06:25:25+00:00\",\"dateModified\":\"2023-09-18T18:52:51+00:00\",\"description\":\"Nuestros abogados de inmigraci\u00f3n han guiado a muchas familias a trav\u00e9s del proceso consular. Contacte a 360 Immigration Law Group ahora.\",\"breadcrumb\":{\"@id\":\"https:\\\/\\\/v7k.09d.myftpupload.com\\\/proceso-consular\\\/#breadcrumb\"},\"inLanguage\":\"es\",\"potentialAction\":[{\"@type\":\"ReadAction\",\"target\":[\"https:\\\/\\\/v7k.09d.myftpupload.com\\\/proceso-consular\\\/\"]}]},{\"@type\":\"BreadcrumbList\",\"@id\":\"https:\\\/\\\/v7k.09d.myftpupload.com\\\/proceso-consular\\\/#breadcrumb\",\"itemListElement\":[{\"@type\":\"ListItem\",\"position\":1,\"name\":\"Home\",\"item\":\"https:\\\/\\\/360immigrationlaw.com\\\/es\\\/\"},{\"@type\":\"ListItem\",\"position\":2,\"name\":\"PROCESO CONSULAR\"}]},{\"@type\":\"WebSite\",\"@id\":\"https:\\\/\\\/es.360immigrationlaw.com\\\/#website\",\"url\":\"https:\\\/\\\/es.360immigrationlaw.com\\\/\",\"name\":\"360 Immigration Law\",\"description\":\"Abogado de inmigraci\u00f3n en Florida\",\"publisher\":{\"@id\":\"https:\\\/\\\/es.360immigrationlaw.com\\\/#organization\"},\"potentialAction\":[{\"@type\":\"SearchAction\",\"target\":{\"@type\":\"EntryPoint\",\"urlTemplate\":\"https:\\\/\\\/es.360immigrationlaw.com\\\/?s={search_term_string}\"},\"query-input\":{\"@type\":\"PropertyValueSpecification\",\"valueRequired\":true,\"valueName\":\"search_term_string\"}}],\"inLanguage\":\"es\"},{\"@type\":\"Organization\",\"@id\":\"https:\\\/\\\/es.360immigrationlaw.com\\\/#organization\",\"name\":\"360 Immigration Law\",\"url\":\"https:\\\/\\\/es.360immigrationlaw.com\\\/\",\"logo\":{\"@type\":\"ImageObject\",\"inLanguage\":\"es\",\"@id\":\"https:\\\/\\\/es.360immigrationlaw.com\\\/#\\\/schema\\\/logo\\\/image\\\/\",\"url\":\"https:\\\/\\\/360immigrationlaw.com\\\/es\\\/wp-content\\\/uploads\\\/2023\\\/06\\\/360_Immigration_Law_Group.jpg\",\"contentUrl\":\"https:\\\/\\\/360immigrationlaw.com\\\/es\\\/wp-content\\\/uploads\\\/2023\\\/06\\\/360_Immigration_Law_Group.jpg\",\"width\":1264,\"height\":932,\"caption\":\"360 Immigration Law\"},\"image\":{\"@id\":\"https:\\\/\\\/es.360immigrationlaw.com\\\/#\\\/schema\\\/logo\\\/image\\\/\"},\"sameAs\":[\"https:\\\/\\\/www.facebook.com\\\/360Immigration\\\/\",\"https:\\\/\\\/x.com\\\/360immigration\"]}]}<\/script>\n<!-- \/ Yoast SEO plugin. -->","yoast_head_json":{"title":"Abogado de Proceso Consular | 360 Immigration Law Group","description":"Nuestros abogados de inmigraci\u00f3n han guiado a muchas familias a trav\u00e9s del proceso consular. Contacte a 360 Immigration Law Group ahora.","robots":{"index":"index","follow":"follow","max-snippet":"max-snippet:-1","max-image-preview":"max-image-preview:large","max-video-preview":"max-video-preview:-1"},"canonical":"https:\/\/v7k.09d.myftpupload.com\/proceso-consular\/","og_locale":"es_ES","og_type":"article","og_title":"Abogado de Proceso Consular | 360 Immigration Law Group","og_description":"Nuestros abogados de inmigraci\u00f3n han guiado a muchas familias a trav\u00e9s del proceso consular. Contacte a 360 Immigration Law Group ahora.","og_url":"https:\/\/v7k.09d.myftpupload.com\/proceso-consular\/","og_site_name":"360 Immigration Law","article_publisher":"https:\/\/www.facebook.com\/360Immigration\/","article_modified_time":"2023-09-18T18:52:51+00:00","twitter_card":"summary_large_image","twitter_site":"@360immigration","twitter_misc":{"Tiempo de lectura":"5 minutos"},"schema":{"@context":"https:\/\/schema.org","@graph":[{"@type":"WebPage","@id":"https:\/\/v7k.09d.myftpupload.com\/proceso-consular\/","url":"https:\/\/v7k.09d.myftpupload.com\/proceso-consular\/","name":"Abogado de Proceso Consular | 360 Immigration Law Group","isPartOf":{"@id":"https:\/\/es.360immigrationlaw.com\/#website"},"datePublished":"2023-05-24T06:25:25+00:00","dateModified":"2023-09-18T18:52:51+00:00","description":"Nuestros abogados de inmigraci\u00f3n han guiado a muchas familias a trav\u00e9s del proceso consular. Contacte a 360 Immigration Law Group ahora.","breadcrumb":{"@id":"https:\/\/v7k.09d.myftpupload.com\/proceso-consular\/#breadcrumb"},"inLanguage":"es","potentialAction":[{"@type":"ReadAction","target":["https:\/\/v7k.09d.myftpupload.com\/proceso-consular\/"]}]},{"@type":"BreadcrumbList","@id":"https:\/\/v7k.09d.myftpupload.com\/proceso-consular\/#breadcrumb","itemListElement":[{"@type":"ListItem","position":1,"name":"Home","item":"https:\/\/360immigrationlaw.com\/es\/"},{"@type":"ListItem","position":2,"name":"PROCESO CONSULAR"}]},{"@type":"WebSite","@id":"https:\/\/es.360immigrationlaw.com\/#website","url":"https:\/\/es.360immigrationlaw.com\/","name":"360 Immigration Law","description":"Abogado de inmigraci\u00f3n en Florida","publisher":{"@id":"https:\/\/es.360immigrationlaw.com\/#organization"},"potentialAction":[{"@type":"SearchAction","target":{"@type":"EntryPoint","urlTemplate":"https:\/\/es.360immigrationlaw.com\/?s={search_term_string}"},"query-input":{"@type":"PropertyValueSpecification","valueRequired":true,"valueName":"search_term_string"}}],"inLanguage":"es"},{"@type":"Organization","@id":"https:\/\/es.360immigrationlaw.com\/#organization","name":"360 Immigration Law","url":"https:\/\/es.360immigrationlaw.com\/","logo":{"@type":"ImageObject","inLanguage":"es","@id":"https:\/\/es.360immigrationlaw.com\/#\/schema\/logo\/image\/","url":"https:\/\/360immigrationlaw.com\/es\/wp-content\/uploads\/2023\/06\/360_Immigration_Law_Group.jpg","contentUrl":"https:\/\/360immigrationlaw.com\/es\/wp-content\/uploads\/2023\/06\/360_Immigration_Law_Group.jpg","width":1264,"height":932,"caption":"360 Immigration Law"},"image":{"@id":"https:\/\/es.360immigrationlaw.com\/#\/schema\/logo\/image\/"},"sameAs":["https:\/\/www.facebook.com\/360Immigration\/","https:\/\/x.com\/360immigration"]}]}},"_links":{"self":[{"href":"https:\/\/360immigrationlaw.com\/es\/wp-json\/wp\/v2\/pages\/1628","targetHints":{"allow":["GET"]}}],"collection":[{"href":"https:\/\/360immigrationlaw.com\/es\/wp-json\/wp\/v2\/pages"}],"about":[{"href":"https:\/\/360immigrationlaw.com\/es\/wp-json\/wp\/v2\/types\/page"}],"author":[{"embeddable":true,"href":"https:\/\/360immigrationlaw.com\/es\/wp-json\/wp\/v2\/users\/3"}],"replies":[{"embeddable":true,"href":"https:\/\/360immigrationlaw.com\/es\/wp-json\/wp\/v2\/comments?post=1628"}],"version-history":[{"count":24,"href":"https:\/\/360immigrationlaw.com\/es\/wp-json\/wp\/v2\/pages\/1628\/revisions"}],"predecessor-version":[{"id":3469,"href":"https:\/\/360immigrationlaw.com\/es\/wp-json\/wp\/v2\/pages\/1628\/revisions\/3469"}],"wp:attachment":[{"href":"https:\/\/360immigrationlaw.com\/es\/wp-json\/wp\/v2\/media?parent=1628"}],"curies":[{"name":"wp","href":"https:\/\/api.w.org\/{rel}","templated":true}]}}