{"id":325,"date":"2023-03-21T09:22:55","date_gmt":"2023-03-21T09:22:55","guid":{"rendered":"https:\/\/es.360immigrationlaw.com\/?page_id=325"},"modified":"2023-09-18T18:56:50","modified_gmt":"2023-09-18T18:56:50","slug":"renovacion-de-daca","status":"publish","type":"page","link":"https:\/\/360immigrationlaw.com\/es\/renovacion-de-daca\/","title":{"rendered":"RENOVACIONES DE DACA"},"content":{"rendered":"\n[et_pb_section fb_built=\u00bb1&#8243; custom_padding_last_edited=\u00bbon|phone\u00bb module_id=\u00bbhead-sec\u00bb _builder_version=\u00bb4.21.0&#8243; _module_preset=\u00bbdefault\u00bb use_background_color_gradient=\u00bbon\u00bb background_color_gradient_direction=\u00bb91deg\u00bb background_color_gradient_stops=\u00bbrgba(0,0,0,0.87) 0%|rgba(0,0,0,0.33) 99%\u00bb background_image=\u00bbhttps:\/\/360immigrationlaw.com\/es\/wp-content\/uploads\/2023\/05\/DACA_header_image.jpg\u00bb custom_padding=\u00bb400px||80px||false|false\u00bb custom_padding_tablet=\u00bb200px||200px||false|false\u00bb custom_padding_phone=\u00bb30px||30px||true|false\u00bb global_colors_info=\u00bb{}\u00bb][et_pb_row custom_padding_last_edited=\u00bbon|desktop\u00bb _builder_version=\u00bb4.21.0&#8243; _module_preset=\u00bbdefault\u00bb custom_padding=\u00bb80px||80px||true|false\u00bb custom_padding_tablet=\u00bb50px||50px||true|false\u00bb custom_padding_phone=\u00bb150px||0px||false|false\u00bb global_colors_info=\u00bb{}\u00bb custom_margin=\u00bb||||true|false\u00bb][et_pb_column type=\u00bb4_4&#8243; _builder_version=\u00bb4.20.2&#8243; _module_preset=\u00bbdefault\u00bb global_colors_info=\u00bb{}\u00bb][et_pb_text _builder_version=\u00bb4.21.0&#8243; _module_preset=\u00bbdefault\u00bb header_font=\u00bbAdobe Garamond Pro Semibold|600|||||||\u00bb background_layout=\u00bbdark\u00bb header_font_size_phone=\u00bb30px\u00bb header_font_size_last_edited=\u00bbon|phone\u00bb global_colors_info=\u00bb{}\u00bb custom_margin=\u00bb||||false|false\u00bb custom_padding=\u00bb||||false|false\u00bb]<h1>DACA Y RENOVACIONES DE DACA<\/h1>[\/et_pb_text][\/et_pb_column][\/et_pb_row][\/et_pb_section][et_pb_section fb_built=\u00bb1&#8243; custom_padding_last_edited=\u00bbon|phone\u00bb _builder_version=\u00bb4.21.0&#8243; _module_preset=\u00bbdefault\u00bb custom_padding_tablet=\u00bb\u00bb custom_padding_phone=\u00bb||||false|false\u00bb global_colors_info=\u00bb{}\u00bb][et_pb_row _builder_version=\u00bb4.21.0&#8243; _module_preset=\u00bbdefault\u00bb custom_padding=\u00bb0px||||false|false\u00bb global_colors_info=\u00bb{}\u00bb][et_pb_column type=\u00bb4_4&#8243; _builder_version=\u00bb4.20.2&#8243; _module_preset=\u00bbdefault\u00bb global_colors_info=\u00bb{}\u00bb][et_pb_text _builder_version=\u00bb4.21.0&#8243; _module_preset=\u00bbdefault\u00bb text_font=\u00bbHelveticaNeue normal||||||||\u00bb header_4_font=\u00bbHelvetica Neu Bold||||||||\u00bb header_4_font_size=\u00bb25px\u00bb header_4_line_height=\u00bb1.4em\u00bb text_font_size_tablet=\u00bb\u00bb text_font_size_phone=\u00bb20px\u00bb text_font_size_last_edited=\u00bbon|phone\u00bb header_4_font_size_tablet=\u00bb25px\u00bb header_4_font_size_phone=\u00bb24px\u00bb header_4_font_size_last_edited=\u00bbon|phone\u00bb header_4_line_height_tablet=\u00bb1.4em\u00bb header_4_line_height_phone=\u00bb1.2em\u00bb header_4_line_height_last_edited=\u00bbon|phone\u00bb global_colors_info=\u00bb{}\u00bb]<h4>\u00bfQU\u00c9 ES DACA?<\/h4>\nDeferred Childhood Action (DACA) es un tipo de alivio de inmigraci\u00f3n que el presidente Obama ha puesto a disposici\u00f3n de los j\u00f3venes que llegaron a los Estados Unidos cuando eran ni\u00f1os y que cumplieron con ciertos requisitos. USCIS comenz\u00f3 a aceptar solicitudes de DACA el 15 de Agosto del 2012. DACA estaba disponible para aquellos que est\u00e1n en proceso de ser removidos o han recibido \u00f3rdenes de deportaci\u00f3n, as\u00ed como para aquellos que nunca han estado en el proceso de ser deportados.\n\nEl 20 de enero de 2021, el presidente Biden emiti\u00f3 un memorando ordenando al Secretario de Seguridad Nacional, en consulta con el Fiscal General, que tomara las medidas adecuadas para preservar y fortalecer DACA, de conformidad con la ley aplicable.\n\nEn conformidad con una orden del Tribunal de Distrito de los Estados Unidos, y a partir del 7 de diciembre de 2020, el Servicio de Ciudadan\u00eda e Inmigraci\u00f3n de los Estados Unidos (USCIS) debe:\n\nAceptar solicitudes por primera vez para la consideraci\u00f3n de la acci\u00f3n diferida bajo la Deferred Childhood Action (DACA) seg\u00fan los t\u00e9rminos de la pol\u00edtica de DACA en vigor antes de l5 de septiembre de 2017 y de acuerdo con el 4 de diciembre de 2020 del Tribunal, orden;[\/et_pb_text][\/et_pb_column][\/et_pb_row][et_pb_row column_structure=\u00bb1_2,1_2&#8243; make_equal=\u00bbon\u00bb custom_padding_last_edited=\u00bbon|phone\u00bb _builder_version=\u00bb4.21.0&#8243; _module_preset=\u00bbdefault\u00bb custom_padding_tablet=\u00bb\u00bb custom_padding_phone=\u00bb0px||0px||false|false\u00bb global_colors_info=\u00bb{}\u00bb][et_pb_column type=\u00bb1_2&#8243; _builder_version=\u00bb4.21.0&#8243; _module_preset=\u00bbdefault\u00bb background_image=\u00bbhttps:\/\/360immigrationlaw.com\/es\/wp-content\/uploads\/2023\/06\/DACA_dreamers_image.png\u00bb background_last_edited=\u00bbon|tablet\u00bb background_enable_image_tablet=\u00bboff\u00bb global_colors_info=\u00bb{}\u00bb][et_pb_image src=\u00bbhttps:\/\/360immigrationlaw.com\/es\/wp-content\/uploads\/2023\/06\/DACA_dreamers_image.png\u00bb alt=\u00bbdaca\u00bb title_text=\u00bbDACA_dreamers_image\u00bb disabled_on=\u00bboff|off|on\u00bb _builder_version=\u00bb4.21.0&#8243; _module_preset=\u00bbdefault\u00bb sticky_limit_top=\u00bbcolumn\u00bb sticky_limit_bottom=\u00bbcolumn\u00bb global_colors_info=\u00bb{}\u00bb][\/et_pb_image][\/et_pb_column][et_pb_column type=\u00bb1_2&#8243; _builder_version=\u00bb4.20.2&#8243; _module_preset=\u00bbdefault\u00bb global_colors_info=\u00bb{}\u00bb][et_pb_text _builder_version=\u00bb4.21.0&#8243; _module_preset=\u00bbdefault\u00bb text_font=\u00bbHelveticaNeue normal||||||||\u00bb header_4_font=\u00bbHelvetica Neu Bold||||||||\u00bb header_4_font_size=\u00bb25px\u00bb header_4_line_height=\u00bb1.4em\u00bb text_font_size_tablet=\u00bb\u00bb text_font_size_phone=\u00bb20px\u00bb text_font_size_last_edited=\u00bbon|phone\u00bb header_4_font_size_tablet=\u00bb25px\u00bb header_4_font_size_phone=\u00bb24px\u00bb header_4_font_size_last_edited=\u00bbon|phone\u00bb header_4_line_height_tablet=\u00bb1.4em\u00bb header_4_line_height_phone=\u00bb1.2em\u00bb header_4_line_height_last_edited=\u00bbon|phone\u00bb global_colors_info=\u00bb{}\u00bb]<h4>\u00bfQUI\u00c9N PUEDE SOLICITAR DACA?<\/h4>\n<p>Puede solicitar DACA si:<\/p>\n<ul>\n<ul>\n<li>Ten\u00edan menos de 31 a\u00f1os al 15 de junio de 2012;<\/li>\n<li>Lleg\u00f3 a los Estados Unidos antes de cumplir los 16 a\u00f1os;<\/li>\n<li>Haber residido continuamente en los Estados Unidos desde el 15 de junio de 2007 hasta la fecha;<\/li>\n<li>Estuvieron f\u00edsicamente presentes en los Estados Unidos el 15 de junio de 2012 y en el momento de presentar su solicitud de consideraci\u00f3n de acci\u00f3n diferida con USCIS;<\/li>\n<li>No ten\u00eda estatus legal el 15 de junio de 2012, lo que significa que:<\/li>\n<li>Nunca tuvo un estado migratorio legal el 15 de junio de 2012 o antes, o<\/li>\n<li>Cualquier estatus migratorio legal o libertad condicional que obtuvo antes del 15 de junio de 2012, hab\u00eda vencido el 15 de junio de 2012;<\/li>\n<li>Est\u00e1 actualmente en la escuela, se ha graduado u obtenido un certificado de finalizaci\u00f3n de la escuela secundaria, ha obtenido un certificado de desarrollo de educaci\u00f3n general (GED), o es un veterano dado de baja honorablemente de la Guardia Costera o las Fuerzas Armadas de los Estados Unidos; y<\/li>\n<li>No ha sido condenado por un delito mayor, un delito menor significativo o tres o m\u00e1s delitos menores, y no representa una amenaza para la seguridad nacional o la seguridad p\u00fablica.<\/li>\n<\/ul>\n<\/ul>[\/et_pb_text][\/et_pb_column][\/et_pb_row][et_pb_row custom_padding_last_edited=\u00bbon|phone\u00bb _builder_version=\u00bb4.21.0&#8243; _module_preset=\u00bbdefault\u00bb custom_padding=\u00bb0px||||false|false\u00bb custom_padding_tablet=\u00bb\u00bb custom_padding_phone=\u00bb0px||0px||false|false\u00bb global_colors_info=\u00bb{}\u00bb][et_pb_column type=\u00bb4_4&#8243; _builder_version=\u00bb4.20.2&#8243; _module_preset=\u00bbdefault\u00bb global_colors_info=\u00bb{}\u00bb][et_pb_text _builder_version=\u00bb4.21.0&#8243; _module_preset=\u00bbdefault\u00bb text_font=\u00bbHelveticaNeue normal||||||||\u00bb header_4_font=\u00bbHelvetica Neu Bold||||||||\u00bb header_4_font_size=\u00bb25px\u00bb header_4_line_height=\u00bb1.4em\u00bb text_font_size_tablet=\u00bb\u00bb text_font_size_phone=\u00bb20px\u00bb text_font_size_last_edited=\u00bbon|phone\u00bb header_4_font_size_tablet=\u00bb25px\u00bb header_4_font_size_phone=\u00bb24px\u00bb header_4_font_size_last_edited=\u00bbon|phone\u00bb header_4_line_height_tablet=\u00bb1.4em\u00bb header_4_line_height_phone=\u00bb1.2em\u00bb header_4_line_height_last_edited=\u00bbon|phone\u00bb global_colors_info=\u00bb{}\u00bb]<h4>RENOVACION DE DACA<\/h4>\n<p>Desde Junio 28 del 2019, los Servicios de Ciudadan\u00eda e Inmigraci\u00f3n de los EE. UU. (USCIS) est\u00e1n aceptando solicitudes de renovaci\u00f3n de DACA de cualquier persona que haya tenido DACA anteriormente.<\/p>\n<h4>\u00bfQUI\u00c9N PUEDE RENOVAR DACA?<\/h4>\n<p>Puede solicitar una renovaci\u00f3n si cumple con las pautas iniciales de DACA:<\/p>\n<p>No sali\u00f3 de los Estados Unidos el 15 de Agosto del 2012 o despu\u00e9s, sin libertad condicional anticipada;<br \/>Ha residido continuamente en los Estados Unidos desde que envi\u00f3 su solicitud de DACA m\u00e1s reciente y fue aprobada;<br \/>No haber sido condenado por un delito, un delito menor significativo o tres o m\u00e1s delitos menores y no una amenaza a la seguridad nacional o p\u00fablica.<\/p>\n<h4>\u00bfCU\u00c1NDO RENOVAR DACA?<\/h4>\n<p>Debe enviar su solicitud de renovaci\u00f3n aproximadamente 120 d\u00edas o 4 meses antes de que expire el per\u00edodo actual para la acci\u00f3n diferida. Si env\u00eda su solicitud m\u00e1s de 150 d\u00edas o 5 meses antes de la fecha de vencimiento, USCIS puede rechazar su orden de renovaci\u00f3n, con instrucciones para volver a enviarla m\u00e1s cerca de la fecha de vencimiento.<\/p>\n<p>Si su DACA ha expirado dentro de un a\u00f1o, a\u00fan puede ser elegible para la renovaci\u00f3n. Es importante hablar con un abogado de inmigraci\u00f3n lo antes posible.<\/p>[\/et_pb_text][\/et_pb_column][\/et_pb_row][\/et_pb_section][et_pb_section fb_built=\u00bb1&#8243; _builder_version=\u00bb4.20.2&#8243; _module_preset=\u00bbdefault\u00bb custom_padding=\u00bb0px||||false|false\u00bb global_colors_info=\u00bb{}\u00bb][et_pb_row _builder_version=\u00bb4.21.0&#8243; _module_preset=\u00bbdefault\u00bb background_color=\u00bbrgba(213,207,203,0.42)\u00bb global_colors_info=\u00bb{}\u00bb][et_pb_column type=\u00bb4_4&#8243; _builder_version=\u00bb4.20.2&#8243; _module_preset=\u00bbdefault\u00bb global_colors_info=\u00bb{}\u00bb][et_pb_cta button_url=\u00bb@ET-DC@eyJkeW5hbWljIjp0cnVlLCJjb250ZW50IjoicG9zdF9saW5rX3VybF9wYWdlIiwic2V0dGluZ3MiOnsicG9zdF9pZCI6IjUwNiJ9fQ==@\u00bb button_text=\u00bbCONT\u00c1CTENOS\u00bb _builder_version=\u00bb4.21.0&#8243; _dynamic_attributes=\u00bblink_option_url,button_url\u00bb _module_preset=\u00bbdefault\u00bb body_font=\u00bbHelvetica Neu Bold|700|||||||\u00bb body_text_color=\u00bbgcid-30b07574-da3b-4944-bfd9-3b5cde1edd29&#8243; background_enable_color=\u00bboff\u00bb custom_button=\u00bbon\u00bb button_text_size=\u00bb18px\u00bb button_bg_color=\u00bbgcid-30b07574-da3b-4944-bfd9-3b5cde1edd29&#8243; button_border_width=\u00bb0px\u00bb button_border_radius=\u00bb15px\u00bb button_font=\u00bbRoboto|700||on|||||\u00bb button_use_icon=\u00bboff\u00bb button_custom_margin=\u00bb30px||||false|false\u00bb button_custom_padding=\u00bb|40px||40px|false|true\u00bb module_alignment=\u00bbcenter\u00bb custom_padding=\u00bb||0px||false|false\u00bb link_option_url=\u00bb@ET-DC@eyJkeW5hbWljIjp0cnVlLCJjb250ZW50IjoicG9zdF9saW5rX3VybF9wYWdlIiwic2V0dGluZ3MiOnsicG9zdF9pZCI6IjUwNiJ9fQ==@\u00bb body_font_size_tablet=\u00bb\u00bb body_font_size_phone=\u00bb20px\u00bb body_font_size_last_edited=\u00bbon|phone\u00bb global_colors_info=\u00bb{%22gcid-30b07574-da3b-4944-bfd9-3b5cde1edd29%22:%91%22body_text_color%22,%22button_bg_color%22%93,%22gcid-eafa90e3-7c53-4465-b3ea-d911763a82f7%22:%91%22button_bg_color__hover%22%93}\u00bb button_bg_color__hover_enabled=\u00bbon|hover\u00bb button_bg_color__hover=\u00bb#400101&#8243; button_bg_enable_color__hover=\u00bbon\u00bb]<p>Estamos aqu\u00ed para ayudarlo a ganar su caso.<br \/>Cont\u00e1ctenos y Programaremos su sesi\u00f3n de estrategia y planificaci\u00f3n legal hoy. . .<\/p>[\/et_pb_cta][\/et_pb_column][\/et_pb_row][\/et_pb_section]\n","protected":false},"excerpt":{"rendered":"<p>DACA Y RENOVACIONES DE DACA\u00bfQU\u00c9 ES DACA? Deferred Childhood Action (DACA) es un tipo de alivio de inmigraci\u00f3n que el presidente Obama ha puesto a disposici\u00f3n de los j\u00f3venes que llegaron a los Estados Unidos cuando eran ni\u00f1os y que cumplieron con ciertos requisitos. USCIS comenz\u00f3 a aceptar solicitudes de DACA el 15 de Agosto del 2012. DACA estaba disponible para aquellos que est\u00e1n en proceso de ser removidos o han recibido \u00f3rdenes de deportaci\u00f3n, as\u00ed como para aquellos que nunca han estado en el proceso de ser deportados. El 20 de enero de 2021, el presidente Biden emiti\u00f3 un memorando ordenando al Secretario de Seguridad Nacional, en consulta con el Fiscal General, que tomara las medidas adecuadas para preservar y fortalecer DACA, de conformidad con la ley aplicable. En conformidad con una orden del Tribunal de Distrito de los Estados Unidos, y a partir del 7 de diciembre de 2020, el Servicio de Ciudadan\u00eda e Inmigraci\u00f3n de los Estados Unidos (USCIS) debe: Aceptar solicitudes por primera vez para la consideraci\u00f3n de la acci\u00f3n diferida bajo la Deferred Childhood Action (DACA) seg\u00fan los t\u00e9rminos de la pol\u00edtica de DACA en vigor antes de l5 de septiembre de 2017 y de [&hellip;]<\/p>\n","protected":false},"author":3,"featured_media":0,"parent":0,"menu_order":0,"comment_status":"closed","ping_status":"closed","template":"","meta":{"_et_pb_use_builder":"on","_et_pb_old_content":"","_et_gb_content_width":"","_lmt_disableupdate":"","_lmt_disable":"","footnotes":""},"class_list":["post-325","page","type-page","status-publish","hentry"],"yoast_head":"<!-- This site is optimized with the Yoast SEO plugin v27.3 - https:\/\/yoast.com\/product\/yoast-seo-wordpress\/ -->\n<title>Servicios de Renovaci\u00f3n de DACA | 360 Immigration Law Group<\/title>\n<meta name=\"description\" content=\"Obtenga ayuda experta para presentar su solicitud de renovaci\u00f3n de DACA. Hable con un abogado de renovaci\u00f3n de DACA en 360 Immigration Law Group ahora.\" \/>\n<meta name=\"robots\" content=\"index, follow, max-snippet:-1, max-image-preview:large, max-video-preview:-1\" \/>\n<link rel=\"canonical\" href=\"https:\/\/v7k.09d.myftpupload.com\/renovacion-de-daca\/\" \/>\n<meta property=\"og:locale\" content=\"es_ES\" \/>\n<meta property=\"og:type\" content=\"article\" \/>\n<meta property=\"og:title\" content=\"Servicios de Renovaci\u00f3n de DACA | 360 Immigration Law Group\" \/>\n<meta property=\"og:description\" content=\"Obtenga ayuda experta para presentar su solicitud de renovaci\u00f3n de DACA. Hable con un abogado de renovaci\u00f3n de DACA en 360 Immigration Law Group ahora.\" \/>\n<meta property=\"og:url\" content=\"https:\/\/v7k.09d.myftpupload.com\/renovacion-de-daca\/\" \/>\n<meta property=\"og:site_name\" content=\"360 Immigration Law\" \/>\n<meta property=\"article:publisher\" content=\"https:\/\/www.facebook.com\/360Immigration\/\" \/>\n<meta property=\"article:modified_time\" content=\"2023-09-18T18:56:50+00:00\" \/>\n<meta name=\"twitter:card\" content=\"summary_large_image\" \/>\n<meta name=\"twitter:site\" content=\"@360immigration\" \/>\n<meta name=\"twitter:label1\" content=\"Tiempo de lectura\" \/>\n\t<meta name=\"twitter:data1\" content=\"4 minutos\" \/>\n<script type=\"application\/ld+json\" class=\"yoast-schema-graph\">{\"@context\":\"https:\\\/\\\/schema.org\",\"@graph\":[{\"@type\":\"WebPage\",\"@id\":\"https:\\\/\\\/v7k.09d.myftpupload.com\\\/renovacion-de-daca\\\/\",\"url\":\"https:\\\/\\\/v7k.09d.myftpupload.com\\\/renovacion-de-daca\\\/\",\"name\":\"Servicios de Renovaci\u00f3n de DACA | 360 Immigration Law Group\",\"isPartOf\":{\"@id\":\"https:\\\/\\\/es.360immigrationlaw.com\\\/#website\"},\"datePublished\":\"2023-03-21T09:22:55+00:00\",\"dateModified\":\"2023-09-18T18:56:50+00:00\",\"description\":\"Obtenga ayuda experta para presentar su solicitud de renovaci\u00f3n de DACA. Hable con un abogado de renovaci\u00f3n de DACA en 360 Immigration Law Group ahora.\",\"breadcrumb\":{\"@id\":\"https:\\\/\\\/v7k.09d.myftpupload.com\\\/renovacion-de-daca\\\/#breadcrumb\"},\"inLanguage\":\"es\",\"potentialAction\":[{\"@type\":\"ReadAction\",\"target\":[\"https:\\\/\\\/v7k.09d.myftpupload.com\\\/renovacion-de-daca\\\/\"]}]},{\"@type\":\"BreadcrumbList\",\"@id\":\"https:\\\/\\\/v7k.09d.myftpupload.com\\\/renovacion-de-daca\\\/#breadcrumb\",\"itemListElement\":[{\"@type\":\"ListItem\",\"position\":1,\"name\":\"Home\",\"item\":\"https:\\\/\\\/360immigrationlaw.com\\\/es\\\/\"},{\"@type\":\"ListItem\",\"position\":2,\"name\":\"RENOVACIONES DE DACA\"}]},{\"@type\":\"WebSite\",\"@id\":\"https:\\\/\\\/es.360immigrationlaw.com\\\/#website\",\"url\":\"https:\\\/\\\/es.360immigrationlaw.com\\\/\",\"name\":\"360 Immigration Law\",\"description\":\"Abogado de inmigraci\u00f3n en Florida\",\"publisher\":{\"@id\":\"https:\\\/\\\/es.360immigrationlaw.com\\\/#organization\"},\"potentialAction\":[{\"@type\":\"SearchAction\",\"target\":{\"@type\":\"EntryPoint\",\"urlTemplate\":\"https:\\\/\\\/es.360immigrationlaw.com\\\/?s={search_term_string}\"},\"query-input\":{\"@type\":\"PropertyValueSpecification\",\"valueRequired\":true,\"valueName\":\"search_term_string\"}}],\"inLanguage\":\"es\"},{\"@type\":\"Organization\",\"@id\":\"https:\\\/\\\/es.360immigrationlaw.com\\\/#organization\",\"name\":\"360 Immigration Law\",\"url\":\"https:\\\/\\\/es.360immigrationlaw.com\\\/\",\"logo\":{\"@type\":\"ImageObject\",\"inLanguage\":\"es\",\"@id\":\"https:\\\/\\\/es.360immigrationlaw.com\\\/#\\\/schema\\\/logo\\\/image\\\/\",\"url\":\"https:\\\/\\\/360immigrationlaw.com\\\/es\\\/wp-content\\\/uploads\\\/2023\\\/06\\\/360_Immigration_Law_Group.jpg\",\"contentUrl\":\"https:\\\/\\\/360immigrationlaw.com\\\/es\\\/wp-content\\\/uploads\\\/2023\\\/06\\\/360_Immigration_Law_Group.jpg\",\"width\":1264,\"height\":932,\"caption\":\"360 Immigration Law\"},\"image\":{\"@id\":\"https:\\\/\\\/es.360immigrationlaw.com\\\/#\\\/schema\\\/logo\\\/image\\\/\"},\"sameAs\":[\"https:\\\/\\\/www.facebook.com\\\/360Immigration\\\/\",\"https:\\\/\\\/x.com\\\/360immigration\"]}]}<\/script>\n<!-- \/ Yoast SEO plugin. -->","yoast_head_json":{"title":"Servicios de Renovaci\u00f3n de DACA | 360 Immigration Law Group","description":"Obtenga ayuda experta para presentar su solicitud de renovaci\u00f3n de DACA. Hable con un abogado de renovaci\u00f3n de DACA en 360 Immigration Law Group ahora.","robots":{"index":"index","follow":"follow","max-snippet":"max-snippet:-1","max-image-preview":"max-image-preview:large","max-video-preview":"max-video-preview:-1"},"canonical":"https:\/\/v7k.09d.myftpupload.com\/renovacion-de-daca\/","og_locale":"es_ES","og_type":"article","og_title":"Servicios de Renovaci\u00f3n de DACA | 360 Immigration Law Group","og_description":"Obtenga ayuda experta para presentar su solicitud de renovaci\u00f3n de DACA. Hable con un abogado de renovaci\u00f3n de DACA en 360 Immigration Law Group ahora.","og_url":"https:\/\/v7k.09d.myftpupload.com\/renovacion-de-daca\/","og_site_name":"360 Immigration Law","article_publisher":"https:\/\/www.facebook.com\/360Immigration\/","article_modified_time":"2023-09-18T18:56:50+00:00","twitter_card":"summary_large_image","twitter_site":"@360immigration","twitter_misc":{"Tiempo de lectura":"4 minutos"},"schema":{"@context":"https:\/\/schema.org","@graph":[{"@type":"WebPage","@id":"https:\/\/v7k.09d.myftpupload.com\/renovacion-de-daca\/","url":"https:\/\/v7k.09d.myftpupload.com\/renovacion-de-daca\/","name":"Servicios de Renovaci\u00f3n de DACA | 360 Immigration Law Group","isPartOf":{"@id":"https:\/\/es.360immigrationlaw.com\/#website"},"datePublished":"2023-03-21T09:22:55+00:00","dateModified":"2023-09-18T18:56:50+00:00","description":"Obtenga ayuda experta para presentar su solicitud de renovaci\u00f3n de DACA. Hable con un abogado de renovaci\u00f3n de DACA en 360 Immigration Law Group ahora.","breadcrumb":{"@id":"https:\/\/v7k.09d.myftpupload.com\/renovacion-de-daca\/#breadcrumb"},"inLanguage":"es","potentialAction":[{"@type":"ReadAction","target":["https:\/\/v7k.09d.myftpupload.com\/renovacion-de-daca\/"]}]},{"@type":"BreadcrumbList","@id":"https:\/\/v7k.09d.myftpupload.com\/renovacion-de-daca\/#breadcrumb","itemListElement":[{"@type":"ListItem","position":1,"name":"Home","item":"https:\/\/360immigrationlaw.com\/es\/"},{"@type":"ListItem","position":2,"name":"RENOVACIONES DE DACA"}]},{"@type":"WebSite","@id":"https:\/\/es.360immigrationlaw.com\/#website","url":"https:\/\/es.360immigrationlaw.com\/","name":"360 Immigration Law","description":"Abogado de inmigraci\u00f3n en Florida","publisher":{"@id":"https:\/\/es.360immigrationlaw.com\/#organization"},"potentialAction":[{"@type":"SearchAction","target":{"@type":"EntryPoint","urlTemplate":"https:\/\/es.360immigrationlaw.com\/?s={search_term_string}"},"query-input":{"@type":"PropertyValueSpecification","valueRequired":true,"valueName":"search_term_string"}}],"inLanguage":"es"},{"@type":"Organization","@id":"https:\/\/es.360immigrationlaw.com\/#organization","name":"360 Immigration Law","url":"https:\/\/es.360immigrationlaw.com\/","logo":{"@type":"ImageObject","inLanguage":"es","@id":"https:\/\/es.360immigrationlaw.com\/#\/schema\/logo\/image\/","url":"https:\/\/360immigrationlaw.com\/es\/wp-content\/uploads\/2023\/06\/360_Immigration_Law_Group.jpg","contentUrl":"https:\/\/360immigrationlaw.com\/es\/wp-content\/uploads\/2023\/06\/360_Immigration_Law_Group.jpg","width":1264,"height":932,"caption":"360 Immigration Law"},"image":{"@id":"https:\/\/es.360immigrationlaw.com\/#\/schema\/logo\/image\/"},"sameAs":["https:\/\/www.facebook.com\/360Immigration\/","https:\/\/x.com\/360immigration"]}]}},"_links":{"self":[{"href":"https:\/\/360immigrationlaw.com\/es\/wp-json\/wp\/v2\/pages\/325","targetHints":{"allow":["GET"]}}],"collection":[{"href":"https:\/\/360immigrationlaw.com\/es\/wp-json\/wp\/v2\/pages"}],"about":[{"href":"https:\/\/360immigrationlaw.com\/es\/wp-json\/wp\/v2\/types\/page"}],"author":[{"embeddable":true,"href":"https:\/\/360immigrationlaw.com\/es\/wp-json\/wp\/v2\/users\/3"}],"replies":[{"embeddable":true,"href":"https:\/\/360immigrationlaw.com\/es\/wp-json\/wp\/v2\/comments?post=325"}],"version-history":[{"count":42,"href":"https:\/\/360immigrationlaw.com\/es\/wp-json\/wp\/v2\/pages\/325\/revisions"}],"predecessor-version":[{"id":3477,"href":"https:\/\/360immigrationlaw.com\/es\/wp-json\/wp\/v2\/pages\/325\/revisions\/3477"}],"wp:attachment":[{"href":"https:\/\/360immigrationlaw.com\/es\/wp-json\/wp\/v2\/media?parent=325"}],"curies":[{"name":"wp","href":"https:\/\/api.w.org\/{rel}","templated":true}]}}