{"id":422,"date":"2023-03-23T06:39:48","date_gmt":"2023-03-23T06:39:48","guid":{"rendered":"https:\/\/es.360immigrationlaw.com\/?page_id=422"},"modified":"2023-09-18T18:56:18","modified_gmt":"2023-09-18T18:56:18","slug":"ciudadania","status":"publish","type":"page","link":"https:\/\/360immigrationlaw.com\/es\/ciudadania\/","title":{"rendered":"CIUDADAN\u00cdA"},"content":{"rendered":"\n[et_pb_section fb_built=\u00bb1&#8243; custom_padding_last_edited=\u00bbon|phone\u00bb module_id=\u00bbhead-sec\u00bb _builder_version=\u00bb4.21.0&#8243; _module_preset=\u00bbdefault\u00bb use_background_color_gradient=\u00bbon\u00bb background_color_gradient_direction=\u00bb91deg\u00bb background_color_gradient_stops=\u00bbrgba(0,0,0,0.87) 0%|rgba(0,0,0,0.33) 99%\u00bb background_image=\u00bbhttps:\/\/360immigrationlaw.com\/es\/wp-content\/uploads\/2023\/05\/NATURALIZATION_header_image.jpg\u00bb custom_padding=\u00bb400px||80px||false|false\u00bb custom_padding_tablet=\u00bb200px||200px||false|false\u00bb custom_padding_phone=\u00bb30px||30px||true|false\u00bb global_colors_info=\u00bb{}\u00bb][et_pb_row custom_padding_last_edited=\u00bbon|desktop\u00bb _builder_version=\u00bb4.21.0&#8243; _module_preset=\u00bbdefault\u00bb custom_padding=\u00bb80px||80px||true|false\u00bb custom_padding_tablet=\u00bb50px||50px||true|false\u00bb custom_padding_phone=\u00bb150px||0px||false|false\u00bb global_colors_info=\u00bb{}\u00bb custom_margin=\u00bb||||true|false\u00bb][et_pb_column type=\u00bb4_4&#8243; _builder_version=\u00bb4.20.2&#8243; _module_preset=\u00bbdefault\u00bb global_colors_info=\u00bb{}\u00bb][et_pb_text _builder_version=\u00bb4.21.0&#8243; _module_preset=\u00bbdefault\u00bb header_font=\u00bbAdobe Garamond Pro Semibold|600|||||||\u00bb background_layout=\u00bbdark\u00bb header_font_size_tablet=\u00bb\u00bb header_font_size_phone=\u00bb30px\u00bb header_font_size_last_edited=\u00bbon|phone\u00bb global_colors_info=\u00bb{}\u00bb custom_margin=\u00bb||||false|false\u00bb custom_padding=\u00bb||||false|false\u00bb]<h1>CIUDADAN\u00cdA<\/h1>[\/et_pb_text][\/et_pb_column][\/et_pb_row][\/et_pb_section][et_pb_section fb_built=\u00bb1&#8243; custom_padding_last_edited=\u00bbon|phone\u00bb _builder_version=\u00bb4.21.0&#8243; _module_preset=\u00bbdefault\u00bb custom_padding_tablet=\u00bb\u00bb custom_padding_phone=\u00bb||||false|false\u00bb global_colors_info=\u00bb{}\u00bb][et_pb_row _builder_version=\u00bb4.21.0&#8243; _module_preset=\u00bbdefault\u00bb custom_padding=\u00bb0px||||false|false\u00bb global_colors_info=\u00bb{}\u00bb][et_pb_column type=\u00bb4_4&#8243; _builder_version=\u00bb4.20.2&#8243; _module_preset=\u00bbdefault\u00bb global_colors_info=\u00bb{}\u00bb][et_pb_text _builder_version=\u00bb4.21.0&#8243; _module_preset=\u00bbdefault\u00bb text_font=\u00bbHelveticaNeue normal||||||||\u00bb header_4_font=\u00bbHelvetica Neu Bold||||||||\u00bb header_4_font_size=\u00bb25px\u00bb header_4_line_height=\u00bb1.4em\u00bb text_font_size_tablet=\u00bb\u00bb text_font_size_phone=\u00bb20px\u00bb text_font_size_last_edited=\u00bbon|phone\u00bb header_4_font_size_tablet=\u00bb25px\u00bb header_4_font_size_phone=\u00bb24px\u00bb header_4_font_size_last_edited=\u00bbon|phone\u00bb header_4_line_height_tablet=\u00bb1.4em\u00bb header_4_line_height_phone=\u00bb1.2em\u00bb header_4_line_height_last_edited=\u00bbon|phone\u00bb global_colors_info=\u00bb{}\u00bb]<h4>CIUDADAN\u00cdA Y NATURALIZACI\u00d3N EN EE. UU.<\/h4>\nEl proceso de naturalizaci\u00f3n, o convertirse en ciudadano de los Estados Unidos, a menudo puede ser molesto y dif\u00edcil. Si hay antecedentes penales involucrados, el proceso puede llegar a ser a\u00fan m\u00e1s detallado, donde puede ser necesario que el abogado escriba una carta explicando la complicada jurisprudencia en apoyo de su solicitud.\n\nDebe cumplir con muchos requisitos, incluidos la edad, status, la residencia, el car\u00e1cter moral y m\u00e1s. Tambi\u00e9n deber\u00e1 pasar por verificaciones de antecedentes penales, una entrevista y una prueba de conocimientos b\u00e1sicos. Un abogado de inmigraci\u00f3n puede ayudarlo a solicitar la naturalizaci\u00f3n y el proceso de ciudadan\u00eda y ayudarlo a prepararse para la entrevista, incluida la preparaci\u00f3n de un paquete de documentos para el oficial de inmigraci\u00f3n.\n\nPara calificar para la naturalizaci\u00f3n, debe:\n<ul>\n\t<li>Tener al menos 18 a\u00f1os de edad;<\/li>\n\t<li>Haber sido residente permanente legal durante al menos cinco a\u00f1os;<\/li>\n\t<li>Haber sido residente permanente legal y estar casado con un ciudadano estadounidense durante al menos tres a\u00f1os;<\/li>\n\t<li>Cumplir con los requisitos de residencia f\u00edsica;<\/li>\n\t<li>Demostrar que tiene un buen car\u00e1cter moral;<\/li>\n\t<li>Ser capaz de leer, escribir y hablar ingl\u00e9s;<\/li>\n\t<li>Demostrar que tiene un conocimiento b\u00e1sico de la historia, el gobierno y la educaci\u00f3n c\u00edvica de Estados Unidos;<\/li>\n\t<li>Sea fiel a los principios de la Constituci\u00f3n de los Estados Unidos.<\/li>\n<\/ul>[\/et_pb_text][\/et_pb_column][\/et_pb_row][et_pb_row column_structure=\u00bb1_2,1_2&#8243; make_equal=\u00bbon\u00bb custom_padding_last_edited=\u00bbon|phone\u00bb _builder_version=\u00bb4.21.0&#8243; _module_preset=\u00bbdefault\u00bb custom_padding_tablet=\u00bb\u00bb custom_padding_phone=\u00bb0px||||false|false\u00bb global_colors_info=\u00bb{}\u00bb][et_pb_column type=\u00bb1_2&#8243; _builder_version=\u00bb4.21.0&#8243; _module_preset=\u00bbdefault\u00bb background_image=\u00bbhttps:\/\/360immigrationlaw.com\/es\/wp-content\/uploads\/2023\/05\/NATURALIZATION_image_1.jpg\u00bb background_last_edited=\u00bbon|desktop\u00bb background_enable_image_tablet=\u00bboff\u00bb global_colors_info=\u00bb{}\u00bb][et_pb_image src=\u00bbhttps:\/\/360immigrationlaw.com\/es\/wp-content\/uploads\/2023\/05\/NATURALIZATION_image_1.jpg\u00bb alt=\u00bbfamily image\u00bb title_text=\u00bbNATURALIZATION_image_1&#8243; disabled_on=\u00bboff|off|on\u00bb _builder_version=\u00bb4.21.0&#8243; _module_preset=\u00bbdefault\u00bb global_colors_info=\u00bb{}\u00bb][\/et_pb_image][\/et_pb_column][et_pb_column type=\u00bb1_2&#8243; _builder_version=\u00bb4.20.2&#8243; _module_preset=\u00bbdefault\u00bb custom_css_main_element=\u00bbmargin:auto;\u00bb global_colors_info=\u00bb{}\u00bb][et_pb_text _builder_version=\u00bb4.21.0&#8243; _module_preset=\u00bbdefault\u00bb text_font=\u00bbHelveticaNeue normal||||||||\u00bb header_4_font=\u00bbHelvetica Neu Bold||||||||\u00bb header_4_font_size=\u00bb25px\u00bb header_4_line_height=\u00bb1.4em\u00bb text_font_size_tablet=\u00bb\u00bb text_font_size_phone=\u00bb20px\u00bb text_font_size_last_edited=\u00bbon|phone\u00bb header_4_font_size_tablet=\u00bb25px\u00bb header_4_font_size_phone=\u00bb24px\u00bb header_4_font_size_last_edited=\u00bbon|phone\u00bb header_4_line_height_tablet=\u00bb1.4em\u00bb header_4_line_height_phone=\u00bb1.2em\u00bb header_4_line_height_last_edited=\u00bbon|phone\u00bb global_colors_info=\u00bb{}\u00bb]<h4>\u00bfCU\u00c1LES SON LOS BENEFICIOS DE CONVERTIRSE EN CIUDADANO ESTADOUNIDENSE?<\/h4>\nHay muchos beneficios al pasar por el proceso de naturalizaci\u00f3n y convertirse en ciudadano de los Estados Unidos. Puede convertirse en ciudadano estadounidense por sus propias razones. Algunos de estos beneficios pueden incluir los siguientes:\n<ul>\n\t<li>Poder votar;<\/li>\n\t<li>Poder formar parte de un jurado;<\/li>\n\t<li>Convi\u00e9rtase en un funcionario electo;<\/li>\n\t<li>Oportunidades de empleo no disponibles para los no ciudadanos, como trabajos federales en el gobierno o las fuerzas armadas de los EE. UU.<\/li>\n\t<li>Mantenimiento de pasaporte en USA;<\/li>\n\t<li>Calificar para ciertos beneficios p\u00fablicos o paquetes de est\u00edmulo;<\/li>\n\t<li>Obtener ayuda financiera para oportunidades educativas;<\/li>\n\t<li>Traer familiares de su pa\u00eds de nacimiento a los Estados Unidos;<\/li>\n\t<li>Mostrar patriotismo.<\/li>\n<\/ul>\nA cambio de estos beneficios, tendr\u00e1 un nuevo conjunto de responsabilidades como ciudadano estadounidense. Tambi\u00e9n debe apoyar y defender la Constituci\u00f3n de los Estados Unidos y las leyes de los Estados Unidos. Tambi\u00e9n se le puede pedir que sirva al pa\u00eds cuando sea necesario.\n\nS\u00ed, jurar\u00e1 lealtad a los Estados Unidos, pero un ciudadano estadounidense puede naturalizarse en un estado o pa\u00eds extranjero sin ning\u00fan riesgo para su ciudadan\u00eda estadounidense; esto se denomina doble ciudadan\u00eda. Confirme con su abogado que se le aplica la doble ciudadan\u00eda.[\/et_pb_text][\/et_pb_column][\/et_pb_row][et_pb_row make_equal=\u00bbon\u00bb custom_padding_last_edited=\u00bbon|phone\u00bb _builder_version=\u00bb4.21.0&#8243; _module_preset=\u00bbdefault\u00bb custom_padding_tablet=\u00bb\u00bb custom_padding_phone=\u00bb0px||0px||false|false\u00bb locked=\u00bboff\u00bb global_colors_info=\u00bb{}\u00bb][et_pb_column type=\u00bb4_4&#8243; _builder_version=\u00bb4.20.2&#8243; _module_preset=\u00bbdefault\u00bb custom_css_main_element=\u00bbmargin:auto;\u00bb global_colors_info=\u00bb{}\u00bb][et_pb_text _builder_version=\u00bb4.21.0&#8243; _module_preset=\u00bbdefault\u00bb text_font=\u00bbHelveticaNeue normal||||||||\u00bb header_4_font=\u00bbHelvetica Neu Bold||||||||\u00bb header_4_font_size=\u00bb25px\u00bb header_4_line_height=\u00bb1.4em\u00bb text_font_size_tablet=\u00bb\u00bb text_font_size_phone=\u00bb20px\u00bb text_font_size_last_edited=\u00bbon|phone\u00bb header_4_font_size_tablet=\u00bb25px\u00bb header_4_font_size_phone=\u00bb24px\u00bb header_4_font_size_last_edited=\u00bbon|phone\u00bb header_4_line_height_tablet=\u00bb1.4em\u00bb header_4_line_height_phone=\u00bb1.2em\u00bb header_4_line_height_last_edited=\u00bbon|phone\u00bb global_colors_info=\u00bb{}\u00bb]<h4>\u00bfQU\u00c9 PODR\u00cdA RETRASAR SU SOLICITUD DE CIUDADAN\u00cdA?<\/h4>\nSi cree que cumple con todos los requisitos necesarios para convertirse en ciudadano estadounidense, hable con un abogado de inmigraci\u00f3n que se encargue de los procesos de ciudadan\u00eda y naturalizaci\u00f3n. Un abogado puede revisar sus calificaciones y antecedentes espec\u00edficos para ayudar a determinar si hay se\u00f1ales de advertencia que podr\u00edan retrasar su solicitud de ciudadan\u00eda o resultar en una denegaci\u00f3n.\n\nSi se completa incorrectamente, su solicitud puede ser retrasada o denegada si:\n<ul>\n\t<li>Tiene antecedentes penales;<\/li>\n\t<li>Tiene impuestos impagos;<\/li>\n\t<li>Est\u00e1n atrasados \u200b\u200ben concepto de manutenci\u00f3n infantil o pensi\u00f3n alimenticia;<\/li>\n\t<li>Tener juicios insatisfechos;<\/li>\n\t<li>Viajaron fuera de los Estados Unidos durante varios per\u00edodos prolongados.<\/li>\n<\/ul>\nSi bien estas situaciones pueden representar un problema, un abogado de inmigraci\u00f3n que maneja los procesos de ciudadan\u00eda y naturalizaci\u00f3n puede ayudarlo a superar muchos, si no todos, los desaf\u00edos. Es posible que deba explicar su situaci\u00f3n en una entrevista o satisfacer ciertas deficiencias antes de enviar su solicitud. Un abogado puede revisar sus circunstancias y ayudarlo a tomar las medidas adecuadas para prepararse para la naturalizaci\u00f3n.\n\nEl proceso de convertirse en ciudadano estadounidense puede ser complejo. A menudo con gran detalle, lo que requiere muchos pasos que involucran el conocimiento de la ley de los EE. UU., Para determinar si califica para la ciudadan\u00eda. Sin embargo, la naturalizaci\u00f3n puede valer la pena cuando asume los beneficios y responsabilidades como ciudadano de los Estados Unidos.[\/et_pb_text][\/et_pb_column][\/et_pb_row][\/et_pb_section][et_pb_section fb_built=\u00bb1&#8243; _builder_version=\u00bb4.21.0&#8243; _module_preset=\u00bbdefault\u00bb custom_padding=\u00bb0px||||false|false\u00bb global_colors_info=\u00bb{}\u00bb][et_pb_row _builder_version=\u00bb4.20.2&#8243; _module_preset=\u00bbdefault\u00bb background_color=\u00bbrgba(213,207,203,0.42)\u00bb global_colors_info=\u00bb{}\u00bb][et_pb_column type=\u00bb4_4&#8243; _builder_version=\u00bb4.20.2&#8243; _module_preset=\u00bbdefault\u00bb global_colors_info=\u00bb{}\u00bb][et_pb_cta button_url=\u00bb@ET-DC@eyJkeW5hbWljIjp0cnVlLCJjb250ZW50IjoicG9zdF9saW5rX3VybF9wYWdlIiwic2V0dGluZ3MiOnsicG9zdF9pZCI6IjUwNiJ9fQ==@\u00bb button_text=\u00bbCONT\u00c1CTENOS\u00bb _builder_version=\u00bb4.21.0&#8243; _dynamic_attributes=\u00bbbutton_url\u00bb _module_preset=\u00bbdefault\u00bb body_font=\u00bbHelvetica Neu Bold|700|||||||\u00bb body_text_color=\u00bbgcid-30b07574-da3b-4944-bfd9-3b5cde1edd29&#8243; background_enable_color=\u00bboff\u00bb custom_button=\u00bbon\u00bb button_text_size=\u00bb18px\u00bb button_bg_color=\u00bbgcid-30b07574-da3b-4944-bfd9-3b5cde1edd29&#8243; button_border_width=\u00bb0px\u00bb button_border_radius=\u00bb15px\u00bb button_font=\u00bbRoboto|700|||||||\u00bb button_use_icon=\u00bboff\u00bb button_custom_margin=\u00bb30px||||false|false\u00bb button_custom_padding=\u00bb|40px||40px|false|true\u00bb module_alignment=\u00bbcenter\u00bb custom_margin=\u00bb0px||0px||false|false\u00bb custom_padding=\u00bb||0px||false|false\u00bb body_font_size_tablet=\u00bb\u00bb body_font_size_phone=\u00bb20px\u00bb body_font_size_last_edited=\u00bbon|phone\u00bb global_colors_info=\u00bb{%22gcid-30b07574-da3b-4944-bfd9-3b5cde1edd29%22:%91%22body_text_color%22,%22button_bg_color%22%93,%22gcid-eafa90e3-7c53-4465-b3ea-d911763a82f7%22:%91%22button_bg_color__hover%22%93}\u00bb button_bg_color__hover_enabled=\u00bbon|hover\u00bb button_bg_color__hover=\u00bb#400101&#8243; button_bg_enable_color__hover=\u00bbon\u00bb]Si est\u00e1 interesado en obtener su ciudadan\u00eda estadounidense, estamos aqu\u00ed para ayudarlo. . .\nCont\u00e1ctenos y Programaremos su sesi\u00f3n de estrategia y planificaci\u00f3n legal hoy.[\/et_pb_cta][\/et_pb_column][\/et_pb_row][\/et_pb_section]\n","protected":false},"excerpt":{"rendered":"<p>CIUDADAN\u00cdACIUDADAN\u00cdA Y NATURALIZACI\u00d3N EN EE. UU. El proceso de naturalizaci\u00f3n, o convertirse en ciudadano de los Estados Unidos, a menudo puede ser molesto y dif\u00edcil. Si hay antecedentes penales involucrados, el proceso puede llegar a ser a\u00fan m\u00e1s detallado, donde puede ser necesario que el abogado escriba una carta explicando la complicada jurisprudencia en apoyo de su solicitud. Debe cumplir con muchos requisitos, incluidos la edad, status, la residencia, el car\u00e1cter moral y m\u00e1s. Tambi\u00e9n deber\u00e1 pasar por verificaciones de antecedentes penales, una entrevista y una prueba de conocimientos b\u00e1sicos. Un abogado de inmigraci\u00f3n puede ayudarlo a solicitar la naturalizaci\u00f3n y el proceso de ciudadan\u00eda y ayudarlo a prepararse para la entrevista, incluida la preparaci\u00f3n de un paquete de documentos para el oficial de inmigraci\u00f3n. Para calificar para la naturalizaci\u00f3n, debe: Tener al menos 18 a\u00f1os de edad; Haber sido residente permanente legal durante al menos cinco a\u00f1os; Haber sido residente permanente legal y estar casado con un ciudadano estadounidense durante al menos tres a\u00f1os; Cumplir con los requisitos de residencia f\u00edsica; Demostrar que tiene un buen car\u00e1cter moral; Ser capaz de leer, escribir y hablar ingl\u00e9s; Demostrar que tiene un conocimiento b\u00e1sico de la historia, el gobierno y la [&hellip;]<\/p>\n","protected":false},"author":3,"featured_media":0,"parent":0,"menu_order":0,"comment_status":"closed","ping_status":"closed","template":"","meta":{"_et_pb_use_builder":"on","_et_pb_old_content":"","_et_gb_content_width":"","_lmt_disableupdate":"","_lmt_disable":"","footnotes":""},"class_list":["post-422","page","type-page","status-publish","hentry"],"yoast_head":"<!-- This site is optimized with the Yoast SEO plugin v27.3 - https:\/\/yoast.com\/product\/yoast-seo-wordpress\/ -->\n<title>Ayuda Legal para la Naturalizaci\u00f3n en EE.UU. | 360 Immigration Law<\/title>\n<meta name=\"description\" content=\"Convertirse en ciudadano estadounidense es posible. Obtenga el respaldo legal necesario para el proceso de naturalizaci\u00f3n en EE. UU. Cont\u00e1ctenos hoy.\" \/>\n<meta name=\"robots\" content=\"index, follow, max-snippet:-1, max-image-preview:large, max-video-preview:-1\" \/>\n<link rel=\"canonical\" href=\"https:\/\/v7k.09d.myftpupload.com\/ciudadania\/\" \/>\n<meta property=\"og:locale\" content=\"es_ES\" \/>\n<meta property=\"og:type\" content=\"article\" \/>\n<meta property=\"og:title\" content=\"Ayuda Legal para la Naturalizaci\u00f3n en EE.UU. | 360 Immigration Law\" \/>\n<meta property=\"og:description\" content=\"Convertirse en ciudadano estadounidense es posible. Obtenga el respaldo legal necesario para el proceso de naturalizaci\u00f3n en EE. UU. Cont\u00e1ctenos hoy.\" \/>\n<meta property=\"og:url\" content=\"https:\/\/v7k.09d.myftpupload.com\/ciudadania\/\" \/>\n<meta property=\"og:site_name\" content=\"360 Immigration Law\" \/>\n<meta property=\"article:publisher\" content=\"https:\/\/www.facebook.com\/360Immigration\/\" \/>\n<meta property=\"article:modified_time\" content=\"2023-09-18T18:56:18+00:00\" \/>\n<meta name=\"twitter:card\" content=\"summary_large_image\" \/>\n<meta name=\"twitter:site\" content=\"@360immigration\" \/>\n<meta name=\"twitter:label1\" content=\"Tiempo de lectura\" \/>\n\t<meta name=\"twitter:data1\" content=\"4 minutos\" \/>\n<script type=\"application\/ld+json\" class=\"yoast-schema-graph\">{\"@context\":\"https:\\\/\\\/schema.org\",\"@graph\":[{\"@type\":\"WebPage\",\"@id\":\"https:\\\/\\\/v7k.09d.myftpupload.com\\\/ciudadania\\\/\",\"url\":\"https:\\\/\\\/v7k.09d.myftpupload.com\\\/ciudadania\\\/\",\"name\":\"Ayuda Legal para la Naturalizaci\u00f3n en EE.UU. | 360 Immigration Law\",\"isPartOf\":{\"@id\":\"https:\\\/\\\/es.360immigrationlaw.com\\\/#website\"},\"datePublished\":\"2023-03-23T06:39:48+00:00\",\"dateModified\":\"2023-09-18T18:56:18+00:00\",\"description\":\"Convertirse en ciudadano estadounidense es posible. Obtenga el respaldo legal necesario para el proceso de naturalizaci\u00f3n en EE. UU. Cont\u00e1ctenos hoy.\",\"breadcrumb\":{\"@id\":\"https:\\\/\\\/v7k.09d.myftpupload.com\\\/ciudadania\\\/#breadcrumb\"},\"inLanguage\":\"es\",\"potentialAction\":[{\"@type\":\"ReadAction\",\"target\":[\"https:\\\/\\\/v7k.09d.myftpupload.com\\\/ciudadania\\\/\"]}]},{\"@type\":\"BreadcrumbList\",\"@id\":\"https:\\\/\\\/v7k.09d.myftpupload.com\\\/ciudadania\\\/#breadcrumb\",\"itemListElement\":[{\"@type\":\"ListItem\",\"position\":1,\"name\":\"Home\",\"item\":\"https:\\\/\\\/360immigrationlaw.com\\\/es\\\/\"},{\"@type\":\"ListItem\",\"position\":2,\"name\":\"CIUDADAN\u00cdA\"}]},{\"@type\":\"WebSite\",\"@id\":\"https:\\\/\\\/es.360immigrationlaw.com\\\/#website\",\"url\":\"https:\\\/\\\/es.360immigrationlaw.com\\\/\",\"name\":\"360 Immigration Law\",\"description\":\"Abogado de inmigraci\u00f3n en Florida\",\"publisher\":{\"@id\":\"https:\\\/\\\/es.360immigrationlaw.com\\\/#organization\"},\"potentialAction\":[{\"@type\":\"SearchAction\",\"target\":{\"@type\":\"EntryPoint\",\"urlTemplate\":\"https:\\\/\\\/es.360immigrationlaw.com\\\/?s={search_term_string}\"},\"query-input\":{\"@type\":\"PropertyValueSpecification\",\"valueRequired\":true,\"valueName\":\"search_term_string\"}}],\"inLanguage\":\"es\"},{\"@type\":\"Organization\",\"@id\":\"https:\\\/\\\/es.360immigrationlaw.com\\\/#organization\",\"name\":\"360 Immigration Law\",\"url\":\"https:\\\/\\\/es.360immigrationlaw.com\\\/\",\"logo\":{\"@type\":\"ImageObject\",\"inLanguage\":\"es\",\"@id\":\"https:\\\/\\\/es.360immigrationlaw.com\\\/#\\\/schema\\\/logo\\\/image\\\/\",\"url\":\"https:\\\/\\\/360immigrationlaw.com\\\/es\\\/wp-content\\\/uploads\\\/2023\\\/06\\\/360_Immigration_Law_Group.jpg\",\"contentUrl\":\"https:\\\/\\\/360immigrationlaw.com\\\/es\\\/wp-content\\\/uploads\\\/2023\\\/06\\\/360_Immigration_Law_Group.jpg\",\"width\":1264,\"height\":932,\"caption\":\"360 Immigration Law\"},\"image\":{\"@id\":\"https:\\\/\\\/es.360immigrationlaw.com\\\/#\\\/schema\\\/logo\\\/image\\\/\"},\"sameAs\":[\"https:\\\/\\\/www.facebook.com\\\/360Immigration\\\/\",\"https:\\\/\\\/x.com\\\/360immigration\"]}]}<\/script>\n<!-- \/ Yoast SEO plugin. -->","yoast_head_json":{"title":"Ayuda Legal para la Naturalizaci\u00f3n en EE.UU. | 360 Immigration Law","description":"Convertirse en ciudadano estadounidense es posible. Obtenga el respaldo legal necesario para el proceso de naturalizaci\u00f3n en EE. UU. Cont\u00e1ctenos hoy.","robots":{"index":"index","follow":"follow","max-snippet":"max-snippet:-1","max-image-preview":"max-image-preview:large","max-video-preview":"max-video-preview:-1"},"canonical":"https:\/\/v7k.09d.myftpupload.com\/ciudadania\/","og_locale":"es_ES","og_type":"article","og_title":"Ayuda Legal para la Naturalizaci\u00f3n en EE.UU. | 360 Immigration Law","og_description":"Convertirse en ciudadano estadounidense es posible. Obtenga el respaldo legal necesario para el proceso de naturalizaci\u00f3n en EE. UU. Cont\u00e1ctenos hoy.","og_url":"https:\/\/v7k.09d.myftpupload.com\/ciudadania\/","og_site_name":"360 Immigration Law","article_publisher":"https:\/\/www.facebook.com\/360Immigration\/","article_modified_time":"2023-09-18T18:56:18+00:00","twitter_card":"summary_large_image","twitter_site":"@360immigration","twitter_misc":{"Tiempo de lectura":"4 minutos"},"schema":{"@context":"https:\/\/schema.org","@graph":[{"@type":"WebPage","@id":"https:\/\/v7k.09d.myftpupload.com\/ciudadania\/","url":"https:\/\/v7k.09d.myftpupload.com\/ciudadania\/","name":"Ayuda Legal para la Naturalizaci\u00f3n en EE.UU. | 360 Immigration Law","isPartOf":{"@id":"https:\/\/es.360immigrationlaw.com\/#website"},"datePublished":"2023-03-23T06:39:48+00:00","dateModified":"2023-09-18T18:56:18+00:00","description":"Convertirse en ciudadano estadounidense es posible. Obtenga el respaldo legal necesario para el proceso de naturalizaci\u00f3n en EE. UU. Cont\u00e1ctenos hoy.","breadcrumb":{"@id":"https:\/\/v7k.09d.myftpupload.com\/ciudadania\/#breadcrumb"},"inLanguage":"es","potentialAction":[{"@type":"ReadAction","target":["https:\/\/v7k.09d.myftpupload.com\/ciudadania\/"]}]},{"@type":"BreadcrumbList","@id":"https:\/\/v7k.09d.myftpupload.com\/ciudadania\/#breadcrumb","itemListElement":[{"@type":"ListItem","position":1,"name":"Home","item":"https:\/\/360immigrationlaw.com\/es\/"},{"@type":"ListItem","position":2,"name":"CIUDADAN\u00cdA"}]},{"@type":"WebSite","@id":"https:\/\/es.360immigrationlaw.com\/#website","url":"https:\/\/es.360immigrationlaw.com\/","name":"360 Immigration Law","description":"Abogado de inmigraci\u00f3n en Florida","publisher":{"@id":"https:\/\/es.360immigrationlaw.com\/#organization"},"potentialAction":[{"@type":"SearchAction","target":{"@type":"EntryPoint","urlTemplate":"https:\/\/es.360immigrationlaw.com\/?s={search_term_string}"},"query-input":{"@type":"PropertyValueSpecification","valueRequired":true,"valueName":"search_term_string"}}],"inLanguage":"es"},{"@type":"Organization","@id":"https:\/\/es.360immigrationlaw.com\/#organization","name":"360 Immigration Law","url":"https:\/\/es.360immigrationlaw.com\/","logo":{"@type":"ImageObject","inLanguage":"es","@id":"https:\/\/es.360immigrationlaw.com\/#\/schema\/logo\/image\/","url":"https:\/\/360immigrationlaw.com\/es\/wp-content\/uploads\/2023\/06\/360_Immigration_Law_Group.jpg","contentUrl":"https:\/\/360immigrationlaw.com\/es\/wp-content\/uploads\/2023\/06\/360_Immigration_Law_Group.jpg","width":1264,"height":932,"caption":"360 Immigration Law"},"image":{"@id":"https:\/\/es.360immigrationlaw.com\/#\/schema\/logo\/image\/"},"sameAs":["https:\/\/www.facebook.com\/360Immigration\/","https:\/\/x.com\/360immigration"]}]}},"_links":{"self":[{"href":"https:\/\/360immigrationlaw.com\/es\/wp-json\/wp\/v2\/pages\/422","targetHints":{"allow":["GET"]}}],"collection":[{"href":"https:\/\/360immigrationlaw.com\/es\/wp-json\/wp\/v2\/pages"}],"about":[{"href":"https:\/\/360immigrationlaw.com\/es\/wp-json\/wp\/v2\/types\/page"}],"author":[{"embeddable":true,"href":"https:\/\/360immigrationlaw.com\/es\/wp-json\/wp\/v2\/users\/3"}],"replies":[{"embeddable":true,"href":"https:\/\/360immigrationlaw.com\/es\/wp-json\/wp\/v2\/comments?post=422"}],"version-history":[{"count":22,"href":"https:\/\/360immigrationlaw.com\/es\/wp-json\/wp\/v2\/pages\/422\/revisions"}],"predecessor-version":[{"id":3476,"href":"https:\/\/360immigrationlaw.com\/es\/wp-json\/wp\/v2\/pages\/422\/revisions\/3476"}],"wp:attachment":[{"href":"https:\/\/360immigrationlaw.com\/es\/wp-json\/wp\/v2\/media?parent=422"}],"curies":[{"name":"wp","href":"https:\/\/api.w.org\/{rel}","templated":true}]}}