{"id":82390,"date":"2024-02-01T19:38:31","date_gmt":"2024-02-01T19:38:31","guid":{"rendered":"https:\/\/360immigrationlaw.com\/es\/?page_id=82390"},"modified":"2024-02-01T19:49:39","modified_gmt":"2024-02-01T19:49:39","slug":"politica-de-privacidad","status":"publish","type":"page","link":"https:\/\/360immigrationlaw.com\/es\/politica-de-privacidad\/","title":{"rendered":"Pol\u00edtica de Privacidad"},"content":{"rendered":"<p>[et_pb_section fb_built=\u00bb1&#8243; custom_padding_last_edited=\u00bbon|tablet\u00bb _builder_version=\u00bb4.24.0&#8243; _module_preset=\u00bbdefault\u00bb use_background_color_gradient=\u00bbon\u00bb background_color_gradient_stops=\u00bb#444444 20%|#ffffff 20%\u00bb custom_padding=\u00bb350px||||false|false\u00bb custom_padding_tablet=\u00bb50px||||false|false\u00bb custom_padding_phone=\u00bb0px||||false|false\u00bb hover_enabled=\u00bb0&#8243; background_last_edited=\u00bbon|desktop\u00bb use_background_color_gradient_tablet=\u00bboff\u00bb use_background_color_gradient_phone=\u00bboff\u00bb locked=\u00bboff\u00bb global_colors_info=\u00bb{}\u00bb sticky_enabled=\u00bb0&#8243;][et_pb_row custom_padding_last_edited=\u00bbon|phone\u00bb _builder_version=\u00bb4.24.0&#8243; _module_preset=\u00bbdefault\u00bb custom_margin=\u00bb||||false|false\u00bb custom_padding=\u00bb||||false|false\u00bb custom_padding_tablet=\u00bb0px||||false|false\u00bb custom_padding_phone=\u00bb50px||||false|false\u00bb hover_enabled=\u00bb0&#8243; locked=\u00bboff\u00bb global_colors_info=\u00bb{}\u00bb sticky_enabled=\u00bb0&#8243;][et_pb_column type=\u00bb4_4&#8243; _builder_version=\u00bb4.20.2&#8243; _module_preset=\u00bbdefault\u00bb global_colors_info=\u00bb{}\u00bb][et_pb_text _builder_version=\u00bb4.24.0&#8243; _module_preset=\u00bbdefault\u00bb header_2_font=\u00bbHelvetica Neu Bold|700|||||||\u00bb header_2_text_color=\u00bbgcid-30b07574-da3b-4944-bfd9-3b5cde1edd29&#8243; header_2_font_size=\u00bb51px\u00bb header_4_font=\u00bbHelvetica Neu Bold|700|||||||\u00bb header_4_text_align=\u00bbcenter\u00bb header_4_text_color=\u00bbgcid-30b07574-da3b-4944-bfd9-3b5cde1edd29&#8243; header_4_font_size=\u00bb25px\u00bb header_4_line_height=\u00bb1.5em\u00bb text_orientation=\u00bbcenter\u00bb header_2_font_size_tablet=\u00bb51px\u00bb header_2_font_size_phone=\u00bb30px\u00bb header_2_font_size_last_edited=\u00bbon|phone\u00bb header_2_line_height_tablet=\u00bb\u00bb header_2_line_height_phone=\u00bb1.3em\u00bb header_2_line_height_last_edited=\u00bbon|phone\u00bb header_4_font_size_tablet=\u00bb25px\u00bb header_4_font_size_phone=\u00bb24px\u00bb header_4_font_size_last_edited=\u00bbon|phone\u00bb header_4_line_height_tablet=\u00bb1.5em\u00bb header_4_line_height_phone=\u00bb1.2em\u00bb header_4_line_height_last_edited=\u00bbon|phone\u00bb global_colors_info=\u00bb{%22gcid-30b07574-da3b-4944-bfd9-3b5cde1edd29%22:%91%22header_4_text_color%22,%22header_2_text_color%22%93}\u00bb]<\/p>\n<h2>Pol\u00edtica de Privacidad<\/h2>\n<p>[\/et_pb_text][et_pb_divider color=\u00bb#b0782c\u00bb divider_weight=\u00bb23px\u00bb _builder_version=\u00bb4.21.0&#8243; _module_preset=\u00bbdefault\u00bb locked=\u00bboff\u00bb global_colors_info=\u00bb{}\u00bb][\/et_pb_divider][\/et_pb_column][\/et_pb_row][et_pb_row _builder_version=\u00bb4.24.0&#8243; _module_preset=\u00bbdefault\u00bb global_colors_info=\u00bb{}\u00bb][et_pb_column type=\u00bb4_4&#8243; _builder_version=\u00bb4.24.0&#8243; _module_preset=\u00bbdefault\u00bb global_colors_info=\u00bb{}\u00bb][et_pb_text _builder_version=\u00bb4.24.0&#8243; _module_preset=\u00bbdefault\u00bb global_colors_info=\u00bb{}\u00bb]Tu privacidad es de suma importancia para nosotros, y seguimos principios fundamentales para garantizar la protecci\u00f3n de tu informaci\u00f3n personal. Por favor, revisa los siguientes detalles para entender c\u00f3mo recopilamos, utilizamos y protegemos tus datos.<\/p>\n<p>1.\tRecopilaci\u00f3n Limitada de Informaci\u00f3n Personal: Solicitamos informaci\u00f3n personal solo cuando es absolutamente necesario. Evitamos pedir detalles innecesarios y nos comprometemos a recopilar solo los datos necesarios para fines espec\u00edficos.<br \/>\n2.\tCompartici\u00f3n Restringida de Informaci\u00f3n Personal: No compartimos tu informaci\u00f3n personal con partes externas, excepto cuando la ley lo exige, es esencial para el desarrollo de productos o es crucial para proteger nuestros derechos.<br \/>\n3.\tManejo Seguro de la Informaci\u00f3n Personal: La informaci\u00f3n personal no se almacena en nuestros servidores, a menos que sea imperativo para la operaci\u00f3n continua de nuestros servicios. Priorizamos la seguridad y confidencialidad de los datos que manejamos.<\/p>\n<p>Visitantes del Sitio Web: Al igual que muchos otros operadores de sitios web, recopilamos informaci\u00f3n no identificable personalmente, como tipo de navegador, preferencia de idioma, sitio de referencia y hora de cada solicitud de visita. Esta informaci\u00f3n nos ayuda a comprender mejor el comportamiento del usuario. Adem\u00e1s, podemos recopilar informaci\u00f3n potencialmente identificable personalmente, como direcciones de Protocolo de Internet (IP).<\/p>\n<p>Recopilaci\u00f3n de Informaci\u00f3n Identificable Personalmente: Los usuarios que eligen interactuar con nuestro sitio web pueden proporcionar informaci\u00f3n identificable personalmente seg\u00fan la naturaleza de su interacci\u00f3n. Recopilamos dicha informaci\u00f3n solo en la medida necesaria para cumplir el prop\u00f3sito de la interacci\u00f3n. Los visitantes tienen la opci\u00f3n de negarse a proporcionar informaci\u00f3n identificable personalmente, pero esto puede limitar su acceso a ciertas actividades o servicios relacionados con el sitio web.<\/p>\n<p>Protecci\u00f3n de la Informaci\u00f3n Identificable Personalmente: La informaci\u00f3n potencialmente identificable personalmente se divulga solo a individuos y organizaciones afiliadas que necesitan la informaci\u00f3n para proporcionar servicios en nuestro sitio web. Estas partes han acordado no divulgar la informaci\u00f3n a terceros. Al utilizar nuestro sitio web, das tu consentimiento para la transferencia de dicha informaci\u00f3n a individuos u organizaciones ubicadas fuera de tu pa\u00eds de origen. No alquilamos ni vendemos informaci\u00f3n potencialmente identificable personalmente a terceros, excepto seg\u00fan lo requiera la ley o para proteger nuestros derechos y el inter\u00e9s p\u00fablico.<\/p>\n<p>Cookies: Se utilizan cookies para mejorar la experiencia del usuario, identificar y rastrear visitantes, analizar el uso del sitio web y registrar las preferencias de acceso al sitio. Los visitantes que no deseen tener cookies en sus computadoras pueden configurar sus navegadores para rechazarlas, aunque esto puede afectar la funcionalidad de ciertas caracter\u00edsticas en nuestro sitio web.<\/p>\n<p>Cambios en la Pol\u00edtica de Privacidad: Nos reservamos el derecho de modificar nuestra Pol\u00edtica de Privacidad a nuestra exclusiva discreci\u00f3n. Aunque la mayor\u00eda de los cambios probablemente sean menores, alentamos a los visitantes a revisar regularmente esta p\u00e1gina para conocer cualquier actualizaci\u00f3n. Tu uso continuo de nuestro sitio despu\u00e9s de cualquier modificaci\u00f3n en la Pol\u00edtica de Privacidad indicar\u00e1 tu aceptaci\u00f3n de dichos cambios.<\/p>\n<p>Si tienes alguna pregunta o inquietud sobre nuestra Pol\u00edtica de Privacidad, por favor cont\u00e1ctanos.[\/et_pb_text][\/et_pb_column][\/et_pb_row][\/et_pb_section]<\/p>\n","protected":false},"excerpt":{"rendered":"<p>Pol\u00edtica de PrivacidadTu privacidad es de suma importancia para nosotros, y seguimos principios fundamentales para garantizar la protecci\u00f3n de tu informaci\u00f3n personal. Por favor, revisa los siguientes detalles para entender c\u00f3mo recopilamos, utilizamos y protegemos tus datos. 1. Recopilaci\u00f3n Limitada de Informaci\u00f3n Personal: Solicitamos informaci\u00f3n personal solo cuando es absolutamente necesario. Evitamos pedir detalles innecesarios y nos comprometemos a recopilar solo los datos necesarios para fines espec\u00edficos. 2. Compartici\u00f3n Restringida de Informaci\u00f3n Personal: No compartimos tu informaci\u00f3n personal con partes externas, excepto cuando la ley lo exige, es esencial para el desarrollo de productos o es crucial para proteger nuestros derechos. 3. Manejo Seguro de la Informaci\u00f3n Personal: La informaci\u00f3n personal no se almacena en nuestros servidores, a menos que sea imperativo para la operaci\u00f3n continua de nuestros servicios. Priorizamos la seguridad y confidencialidad de los datos que manejamos. Visitantes del Sitio Web: Al igual que muchos otros operadores de sitios web, recopilamos informaci\u00f3n no identificable personalmente, como tipo de navegador, preferencia de idioma, sitio de referencia y hora de cada solicitud de visita. Esta informaci\u00f3n nos ayuda a comprender mejor el comportamiento del usuario. Adem\u00e1s, podemos recopilar informaci\u00f3n potencialmente identificable personalmente, como direcciones de Protocolo de Internet (IP). Recopilaci\u00f3n [&hellip;]<\/p>\n","protected":false},"author":3,"featured_media":0,"parent":0,"menu_order":0,"comment_status":"closed","ping_status":"closed","template":"","meta":{"_et_pb_use_builder":"on","_et_pb_old_content":"","_et_gb_content_width":"","_lmt_disableupdate":"","_lmt_disable":"","footnotes":""},"class_list":["post-82390","page","type-page","status-publish","hentry"],"yoast_head":"<!-- This site is optimized with the Yoast SEO plugin v27.3 - https:\/\/yoast.com\/product\/yoast-seo-wordpress\/ -->\n<title>Pol\u00edtica de Privacidad - 360 Immigration Law<\/title>\n<meta name=\"robots\" content=\"index, follow, max-snippet:-1, max-image-preview:large, max-video-preview:-1\" \/>\n<link rel=\"canonical\" href=\"https:\/\/360immigrationlaw.com\/es\/politica-de-privacidad\/\" \/>\n<meta property=\"og:locale\" content=\"es_ES\" \/>\n<meta property=\"og:type\" content=\"article\" \/>\n<meta property=\"og:title\" content=\"Pol\u00edtica de Privacidad - 360 Immigration Law\" \/>\n<meta property=\"og:description\" content=\"Pol\u00edtica de PrivacidadTu privacidad es de suma importancia para nosotros, y seguimos principios fundamentales para garantizar la protecci\u00f3n de tu informaci\u00f3n personal. Por favor, revisa los siguientes detalles para entender c\u00f3mo recopilamos, utilizamos y protegemos tus datos. 1. Recopilaci\u00f3n Limitada de Informaci\u00f3n Personal: Solicitamos informaci\u00f3n personal solo cuando es absolutamente necesario. Evitamos pedir detalles innecesarios y nos comprometemos a recopilar solo los datos necesarios para fines espec\u00edficos. 2. Compartici\u00f3n Restringida de Informaci\u00f3n Personal: No compartimos tu informaci\u00f3n personal con partes externas, excepto cuando la ley lo exige, es esencial para el desarrollo de productos o es crucial para proteger nuestros derechos. 3. Manejo Seguro de la Informaci\u00f3n Personal: La informaci\u00f3n personal no se almacena en nuestros servidores, a menos que sea imperativo para la operaci\u00f3n continua de nuestros servicios. Priorizamos la seguridad y confidencialidad de los datos que manejamos. Visitantes del Sitio Web: Al igual que muchos otros operadores de sitios web, recopilamos informaci\u00f3n no identificable personalmente, como tipo de navegador, preferencia de idioma, sitio de referencia y hora de cada solicitud de visita. Esta informaci\u00f3n nos ayuda a comprender mejor el comportamiento del usuario. Adem\u00e1s, podemos recopilar informaci\u00f3n potencialmente identificable personalmente, como direcciones de Protocolo de Internet (IP). Recopilaci\u00f3n [&hellip;]\" \/>\n<meta property=\"og:url\" content=\"https:\/\/360immigrationlaw.com\/es\/politica-de-privacidad\/\" \/>\n<meta property=\"og:site_name\" content=\"360 Immigration Law\" \/>\n<meta property=\"article:publisher\" content=\"https:\/\/www.facebook.com\/360Immigration\/\" \/>\n<meta property=\"article:modified_time\" content=\"2024-02-01T19:49:39+00:00\" \/>\n<meta name=\"twitter:card\" content=\"summary_large_image\" \/>\n<meta name=\"twitter:site\" content=\"@360immigration\" \/>\n<script type=\"application\/ld+json\" class=\"yoast-schema-graph\">{\"@context\":\"https:\\\/\\\/schema.org\",\"@graph\":[{\"@type\":\"WebPage\",\"@id\":\"https:\\\/\\\/360immigrationlaw.com\\\/es\\\/politica-de-privacidad\\\/\",\"url\":\"https:\\\/\\\/360immigrationlaw.com\\\/es\\\/politica-de-privacidad\\\/\",\"name\":\"Pol\u00edtica de Privacidad - 360 Immigration Law\",\"isPartOf\":{\"@id\":\"https:\\\/\\\/es.360immigrationlaw.com\\\/#website\"},\"datePublished\":\"2024-02-01T19:38:31+00:00\",\"dateModified\":\"2024-02-01T19:49:39+00:00\",\"breadcrumb\":{\"@id\":\"https:\\\/\\\/360immigrationlaw.com\\\/es\\\/politica-de-privacidad\\\/#breadcrumb\"},\"inLanguage\":\"es\",\"potentialAction\":[{\"@type\":\"ReadAction\",\"target\":[\"https:\\\/\\\/360immigrationlaw.com\\\/es\\\/politica-de-privacidad\\\/\"]}]},{\"@type\":\"BreadcrumbList\",\"@id\":\"https:\\\/\\\/360immigrationlaw.com\\\/es\\\/politica-de-privacidad\\\/#breadcrumb\",\"itemListElement\":[{\"@type\":\"ListItem\",\"position\":1,\"name\":\"Home\",\"item\":\"https:\\\/\\\/360immigrationlaw.com\\\/es\\\/\"},{\"@type\":\"ListItem\",\"position\":2,\"name\":\"Pol\u00edtica de Privacidad\"}]},{\"@type\":\"WebSite\",\"@id\":\"https:\\\/\\\/es.360immigrationlaw.com\\\/#website\",\"url\":\"https:\\\/\\\/es.360immigrationlaw.com\\\/\",\"name\":\"360 Immigration Law\",\"description\":\"Abogado de inmigraci\u00f3n en Florida\",\"publisher\":{\"@id\":\"https:\\\/\\\/es.360immigrationlaw.com\\\/#organization\"},\"potentialAction\":[{\"@type\":\"SearchAction\",\"target\":{\"@type\":\"EntryPoint\",\"urlTemplate\":\"https:\\\/\\\/es.360immigrationlaw.com\\\/?s={search_term_string}\"},\"query-input\":{\"@type\":\"PropertyValueSpecification\",\"valueRequired\":true,\"valueName\":\"search_term_string\"}}],\"inLanguage\":\"es\"},{\"@type\":\"Organization\",\"@id\":\"https:\\\/\\\/es.360immigrationlaw.com\\\/#organization\",\"name\":\"360 Immigration Law\",\"url\":\"https:\\\/\\\/es.360immigrationlaw.com\\\/\",\"logo\":{\"@type\":\"ImageObject\",\"inLanguage\":\"es\",\"@id\":\"https:\\\/\\\/es.360immigrationlaw.com\\\/#\\\/schema\\\/logo\\\/image\\\/\",\"url\":\"https:\\\/\\\/360immigrationlaw.com\\\/es\\\/wp-content\\\/uploads\\\/2023\\\/06\\\/360_Immigration_Law_Group.jpg\",\"contentUrl\":\"https:\\\/\\\/360immigrationlaw.com\\\/es\\\/wp-content\\\/uploads\\\/2023\\\/06\\\/360_Immigration_Law_Group.jpg\",\"width\":1264,\"height\":932,\"caption\":\"360 Immigration Law\"},\"image\":{\"@id\":\"https:\\\/\\\/es.360immigrationlaw.com\\\/#\\\/schema\\\/logo\\\/image\\\/\"},\"sameAs\":[\"https:\\\/\\\/www.facebook.com\\\/360Immigration\\\/\",\"https:\\\/\\\/x.com\\\/360immigration\"]}]}<\/script>\n<!-- \/ Yoast SEO plugin. -->","yoast_head_json":{"title":"Pol\u00edtica de Privacidad - 360 Immigration Law","robots":{"index":"index","follow":"follow","max-snippet":"max-snippet:-1","max-image-preview":"max-image-preview:large","max-video-preview":"max-video-preview:-1"},"canonical":"https:\/\/360immigrationlaw.com\/es\/politica-de-privacidad\/","og_locale":"es_ES","og_type":"article","og_title":"Pol\u00edtica de Privacidad - 360 Immigration Law","og_description":"Pol\u00edtica de PrivacidadTu privacidad es de suma importancia para nosotros, y seguimos principios fundamentales para garantizar la protecci\u00f3n de tu informaci\u00f3n personal. Por favor, revisa los siguientes detalles para entender c\u00f3mo recopilamos, utilizamos y protegemos tus datos. 1. Recopilaci\u00f3n Limitada de Informaci\u00f3n Personal: Solicitamos informaci\u00f3n personal solo cuando es absolutamente necesario. Evitamos pedir detalles innecesarios y nos comprometemos a recopilar solo los datos necesarios para fines espec\u00edficos. 2. Compartici\u00f3n Restringida de Informaci\u00f3n Personal: No compartimos tu informaci\u00f3n personal con partes externas, excepto cuando la ley lo exige, es esencial para el desarrollo de productos o es crucial para proteger nuestros derechos. 3. Manejo Seguro de la Informaci\u00f3n Personal: La informaci\u00f3n personal no se almacena en nuestros servidores, a menos que sea imperativo para la operaci\u00f3n continua de nuestros servicios. Priorizamos la seguridad y confidencialidad de los datos que manejamos. Visitantes del Sitio Web: Al igual que muchos otros operadores de sitios web, recopilamos informaci\u00f3n no identificable personalmente, como tipo de navegador, preferencia de idioma, sitio de referencia y hora de cada solicitud de visita. Esta informaci\u00f3n nos ayuda a comprender mejor el comportamiento del usuario. Adem\u00e1s, podemos recopilar informaci\u00f3n potencialmente identificable personalmente, como direcciones de Protocolo de Internet (IP). Recopilaci\u00f3n [&hellip;]","og_url":"https:\/\/360immigrationlaw.com\/es\/politica-de-privacidad\/","og_site_name":"360 Immigration Law","article_publisher":"https:\/\/www.facebook.com\/360Immigration\/","article_modified_time":"2024-02-01T19:49:39+00:00","twitter_card":"summary_large_image","twitter_site":"@360immigration","schema":{"@context":"https:\/\/schema.org","@graph":[{"@type":"WebPage","@id":"https:\/\/360immigrationlaw.com\/es\/politica-de-privacidad\/","url":"https:\/\/360immigrationlaw.com\/es\/politica-de-privacidad\/","name":"Pol\u00edtica de Privacidad - 360 Immigration Law","isPartOf":{"@id":"https:\/\/es.360immigrationlaw.com\/#website"},"datePublished":"2024-02-01T19:38:31+00:00","dateModified":"2024-02-01T19:49:39+00:00","breadcrumb":{"@id":"https:\/\/360immigrationlaw.com\/es\/politica-de-privacidad\/#breadcrumb"},"inLanguage":"es","potentialAction":[{"@type":"ReadAction","target":["https:\/\/360immigrationlaw.com\/es\/politica-de-privacidad\/"]}]},{"@type":"BreadcrumbList","@id":"https:\/\/360immigrationlaw.com\/es\/politica-de-privacidad\/#breadcrumb","itemListElement":[{"@type":"ListItem","position":1,"name":"Home","item":"https:\/\/360immigrationlaw.com\/es\/"},{"@type":"ListItem","position":2,"name":"Pol\u00edtica de Privacidad"}]},{"@type":"WebSite","@id":"https:\/\/es.360immigrationlaw.com\/#website","url":"https:\/\/es.360immigrationlaw.com\/","name":"360 Immigration Law","description":"Abogado de inmigraci\u00f3n en Florida","publisher":{"@id":"https:\/\/es.360immigrationlaw.com\/#organization"},"potentialAction":[{"@type":"SearchAction","target":{"@type":"EntryPoint","urlTemplate":"https:\/\/es.360immigrationlaw.com\/?s={search_term_string}"},"query-input":{"@type":"PropertyValueSpecification","valueRequired":true,"valueName":"search_term_string"}}],"inLanguage":"es"},{"@type":"Organization","@id":"https:\/\/es.360immigrationlaw.com\/#organization","name":"360 Immigration Law","url":"https:\/\/es.360immigrationlaw.com\/","logo":{"@type":"ImageObject","inLanguage":"es","@id":"https:\/\/es.360immigrationlaw.com\/#\/schema\/logo\/image\/","url":"https:\/\/360immigrationlaw.com\/es\/wp-content\/uploads\/2023\/06\/360_Immigration_Law_Group.jpg","contentUrl":"https:\/\/360immigrationlaw.com\/es\/wp-content\/uploads\/2023\/06\/360_Immigration_Law_Group.jpg","width":1264,"height":932,"caption":"360 Immigration Law"},"image":{"@id":"https:\/\/es.360immigrationlaw.com\/#\/schema\/logo\/image\/"},"sameAs":["https:\/\/www.facebook.com\/360Immigration\/","https:\/\/x.com\/360immigration"]}]}},"_links":{"self":[{"href":"https:\/\/360immigrationlaw.com\/es\/wp-json\/wp\/v2\/pages\/82390","targetHints":{"allow":["GET"]}}],"collection":[{"href":"https:\/\/360immigrationlaw.com\/es\/wp-json\/wp\/v2\/pages"}],"about":[{"href":"https:\/\/360immigrationlaw.com\/es\/wp-json\/wp\/v2\/types\/page"}],"author":[{"embeddable":true,"href":"https:\/\/360immigrationlaw.com\/es\/wp-json\/wp\/v2\/users\/3"}],"replies":[{"embeddable":true,"href":"https:\/\/360immigrationlaw.com\/es\/wp-json\/wp\/v2\/comments?post=82390"}],"version-history":[{"count":4,"href":"https:\/\/360immigrationlaw.com\/es\/wp-json\/wp\/v2\/pages\/82390\/revisions"}],"predecessor-version":[{"id":82395,"href":"https:\/\/360immigrationlaw.com\/es\/wp-json\/wp\/v2\/pages\/82390\/revisions\/82395"}],"wp:attachment":[{"href":"https:\/\/360immigrationlaw.com\/es\/wp-json\/wp\/v2\/media?parent=82390"}],"curies":[{"name":"wp","href":"https:\/\/api.w.org\/{rel}","templated":true}]}}