{"id":82414,"date":"2024-02-10T04:30:53","date_gmt":"2024-02-10T04:30:53","guid":{"rendered":"https:\/\/360immigrationlaw.com\/es\/politica-de-cookies-ue-2\/"},"modified":"2024-02-10T04:37:27","modified_gmt":"2024-02-10T04:37:27","slug":"politica-de-cookies-ue-2","status":"publish","type":"page","link":"https:\/\/360immigrationlaw.com\/es\/politica-de-cookies-ue-2\/","title":{"rendered":"Pol\u00edtica de cookies (UE)"},"content":{"rendered":"<p>[et_pb_section fb_built=\u00bb1&#8243; _builder_version=\u00bb4.24.0&#8243; _module_preset=\u00bbdefault\u00bb hover_enabled=\u00bb0&#8243; global_colors_info=\u00bb{}\u00bb theme_builder_area=\u00bbpost_content\u00bb use_background_color_gradient=\u00bbon\u00bb background_color_gradient_stops=\u00bb#000000 13%|#ffffff 13%\u00bb custom_padding=\u00bb350px||||false|false\u00bb custom_padding_last_edited=\u00bbon|phone\u00bb sticky_enabled=\u00bb0&#8243; custom_padding_tablet=\u00bb50px||||false|false\u00bb custom_padding_phone=\u00bb30px||||false|false\u00bb background_last_edited=\u00bbon|tablet\u00bb background_color_gradient_stops_tablet=\u00bb#000000 0%|#ffffff 0%\u00bb use_background_color_gradient_tablet=\u00bbon\u00bb][et_pb_row _builder_version=\u00bb4.24.0&#8243; _module_preset=\u00bbdefault\u00bb global_colors_info=\u00bb{}\u00bb theme_builder_area=\u00bbpost_content\u00bb][et_pb_column type=\u00bb4_4&#8243; _builder_version=\u00bb4.24.0&#8243; _module_preset=\u00bbdefault\u00bb global_colors_info=\u00bb{}\u00bb theme_builder_area=\u00bbpost_content\u00bb][et_pb_text _builder_version=\u00bb4.24.0&#8243; _module_preset=\u00bbdefault\u00bb text_font_size=\u00bb14px\u00bb header_2_font_size=\u00bb22px\u00bb global_colors_info=\u00bb{}\u00bb theme_builder_area=\u00bbpost_content\u00bb]<\/p>\n<h1>Pol\u00edtica de Cookies<\/h1>\n<p>Esta Pol\u00edtica de Cookies fue actualizada por \u00faltima vez el 21 de julio de 2023 y se aplica a ciudadanos y residentes permanentes legales del \u00c1rea Econ\u00f3mica Europea y Suiza.<\/p>\n<h2>1. Introducci\u00f3n<\/h2>\n<p>Nuestro sitio web, <a href=\"https:\/\/360immigrationlaw.com\/es\">https:\/\/360immigrationlaw.com\/es<\/a> (en adelante: \u00abel sitio web\u00bb), utiliza cookies y otras tecnolog\u00edas relacionadas (por conveniencia, todas las tecnolog\u00edas se denominan \u00abcookies\u00bb). Las cookies tambi\u00e9n son colocadas por terceros con los que hemos contratado. En el documento a continuaci\u00f3n, le informamos sobre el uso de cookies en nuestro sitio web.<\/p>\n<h2>2. \u00bfQu\u00e9 son las cookies?<\/h2>\n<p>Una cookie es un archivo peque\u00f1o y sencillo que se env\u00eda junto con las p\u00e1ginas de este sitio web y se almacena en el disco duro de su computadora u otro dispositivo por su navegador. La informaci\u00f3n almacenada en ellas puede ser devuelta a nuestros servidores o a los servidores de terceros relevantes durante una visita posterior.<\/p>\n<h2>3. \u00bfQu\u00e9 son los scripts?<\/h2>\n<p>Un script es un fragmento de c\u00f3digo de programa que se utiliza para que nuestro sitio web funcione correctamente e interactivamente. Este c\u00f3digo se ejecuta en nuestro servidor o en su dispositivo.<\/p>\n<h2>4. \u00bfQu\u00e9 es un web beacon?<\/h2>\n<p>Un web beacon (o una etiqueta de p\u00edxel) es un peque\u00f1o y invisible fragmento de texto o imagen en un sitio web que se utiliza para monitorizar el tr\u00e1fico en un sitio web. Para hacer esto, se almacenan diversos datos sobre usted mediante web beacons.<\/p>\n<h2>5. Cookies<\/h2>\n<p><strong>5.1 Cookies t\u00e9cnicas o funcionales<\/strong><\/p>\n<p>Algunas cookies aseguran que ciertas partes del sitio web funcionen correctamente y que se conozcan sus preferencias de usuario. Al colocar cookies funcionales, facilitamos su visita a nuestro sitio web. De esta manera, no necesita ingresar repetidamente la misma informaci\u00f3n al visitar nuestro sitio web y, por ejemplo, los art\u00edculos permanecen en su carrito de compras hasta que haya pagado. Podemos colocar estas cookies sin su consentimiento.<\/p>\n<p><strong>5.2 Cookies de estad\u00edsticas<\/strong><\/p>\n<p>Utilizamos cookies de estad\u00edsticas para optimizar la experiencia en el sitio web para nuestros usuarios. Con estas cookies de estad\u00edsticas, obtenemos informaci\u00f3n sobre el uso de nuestro sitio web. Pedimos su permiso para colocar cookies de estad\u00edsticas.<\/p>\n<p><strong>5.3 Cookies de marketing\/rastreo<\/strong><\/p>\n<p>Las cookies de marketing\/rastreo son cookies o cualquier otra forma de almacenamiento local, utilizadas para crear perfiles de usuario con el fin de mostrar publicidad o rastrear al usuario en este sitio web o en varios sitios web con fines de marketing similares.<\/p>\n<p><strong>5.4 Redes sociales<\/strong><\/p>\n<p>En nuestro sitio web, hemos incluido contenido de WhatsApp para promocionar p\u00e1ginas web (por ejemplo, \u00abme gusta\u00bb, \u00abpinear\u00bb) o compartir (por ejemplo, \u00abtwittear\u00bb) en redes sociales como WhatsApp. Este contenido est\u00e1 incrustado con c\u00f3digo derivado de WhatsApp y coloca cookies. Este contenido puede almacenar y procesar cierta informaci\u00f3n para publicidad personalizada.<\/p>\n<p>Lea la declaraci\u00f3n de privacidad de estas redes sociales (que puede cambiar regularmente) para saber qu\u00e9 hacen con sus datos (personales) que procesan mediante estas cookies. Los datos recuperados se anonimizan en la medida de lo posible. WhatsApp est\u00e1 ubicado en los Estados Unidos.<\/p>\n<h2>6. Cookies colocadas<\/h2>\n<h2>7. Consentimiento<\/h2>\n<p>Cuando visite nuestro sitio web por primera vez, le mostraremos un pop-up con una explicaci\u00f3n sobre las cookies. Tan pronto como haga clic en \u00abAceptar\u00bb, consiente que utilicemos todas las cookies y complementos seg\u00fan se describe en el pop-up y en esta Pol\u00edtica de Cookies. Puede desactivar el uso de cookies a trav\u00e9s de su navegador, pero tenga en cuenta que nuestro sitio web puede dejar de funcionar correctamente.<\/p>\n<p><strong>7.1 Gestione la configuraci\u00f3n de su consentimiento<\/strong><\/p>\n<h2>8. Activaci\u00f3n\/desactivaci\u00f3n y eliminaci\u00f3n de cookies<\/h2>\n<p>Puede utilizar su navegador de Internet para eliminar cookies autom\u00e1ticamente o de forma manual. Tambi\u00e9n puede especificar que ciertas cookies no se coloquen. Otra opci\u00f3n es cambiar la configuraci\u00f3n de su navegador de Internet para que reciba un mensaje cada vez que se coloque una cookie. Para obtener m\u00e1s informaci\u00f3n sobre estas opciones, consulte las instrucciones en la secci\u00f3n de Ayuda de su navegador.<\/p>\n<p>Tenga en cuenta que nuestro sitio web puede no funcionar correctamente si todas las cookies est\u00e1n desactivadas. Si elimina las cookies en su navegador, se volver\u00e1n a colocar despu\u00e9s de su consentimiento cuando visite nuestro sitio web nuevamente.<\/p>\n<h2>9. Sus derechos con respecto a los datos personales<\/h2>\n<p>Usted tiene los siguientes derechos con respecto a sus datos personales:<\/p>\n<ul>\n<ul>\n<li>Tiene el derecho de saber por qu\u00e9 se necesitan sus datos personales, qu\u00e9 ocurrir\u00e1 con ellos y cu\u00e1nto tiempo se retendr\u00e1n.<\/li>\n<li>Derecho de acceso: Tiene el derecho de acceder a sus datos personales que son conocidos por nosotros.<\/li>\n<li>Derecho de rectificaci\u00f3n: Tiene el derecho de complementar, corregir, eliminar o bloquear sus datos personales cuando lo desee.<\/li>\n<li>Si nos da su consentimiento para procesar sus datos, tiene el derecho de revocar ese consentimiento y de que se eliminen sus datos personales.<\/li>\n<li>Derecho de transferir sus datos: Tiene el derecho de solicitar todos sus datos personales al responsable y transferirlos en su totalidad a otro responsable.<\/li>\n<li>Derecho de oposici\u00f3n: Puede oponerse al procesamiento de sus datos. Cumplimos con esto, a menos que existan motivos justificados para el procesamiento.<\/li>\n<\/ul>\n<\/ul>\n<p>Para ejercer estos derechos, comun\u00edquese con nosotros. Consulte los detalles de contacto al final de esta Pol\u00edtica de Cookies. Si tiene una queja sobre c\u00f3mo manejamos sus datos, nos gustar\u00eda saber de usted, pero tambi\u00e9n tiene el derecho de presentar una queja ante la autoridad supervisora (la Autoridad de Protecci\u00f3n de Datos).<\/p>\n<h2>10. Detalles de contacto<\/h2>\n<p>Para preguntas y\/o comentarios sobre nuestra Pol\u00edtica de Cookies y este comunicado, por favor cont\u00e1ctenos utilizando la siguiente informaci\u00f3n de contacto:<\/p>\n<p>360 Immigration Law Group<\/p>\n<p>10100 West Sample Road, Suite 106<\/p>\n<p>Coral Springs, FL 33065 Estados Unidos Sitio web: <a href=\"https:\/\/360immigrationlaw.com\/es\">https:\/\/360immigrationlaw.com\/es<\/a><\/p>\n<p>Correo electr\u00f3nico: <a href=\"mailto:info@360immigrationlaw.com\">info@360immigrationlaw.com<\/a><\/p>\n<p>N\u00famero de tel\u00e9fono: 954.667.3660<\/p>\n<p>Esta Pol\u00edtica de Cookies fue sincronizada con <a href=\"https:\/\/cookiedatabase.org\/\">cookiedatabase.org<\/a> el 21 de julio de 2023.[\/et_pb_text][\/et_pb_column][\/et_pb_row][\/et_pb_section]<\/p>\n","protected":false},"excerpt":{"rendered":"<p>Pol\u00edtica de Cookies Esta Pol\u00edtica de Cookies fue actualizada por \u00faltima vez el 21 de julio de 2023 y se aplica a ciudadanos y residentes permanentes legales del \u00c1rea Econ\u00f3mica Europea y Suiza. 1. Introducci\u00f3n Nuestro sitio web, https:\/\/360immigrationlaw.com\/es (en adelante: \u00abel sitio web\u00bb), utiliza cookies y otras tecnolog\u00edas relacionadas (por conveniencia, todas las tecnolog\u00edas se denominan \u00abcookies\u00bb). Las cookies tambi\u00e9n son colocadas por terceros con los que hemos contratado. En el documento a continuaci\u00f3n, le informamos sobre el uso de cookies en nuestro sitio web. 2. \u00bfQu\u00e9 son las cookies? Una cookie es un archivo peque\u00f1o y sencillo que se env\u00eda junto con las p\u00e1ginas de este sitio web y se almacena en el disco duro de su computadora u otro dispositivo por su navegador. La informaci\u00f3n almacenada en ellas puede ser devuelta a nuestros servidores o a los servidores de terceros relevantes durante una visita posterior. 3. \u00bfQu\u00e9 son los scripts? Un script es un fragmento de c\u00f3digo de programa que se utiliza para que nuestro sitio web funcione correctamente e interactivamente. Este c\u00f3digo se ejecuta en nuestro servidor o en su dispositivo. 4. \u00bfQu\u00e9 es un web beacon? Un web beacon (o una etiqueta de p\u00edxel) es [&hellip;]<\/p>\n","protected":false},"author":3,"featured_media":0,"parent":0,"menu_order":0,"comment_status":"closed","ping_status":"closed","template":"","meta":{"_et_pb_use_builder":"on","_et_pb_old_content":"<!-- wp:complianz\/document {\"title\":\"Pol\u00edtica de cookies (UE)\",\"selectedDocument\":\"cookie-statement\"} \/-->","_et_gb_content_width":"","_lmt_disableupdate":"","_lmt_disable":"","footnotes":""},"class_list":["post-82414","page","type-page","status-publish","hentry"],"yoast_head":"<!-- This site is optimized with the Yoast SEO plugin v27.3 - https:\/\/yoast.com\/product\/yoast-seo-wordpress\/ -->\n<title>Pol\u00edtica de cookies (UE) - 360 Immigration Law<\/title>\n<meta name=\"robots\" content=\"index, follow, max-snippet:-1, max-image-preview:large, max-video-preview:-1\" \/>\n<link rel=\"canonical\" href=\"https:\/\/360immigrationlaw.com\/es\/politica-de-cookies-ue-2\/\" \/>\n<meta property=\"og:locale\" content=\"es_ES\" \/>\n<meta property=\"og:type\" content=\"article\" \/>\n<meta property=\"og:title\" content=\"Pol\u00edtica de cookies (UE) - 360 Immigration Law\" \/>\n<meta property=\"og:description\" content=\"Pol\u00edtica de Cookies Esta Pol\u00edtica de Cookies fue actualizada por \u00faltima vez el 21 de julio de 2023 y se aplica a ciudadanos y residentes permanentes legales del \u00c1rea Econ\u00f3mica Europea y Suiza. 1. Introducci\u00f3n Nuestro sitio web, https:\/\/360immigrationlaw.com\/es (en adelante: &quot;el sitio web&quot;), utiliza cookies y otras tecnolog\u00edas relacionadas (por conveniencia, todas las tecnolog\u00edas se denominan &quot;cookies&quot;). Las cookies tambi\u00e9n son colocadas por terceros con los que hemos contratado. En el documento a continuaci\u00f3n, le informamos sobre el uso de cookies en nuestro sitio web. 2. \u00bfQu\u00e9 son las cookies? Una cookie es un archivo peque\u00f1o y sencillo que se env\u00eda junto con las p\u00e1ginas de este sitio web y se almacena en el disco duro de su computadora u otro dispositivo por su navegador. La informaci\u00f3n almacenada en ellas puede ser devuelta a nuestros servidores o a los servidores de terceros relevantes durante una visita posterior. 3. \u00bfQu\u00e9 son los scripts? Un script es un fragmento de c\u00f3digo de programa que se utiliza para que nuestro sitio web funcione correctamente e interactivamente. Este c\u00f3digo se ejecuta en nuestro servidor o en su dispositivo. 4. \u00bfQu\u00e9 es un web beacon? Un web beacon (o una etiqueta de p\u00edxel) es [&hellip;]\" \/>\n<meta property=\"og:url\" content=\"https:\/\/360immigrationlaw.com\/es\/politica-de-cookies-ue-2\/\" \/>\n<meta property=\"og:site_name\" content=\"360 Immigration Law\" \/>\n<meta property=\"article:publisher\" content=\"https:\/\/www.facebook.com\/360Immigration\/\" \/>\n<meta property=\"article:modified_time\" content=\"2024-02-10T04:37:27+00:00\" \/>\n<meta name=\"twitter:card\" content=\"summary_large_image\" \/>\n<meta name=\"twitter:site\" content=\"@360immigration\" \/>\n<meta name=\"twitter:label1\" content=\"Tiempo de lectura\" \/>\n\t<meta name=\"twitter:data1\" content=\"6 minutos\" \/>\n<script type=\"application\/ld+json\" class=\"yoast-schema-graph\">{\"@context\":\"https:\\\/\\\/schema.org\",\"@graph\":[{\"@type\":\"WebPage\",\"@id\":\"https:\\\/\\\/360immigrationlaw.com\\\/es\\\/politica-de-cookies-ue-2\\\/\",\"url\":\"https:\\\/\\\/360immigrationlaw.com\\\/es\\\/politica-de-cookies-ue-2\\\/\",\"name\":\"Pol\u00edtica de cookies (UE) - 360 Immigration Law\",\"isPartOf\":{\"@id\":\"https:\\\/\\\/es.360immigrationlaw.com\\\/#website\"},\"datePublished\":\"2024-02-10T04:30:53+00:00\",\"dateModified\":\"2024-02-10T04:37:27+00:00\",\"breadcrumb\":{\"@id\":\"https:\\\/\\\/360immigrationlaw.com\\\/es\\\/politica-de-cookies-ue-2\\\/#breadcrumb\"},\"inLanguage\":\"es\",\"potentialAction\":[{\"@type\":\"ReadAction\",\"target\":[\"https:\\\/\\\/360immigrationlaw.com\\\/es\\\/politica-de-cookies-ue-2\\\/\"]}]},{\"@type\":\"BreadcrumbList\",\"@id\":\"https:\\\/\\\/360immigrationlaw.com\\\/es\\\/politica-de-cookies-ue-2\\\/#breadcrumb\",\"itemListElement\":[{\"@type\":\"ListItem\",\"position\":1,\"name\":\"Home\",\"item\":\"https:\\\/\\\/360immigrationlaw.com\\\/es\\\/\"},{\"@type\":\"ListItem\",\"position\":2,\"name\":\"Pol\u00edtica de cookies (UE)\"}]},{\"@type\":\"WebSite\",\"@id\":\"https:\\\/\\\/es.360immigrationlaw.com\\\/#website\",\"url\":\"https:\\\/\\\/es.360immigrationlaw.com\\\/\",\"name\":\"360 Immigration Law\",\"description\":\"Abogado de inmigraci\u00f3n en Florida\",\"publisher\":{\"@id\":\"https:\\\/\\\/es.360immigrationlaw.com\\\/#organization\"},\"potentialAction\":[{\"@type\":\"SearchAction\",\"target\":{\"@type\":\"EntryPoint\",\"urlTemplate\":\"https:\\\/\\\/es.360immigrationlaw.com\\\/?s={search_term_string}\"},\"query-input\":{\"@type\":\"PropertyValueSpecification\",\"valueRequired\":true,\"valueName\":\"search_term_string\"}}],\"inLanguage\":\"es\"},{\"@type\":\"Organization\",\"@id\":\"https:\\\/\\\/es.360immigrationlaw.com\\\/#organization\",\"name\":\"360 Immigration Law\",\"url\":\"https:\\\/\\\/es.360immigrationlaw.com\\\/\",\"logo\":{\"@type\":\"ImageObject\",\"inLanguage\":\"es\",\"@id\":\"https:\\\/\\\/es.360immigrationlaw.com\\\/#\\\/schema\\\/logo\\\/image\\\/\",\"url\":\"https:\\\/\\\/360immigrationlaw.com\\\/es\\\/wp-content\\\/uploads\\\/2023\\\/06\\\/360_Immigration_Law_Group.jpg\",\"contentUrl\":\"https:\\\/\\\/360immigrationlaw.com\\\/es\\\/wp-content\\\/uploads\\\/2023\\\/06\\\/360_Immigration_Law_Group.jpg\",\"width\":1264,\"height\":932,\"caption\":\"360 Immigration Law\"},\"image\":{\"@id\":\"https:\\\/\\\/es.360immigrationlaw.com\\\/#\\\/schema\\\/logo\\\/image\\\/\"},\"sameAs\":[\"https:\\\/\\\/www.facebook.com\\\/360Immigration\\\/\",\"https:\\\/\\\/x.com\\\/360immigration\"]}]}<\/script>\n<!-- \/ Yoast SEO plugin. -->","yoast_head_json":{"title":"Pol\u00edtica de cookies (UE) - 360 Immigration Law","robots":{"index":"index","follow":"follow","max-snippet":"max-snippet:-1","max-image-preview":"max-image-preview:large","max-video-preview":"max-video-preview:-1"},"canonical":"https:\/\/360immigrationlaw.com\/es\/politica-de-cookies-ue-2\/","og_locale":"es_ES","og_type":"article","og_title":"Pol\u00edtica de cookies (UE) - 360 Immigration Law","og_description":"Pol\u00edtica de Cookies Esta Pol\u00edtica de Cookies fue actualizada por \u00faltima vez el 21 de julio de 2023 y se aplica a ciudadanos y residentes permanentes legales del \u00c1rea Econ\u00f3mica Europea y Suiza. 1. Introducci\u00f3n Nuestro sitio web, https:\/\/360immigrationlaw.com\/es (en adelante: \"el sitio web\"), utiliza cookies y otras tecnolog\u00edas relacionadas (por conveniencia, todas las tecnolog\u00edas se denominan \"cookies\"). Las cookies tambi\u00e9n son colocadas por terceros con los que hemos contratado. En el documento a continuaci\u00f3n, le informamos sobre el uso de cookies en nuestro sitio web. 2. \u00bfQu\u00e9 son las cookies? Una cookie es un archivo peque\u00f1o y sencillo que se env\u00eda junto con las p\u00e1ginas de este sitio web y se almacena en el disco duro de su computadora u otro dispositivo por su navegador. La informaci\u00f3n almacenada en ellas puede ser devuelta a nuestros servidores o a los servidores de terceros relevantes durante una visita posterior. 3. \u00bfQu\u00e9 son los scripts? Un script es un fragmento de c\u00f3digo de programa que se utiliza para que nuestro sitio web funcione correctamente e interactivamente. Este c\u00f3digo se ejecuta en nuestro servidor o en su dispositivo. 4. \u00bfQu\u00e9 es un web beacon? Un web beacon (o una etiqueta de p\u00edxel) es [&hellip;]","og_url":"https:\/\/360immigrationlaw.com\/es\/politica-de-cookies-ue-2\/","og_site_name":"360 Immigration Law","article_publisher":"https:\/\/www.facebook.com\/360Immigration\/","article_modified_time":"2024-02-10T04:37:27+00:00","twitter_card":"summary_large_image","twitter_site":"@360immigration","twitter_misc":{"Tiempo de lectura":"6 minutos"},"schema":{"@context":"https:\/\/schema.org","@graph":[{"@type":"WebPage","@id":"https:\/\/360immigrationlaw.com\/es\/politica-de-cookies-ue-2\/","url":"https:\/\/360immigrationlaw.com\/es\/politica-de-cookies-ue-2\/","name":"Pol\u00edtica de cookies (UE) - 360 Immigration Law","isPartOf":{"@id":"https:\/\/es.360immigrationlaw.com\/#website"},"datePublished":"2024-02-10T04:30:53+00:00","dateModified":"2024-02-10T04:37:27+00:00","breadcrumb":{"@id":"https:\/\/360immigrationlaw.com\/es\/politica-de-cookies-ue-2\/#breadcrumb"},"inLanguage":"es","potentialAction":[{"@type":"ReadAction","target":["https:\/\/360immigrationlaw.com\/es\/politica-de-cookies-ue-2\/"]}]},{"@type":"BreadcrumbList","@id":"https:\/\/360immigrationlaw.com\/es\/politica-de-cookies-ue-2\/#breadcrumb","itemListElement":[{"@type":"ListItem","position":1,"name":"Home","item":"https:\/\/360immigrationlaw.com\/es\/"},{"@type":"ListItem","position":2,"name":"Pol\u00edtica de cookies (UE)"}]},{"@type":"WebSite","@id":"https:\/\/es.360immigrationlaw.com\/#website","url":"https:\/\/es.360immigrationlaw.com\/","name":"360 Immigration Law","description":"Abogado de inmigraci\u00f3n en Florida","publisher":{"@id":"https:\/\/es.360immigrationlaw.com\/#organization"},"potentialAction":[{"@type":"SearchAction","target":{"@type":"EntryPoint","urlTemplate":"https:\/\/es.360immigrationlaw.com\/?s={search_term_string}"},"query-input":{"@type":"PropertyValueSpecification","valueRequired":true,"valueName":"search_term_string"}}],"inLanguage":"es"},{"@type":"Organization","@id":"https:\/\/es.360immigrationlaw.com\/#organization","name":"360 Immigration Law","url":"https:\/\/es.360immigrationlaw.com\/","logo":{"@type":"ImageObject","inLanguage":"es","@id":"https:\/\/es.360immigrationlaw.com\/#\/schema\/logo\/image\/","url":"https:\/\/360immigrationlaw.com\/es\/wp-content\/uploads\/2023\/06\/360_Immigration_Law_Group.jpg","contentUrl":"https:\/\/360immigrationlaw.com\/es\/wp-content\/uploads\/2023\/06\/360_Immigration_Law_Group.jpg","width":1264,"height":932,"caption":"360 Immigration Law"},"image":{"@id":"https:\/\/es.360immigrationlaw.com\/#\/schema\/logo\/image\/"},"sameAs":["https:\/\/www.facebook.com\/360Immigration\/","https:\/\/x.com\/360immigration"]}]}},"_links":{"self":[{"href":"https:\/\/360immigrationlaw.com\/es\/wp-json\/wp\/v2\/pages\/82414","targetHints":{"allow":["GET"]}}],"collection":[{"href":"https:\/\/360immigrationlaw.com\/es\/wp-json\/wp\/v2\/pages"}],"about":[{"href":"https:\/\/360immigrationlaw.com\/es\/wp-json\/wp\/v2\/types\/page"}],"author":[{"embeddable":true,"href":"https:\/\/360immigrationlaw.com\/es\/wp-json\/wp\/v2\/users\/3"}],"replies":[{"embeddable":true,"href":"https:\/\/360immigrationlaw.com\/es\/wp-json\/wp\/v2\/comments?post=82414"}],"version-history":[{"count":2,"href":"https:\/\/360immigrationlaw.com\/es\/wp-json\/wp\/v2\/pages\/82414\/revisions"}],"predecessor-version":[{"id":82416,"href":"https:\/\/360immigrationlaw.com\/es\/wp-json\/wp\/v2\/pages\/82414\/revisions\/82416"}],"wp:attachment":[{"href":"https:\/\/360immigrationlaw.com\/es\/wp-json\/wp\/v2\/media?parent=82414"}],"curies":[{"name":"wp","href":"https:\/\/api.w.org\/{rel}","templated":true}]}}