{"id":82417,"date":"2024-02-10T16:57:50","date_gmt":"2024-02-10T16:57:50","guid":{"rendered":"https:\/\/360immigrationlaw.com\/es\/?page_id=82417"},"modified":"2024-04-02T18:45:56","modified_gmt":"2024-04-02T18:45:56","slug":"evaluacion-de-su-caso-gratis","status":"publish","type":"page","link":"https:\/\/360immigrationlaw.com\/es\/evaluacion-de-su-caso-gratis\/","title":{"rendered":"EVALUACI\u00d3N DE SU CASO GRATIS"},"content":{"rendered":"<p>[et_pb_section fb_built=\u00bb1&#8243; custom_padding_last_edited=\u00bbon|phone\u00bb module_id=\u00bbhead-sec\u00bb _builder_version=\u00bb4.24.0&#8243; _module_preset=\u00bbdefault\u00bb use_background_color_gradient=\u00bbon\u00bb background_color_gradient_direction=\u00bb91deg\u00bb background_color_gradient_stops=\u00bbrgba(0,0,0,0.87) 0%|rgba(0,0,0,0.33) 99%\u00bb background_image=\u00bbhttps:\/\/360immigrationlaw.com\/es\/wp-content\/uploads\/2024\/02\/faq-banner.jpg\u00bb custom_padding=\u00bb300px||30px||false|false\u00bb custom_padding_tablet=\u00bb50px||50px||false|false\u00bb custom_padding_phone=\u00bb30px||30px||true|false\u00bb global_colors_info=\u00bb{}\u00bb][et_pb_row custom_padding_last_edited=\u00bbon|desktop\u00bb _builder_version=\u00bb4.21.0&#8243; _module_preset=\u00bbdefault\u00bb custom_padding=\u00bb80px||80px||true|false\u00bb custom_padding_tablet=\u00bb50px||50px||true|false\u00bb custom_padding_phone=\u00bb50px||50px||true|false\u00bb global_colors_info=\u00bb{}\u00bb][et_pb_column type=\u00bb4_4&#8243; _builder_version=\u00bb4.20.2&#8243; _module_preset=\u00bbdefault\u00bb global_colors_info=\u00bb{}\u00bb][et_pb_text _builder_version=\u00bb4.24.0&#8243; _module_preset=\u00bbdefault\u00bb header_font=\u00bbAdobe Garamond Pro Semibold|600|||||||\u00bb background_layout=\u00bbdark\u00bb global_colors_info=\u00bb{}\u00bb]<\/p>\n<h1>EVALUACI\u00d3N DE SU CASO GRATIS<\/h1>\n<p>[\/et_pb_text][\/et_pb_column][\/et_pb_row][\/et_pb_section][et_pb_section fb_built=\u00bb1&#8243; _builder_version=\u00bb4.20.2&#8243; _module_preset=\u00bbdefault\u00bb global_colors_info=\u00bb{}\u00bb][et_pb_row column_structure=\u00bb1_2,1_2&#8243; _builder_version=\u00bb4.24.0&#8243; _module_preset=\u00bbdefault\u00bb global_colors_info=\u00bb{}\u00bb][et_pb_column type=\u00bb1_2&#8243; _builder_version=\u00bb4.24.0&#8243; _module_preset=\u00bbdefault\u00bb sticky_position=\u00bbtop\u00bb sticky_limit_bottom=\u00bbrow\u00bb sticky_position_tablet=\u00bbnone\u00bb sticky_position_phone=\u00bb\u00bb sticky_position_last_edited=\u00bbon|tablet\u00bb global_colors_info=\u00bb{}\u00bb][et_pb_text _builder_version=\u00bb4.24.2&#8243; _module_preset=\u00bbdefault\u00bb header_2_font_size=\u00bb40px\u00bb hover_enabled=\u00bb0&#8243; header_2_font_size_tablet=\u00bb30px\u00bb header_2_font_size_phone=\u00bb\u00bb header_2_font_size_last_edited=\u00bbon|phone\u00bb global_colors_info=\u00bb{}\u00bb sticky_enabled=\u00bb0&#8243;]<\/p>\n<h2>\u00bfNecesita ayuda de inmigraci\u00f3n? \u00a1Programe una evaluaci\u00f3n gratuita de su caso hoy!<\/h2>\n<p>Ya sea que ya se encuentre en los EE. UU. y necesite apoyo o se est\u00e9 preparando para dar el salto, necesita un abogado de inmigraci\u00f3n con experiencia que pueda navegar por el complejo proceso y guiarlo hacia un resultado satisfactorio.<\/p>\n<p>Durante la evaluaci\u00f3n de su caso, nuestros analistas legales revisan minuciosamente los detalles de su caso para determinar c\u00f3mo podemos ayudarlo a alcanzar sus objetivos. Ya sea que necesite ayuda con visas, documentaci\u00f3n, tarjetas de residencia, naturalizaci\u00f3n de ciudadan\u00eda estadounidense o cualquier otra cosa, nos tomamos el tiempo para comprender sus necesidades para poder brindarle el apoyo que necesita. Inicie el proceso de evaluaci\u00f3n gratuita de su caso ahora llam\u00e1ndonos o completando nuestro formulario.[\/et_pb_text][et_pb_text _builder_version=\u00bb4.24.0&#8243; _module_preset=\u00bbdefault\u00bb header_4_font_size=\u00bb30px\u00bb custom_margin=\u00bb||10px||false|false\u00bb header_4_font_size_tablet=\u00bb26px\u00bb header_4_font_size_phone=\u00bb\u00bb header_4_font_size_last_edited=\u00bbon|tablet\u00bb global_colors_info=\u00bb{}\u00bb]<\/p>\n<h4>Cont\u00e1ctenos 360 Immigration Law Group<\/h4>\n<p>[\/et_pb_text][dsm_icon_list icon_gap_width=\u00bb1.5em\u00bb icon_font_size=\u00bb20px\u00bb list_space_between=\u00bb10px\u00bb _builder_version=\u00bb4.24.0&#8243; _module_preset=\u00bbdefault\u00bb max_width=\u00bb400px\u00bb global_colors_info=\u00bb{}\u00bb][dsm_icon_list_child text=\u00bb954.667.3660&#8243; font_icon=\u00bb&#xe090;||divi||400&#8243; url=\u00bbtel:9546673660&#8243; _builder_version=\u00bb4.24.0&#8243; _module_preset=\u00bbdefault\u00bb global_colors_info=\u00bb{}\u00bb][\/dsm_icon_list_child][dsm_icon_list_child text=\u00bbinfo@360immigrationlaw.com\u00bb font_icon=\u00bb&#xf0e0;||fa||900&#8243; url=\u00bbmailto:info@360immigrationlaw.com\u00bb _builder_version=\u00bb4.24.0&#8243; _module_preset=\u00bbdefault\u00bb global_colors_info=\u00bb{}\u00bb][\/dsm_icon_list_child][dsm_icon_list_child text=\u00bb10100 West Sample Road, Suite 106 Coral Springs, FL 33065&#8243; font_icon=\u00bb&#xe081;||divi||400&#8243; url=\u00bbhttps:\/\/maps.app.goo.gl\/Xd7bCns2E9gE2QPq8&#8243; url_new_window=\u00bbon\u00bb _builder_version=\u00bb4.24.0&#8243; _module_preset=\u00bbdefault\u00bb global_colors_info=\u00bb{}\u00bb][\/dsm_icon_list_child][\/dsm_icon_list][\/et_pb_column][et_pb_column type=\u00bb1_2&#8243; _builder_version=\u00bb4.20.2&#8243; _module_preset=\u00bbdefault\u00bb global_colors_info=\u00bb{}\u00bb][et_pb_code _builder_version=\u00bb4.24.0&#8243; _module_preset=\u00bbdefault\u00bb global_colors_info=\u00bb{}\u00bb]<!-- Start Lawmatics Embedded Snippet --><!-- [et_pb_line_break_holder] --><script id=\"lm-embedded-script\"><!-- [et_pb_line_break_holder] -->!function(e,t,n,a,s,c,i){if(!e[s]){i=e[s]=function(){i.process?i.process.apply(i,arguments):i.queue.push(arguments)},i.queue=[],i.t=1*new Date;var o=t.createElement(n);o.async=1,o.src=a+\"?t=\"+Math.ceil(new Date\/c)*c;var r=t.getElementsByTagName(n)[0];r.parentNode.insertBefore(o,r)}}(window,document,\"script\",\"https:\/\/navi.lawmatics.com\/intake.min.js\",\"lm_intake\",864e5),lm_intake(\"ad170c6e-bf31-4f7f-b4f6-778f5f2ffa28\");<!-- [et_pb_line_break_holder] --><\/script><!-- [et_pb_line_break_holder] --><!-- End Lawmatics Embedded Snippet -->[\/et_pb_code][\/et_pb_column][\/et_pb_row][\/et_pb_section]<\/p>\n","protected":false},"excerpt":{"rendered":"<p>EVALUACI\u00d3N DE SU CASO GRATIS\u00bfNecesita ayuda de inmigraci\u00f3n? \u00a1Programe una evaluaci\u00f3n gratuita de su caso hoy! Ya sea que ya se encuentre en los EE. UU. y necesite apoyo o se est\u00e9 preparando para dar el salto, necesita un abogado de inmigraci\u00f3n con experiencia que pueda navegar por el complejo proceso y guiarlo hacia un resultado satisfactorio. Durante la evaluaci\u00f3n de su caso, nuestros analistas legales revisan minuciosamente los detalles de su caso para determinar c\u00f3mo podemos ayudarlo a alcanzar sus objetivos. Ya sea que necesite ayuda con visas, documentaci\u00f3n, tarjetas de residencia, naturalizaci\u00f3n de ciudadan\u00eda estadounidense o cualquier otra cosa, nos tomamos el tiempo para comprender sus necesidades para poder brindarle el apoyo que necesita. Inicie el proceso de evaluaci\u00f3n gratuita de su caso ahora llam\u00e1ndonos o completando nuestro formulario.Cont\u00e1ctenos 360 Immigration Law Group<div class=\"et_pb_module dsm_icon_list dsm_icon_list_0\">\n\t\t\t\t\n\t\t\t\t\n\t\t\t\t\n\t\t\t\t\n\t\t\t\t\n\t\t\t\t\n\t\t\t\t<div class=\"et_pb_module_inner\">\n\t\t\t\t\t<ul class=\"dsm_icon_list_items dsm_icon_list_ltr_direction dsm_icon_list_layout_vertical\"><li class=\"dsm_icon_list_child dsm_icon_list_child_0\">\n\t\t\t\t\n\t\t\t\t\n\t\t\t\t\n\t\t\t\t\n\t\t\t\t<a href=\"tel:9546673660\"><span class=\"dsm_icon_list_wrapper\"><span class=\"dsm_icon_list_icon\">\ue090<\/span><\/span><span class=\"dsm_icon_list_text\">954.667.3660<\/span><\/a>\n\t\t\t<\/li><li class=\"dsm_icon_list_child dsm_icon_list_child_1\">\n\t\t\t\t\n\t\t\t\t\n\t\t\t\t\n\t\t\t\t\n\t\t\t\t<a href=\"mailto:info@360immigrationlaw.com\"><span class=\"dsm_icon_list_wrapper\"><span class=\"dsm_icon_list_icon\">\uf0e0<\/span><\/span><span class=\"dsm_icon_list_text\">info@360immigrationlaw.com<\/span><\/a>\n\t\t\t<\/li><li class=\"dsm_icon_list_child dsm_icon_list_child_2\">\n\t\t\t\t\n\t\t\t\t\n\t\t\t\t\n\t\t\t\t\n\t\t\t\t<a href=\"https:\/\/maps.app.goo.gl\/Xd7bCns2E9gE2QPq8\" target=\"_blank\"><span class=\"dsm_icon_list_wrapper\"><span class=\"dsm_icon_list_icon\">\ue081<\/span><\/span><span class=\"dsm_icon_list_text\">10100 West Sample Road, Suite 106 Coral Springs, FL 33065<\/span><\/a>\n\t\t\t<\/li><\/ul>\n\t\t\t\t<\/div>\n\t\t\t<\/div><\/p>\n","protected":false},"author":3,"featured_media":0,"parent":0,"menu_order":0,"comment_status":"closed","ping_status":"closed","template":"","meta":{"_et_pb_use_builder":"on","_et_pb_old_content":"","_et_gb_content_width":"","_lmt_disableupdate":"","_lmt_disable":"","footnotes":""},"class_list":["post-82417","page","type-page","status-publish","hentry"],"yoast_head":"<!-- This site is optimized with the Yoast SEO plugin v27.3 - https:\/\/yoast.com\/product\/yoast-seo-wordpress\/ -->\n<title>EVALUACI\u00d3N DE SU CASO GRATIS - 360 Immigration Law<\/title>\n<meta name=\"robots\" content=\"index, follow, max-snippet:-1, max-image-preview:large, max-video-preview:-1\" \/>\n<link rel=\"canonical\" href=\"https:\/\/360immigrationlaw.com\/es\/evaluacion-de-su-caso-gratis\/\" \/>\n<meta property=\"og:locale\" content=\"es_ES\" \/>\n<meta property=\"og:type\" content=\"article\" \/>\n<meta property=\"og:title\" content=\"EVALUACI\u00d3N DE SU CASO GRATIS - 360 Immigration Law\" \/>\n<meta property=\"og:description\" content=\"EVALUACI\u00d3N DE SU CASO GRATIS\u00bfNecesita ayuda de inmigraci\u00f3n? \u00a1Programe una evaluaci\u00f3n gratuita de su caso hoy! Ya sea que ya se encuentre en los EE. UU. y necesite apoyo o se est\u00e9 preparando para dar el salto, necesita un abogado de inmigraci\u00f3n con experiencia que pueda navegar por el complejo proceso y guiarlo hacia un resultado satisfactorio. Durante la evaluaci\u00f3n de su caso, nuestros analistas legales revisan minuciosamente los detalles de su caso para determinar c\u00f3mo podemos ayudarlo a alcanzar sus objetivos. Ya sea que necesite ayuda con visas, documentaci\u00f3n, tarjetas de residencia, naturalizaci\u00f3n de ciudadan\u00eda estadounidense o cualquier otra cosa, nos tomamos el tiempo para comprender sus necesidades para poder brindarle el apoyo que necesita. Inicie el proceso de evaluaci\u00f3n gratuita de su caso ahora llam\u00e1ndonos o completando nuestro formulario.Cont\u00e1ctenos 360 Immigration Law Group\" \/>\n<meta property=\"og:url\" content=\"https:\/\/360immigrationlaw.com\/es\/evaluacion-de-su-caso-gratis\/\" \/>\n<meta property=\"og:site_name\" content=\"360 Immigration Law\" \/>\n<meta property=\"article:publisher\" content=\"https:\/\/www.facebook.com\/360Immigration\/\" \/>\n<meta property=\"article:modified_time\" content=\"2024-04-02T18:45:56+00:00\" \/>\n<meta name=\"twitter:card\" content=\"summary_large_image\" \/>\n<meta name=\"twitter:site\" content=\"@360immigration\" \/>\n<script type=\"application\/ld+json\" class=\"yoast-schema-graph\">{\"@context\":\"https:\\\/\\\/schema.org\",\"@graph\":[{\"@type\":\"WebPage\",\"@id\":\"https:\\\/\\\/360immigrationlaw.com\\\/es\\\/evaluacion-de-su-caso-gratis\\\/\",\"url\":\"https:\\\/\\\/360immigrationlaw.com\\\/es\\\/evaluacion-de-su-caso-gratis\\\/\",\"name\":\"EVALUACI\u00d3N DE SU CASO GRATIS - 360 Immigration Law\",\"isPartOf\":{\"@id\":\"https:\\\/\\\/es.360immigrationlaw.com\\\/#website\"},\"datePublished\":\"2024-02-10T16:57:50+00:00\",\"dateModified\":\"2024-04-02T18:45:56+00:00\",\"breadcrumb\":{\"@id\":\"https:\\\/\\\/360immigrationlaw.com\\\/es\\\/evaluacion-de-su-caso-gratis\\\/#breadcrumb\"},\"inLanguage\":\"es\",\"potentialAction\":[{\"@type\":\"ReadAction\",\"target\":[\"https:\\\/\\\/360immigrationlaw.com\\\/es\\\/evaluacion-de-su-caso-gratis\\\/\"]}]},{\"@type\":\"BreadcrumbList\",\"@id\":\"https:\\\/\\\/360immigrationlaw.com\\\/es\\\/evaluacion-de-su-caso-gratis\\\/#breadcrumb\",\"itemListElement\":[{\"@type\":\"ListItem\",\"position\":1,\"name\":\"Home\",\"item\":\"https:\\\/\\\/360immigrationlaw.com\\\/es\\\/\"},{\"@type\":\"ListItem\",\"position\":2,\"name\":\"EVALUACI\u00d3N DE SU CASO GRATIS\"}]},{\"@type\":\"WebSite\",\"@id\":\"https:\\\/\\\/es.360immigrationlaw.com\\\/#website\",\"url\":\"https:\\\/\\\/es.360immigrationlaw.com\\\/\",\"name\":\"360 Immigration Law\",\"description\":\"Abogado de inmigraci\u00f3n en Florida\",\"publisher\":{\"@id\":\"https:\\\/\\\/es.360immigrationlaw.com\\\/#organization\"},\"potentialAction\":[{\"@type\":\"SearchAction\",\"target\":{\"@type\":\"EntryPoint\",\"urlTemplate\":\"https:\\\/\\\/es.360immigrationlaw.com\\\/?s={search_term_string}\"},\"query-input\":{\"@type\":\"PropertyValueSpecification\",\"valueRequired\":true,\"valueName\":\"search_term_string\"}}],\"inLanguage\":\"es\"},{\"@type\":\"Organization\",\"@id\":\"https:\\\/\\\/es.360immigrationlaw.com\\\/#organization\",\"name\":\"360 Immigration Law\",\"url\":\"https:\\\/\\\/es.360immigrationlaw.com\\\/\",\"logo\":{\"@type\":\"ImageObject\",\"inLanguage\":\"es\",\"@id\":\"https:\\\/\\\/es.360immigrationlaw.com\\\/#\\\/schema\\\/logo\\\/image\\\/\",\"url\":\"https:\\\/\\\/360immigrationlaw.com\\\/es\\\/wp-content\\\/uploads\\\/2023\\\/06\\\/360_Immigration_Law_Group.jpg\",\"contentUrl\":\"https:\\\/\\\/360immigrationlaw.com\\\/es\\\/wp-content\\\/uploads\\\/2023\\\/06\\\/360_Immigration_Law_Group.jpg\",\"width\":1264,\"height\":932,\"caption\":\"360 Immigration Law\"},\"image\":{\"@id\":\"https:\\\/\\\/es.360immigrationlaw.com\\\/#\\\/schema\\\/logo\\\/image\\\/\"},\"sameAs\":[\"https:\\\/\\\/www.facebook.com\\\/360Immigration\\\/\",\"https:\\\/\\\/x.com\\\/360immigration\"]}]}<\/script>\n<!-- \/ Yoast SEO plugin. -->","yoast_head_json":{"title":"EVALUACI\u00d3N DE SU CASO GRATIS - 360 Immigration Law","robots":{"index":"index","follow":"follow","max-snippet":"max-snippet:-1","max-image-preview":"max-image-preview:large","max-video-preview":"max-video-preview:-1"},"canonical":"https:\/\/360immigrationlaw.com\/es\/evaluacion-de-su-caso-gratis\/","og_locale":"es_ES","og_type":"article","og_title":"EVALUACI\u00d3N DE SU CASO GRATIS - 360 Immigration Law","og_description":"EVALUACI\u00d3N DE SU CASO GRATIS\u00bfNecesita ayuda de inmigraci\u00f3n? \u00a1Programe una evaluaci\u00f3n gratuita de su caso hoy! Ya sea que ya se encuentre en los EE. UU. y necesite apoyo o se est\u00e9 preparando para dar el salto, necesita un abogado de inmigraci\u00f3n con experiencia que pueda navegar por el complejo proceso y guiarlo hacia un resultado satisfactorio. Durante la evaluaci\u00f3n de su caso, nuestros analistas legales revisan minuciosamente los detalles de su caso para determinar c\u00f3mo podemos ayudarlo a alcanzar sus objetivos. Ya sea que necesite ayuda con visas, documentaci\u00f3n, tarjetas de residencia, naturalizaci\u00f3n de ciudadan\u00eda estadounidense o cualquier otra cosa, nos tomamos el tiempo para comprender sus necesidades para poder brindarle el apoyo que necesita. Inicie el proceso de evaluaci\u00f3n gratuita de su caso ahora llam\u00e1ndonos o completando nuestro formulario.Cont\u00e1ctenos 360 Immigration Law Group","og_url":"https:\/\/360immigrationlaw.com\/es\/evaluacion-de-su-caso-gratis\/","og_site_name":"360 Immigration Law","article_publisher":"https:\/\/www.facebook.com\/360Immigration\/","article_modified_time":"2024-04-02T18:45:56+00:00","twitter_card":"summary_large_image","twitter_site":"@360immigration","schema":{"@context":"https:\/\/schema.org","@graph":[{"@type":"WebPage","@id":"https:\/\/360immigrationlaw.com\/es\/evaluacion-de-su-caso-gratis\/","url":"https:\/\/360immigrationlaw.com\/es\/evaluacion-de-su-caso-gratis\/","name":"EVALUACI\u00d3N DE SU CASO GRATIS - 360 Immigration Law","isPartOf":{"@id":"https:\/\/es.360immigrationlaw.com\/#website"},"datePublished":"2024-02-10T16:57:50+00:00","dateModified":"2024-04-02T18:45:56+00:00","breadcrumb":{"@id":"https:\/\/360immigrationlaw.com\/es\/evaluacion-de-su-caso-gratis\/#breadcrumb"},"inLanguage":"es","potentialAction":[{"@type":"ReadAction","target":["https:\/\/360immigrationlaw.com\/es\/evaluacion-de-su-caso-gratis\/"]}]},{"@type":"BreadcrumbList","@id":"https:\/\/360immigrationlaw.com\/es\/evaluacion-de-su-caso-gratis\/#breadcrumb","itemListElement":[{"@type":"ListItem","position":1,"name":"Home","item":"https:\/\/360immigrationlaw.com\/es\/"},{"@type":"ListItem","position":2,"name":"EVALUACI\u00d3N DE SU CASO GRATIS"}]},{"@type":"WebSite","@id":"https:\/\/es.360immigrationlaw.com\/#website","url":"https:\/\/es.360immigrationlaw.com\/","name":"360 Immigration Law","description":"Abogado de inmigraci\u00f3n en Florida","publisher":{"@id":"https:\/\/es.360immigrationlaw.com\/#organization"},"potentialAction":[{"@type":"SearchAction","target":{"@type":"EntryPoint","urlTemplate":"https:\/\/es.360immigrationlaw.com\/?s={search_term_string}"},"query-input":{"@type":"PropertyValueSpecification","valueRequired":true,"valueName":"search_term_string"}}],"inLanguage":"es"},{"@type":"Organization","@id":"https:\/\/es.360immigrationlaw.com\/#organization","name":"360 Immigration Law","url":"https:\/\/es.360immigrationlaw.com\/","logo":{"@type":"ImageObject","inLanguage":"es","@id":"https:\/\/es.360immigrationlaw.com\/#\/schema\/logo\/image\/","url":"https:\/\/360immigrationlaw.com\/es\/wp-content\/uploads\/2023\/06\/360_Immigration_Law_Group.jpg","contentUrl":"https:\/\/360immigrationlaw.com\/es\/wp-content\/uploads\/2023\/06\/360_Immigration_Law_Group.jpg","width":1264,"height":932,"caption":"360 Immigration Law"},"image":{"@id":"https:\/\/es.360immigrationlaw.com\/#\/schema\/logo\/image\/"},"sameAs":["https:\/\/www.facebook.com\/360Immigration\/","https:\/\/x.com\/360immigration"]}]}},"_links":{"self":[{"href":"https:\/\/360immigrationlaw.com\/es\/wp-json\/wp\/v2\/pages\/82417","targetHints":{"allow":["GET"]}}],"collection":[{"href":"https:\/\/360immigrationlaw.com\/es\/wp-json\/wp\/v2\/pages"}],"about":[{"href":"https:\/\/360immigrationlaw.com\/es\/wp-json\/wp\/v2\/types\/page"}],"author":[{"embeddable":true,"href":"https:\/\/360immigrationlaw.com\/es\/wp-json\/wp\/v2\/users\/3"}],"replies":[{"embeddable":true,"href":"https:\/\/360immigrationlaw.com\/es\/wp-json\/wp\/v2\/comments?post=82417"}],"version-history":[{"count":3,"href":"https:\/\/360immigrationlaw.com\/es\/wp-json\/wp\/v2\/pages\/82417\/revisions"}],"predecessor-version":[{"id":82467,"href":"https:\/\/360immigrationlaw.com\/es\/wp-json\/wp\/v2\/pages\/82417\/revisions\/82467"}],"wp:attachment":[{"href":"https:\/\/360immigrationlaw.com\/es\/wp-json\/wp\/v2\/media?parent=82417"}],"curies":[{"name":"wp","href":"https:\/\/api.w.org\/{rel}","templated":true}]}}