{"id":82532,"date":"2024-05-21T05:52:41","date_gmt":"2024-05-21T05:52:41","guid":{"rendered":"https:\/\/360immigrationlaw.com\/es\/?page_id=82532"},"modified":"2024-05-21T12:26:58","modified_gmt":"2024-05-21T12:26:58","slug":"t-visa","status":"publish","type":"page","link":"https:\/\/360immigrationlaw.com\/es\/t-visa\/","title":{"rendered":"t-visa"},"content":{"rendered":"<p>[et_pb_section fb_built=\u00bb1&#8243; custom_padding_last_edited=\u00bbon|phone\u00bb module_id=\u00bbhead-sec\u00bb _builder_version=\u00bb4.25.0&#8243; _module_preset=\u00bbdefault\u00bb use_background_color_gradient=\u00bbon\u00bb background_color_gradient_direction=\u00bb91deg\u00bb background_color_gradient_stops=\u00bbrgba(0,0,0,0.33) 0%|rgba(0,0,0,0.33) 100%\u00bb background_color_gradient_overlays_image=\u00bbon\u00bb background_image=\u00bbhttps:\/\/360immigrationlaw.com\/es\/wp-content\/uploads\/2024\/05\/T-Visa-hero-bg-1-1.webp\u00bb custom_padding=\u00bb400px||80px||false|false\u00bb custom_padding_tablet=\u00bb250px||100px||false|false\u00bb custom_padding_phone=\u00bb30px||30px||true|false\u00bb global_colors_info=\u00bb{}\u00bb][et_pb_row custom_padding_last_edited=\u00bbon|desktop\u00bb _builder_version=\u00bb4.21.0&#8243; _module_preset=\u00bbdefault\u00bb custom_margin=\u00bb||||true|false\u00bb custom_padding=\u00bb80px||80px||true|false\u00bb custom_padding_tablet=\u00bb50px||50px||true|false\u00bb custom_padding_phone=\u00bb150px||0px||false|false\u00bb global_colors_info=\u00bb{}\u00bb][et_pb_column type=\u00bb4_4&#8243; _builder_version=\u00bb4.20.2&#8243; _module_preset=\u00bbdefault\u00bb global_colors_info=\u00bb{}\u00bb][et_pb_text _builder_version=\u00bb4.25.0&#8243; _module_preset=\u00bbdefault\u00bb header_font=\u00bbAdobe Garamond Pro Semibold|600|||||||\u00bb background_layout=\u00bbdark\u00bb custom_margin=\u00bb||||false|false\u00bb custom_padding=\u00bb||||false|false\u00bb hover_enabled=\u00bb0&#8243; header_font_size_tablet=\u00bb\u00bb header_font_size_phone=\u00bb30px\u00bb header_font_size_last_edited=\u00bbon|phone\u00bb global_colors_info=\u00bb{}\u00bb sticky_enabled=\u00bb0&#8243;]<\/p>\n<h1>VISA T<\/h1>\n<p>[\/et_pb_text][\/et_pb_column][\/et_pb_row][\/et_pb_section][et_pb_section fb_built=\u00bb1&#8243; custom_padding_last_edited=\u00bbon|phone\u00bb _builder_version=\u00bb4.25.0&#8243; _module_preset=\u00bbdefault\u00bb custom_margin_tablet=\u00bb\u00bb custom_margin_phone=\u00bb||||false|false\u00bb custom_margin_last_edited=\u00bbon|phone\u00bb custom_padding=\u00bb40px||||false|false\u00bb custom_padding_tablet=\u00bb\u00bb custom_padding_phone=\u00bb||||false|false\u00bb global_colors_info=\u00bb{}\u00bb][et_pb_row custom_padding_last_edited=\u00bbon|phone\u00bb _builder_version=\u00bb4.21.0&#8243; _module_preset=\u00bbdefault\u00bb custom_padding_tablet=\u00bb\u00bb custom_padding_phone=\u00bb0px||||false|false\u00bb global_colors_info=\u00bb{}\u00bb][et_pb_column type=\u00bb4_4&#8243; _builder_version=\u00bb4.20.2&#8243; _module_preset=\u00bbdefault\u00bb global_colors_info=\u00bb{}\u00bb][et_pb_text _builder_version=\u00bb4.25.0&#8243; _module_preset=\u00bbdefault\u00bb text_font=\u00bbHelveticaNeue normal||||||||\u00bb text_font_size_tablet=\u00bb\u00bb text_font_size_phone=\u00bb20px\u00bb text_font_size_last_edited=\u00bbon|phone\u00bb global_colors_info=\u00bb{}\u00bb]Desafortunadamente, la trata de personas es un problema frecuente en los Estados Unidos. En Florida, los informes de 2020 del Departamento de Salud del estado indican que 738 casos de trata de personas involucraron a mujeres y ni\u00f1os. Los abogados de inmigraci\u00f3n de 360 Immigration Law Group han estado trabajando con v\u00edctimas de trata de personas para adquirir Visas T durante a\u00f1os.<\/p>\n<p>Hay esperanza para quienes buscan alivio. Obtener su Visa T le abre la puerta a una vida segura en los Estados Unidos y le permite trabajar. Si usted o alguien que conoce est\u00e1 buscando una Visa T, comun\u00edquese con los abogados de inmigraci\u00f3n de Florida en 360 Immigration Law Group.[\/et_pb_text][\/et_pb_column][\/et_pb_row][et_pb_row column_structure=\u00bb2_5,3_5&#8243; make_equal=\u00bbon\u00bb _builder_version=\u00bb4.25.0&#8243; _module_preset=\u00bbdefault\u00bb global_colors_info=\u00bb{}\u00bb][et_pb_column type=\u00bb2_5&#8243; _builder_version=\u00bb4.25.0&#8243; _module_preset=\u00bbdefault\u00bb background_image=\u00bbhttps:\/\/360immigrationlaw.com\/es\/wp-content\/uploads\/2024\/05\/TVisa-1-1.jpg\u00bb background_position=\u00bbtop_center\u00bb background_last_edited=\u00bbon|phone\u00bb background_enable_image_tablet=\u00bboff\u00bb global_colors_info=\u00bb{}\u00bb][et_pb_image src=\u00bbhttps:\/\/360immigrationlaw.com\/es\/wp-content\/uploads\/2024\/05\/TVisa-1-1.jpg\u00bb alt=\u00bbfamily image\u00bb title_text=\u00bbTVisa-1 (1)\u00bb disabled_on=\u00bboff|off|on\u00bb _builder_version=\u00bb4.25.0&#8243; _module_preset=\u00bbdefault\u00bb sticky_limit_top=\u00bbcolumn\u00bb sticky_limit_bottom=\u00bbrow\u00bb global_colors_info=\u00bb{}\u00bb][\/et_pb_image][\/et_pb_column][et_pb_column type=\u00bb3_5&#8243; _builder_version=\u00bb4.21.0&#8243; _module_preset=\u00bbdefault\u00bb global_colors_info=\u00bb{}\u00bb][et_pb_text _builder_version=\u00bb4.25.0&#8243; _module_preset=\u00bbdefault\u00bb text_font=\u00bbHelveticaNeue normal||||||||\u00bb header_4_font=\u00bbHelvetica Neu Bold||||||||\u00bb header_4_font_size=\u00bb25px\u00bb header_4_line_height=\u00bb1.4em\u00bb text_font_size_tablet=\u00bb\u00bb text_font_size_phone=\u00bb20px\u00bb text_font_size_last_edited=\u00bbon|phone\u00bb header_4_font_size_tablet=\u00bb25px\u00bb header_4_font_size_phone=\u00bb24px\u00bb header_4_font_size_last_edited=\u00bbon|phone\u00bb header_4_line_height_tablet=\u00bb1.4em\u00bb header_4_line_height_phone=\u00bb1.2em\u00bb header_4_line_height_last_edited=\u00bbon|phone\u00bb global_colors_info=\u00bb{}\u00bb]<\/p>\n<h4>\u00bfQu\u00e9 es una visa T?<\/h4>\n<p>Una Visa T permite a las v\u00edctimas no ciudadanas (que son sobrevivientes de trata de personas) convertirse en residentes permanentes en los Estados Unidos. Estos tipos de visas tambi\u00e9n permiten a la v\u00edctima no ciudadana obtener autorizaci\u00f3n de trabajo en los EE. UU. A veces, si un sobreviviente obtiene con \u00e9xito la ciudadan\u00eda o la residencia permanente a trav\u00e9s de estas circunstancias, sus familiares cercanos pueden eventualmente reunirse con \u00e9l en los Estados Unidos.<\/p>\n<p><b>\u00bfCu\u00e1l es el proceso para obtener una visa T?<\/b><\/p>\n<ol>\n<li>Denunciar la trata de personas<br \/>\nLa primera medida que debe tomar si usted o alguien que conoce es v\u00edctima de trata de personas es comunicarse con las autoridades locales de inmediato. Los informantes o sobrevivientes tambi\u00e9n pueden comunicarse con la L\u00ednea Directa Nacional contra la Trata de Personas. Una vez que haya informado a las autoridades, se llevar\u00e1 a cabo una investigaci\u00f3n.<\/li>\n<li>Presentaci\u00f3n de un formulario I-914<br \/>\nNo habr\u00e1 una tarifa de solicitud al enviar el formulario de solicitud de visa I-914. El tiempo que lleva procesar la solicitud y la aprobaci\u00f3n es \u00fanico para cada caso y puede variar seg\u00fan la evidencia. Si se aprueba, la Visa T puede ser v\u00e1lida por hasta cuatro a\u00f1os.<\/li>\n<li>Recopilar pruebas para demostrar la elegibilidad<br \/>\nDemostrar la trata de personas puede ser un proceso complejo y emocionalmente cargado para todos los involucrados. Algunos de estos identificadores incluyen abuso f\u00edsico flagrante (moretones, rasgu\u00f1os, quemaduras), malas condiciones de vida (vivir en espacios reducidos con varias personas), que el empleador o \u201ctutor\u201d retenga documentos de identificaci\u00f3n, o estar mal pagado, trabajar en exceso o tener miedo.<\/li>\n<\/ol>\n<p>[\/et_pb_text][\/et_pb_column][\/et_pb_row][et_pb_row custom_padding_last_edited=\u00bbon|phone\u00bb _builder_version=\u00bb4.21.0&#8243; _module_preset=\u00bbdefault\u00bb custom_padding=\u00bb0px|||||\u00bb custom_padding_tablet=\u00bb\u00bb custom_padding_phone=\u00bb0px||||false|false\u00bb global_colors_info=\u00bb{}\u00bb][et_pb_column type=\u00bb4_4&#8243; _builder_version=\u00bb4.20.2&#8243; _module_preset=\u00bbdefault\u00bb global_colors_info=\u00bb{}\u00bb][et_pb_text _builder_version=\u00bb4.25.0&#8243; _module_preset=\u00bbdefault\u00bb text_font=\u00bbHelveticaNeue normal||||||||\u00bb text_font_size_tablet=\u00bb\u00bb text_font_size_phone=\u00bb20px\u00bb text_font_size_last_edited=\u00bbon|phone\u00bb global_colors_info=\u00bb{}\u00bb]Para obtener ayuda con las solicitudes de Visa T, comun\u00edquese con el experimentado equipo legal de 360 Immigration Law Group.[\/et_pb_text][\/et_pb_column][\/et_pb_row][et_pb_row column_structure=\u00bb1_2,1_2&#8243; make_equal=\u00bbon\u00bb custom_padding_last_edited=\u00bbon|phone\u00bb _builder_version=\u00bb4.25.0&#8243; _module_preset=\u00bbdefault\u00bb custom_padding_tablet=\u00bb\u00bb custom_padding_phone=\u00bb0px||0px||false|false\u00bb locked=\u00bboff\u00bb global_colors_info=\u00bb{}\u00bb][et_pb_column type=\u00bb1_2&#8243; _builder_version=\u00bb4.20.2&#8243; _module_preset=\u00bbdefault\u00bb custom_css_main_element=\u00bbmargin:auto;\u00bb global_colors_info=\u00bb{}\u00bb][et_pb_text _builder_version=\u00bb4.25.0&#8243; _module_preset=\u00bbdefault\u00bb text_font=\u00bbHelveticaNeue normal||||||||\u00bb header_4_font=\u00bbHelvetica Neu Bold||||||||\u00bb header_4_font_size=\u00bb25px\u00bb header_4_line_height=\u00bb1.4em\u00bb text_font_size_tablet=\u00bb\u00bb text_font_size_phone=\u00bb20px\u00bb text_font_size_last_edited=\u00bbon|phone\u00bb header_4_font_size_tablet=\u00bb25px\u00bb header_4_font_size_phone=\u00bb24px\u00bb header_4_font_size_last_edited=\u00bbon|phone\u00bb header_4_line_height_tablet=\u00bb1.4em\u00bb header_4_line_height_phone=\u00bb1.2em\u00bb header_4_line_height_last_edited=\u00bbon|phone\u00bb global_colors_info=\u00bb{}\u00bb]<\/p>\n<h4>Calificaciones para una Visa T en Florida<\/h4>\n<p>Para calificar para una Visa T, debes cumplir con varios requisitos:<\/p>\n<ul>\n<li>Es v\u00edctima de trata de personas grave (que implica uso de la fuerza, prostituci\u00f3n forzada, tr\u00e1fico sexual o servidumbre involuntaria).<\/li>\n<li>Est\u00e1s en los Estados Unidos como resultado de la trata de personas.<\/li>\n<li>Puede demostrar que regresar a su pa\u00eds de origen representa un riesgo extremo.<\/li>\n<li>Si eres mayor de 18 a\u00f1os, has cumplido o cumplir\u00e1s con investigaciones por trata de personas.<\/li>\n<\/ul>\n<p>En 360 Immigration Law Group, hemos ayudado a muchos sobrevivientes de trata a solicitar Visas T. Cont\u00e1ctenos para discutir su caso y determinar si califica.[\/et_pb_text][\/et_pb_column][et_pb_column type=\u00bb1_2&#8243; _builder_version=\u00bb4.25.0&#8243; _module_preset=\u00bbdefault\u00bb background_image=\u00bbhttps:\/\/360immigrationlaw.com\/es\/wp-content\/uploads\/2024\/05\/TVisa-2-1.jpg\u00bb background_position=\u00bbtop_right\u00bb custom_padding_tablet=\u00bb30px||||false|false\u00bb custom_padding_phone=\u00bb||||false|false\u00bb custom_padding_last_edited=\u00bbon|phone\u00bb background_last_edited=\u00bbon|tablet\u00bb background_enable_image_tablet=\u00bboff\u00bb global_colors_info=\u00bb{}\u00bb][et_pb_image src=\u00bbhttps:\/\/360immigrationlaw.com\/es\/wp-content\/uploads\/2024\/05\/TVisa-2-1.jpg\u00bb alt=\u00bbMaking immigration decisions that impact your family based on fear is the worst thing you can do. That\u2019s where our experience in handling family-based immigration petitions comes in. Our firm is fully aware to the fact that every case is someone\u2019s life. We are an office of immigrants, and because we\u2019ve been in your shoes, we treat each client and their case as if they were part of our family. We can help you figure out which relatives you can help \u2013 and which ones you cannot help. There are two categories of family visa petitioners. Some sponsors are U. S. citizens. Others are lawful permanent residents.\u00bb title_text=\u00bbTVisa-2 (1)\u00bb disabled_on=\u00bboff|off|on\u00bb _builder_version=\u00bb4.25.0&#8243; _module_preset=\u00bbdefault\u00bb sticky_limit_top=\u00bbcolumn\u00bb sticky_limit_bottom=\u00bbcolumn\u00bb global_colors_info=\u00bb{}\u00bb][\/et_pb_image][\/et_pb_column][\/et_pb_row][\/et_pb_section][et_pb_section fb_built=\u00bb1&#8243; custom_padding_last_edited=\u00bbon|phone\u00bb _builder_version=\u00bb4.21.0&#8243; _module_preset=\u00bbdefault\u00bb custom_margin_tablet=\u00bb\u00bb custom_margin_phone=\u00bb||||false|false\u00bb custom_margin_last_edited=\u00bbon|phone\u00bb custom_padding=\u00bb0px||||false|false\u00bb custom_padding_tablet=\u00bb0px||||false|false\u00bb custom_padding_phone=\u00bb0px||||false|false\u00bb global_colors_info=\u00bb{}\u00bb][et_pb_row custom_padding_last_edited=\u00bbon|phone\u00bb _builder_version=\u00bb4.21.0&#8243; _module_preset=\u00bbdefault\u00bb background_color=\u00bbrgba(213,207,203,0.42)\u00bb custom_padding_tablet=\u00bb\u00bb custom_padding_phone=\u00bb0px||0px||false|false\u00bb global_colors_info=\u00bb{}\u00bb][et_pb_column type=\u00bb4_4&#8243; _builder_version=\u00bb4.20.2&#8243; _module_preset=\u00bbdefault\u00bb global_colors_info=\u00bb{}\u00bb][et_pb_cta title=\u00bbPara obtener ayuda para solicitar su Visa T, dir\u00edjase a 360 Immigration Law Group\u00bb button_url=\u00bb@ET-DC@eyJkeW5hbWljIjp0cnVlLCJjb250ZW50IjoicG9zdF9saW5rX3VybF9wYWdlIiwic2V0dGluZ3MiOnsicG9zdF9pZCI6IjUwNiJ9fQ==@\u00bb button_text=\u00bbContactenos\u00bb _builder_version=\u00bb4.25.0&#8243; _dynamic_attributes=\u00bbbutton_url\u00bb _module_preset=\u00bbdefault\u00bb header_level=\u00bbh4&#8243; header_font=\u00bb|700|||||||\u00bb header_text_color=\u00bbgcid-30b07574-da3b-4944-bfd9-3b5cde1edd29&#8243; header_line_height=\u00bb1.2em\u00bb body_text_color=\u00bb#333333&#8243; background_enable_color=\u00bboff\u00bb custom_button=\u00bbon\u00bb button_text_size=\u00bb18px\u00bb button_bg_color=\u00bbgcid-30b07574-da3b-4944-bfd9-3b5cde1edd29&#8243; button_border_width=\u00bb0px\u00bb button_border_radius=\u00bb15px\u00bb button_font=\u00bbRoboto|700|||||||\u00bb button_use_icon=\u00bboff\u00bb button_custom_margin=\u00bb40px||||false|false\u00bb button_custom_margin_tablet=\u00bb40px||||false|false\u00bb button_custom_margin_phone=\u00bb20px||20px||true|false\u00bb button_custom_margin_last_edited=\u00bbon|phone\u00bb button_custom_padding=\u00bb|40px||40px|true|true\u00bb module_alignment=\u00bbcenter\u00bb custom_padding=\u00bb||0px||false|false\u00bb body_font_size_tablet=\u00bb\u00bb body_font_size_phone=\u00bb20px\u00bb body_font_size_last_edited=\u00bbon|phone\u00bb global_colors_info=\u00bb{%22gcid-30b07574-da3b-4944-bfd9-3b5cde1edd29%22:%91%22button_bg_color%22,%22header_text_color%22%93,%22gcid-eafa90e3-7c53-4465-b3ea-d911763a82f7%22:%91%22button_bg_color__hover%22%93}\u00bb button_bg_color__hover_enabled=\u00bbon|hover\u00bb button_bg_color__hover=\u00bb#400101&#8243; button_bg_enable_color__hover=\u00bbon\u00bb]<\/p>\n<p>Si usted o alguien necesita ayuda para obtener este tipo de visas, 360 Immigration Law Group est\u00e1 aqu\u00ed para ayudarlo. Nuestros expertos abogados de inmigraci\u00f3n han estado apoyando a v\u00edctimas de trata de personas con Visas T durante a\u00f1os. Podemos ayudarlo a comprender si califica, reunir los documentos necesarios y enviar su solicitud.<\/p>\n<p>No tienes que sufrir en silencio. Comun\u00edquese con nuestro bufete de abogados de Florida hoy al 954-667-3660.<\/p>\n<p>[\/et_pb_cta][\/et_pb_column][\/et_pb_row][\/et_pb_section]<\/p>\n","protected":false},"excerpt":{"rendered":"<p>VISA TDesafortunadamente, la trata de personas es un problema frecuente en los Estados Unidos. En Florida, los informes de 2020 del Departamento de Salud del estado indican que 738 casos de trata de personas involucraron a mujeres y ni\u00f1os. Los abogados de inmigraci\u00f3n de 360 Immigration Law Group han estado trabajando con v\u00edctimas de trata de personas para adquirir Visas T durante a\u00f1os. Hay esperanza para quienes buscan alivio. Obtener su Visa T le abre la puerta a una vida segura en los Estados Unidos y le permite trabajar. Si usted o alguien que conoce est\u00e1 buscando una Visa T, comun\u00edquese con los abogados de inmigraci\u00f3n de Florida en 360 Immigration Law Group.\u00bfQu\u00e9 es una visa T? Una Visa T permite a las v\u00edctimas no ciudadanas (que son sobrevivientes de trata de personas) convertirse en residentes permanentes en los Estados Unidos. Estos tipos de visas tambi\u00e9n permiten a la v\u00edctima no ciudadana obtener autorizaci\u00f3n de trabajo en los EE. UU. A veces, si un sobreviviente obtiene con \u00e9xito la ciudadan\u00eda o la residencia permanente a trav\u00e9s de estas circunstancias, sus familiares cercanos pueden eventualmente reunirse con \u00e9l en los Estados Unidos. \u00bfCu\u00e1l es el proceso para obtener una visa T? [&hellip;]<\/p>\n","protected":false},"author":3,"featured_media":0,"parent":0,"menu_order":0,"comment_status":"closed","ping_status":"closed","template":"","meta":{"_et_pb_use_builder":"on","_et_pb_old_content":"","_et_gb_content_width":"","_lmt_disableupdate":"","_lmt_disable":"","footnotes":""},"class_list":["post-82532","page","type-page","status-publish","hentry"],"yoast_head":"<!-- This site is optimized with the Yoast SEO plugin v27.3 - https:\/\/yoast.com\/product\/yoast-seo-wordpress\/ -->\n<title>t-visa - 360 Immigration Law<\/title>\n<meta name=\"robots\" content=\"index, follow, max-snippet:-1, max-image-preview:large, max-video-preview:-1\" \/>\n<link rel=\"canonical\" href=\"https:\/\/360immigrationlaw.com\/es\/t-visa\/\" \/>\n<meta property=\"og:locale\" content=\"es_ES\" \/>\n<meta property=\"og:type\" content=\"article\" \/>\n<meta property=\"og:title\" content=\"t-visa - 360 Immigration Law\" \/>\n<meta property=\"og:description\" content=\"VISA TDesafortunadamente, la trata de personas es un problema frecuente en los Estados Unidos. En Florida, los informes de 2020 del Departamento de Salud del estado indican que 738 casos de trata de personas involucraron a mujeres y ni\u00f1os. Los abogados de inmigraci\u00f3n de 360 Immigration Law Group han estado trabajando con v\u00edctimas de trata de personas para adquirir Visas T durante a\u00f1os. Hay esperanza para quienes buscan alivio. Obtener su Visa T le abre la puerta a una vida segura en los Estados Unidos y le permite trabajar. Si usted o alguien que conoce est\u00e1 buscando una Visa T, comun\u00edquese con los abogados de inmigraci\u00f3n de Florida en 360 Immigration Law Group.\u00bfQu\u00e9 es una visa T? Una Visa T permite a las v\u00edctimas no ciudadanas (que son sobrevivientes de trata de personas) convertirse en residentes permanentes en los Estados Unidos. Estos tipos de visas tambi\u00e9n permiten a la v\u00edctima no ciudadana obtener autorizaci\u00f3n de trabajo en los EE. UU. A veces, si un sobreviviente obtiene con \u00e9xito la ciudadan\u00eda o la residencia permanente a trav\u00e9s de estas circunstancias, sus familiares cercanos pueden eventualmente reunirse con \u00e9l en los Estados Unidos. \u00bfCu\u00e1l es el proceso para obtener una visa T? [&hellip;]\" \/>\n<meta property=\"og:url\" content=\"https:\/\/360immigrationlaw.com\/es\/t-visa\/\" \/>\n<meta property=\"og:site_name\" content=\"360 Immigration Law\" \/>\n<meta property=\"article:publisher\" content=\"https:\/\/www.facebook.com\/360Immigration\/\" \/>\n<meta property=\"article:modified_time\" content=\"2024-05-21T12:26:58+00:00\" \/>\n<meta name=\"twitter:card\" content=\"summary_large_image\" \/>\n<meta name=\"twitter:site\" content=\"@360immigration\" \/>\n<script type=\"application\/ld+json\" class=\"yoast-schema-graph\">{\"@context\":\"https:\\\/\\\/schema.org\",\"@graph\":[{\"@type\":\"WebPage\",\"@id\":\"https:\\\/\\\/360immigrationlaw.com\\\/es\\\/t-visa\\\/\",\"url\":\"https:\\\/\\\/360immigrationlaw.com\\\/es\\\/t-visa\\\/\",\"name\":\"t-visa - 360 Immigration Law\",\"isPartOf\":{\"@id\":\"https:\\\/\\\/es.360immigrationlaw.com\\\/#website\"},\"datePublished\":\"2024-05-21T05:52:41+00:00\",\"dateModified\":\"2024-05-21T12:26:58+00:00\",\"breadcrumb\":{\"@id\":\"https:\\\/\\\/360immigrationlaw.com\\\/es\\\/t-visa\\\/#breadcrumb\"},\"inLanguage\":\"es\",\"potentialAction\":[{\"@type\":\"ReadAction\",\"target\":[\"https:\\\/\\\/360immigrationlaw.com\\\/es\\\/t-visa\\\/\"]}]},{\"@type\":\"BreadcrumbList\",\"@id\":\"https:\\\/\\\/360immigrationlaw.com\\\/es\\\/t-visa\\\/#breadcrumb\",\"itemListElement\":[{\"@type\":\"ListItem\",\"position\":1,\"name\":\"Home\",\"item\":\"https:\\\/\\\/360immigrationlaw.com\\\/es\\\/\"},{\"@type\":\"ListItem\",\"position\":2,\"name\":\"t-visa\"}]},{\"@type\":\"WebSite\",\"@id\":\"https:\\\/\\\/es.360immigrationlaw.com\\\/#website\",\"url\":\"https:\\\/\\\/es.360immigrationlaw.com\\\/\",\"name\":\"360 Immigration Law\",\"description\":\"Abogado de inmigraci\u00f3n en Florida\",\"publisher\":{\"@id\":\"https:\\\/\\\/es.360immigrationlaw.com\\\/#organization\"},\"potentialAction\":[{\"@type\":\"SearchAction\",\"target\":{\"@type\":\"EntryPoint\",\"urlTemplate\":\"https:\\\/\\\/es.360immigrationlaw.com\\\/?s={search_term_string}\"},\"query-input\":{\"@type\":\"PropertyValueSpecification\",\"valueRequired\":true,\"valueName\":\"search_term_string\"}}],\"inLanguage\":\"es\"},{\"@type\":\"Organization\",\"@id\":\"https:\\\/\\\/es.360immigrationlaw.com\\\/#organization\",\"name\":\"360 Immigration Law\",\"url\":\"https:\\\/\\\/es.360immigrationlaw.com\\\/\",\"logo\":{\"@type\":\"ImageObject\",\"inLanguage\":\"es\",\"@id\":\"https:\\\/\\\/es.360immigrationlaw.com\\\/#\\\/schema\\\/logo\\\/image\\\/\",\"url\":\"https:\\\/\\\/360immigrationlaw.com\\\/es\\\/wp-content\\\/uploads\\\/2023\\\/06\\\/360_Immigration_Law_Group.jpg\",\"contentUrl\":\"https:\\\/\\\/360immigrationlaw.com\\\/es\\\/wp-content\\\/uploads\\\/2023\\\/06\\\/360_Immigration_Law_Group.jpg\",\"width\":1264,\"height\":932,\"caption\":\"360 Immigration Law\"},\"image\":{\"@id\":\"https:\\\/\\\/es.360immigrationlaw.com\\\/#\\\/schema\\\/logo\\\/image\\\/\"},\"sameAs\":[\"https:\\\/\\\/www.facebook.com\\\/360Immigration\\\/\",\"https:\\\/\\\/x.com\\\/360immigration\"]}]}<\/script>\n<!-- \/ Yoast SEO plugin. -->","yoast_head_json":{"title":"t-visa - 360 Immigration Law","robots":{"index":"index","follow":"follow","max-snippet":"max-snippet:-1","max-image-preview":"max-image-preview:large","max-video-preview":"max-video-preview:-1"},"canonical":"https:\/\/360immigrationlaw.com\/es\/t-visa\/","og_locale":"es_ES","og_type":"article","og_title":"t-visa - 360 Immigration Law","og_description":"VISA TDesafortunadamente, la trata de personas es un problema frecuente en los Estados Unidos. En Florida, los informes de 2020 del Departamento de Salud del estado indican que 738 casos de trata de personas involucraron a mujeres y ni\u00f1os. Los abogados de inmigraci\u00f3n de 360 Immigration Law Group han estado trabajando con v\u00edctimas de trata de personas para adquirir Visas T durante a\u00f1os. Hay esperanza para quienes buscan alivio. Obtener su Visa T le abre la puerta a una vida segura en los Estados Unidos y le permite trabajar. Si usted o alguien que conoce est\u00e1 buscando una Visa T, comun\u00edquese con los abogados de inmigraci\u00f3n de Florida en 360 Immigration Law Group.\u00bfQu\u00e9 es una visa T? Una Visa T permite a las v\u00edctimas no ciudadanas (que son sobrevivientes de trata de personas) convertirse en residentes permanentes en los Estados Unidos. Estos tipos de visas tambi\u00e9n permiten a la v\u00edctima no ciudadana obtener autorizaci\u00f3n de trabajo en los EE. UU. A veces, si un sobreviviente obtiene con \u00e9xito la ciudadan\u00eda o la residencia permanente a trav\u00e9s de estas circunstancias, sus familiares cercanos pueden eventualmente reunirse con \u00e9l en los Estados Unidos. \u00bfCu\u00e1l es el proceso para obtener una visa T? [&hellip;]","og_url":"https:\/\/360immigrationlaw.com\/es\/t-visa\/","og_site_name":"360 Immigration Law","article_publisher":"https:\/\/www.facebook.com\/360Immigration\/","article_modified_time":"2024-05-21T12:26:58+00:00","twitter_card":"summary_large_image","twitter_site":"@360immigration","schema":{"@context":"https:\/\/schema.org","@graph":[{"@type":"WebPage","@id":"https:\/\/360immigrationlaw.com\/es\/t-visa\/","url":"https:\/\/360immigrationlaw.com\/es\/t-visa\/","name":"t-visa - 360 Immigration Law","isPartOf":{"@id":"https:\/\/es.360immigrationlaw.com\/#website"},"datePublished":"2024-05-21T05:52:41+00:00","dateModified":"2024-05-21T12:26:58+00:00","breadcrumb":{"@id":"https:\/\/360immigrationlaw.com\/es\/t-visa\/#breadcrumb"},"inLanguage":"es","potentialAction":[{"@type":"ReadAction","target":["https:\/\/360immigrationlaw.com\/es\/t-visa\/"]}]},{"@type":"BreadcrumbList","@id":"https:\/\/360immigrationlaw.com\/es\/t-visa\/#breadcrumb","itemListElement":[{"@type":"ListItem","position":1,"name":"Home","item":"https:\/\/360immigrationlaw.com\/es\/"},{"@type":"ListItem","position":2,"name":"t-visa"}]},{"@type":"WebSite","@id":"https:\/\/es.360immigrationlaw.com\/#website","url":"https:\/\/es.360immigrationlaw.com\/","name":"360 Immigration Law","description":"Abogado de inmigraci\u00f3n en Florida","publisher":{"@id":"https:\/\/es.360immigrationlaw.com\/#organization"},"potentialAction":[{"@type":"SearchAction","target":{"@type":"EntryPoint","urlTemplate":"https:\/\/es.360immigrationlaw.com\/?s={search_term_string}"},"query-input":{"@type":"PropertyValueSpecification","valueRequired":true,"valueName":"search_term_string"}}],"inLanguage":"es"},{"@type":"Organization","@id":"https:\/\/es.360immigrationlaw.com\/#organization","name":"360 Immigration Law","url":"https:\/\/es.360immigrationlaw.com\/","logo":{"@type":"ImageObject","inLanguage":"es","@id":"https:\/\/es.360immigrationlaw.com\/#\/schema\/logo\/image\/","url":"https:\/\/360immigrationlaw.com\/es\/wp-content\/uploads\/2023\/06\/360_Immigration_Law_Group.jpg","contentUrl":"https:\/\/360immigrationlaw.com\/es\/wp-content\/uploads\/2023\/06\/360_Immigration_Law_Group.jpg","width":1264,"height":932,"caption":"360 Immigration Law"},"image":{"@id":"https:\/\/es.360immigrationlaw.com\/#\/schema\/logo\/image\/"},"sameAs":["https:\/\/www.facebook.com\/360Immigration\/","https:\/\/x.com\/360immigration"]}]}},"_links":{"self":[{"href":"https:\/\/360immigrationlaw.com\/es\/wp-json\/wp\/v2\/pages\/82532","targetHints":{"allow":["GET"]}}],"collection":[{"href":"https:\/\/360immigrationlaw.com\/es\/wp-json\/wp\/v2\/pages"}],"about":[{"href":"https:\/\/360immigrationlaw.com\/es\/wp-json\/wp\/v2\/types\/page"}],"author":[{"embeddable":true,"href":"https:\/\/360immigrationlaw.com\/es\/wp-json\/wp\/v2\/users\/3"}],"replies":[{"embeddable":true,"href":"https:\/\/360immigrationlaw.com\/es\/wp-json\/wp\/v2\/comments?post=82532"}],"version-history":[{"count":5,"href":"https:\/\/360immigrationlaw.com\/es\/wp-json\/wp\/v2\/pages\/82532\/revisions"}],"predecessor-version":[{"id":82587,"href":"https:\/\/360immigrationlaw.com\/es\/wp-json\/wp\/v2\/pages\/82532\/revisions\/82587"}],"wp:attachment":[{"href":"https:\/\/360immigrationlaw.com\/es\/wp-json\/wp\/v2\/media?parent=82532"}],"curies":[{"name":"wp","href":"https:\/\/api.w.org\/{rel}","templated":true}]}}