{"id":1569,"date":"2023-05-23T12:18:42","date_gmt":"2023-05-23T12:18:42","guid":{"rendered":"https:\/\/pt.360immigrationlaw.com\/?page_id=1569"},"modified":"2023-09-18T19:31:18","modified_gmt":"2023-09-18T19:31:18","slug":"visto-de-estudante-f-1","status":"publish","type":"page","link":"https:\/\/360immigrationlaw.com\/pt\/visto-de-estudante-f-1\/","title":{"rendered":"VISTOS DE ESTUDANTE F-1"},"content":{"rendered":"\n[et_pb_section fb_built=&#8221;1&#8243; custom_padding_last_edited=&#8221;on|phone&#8221; module_id=&#8221;head-sec&#8221; _builder_version=&#8221;4.21.0&#8243; _module_preset=&#8221;default&#8221; use_background_color_gradient=&#8221;on&#8221; background_color_gradient_direction=&#8221;91deg&#8221; background_color_gradient_stops=&#8221;rgba(0,0,0,0.87) 0%|rgba(0,0,0,0.33) 99%&#8221; background_image=&#8221;https:\/\/360immigrationlaw.com\/pt\/wp-content\/uploads\/2023\/05\/STUDENT_VISA_F1_header_image.jpg&#8221; custom_padding=&#8221;400px||80px||false|false&#8221; custom_padding_tablet=&#8221;200px||200px||false|false&#8221; custom_padding_phone=&#8221;30px||30px||true|false&#8221; locked=&#8221;off&#8221; global_colors_info=&#8221;{}&#8221;][et_pb_row custom_padding_last_edited=&#8221;on|desktop&#8221; _builder_version=&#8221;4.21.0&#8243; _module_preset=&#8221;default&#8221; custom_padding=&#8221;80px||80px||true|false&#8221; custom_padding_tablet=&#8221;50px||50px||true|false&#8221; custom_padding_phone=&#8221;150px||0px||false|false&#8221; global_colors_info=&#8221;{}&#8221; custom_margin=&#8221;||||true|false&#8221;][et_pb_column type=&#8221;4_4&#8243; _builder_version=&#8221;4.20.2&#8243; _module_preset=&#8221;default&#8221; global_colors_info=&#8221;{}&#8221;][et_pb_text _builder_version=&#8221;4.21.0&#8243; _module_preset=&#8221;default&#8221; header_font=&#8221;Adobe Garamond Pro Semibold|600|||||||&#8221; background_layout=&#8221;dark&#8221; global_colors_info=&#8221;{}&#8221; custom_margin=&#8221;||||false|false&#8221; custom_padding=&#8221;||||false|false&#8221; header_font_size_phone=&#8221;30px&#8221; header_font_size_last_edited=&#8221;on|phone&#8221;]<h1>VISTO DE ESTUDANTE F-1<\/h1>[\/et_pb_text][\/et_pb_column][\/et_pb_row][\/et_pb_section][et_pb_section fb_built=&#8221;1&#8243; _builder_version=&#8221;4.20.2&#8243; _module_preset=&#8221;default&#8221; locked=&#8221;off&#8221; global_colors_info=&#8221;{}&#8221;][et_pb_row _builder_version=&#8221;4.21.0&#8243; _module_preset=&#8221;default&#8221; custom_padding=&#8221;0px||||false|false&#8221; global_colors_info=&#8221;{}&#8221;][et_pb_column type=&#8221;4_4&#8243; _builder_version=&#8221;4.20.2&#8243; _module_preset=&#8221;default&#8221; global_colors_info=&#8221;{}&#8221;][et_pb_text _builder_version=&#8221;4.21.0&#8243; _module_preset=&#8221;default&#8221; text_font=&#8221;HelveticaNeue normal||||||||&#8221; header_4_font=&#8221;Helvetica Neu Bold||||||||&#8221; header_4_font_size=&#8221;20px&#8221; text_font_size_tablet=&#8221;&#8221; text_font_size_phone=&#8221;20px&#8221; text_font_size_last_edited=&#8221;on|phone&#8221; global_colors_info=&#8221;{}&#8221;]Um visto de estudante, tamb\u00e9m conhecido como visto F-1, \u00e9 concedido a estudantes que est\u00e3o entrando nos Estados Unidos para estudar. Este tipo de visto permite que o candidato more, estude e trabalhe nos Estados Unidos se frequentar uma escola aprovada pelo SEVP \u2013 Student and Exchange Visitors Program (Programa para estudantes e visitantes em interc\u00e2mbio). Os alunos F-1 precisam manter a carga hor\u00e1ria m\u00ednima para obter status de aluno de tempo integral. Este status permite emprego de meio per\u00edodo no campus (menos de 20 horas por semana). Al\u00e9m disso, os alunos podem trabalhar no treinamento pr\u00e1tico opcional (OPT) por at\u00e9 um ano ap\u00f3s a conclus\u00e3o do programa acad\u00eamico.\n\nN\u00e3o h\u00e1 limite para a quantidade de vistos de estudante F-1 emitidos a cada ano. O aluno candidato pode se inscrever em qualquer \u00e9poca do ano. Para se qualificar para um visto de estudante, existem requisitos espec\u00edficos que devem ser atendidos.[\/et_pb_text][\/et_pb_column][\/et_pb_row][et_pb_row column_structure=&#8221;1_2,1_2&#8243; make_equal=&#8221;on&#8221; custom_padding_last_edited=&#8221;on|phone&#8221; _builder_version=&#8221;4.21.0&#8243; _module_preset=&#8221;default&#8221; custom_margin=&#8221;||||false|false&#8221; custom_padding=&#8221;||0px||false|false&#8221; custom_padding_tablet=&#8221;||0px||false|false&#8221; custom_padding_phone=&#8221;0px||0px||false|false&#8221; global_colors_info=&#8221;{}&#8221;][et_pb_column type=&#8221;1_2&#8243; _builder_version=&#8221;4.21.0&#8243; _module_preset=&#8221;default&#8221; background_image=&#8221;https:\/\/360immigrationlaw.com\/pt\/wp-content\/uploads\/2023\/06\/STUDENT_VISA_F1_image_1.png&#8221; background_last_edited=&#8221;on|tablet&#8221; background_enable_image_tablet=&#8221;off&#8221; global_colors_info=&#8221;{}&#8221;][et_pb_image src=&#8221;https:\/\/360immigrationlaw.com\/pt\/wp-content\/uploads\/2023\/06\/STUDENT_VISA_F1_image_1.png&#8221; title_text=&#8221;STUDENT_VISA_F1_image_1&#8243; disabled_on=&#8221;off|off|on&#8221; _builder_version=&#8221;4.21.0&#8243; _module_preset=&#8221;default&#8221; global_colors_info=&#8221;{}&#8221;][\/et_pb_image][\/et_pb_column][et_pb_column type=&#8221;1_2&#8243; _builder_version=&#8221;4.20.2&#8243; _module_preset=&#8221;default&#8221; global_colors_info=&#8221;{}&#8221;][et_pb_text _builder_version=&#8221;4.21.0&#8243; _module_preset=&#8221;default&#8221; text_font=&#8221;HelveticaNeue normal||||||||&#8221; header_4_font=&#8221;Helvetica Neu Bold||||||||&#8221; header_4_font_size=&#8221;25px&#8221; header_4_line_height=&#8221;1.4em&#8221; text_font_size_tablet=&#8221;&#8221; text_font_size_phone=&#8221;20px&#8221; text_font_size_last_edited=&#8221;on|phone&#8221; header_4_font_size_tablet=&#8221;25px&#8221; header_4_font_size_phone=&#8221;24px&#8221; header_4_font_size_last_edited=&#8221;on|phone&#8221; header_4_line_height_tablet=&#8221;1.4em&#8221; header_4_line_height_phone=&#8221;1.2em&#8221; header_4_line_height_last_edited=&#8221;on|phone&#8221; global_colors_info=&#8221;{}&#8221;]<h4>REQUISITOS<\/h4>\n<ul>\n\t<li>O programa selecionado deve ser um programa educacional acad\u00eamico credenciado, um programa de treinamento de idiomas ou um programa vocacional aprovado pelo Procurador-Geral;<\/li>\n\t<li>A escola do aluno deve ser aceita pelo SEVP;<\/li>\n\t<li>O aluno deve demonstrar a n\u00e3o inten\u00e7\u00e3o de se tornar imigrante e mostrar evid\u00eancias de fortes la\u00e7os com seu pa\u00eds de origem e de independ\u00eancia financeira durante todo o per\u00edodo do estudo;<\/li>\n\t<li>O aluno deve demonstrar sua habilidade e credenciais para se qualificar ao curso escolhido por completo;<\/li>\n\t<li>O aluno deve ser capaz de demonstrar profici\u00eancia na l\u00edngua inglesa ou estar matriculado em cursos para atingir essa profici\u00eancia;<\/li>\n\t<li>O aluno n\u00e3o deve abandonar sua resid\u00eancia adquirida no exterior.<\/li>\n<\/ul>[\/et_pb_text][\/et_pb_column][\/et_pb_row][et_pb_row custom_padding_last_edited=&#8221;on|phone&#8221; _builder_version=&#8221;4.21.0&#8243; _module_preset=&#8221;default&#8221; custom_padding_tablet=&#8221;&#8221; custom_padding_phone=&#8221;0px||||false|false&#8221; global_colors_info=&#8221;{}&#8221;][et_pb_column type=&#8221;4_4&#8243; _builder_version=&#8221;4.20.2&#8243; _module_preset=&#8221;default&#8221; global_colors_info=&#8221;{}&#8221;][et_pb_text _builder_version=&#8221;4.21.0&#8243; _module_preset=&#8221;default&#8221; text_font=&#8221;HelveticaNeue normal||||||||&#8221; header_4_font=&#8221;Helvetica Neu Bold||||||||&#8221; header_4_font_size=&#8221;25px&#8221; header_4_line_height=&#8221;1.4em&#8221; text_font_size_tablet=&#8221;&#8221; text_font_size_phone=&#8221;20px&#8221; text_font_size_last_edited=&#8221;on|phone&#8221; header_4_font_size_tablet=&#8221;25px&#8221; header_4_font_size_phone=&#8221;24px&#8221; header_4_font_size_last_edited=&#8221;on|phone&#8221; header_4_line_height_tablet=&#8221;1.4em&#8221; header_4_line_height_phone=&#8221;1.2em&#8221; header_4_line_height_last_edited=&#8221;on|phone&#8221; global_colors_info=&#8221;{}&#8221;]<h4>BENEF\u00cdCIOS E LIMITA\u00c7\u00d5ES?<\/h4>\nUma das maiores limita\u00e7\u00f5es para um visto de estudante F-1 \u00e9 que ele n\u00e3o tenha \u201cdupla inten\u00e7\u00e3o\u201d \u2013 o que significa que voc\u00ea pode n\u00e3o ter a inten\u00e7\u00e3o de ser um estudante e de imigrar. Solicitar um green card sob o status F-1 pode n\u00e3o apenas resultar na nega\u00e7\u00e3o do seu green card, mas tamb\u00e9m ser\u00e1 considerado uma viola\u00e7\u00e3o de status e pode resultar em uma barreira tempor\u00e1ria para a reentrada nos Estados Unidos.\n\nNo entanto, ainda \u00e9 poss\u00edvel obter um green card se voc\u00ea entrou nos EUA com um visto de estudante F-1. A primeira coisa que voc\u00ea precisa fazer \u00e9 mudar o status para um visto diferente, de n\u00e3o imigrante, que tenha \u201cdupla inten\u00e7\u00e3o\u201d, o que \u00e9 permitido sob o status F-1. Consultar um advogado de imigra\u00e7\u00e3o com vasta experi\u00eancia com vistos F-1 \u00e9 importante, pois eles podem orient\u00e1-lo da melhor forma sobre os requisitos e restri\u00e7\u00f5es.\n\nCom um visto de estudante F-1, voc\u00ea pode legalmente trabalhar meio per\u00edodo durante o ano letivo (no campus) e em per\u00edodo integral nas f\u00e9rias de ver\u00e3o (fora do campus, sujeito aos requisitos de inscri\u00e7\u00e3o). E ap\u00f3s a formatura, existe a op\u00e7\u00e3o de se candidatar ao Treinamento Pr\u00e1tico Opcional (OPT).\n\nCom um visto F-1, o c\u00f4njuge do titular e os filhos menores solteiros (menores de 21 anos) s\u00e3o eleg\u00edveis para obter o status F-2. Embora o c\u00f4njuge n\u00e3o possa seguir um curso de estudo em tempo integral, os filhos menores s\u00e3o eleg\u00edveis para se inscrever em estudos em tempo integral em escolas de ensino fundamental ou m\u00e9dio.[\/et_pb_text][\/et_pb_column][\/et_pb_row][et_pb_row column_structure=&#8221;1_2,1_2&#8243; make_equal=&#8221;on&#8221; custom_padding_last_edited=&#8221;on|phone&#8221; _builder_version=&#8221;4.21.0&#8243; _module_preset=&#8221;default&#8221; custom_padding_tablet=&#8221;&#8221; custom_padding_phone=&#8221;0px||||false|false&#8221; global_colors_info=&#8221;{}&#8221;][et_pb_column type=&#8221;1_2&#8243; _builder_version=&#8221;4.20.2&#8243; _module_preset=&#8221;default&#8221; global_colors_info=&#8221;{}&#8221;][et_pb_text _builder_version=&#8221;4.21.0&#8243; _module_preset=&#8221;default&#8221; text_font=&#8221;HelveticaNeue normal||||||||&#8221; header_4_font=&#8221;Helvetica Neu Bold||||||||&#8221; header_4_font_size=&#8221;25px&#8221; header_4_line_height=&#8221;1.4em&#8221; text_font_size_tablet=&#8221;&#8221; text_font_size_phone=&#8221;20px&#8221; text_font_size_last_edited=&#8221;on|phone&#8221; header_4_font_size_tablet=&#8221;25px&#8221; header_4_font_size_phone=&#8221;24px&#8221; header_4_font_size_last_edited=&#8221;on|phone&#8221; header_4_line_height_tablet=&#8221;1.4em&#8221; header_4_line_height_phone=&#8221;1.2em&#8221; header_4_line_height_last_edited=&#8221;on|phone&#8221; global_colors_info=&#8221;{}&#8221;]<h4>COMO UM ADVOGADO PODE AJUDAR COM UM PROCESSO DE VISTO F-1?<\/h4>\nO Escrit\u00f3rio de Advocacia Jamile Moraes Pellicer, P.A. fornece assist\u00eancia na obten\u00e7\u00e3o de um visto de estudante F-1, seja na prepara\u00e7\u00e3o de um pedido de mudan\u00e7a de status nos EUA ou na orienta\u00e7\u00e3o do processo consular no exterior. Com a vasta experi\u00eancia de nossa equipe jur\u00eddica, ajudamos voc\u00ea a planejar uma estrat\u00e9gia e um curso de a\u00e7\u00e3o para aumentar a chance de obter o F-1. Nossos advogados de imigra\u00e7\u00e3o oferecem aten\u00e7\u00e3o individualizada para fornecer o servi\u00e7o mais eficiente e completo.[\/et_pb_text][\/et_pb_column][et_pb_column type=&#8221;1_2&#8243; _builder_version=&#8221;4.21.0&#8243; _module_preset=&#8221;default&#8221; background_image=&#8221;https:\/\/360immigrationlaw.com\/pt\/wp-content\/uploads\/2023\/06\/STUDENT_VISA_F1_image_2.png&#8221; background_last_edited=&#8221;on|desktop&#8221; background_enable_image_tablet=&#8221;off&#8221; global_colors_info=&#8221;{}&#8221;][et_pb_image src=&#8221;https:\/\/360immigrationlaw.com\/pt\/wp-content\/uploads\/2023\/06\/STUDENT_VISA_F1_image_2.png&#8221; alt=&#8221;daca&#8221; title_text=&#8221;STUDENT_VISA_F1_image_2&#8243; disabled_on=&#8221;off|off|on&#8221; _builder_version=&#8221;4.21.0&#8243; _module_preset=&#8221;default&#8221; sticky_limit_top=&#8221;column&#8221; sticky_limit_bottom=&#8221;column&#8221; global_colors_info=&#8221;{}&#8221;][\/et_pb_image][\/et_pb_column][\/et_pb_row][\/et_pb_section][et_pb_section fb_built=&#8221;1&#8243; _builder_version=&#8221;4.21.0&#8243; _module_preset=&#8221;default&#8221; custom_padding=&#8221;0px||||false|false&#8221; locked=&#8221;off&#8221; global_colors_info=&#8221;{}&#8221;][et_pb_row custom_padding_last_edited=&#8221;on|phone&#8221; _builder_version=&#8221;4.21.0&#8243; _module_preset=&#8221;default&#8221; background_color=&#8221;rgba(213,207,203,0.42)&#8221; custom_padding_tablet=&#8221;&#8221; custom_padding_phone=&#8221;||||false|false&#8221; global_colors_info=&#8221;{}&#8221;][et_pb_column type=&#8221;4_4&#8243; _builder_version=&#8221;4.20.2&#8243; _module_preset=&#8221;default&#8221; global_colors_info=&#8221;{}&#8221;][et_pb_cta button_url=&#8221;@ET-DC@eyJkeW5hbWljIjp0cnVlLCJjb250ZW50IjoicG9zdF9saW5rX3VybF9wYWdlIiwic2V0dGluZ3MiOnsicG9zdF9pZCI6IjMwMjcifX0=@&#8221; button_text=&#8221;FALE CONOSCO&#8221; _builder_version=&#8221;4.21.0&#8243; _dynamic_attributes=&#8221;button_url&#8221; _module_preset=&#8221;default&#8221; body_font=&#8221;Helvetica Neu Bold|700|||||||&#8221; body_text_color=&#8221;gcid-30b07574-da3b-4944-bfd9-3b5cde1edd29&#8243; background_enable_color=&#8221;off&#8221; custom_button=&#8221;on&#8221; button_text_size=&#8221;18px&#8221; button_bg_color=&#8221;gcid-30b07574-da3b-4944-bfd9-3b5cde1edd29&#8243; button_border_width=&#8221;0px&#8221; button_border_radius=&#8221;15px&#8221; button_font=&#8221;Roboto|700||on|||||&#8221; button_use_icon=&#8221;off&#8221; button_custom_margin=&#8221;30px||||false|false&#8221; button_custom_padding=&#8221;|40px||40px|false|true&#8221; module_alignment=&#8221;center&#8221; custom_padding=&#8221;||0px||false|false&#8221; body_font_size_tablet=&#8221;&#8221; body_font_size_phone=&#8221;20px&#8221; body_font_size_last_edited=&#8221;on|phone&#8221; global_colors_info=&#8221;{%22gcid-30b07574-da3b-4944-bfd9-3b5cde1edd29%22:%91%22body_text_color%22,%22button_bg_color%22%93,%22gcid-eafa90e3-7c53-4465-b3ea-d911763a82f7%22:%91%22button_bg_color__hover%22%93}&#8221; button_bg_color__hover_enabled=&#8221;on|hover&#8221; button_bg_color__hover=&#8221;#400101&#8243; button_bg_enable_color__hover=&#8221;on&#8221;]<p>Se voc\u00ea quer mesmo descobrir como ganhar seu caso. . .<br \/>Vamos agendar sua Estrat\u00e9gia Legal e Sess\u00e3o de Planejamento hoje, estamos aqui para ajud\u00e1-lo.<\/p>[\/et_pb_cta][\/et_pb_column][\/et_pb_row][\/et_pb_section]\n","protected":false},"excerpt":{"rendered":"<p>VISTO DE ESTUDANTE F-1Um visto de estudante, tamb\u00e9m conhecido como visto F-1, \u00e9 concedido a estudantes que est\u00e3o entrando nos Estados Unidos para estudar. Este tipo de visto permite que o candidato more, estude e trabalhe nos Estados Unidos se frequentar uma escola aprovada pelo SEVP \u2013 Student and Exchange Visitors Program (Programa para estudantes e visitantes em interc\u00e2mbio). Os alunos F-1 precisam manter a carga hor\u00e1ria m\u00ednima para obter status de aluno de tempo integral. Este status permite emprego de meio per\u00edodo no campus (menos de 20 horas por semana). Al\u00e9m disso, os alunos podem trabalhar no treinamento pr\u00e1tico opcional (OPT) por at\u00e9 um ano ap\u00f3s a conclus\u00e3o do programa acad\u00eamico. N\u00e3o h\u00e1 limite para a quantidade de vistos de estudante F-1 emitidos a cada ano. O aluno candidato pode se inscrever em qualquer \u00e9poca do ano. Para se qualificar para um visto de estudante, existem requisitos espec\u00edficos que devem ser atendidos.REQUISITOS O programa selecionado deve ser um programa educacional acad\u00eamico credenciado, um programa de treinamento de idiomas ou um programa vocacional aprovado pelo Procurador-Geral; A escola do aluno deve ser aceita pelo SEVP; O aluno deve demonstrar a n\u00e3o inten\u00e7\u00e3o de se tornar imigrante e mostrar evid\u00eancias de [&hellip;]<\/p>\n","protected":false},"author":3,"featured_media":0,"parent":0,"menu_order":0,"comment_status":"closed","ping_status":"closed","template":"","meta":{"_et_pb_use_builder":"on","_et_pb_old_content":"","_et_gb_content_width":"","_lmt_disableupdate":"","_lmt_disable":"","footnotes":""},"class_list":["post-1569","page","type-page","status-publish","hentry"],"yoast_head":"<!-- This site is optimized with the Yoast SEO Premium plugin v21.5 (Yoast SEO v27.3) - https:\/\/yoast.com\/product\/yoast-seo-premium-wordpress\/ -->\n<title>Fale com um Advogado de Visto de Estudante | 360 Immigration Law<\/title>\n<meta name=\"description\" content=\"Obtenha seu visto de estudante. O 360 Immigration Law Group pode ajud\u00e1-lo a obter um visto de estudante F-1. Entre em contato conosco hoje mesmo.\" \/>\n<meta name=\"robots\" content=\"index, follow, max-snippet:-1, max-image-preview:large, max-video-preview:-1\" \/>\n<link rel=\"canonical\" href=\"https:\/\/pxv.30a.myftpupload.com\/visto-de-estudante-f-1\/\" \/>\n<meta property=\"og:locale\" content=\"pt_PT\" \/>\n<meta property=\"og:type\" content=\"article\" \/>\n<meta property=\"og:title\" content=\"VISTOS DE ESTUDANTE F-1\" \/>\n<meta property=\"og:description\" content=\"Obtenha seu visto de estudante. O 360 Immigration Law Group pode ajud\u00e1-lo a obter um visto de estudante F-1. Entre em contato conosco hoje mesmo.\" \/>\n<meta property=\"og:url\" content=\"https:\/\/pxv.30a.myftpupload.com\/visto-de-estudante-f-1\/\" \/>\n<meta property=\"og:site_name\" content=\"360 Immigration Law\" \/>\n<meta property=\"article:publisher\" content=\"https:\/\/www.facebook.com\/360Immigration\/\" \/>\n<meta property=\"article:modified_time\" content=\"2023-09-18T19:31:18+00:00\" \/>\n<meta name=\"twitter:card\" content=\"summary_large_image\" \/>\n<meta name=\"twitter:site\" content=\"@360immigration\" \/>\n<meta name=\"twitter:label1\" content=\"Tempo estimado de leitura\" \/>\n\t<meta name=\"twitter:data1\" content=\"5 minutos\" \/>\n<script type=\"application\/ld+json\" class=\"yoast-schema-graph\">{\"@context\":\"https:\\\/\\\/schema.org\",\"@graph\":[{\"@type\":\"WebPage\",\"@id\":\"https:\\\/\\\/pxv.30a.myftpupload.com\\\/visto-de-estudante-f-1\\\/\",\"url\":\"https:\\\/\\\/pxv.30a.myftpupload.com\\\/visto-de-estudante-f-1\\\/\",\"name\":\"Fale com um Advogado de Visto de Estudante | 360 Immigration Law\",\"isPartOf\":{\"@id\":\"https:\\\/\\\/pt.360immigrationlaw.com\\\/#website\"},\"datePublished\":\"2023-05-23T12:18:42+00:00\",\"dateModified\":\"2023-09-18T19:31:18+00:00\",\"description\":\"Obtenha seu visto de estudante. O 360 Immigration Law Group pode ajud\u00e1-lo a obter um visto de estudante F-1. Entre em contato conosco hoje mesmo.\",\"breadcrumb\":{\"@id\":\"https:\\\/\\\/pxv.30a.myftpupload.com\\\/visto-de-estudante-f-1\\\/#breadcrumb\"},\"inLanguage\":\"pt-PT\",\"potentialAction\":[{\"@type\":\"ReadAction\",\"target\":[\"https:\\\/\\\/pxv.30a.myftpupload.com\\\/visto-de-estudante-f-1\\\/\"]}]},{\"@type\":\"BreadcrumbList\",\"@id\":\"https:\\\/\\\/pxv.30a.myftpupload.com\\\/visto-de-estudante-f-1\\\/#breadcrumb\",\"itemListElement\":[{\"@type\":\"ListItem\",\"position\":1,\"name\":\"Home\",\"item\":\"https:\\\/\\\/360immigrationlaw.com\\\/pt\\\/\"},{\"@type\":\"ListItem\",\"position\":2,\"name\":\"VISTOS DE ESTUDANTE F-1\"}]},{\"@type\":\"WebSite\",\"@id\":\"https:\\\/\\\/pt.360immigrationlaw.com\\\/#website\",\"url\":\"https:\\\/\\\/pt.360immigrationlaw.com\\\/\",\"name\":\"360 Immigration Law\",\"description\":\"Advogado de imigra\u00e7\u00e3o na Fl\u00f3rida\",\"publisher\":{\"@id\":\"https:\\\/\\\/pt.360immigrationlaw.com\\\/#organization\"},\"potentialAction\":[{\"@type\":\"SearchAction\",\"target\":{\"@type\":\"EntryPoint\",\"urlTemplate\":\"https:\\\/\\\/pt.360immigrationlaw.com\\\/?s={search_term_string}\"},\"query-input\":{\"@type\":\"PropertyValueSpecification\",\"valueRequired\":true,\"valueName\":\"search_term_string\"}}],\"inLanguage\":\"pt-PT\"},{\"@type\":\"Organization\",\"@id\":\"https:\\\/\\\/pt.360immigrationlaw.com\\\/#organization\",\"name\":\"360 Immigration Law\",\"url\":\"https:\\\/\\\/pt.360immigrationlaw.com\\\/\",\"logo\":{\"@type\":\"ImageObject\",\"inLanguage\":\"pt-PT\",\"@id\":\"https:\\\/\\\/pt.360immigrationlaw.com\\\/#\\\/schema\\\/logo\\\/image\\\/\",\"url\":\"https:\\\/\\\/360immigrationlaw.com\\\/pt\\\/wp-content\\\/uploads\\\/2023\\\/06\\\/360_Immigration_Law_Group.jpg\",\"contentUrl\":\"https:\\\/\\\/360immigrationlaw.com\\\/pt\\\/wp-content\\\/uploads\\\/2023\\\/06\\\/360_Immigration_Law_Group.jpg\",\"width\":1264,\"height\":932,\"caption\":\"360 Immigration Law\"},\"image\":{\"@id\":\"https:\\\/\\\/pt.360immigrationlaw.com\\\/#\\\/schema\\\/logo\\\/image\\\/\"},\"sameAs\":[\"https:\\\/\\\/www.facebook.com\\\/360Immigration\\\/\",\"https:\\\/\\\/x.com\\\/360immigration\"]}]}<\/script>\n<!-- \/ Yoast SEO Premium plugin. -->","yoast_head_json":{"title":"Fale com um Advogado de Visto de Estudante | 360 Immigration Law","description":"Obtenha seu visto de estudante. O 360 Immigration Law Group pode ajud\u00e1-lo a obter um visto de estudante F-1. Entre em contato conosco hoje mesmo.","robots":{"index":"index","follow":"follow","max-snippet":"max-snippet:-1","max-image-preview":"max-image-preview:large","max-video-preview":"max-video-preview:-1"},"canonical":"https:\/\/pxv.30a.myftpupload.com\/visto-de-estudante-f-1\/","og_locale":"pt_PT","og_type":"article","og_title":"VISTOS DE ESTUDANTE F-1","og_description":"Obtenha seu visto de estudante. O 360 Immigration Law Group pode ajud\u00e1-lo a obter um visto de estudante F-1. Entre em contato conosco hoje mesmo.","og_url":"https:\/\/pxv.30a.myftpupload.com\/visto-de-estudante-f-1\/","og_site_name":"360 Immigration Law","article_publisher":"https:\/\/www.facebook.com\/360Immigration\/","article_modified_time":"2023-09-18T19:31:18+00:00","twitter_card":"summary_large_image","twitter_site":"@360immigration","twitter_misc":{"Tempo estimado de leitura":"5 minutos"},"schema":{"@context":"https:\/\/schema.org","@graph":[{"@type":"WebPage","@id":"https:\/\/pxv.30a.myftpupload.com\/visto-de-estudante-f-1\/","url":"https:\/\/pxv.30a.myftpupload.com\/visto-de-estudante-f-1\/","name":"Fale com um Advogado de Visto de Estudante | 360 Immigration Law","isPartOf":{"@id":"https:\/\/pt.360immigrationlaw.com\/#website"},"datePublished":"2023-05-23T12:18:42+00:00","dateModified":"2023-09-18T19:31:18+00:00","description":"Obtenha seu visto de estudante. O 360 Immigration Law Group pode ajud\u00e1-lo a obter um visto de estudante F-1. Entre em contato conosco hoje mesmo.","breadcrumb":{"@id":"https:\/\/pxv.30a.myftpupload.com\/visto-de-estudante-f-1\/#breadcrumb"},"inLanguage":"pt-PT","potentialAction":[{"@type":"ReadAction","target":["https:\/\/pxv.30a.myftpupload.com\/visto-de-estudante-f-1\/"]}]},{"@type":"BreadcrumbList","@id":"https:\/\/pxv.30a.myftpupload.com\/visto-de-estudante-f-1\/#breadcrumb","itemListElement":[{"@type":"ListItem","position":1,"name":"Home","item":"https:\/\/360immigrationlaw.com\/pt\/"},{"@type":"ListItem","position":2,"name":"VISTOS DE ESTUDANTE F-1"}]},{"@type":"WebSite","@id":"https:\/\/pt.360immigrationlaw.com\/#website","url":"https:\/\/pt.360immigrationlaw.com\/","name":"360 Immigration Law","description":"Advogado de imigra\u00e7\u00e3o na Fl\u00f3rida","publisher":{"@id":"https:\/\/pt.360immigrationlaw.com\/#organization"},"potentialAction":[{"@type":"SearchAction","target":{"@type":"EntryPoint","urlTemplate":"https:\/\/pt.360immigrationlaw.com\/?s={search_term_string}"},"query-input":{"@type":"PropertyValueSpecification","valueRequired":true,"valueName":"search_term_string"}}],"inLanguage":"pt-PT"},{"@type":"Organization","@id":"https:\/\/pt.360immigrationlaw.com\/#organization","name":"360 Immigration Law","url":"https:\/\/pt.360immigrationlaw.com\/","logo":{"@type":"ImageObject","inLanguage":"pt-PT","@id":"https:\/\/pt.360immigrationlaw.com\/#\/schema\/logo\/image\/","url":"https:\/\/360immigrationlaw.com\/pt\/wp-content\/uploads\/2023\/06\/360_Immigration_Law_Group.jpg","contentUrl":"https:\/\/360immigrationlaw.com\/pt\/wp-content\/uploads\/2023\/06\/360_Immigration_Law_Group.jpg","width":1264,"height":932,"caption":"360 Immigration Law"},"image":{"@id":"https:\/\/pt.360immigrationlaw.com\/#\/schema\/logo\/image\/"},"sameAs":["https:\/\/www.facebook.com\/360Immigration\/","https:\/\/x.com\/360immigration"]}]}},"_links":{"self":[{"href":"https:\/\/360immigrationlaw.com\/pt\/wp-json\/wp\/v2\/pages\/1569","targetHints":{"allow":["GET"]}}],"collection":[{"href":"https:\/\/360immigrationlaw.com\/pt\/wp-json\/wp\/v2\/pages"}],"about":[{"href":"https:\/\/360immigrationlaw.com\/pt\/wp-json\/wp\/v2\/types\/page"}],"author":[{"embeddable":true,"href":"https:\/\/360immigrationlaw.com\/pt\/wp-json\/wp\/v2\/users\/3"}],"replies":[{"embeddable":true,"href":"https:\/\/360immigrationlaw.com\/pt\/wp-json\/wp\/v2\/comments?post=1569"}],"version-history":[{"count":26,"href":"https:\/\/360immigrationlaw.com\/pt\/wp-json\/wp\/v2\/pages\/1569\/revisions"}],"predecessor-version":[{"id":3480,"href":"https:\/\/360immigrationlaw.com\/pt\/wp-json\/wp\/v2\/pages\/1569\/revisions\/3480"}],"wp:attachment":[{"href":"https:\/\/360immigrationlaw.com\/pt\/wp-json\/wp\/v2\/media?parent=1569"}],"curies":[{"name":"wp","href":"https:\/\/api.w.org\/{rel}","templated":true}]}}