{"id":1592,"date":"2023-05-23T13:04:23","date_gmt":"2023-05-23T13:04:23","guid":{"rendered":"https:\/\/pt.360immigrationlaw.com\/?page_id=1592"},"modified":"2023-09-21T13:24:49","modified_gmt":"2023-09-21T13:24:49","slug":"visto-u-para-vitimas-de-crime","status":"publish","type":"page","link":"https:\/\/360immigrationlaw.com\/pt\/visto-u-para-vitimas-de-crime\/","title":{"rendered":"VISTO U"},"content":{"rendered":"<p>[et_pb_section fb_built=&#8221;1&#8243; custom_padding_last_edited=&#8221;on|phone&#8221; module_id=&#8221;head-sec&#8221; _builder_version=&#8221;4.21.0&#8243; _module_preset=&#8221;default&#8221; use_background_color_gradient=&#8221;on&#8221; background_color_gradient_direction=&#8221;91deg&#8221; background_color_gradient_stops=&#8221;rgba(0,0,0,0.87) 0%|rgba(0,0,0,0.33) 99%&#8221; background_image=&#8221;https:\/\/360immigrationlaw.com\/pt\/wp-content\/uploads\/2023\/05\/U-VISA_header_image.jpg&#8221; custom_padding=&#8221;400px||80px||false|false&#8221; custom_padding_tablet=&#8221;200px||200px||false|false&#8221; custom_padding_phone=&#8221;30px||30px||true|false&#8221; locked=&#8221;off&#8221; global_colors_info=&#8221;{}&#8221;][et_pb_row custom_padding_last_edited=&#8221;on|desktop&#8221; _builder_version=&#8221;4.22.1&#8243; _module_preset=&#8221;default&#8221; custom_padding=&#8221;80px||80px||true|false&#8221; custom_padding_tablet=&#8221;50px||50px||true|false&#8221; custom_padding_phone=&#8221;150px||0px||false|false&#8221; global_colors_info=&#8221;{}&#8221;][et_pb_column type=&#8221;4_4&#8243; _builder_version=&#8221;4.20.2&#8243; _module_preset=&#8221;default&#8221; global_colors_info=&#8221;{}&#8221;][et_pb_text _builder_version=&#8221;4.21.0&#8243; _module_preset=&#8221;default&#8221; header_font=&#8221;Adobe Garamond Pro Semibold|600|||||||&#8221; background_layout=&#8221;dark&#8221; custom_margin=&#8221;||||false|false&#8221; custom_padding=&#8221;||||false|false&#8221; header_font_size_tablet=&#8221;&#8221; header_font_size_phone=&#8221;30px&#8221; header_font_size_last_edited=&#8221;on|phone&#8221; global_colors_info=&#8221;{}&#8221;]<\/p>\n<h1>U VISA<\/h1>\n<p>[\/et_pb_text][\/et_pb_column][\/et_pb_row][\/et_pb_section][et_pb_section fb_built=&#8221;1&#8243; custom_padding_last_edited=&#8221;on|phone&#8221; _builder_version=&#8221;4.21.0&#8243; _module_preset=&#8221;default&#8221; custom_padding_tablet=&#8221;&#8221; custom_padding_phone=&#8221;0px||||false|false&#8221; locked=&#8221;off&#8221; global_colors_info=&#8221;{}&#8221;][et_pb_row _builder_version=&#8221;4.21.0&#8243; _module_preset=&#8221;default&#8221; global_colors_info=&#8221;{}&#8221;][et_pb_column type=&#8221;4_4&#8243; _builder_version=&#8221;4.20.2&#8243; _module_preset=&#8221;default&#8221; global_colors_info=&#8221;{}&#8221;][et_pb_text _builder_version=&#8221;4.21.0&#8243; _module_preset=&#8221;default&#8221; text_font=&#8221;HelveticaNeue normal||||||||&#8221; text_font_size_tablet=&#8221;&#8221; text_font_size_phone=&#8221;20px&#8221; text_font_size_last_edited=&#8221;on|phone&#8221; global_colors_info=&#8221;{}&#8221;]O U Visa \u00e9 um visto especial que permite que um imigrante ilegal, que foi v\u00edtima de um crime nos Estados Unidos, auxilie ao governo na aplica\u00e7\u00e3o da lei a levar o autor \u00e0 justi\u00e7a enquanto protege sua capacidade de permanecer nos EUA livre de deporta\u00e7\u00e3o. Uma vez aprovado pelos servi\u00e7os de Cidadania e Imigra\u00e7\u00e3o dos EUA (USCIS), o U Visa permitir\u00e1 que o imigrante e sua fam\u00edlia imediata trabalhem e vivam nos Estados Unidos e solicitem resid\u00eancia permanente e green card em tr\u00eas anos.<\/p>\n<p>Esta categoria de visto foi projetada para proteger as v\u00edtimas de crimes e seus entes queridos, mas o processo de aplica\u00e7\u00e3o \u00e9 complicado e requer experi\u00eancia na \u00e1rea tanto para trabalhar com o sistema criminal quanto o de imigra\u00e7\u00e3o. No Escrit\u00f3rio de Advocacia Jamile Moraes Pellicer P.A., fornecemos representa\u00e7\u00e3o legal completa e apoio emocional \u00e0s v\u00edtimas e suas fam\u00edlias enquanto buscam esses vistos de n\u00e3o-imigrante.[\/et_pb_text][\/et_pb_column][\/et_pb_row][et_pb_row column_structure=&#8221;2_5,3_5&#8243; make_equal=&#8221;on&#8221; _builder_version=&#8221;4.21.0&#8243; _module_preset=&#8221;default&#8221; global_colors_info=&#8221;{}&#8221;][et_pb_column type=&#8221;2_5&#8243; _builder_version=&#8221;4.21.0&#8243; _module_preset=&#8221;default&#8221; background_image=&#8221;https:\/\/360immigrationlaw.com\/pt\/wp-content\/uploads\/2023\/05\/U-VISA_image_1.jpg&#8221; background_last_edited=&#8221;on|tablet&#8221; background_enable_image_tablet=&#8221;off&#8221; global_colors_info=&#8221;{}&#8221;][et_pb_image src=&#8221;https:\/\/360immigrationlaw.com\/pt\/wp-content\/uploads\/2023\/05\/U-VISA_image_1.jpg&#8221; alt=&#8221;VICTIMS OF CRIMES&#8221; title_text=&#8221;U-VISA_image_1&#8243; disabled_on=&#8221;off|off|on&#8221; _builder_version=&#8221;4.21.0&#8243; _module_preset=&#8221;default&#8221; sticky_limit_top=&#8221;column&#8221; sticky_limit_bottom=&#8221;column&#8221; global_colors_info=&#8221;{}&#8221;][\/et_pb_image][\/et_pb_column][et_pb_column type=&#8221;3_5&#8243; _builder_version=&#8221;4.21.0&#8243; _module_preset=&#8221;default&#8221; global_colors_info=&#8221;{}&#8221;][et_pb_text _builder_version=&#8221;4.21.0&#8243; _module_preset=&#8221;default&#8221; text_font=&#8221;HelveticaNeue normal||||||||&#8221; header_4_font=&#8221;Helvetica Neu Bold||||||||&#8221; header_4_font_size=&#8221;25px&#8221; text_font_size_tablet=&#8221;&#8221; text_font_size_phone=&#8221;20px&#8221; text_font_size_last_edited=&#8221;on|phone&#8221; header_4_font_size_tablet=&#8221;25px&#8221; header_4_font_size_phone=&#8221;24px&#8221; header_4_font_size_last_edited=&#8221;on|phone&#8221; header_4_line_height_tablet=&#8221;&#8221; header_4_line_height_phone=&#8221;1.2em&#8221; header_4_line_height_last_edited=&#8221;on|phone&#8221; global_colors_info=&#8221;{}&#8221;]<\/p>\n<h4>O QUE \u00c9 UM U VISA?<\/h4>\n<p>Em 2000, o Congresso aprovou a Lei de Prote\u00e7\u00e3o \u00e0s V\u00edtimas de Tr\u00e1fico e Viol\u00eancia. O objetivo desta lei era fortalecer a capacidade de aplica\u00e7\u00e3o da lei de perseguir criminosos envolvidos em tr\u00e1fico humano, viol\u00eancia dom\u00e9stica, agress\u00e3o sexual e outros crimes violentos. Os legisladores perceberam que, para construir a confian\u00e7a das comunidades de imigrantes e proteger as testemunhas, o programa de visto U era uma ferramenta vital e necess\u00e1ria para a aplica\u00e7\u00e3o da lei.<\/p>\n<p>Se o seu pedido de visto U for aprovado, ele \u00e9 v\u00e1lido por at\u00e9 quatro anos. Durante esse per\u00edodo, voc\u00ea pode morar e trabalhar legalmente nos Estados Unidos. Depois de tr\u00eas anos, a maioria dos portadores de visto U pode solicitar seu green card e obter resid\u00eancia permanente legal. Um visto U tamb\u00e9m pode cobrir os familiares da v\u00edtima do crime. Se voc\u00ea tem 21 anos ou mais, seu pedido de visto U tamb\u00e9m pode incluir seu c\u00f4njuge e filhos. Se voc\u00ea tem menos de 21 anos, sua peti\u00e7\u00e3o pode incluir seu c\u00f4njuge, filhos, pais e irm\u00e3os solteiros com menos de 18 anos.[\/et_pb_text][\/et_pb_column][\/et_pb_row][et_pb_row column_structure=&#8221;2_5,3_5&#8243; make_equal=&#8221;on&#8221; custom_padding_last_edited=&#8221;on|phone&#8221; _builder_version=&#8221;4.21.0&#8243; _module_preset=&#8221;default&#8221; custom_padding_tablet=&#8221;&#8221; custom_padding_phone=&#8221;0px||||false|false&#8221; locked=&#8221;off&#8221; global_colors_info=&#8221;{}&#8221;][et_pb_column type=&#8221;2_5&#8243; _builder_version=&#8221;4.21.0&#8243; _module_preset=&#8221;default&#8221; global_colors_info=&#8221;{}&#8221;][et_pb_text _builder_version=&#8221;4.21.0&#8243; _module_preset=&#8221;default&#8221; text_font=&#8221;HelveticaNeue normal||||||||&#8221; header_4_font=&#8221;Helvetica Neu Bold||||||||&#8221; header_4_font_size=&#8221;25px&#8221; text_font_size_tablet=&#8221;&#8221; text_font_size_phone=&#8221;20px&#8221; text_font_size_last_edited=&#8221;on|phone&#8221; header_4_font_size_tablet=&#8221;25px&#8221; header_4_font_size_phone=&#8221;24px&#8221; header_4_font_size_last_edited=&#8221;on|phone&#8221; header_4_line_height_tablet=&#8221;&#8221; header_4_line_height_phone=&#8221;1.2em&#8221; header_4_line_height_last_edited=&#8221;on|phone&#8221; global_colors_info=&#8221;{}&#8221;]<\/p>\n<h4>QUEM \u00c9 ELEG\u00cdVEL PARA UM U VISA?<\/h4>\n<p>Existem seis requisitos que devem ser atendidos para atender \u00e0 elegibilidade:<\/p>\n<ul>\n<li>O requerente foi v\u00edtima de um crime qualificado;<\/li>\n<li>O requerente sofreu abuso f\u00edsico, emocional ou mental;<\/li>\n<li>A v\u00edtima pode fornecer informa\u00e7\u00f5es confi\u00e1veis \u200b\u200bsobre o crime;<\/li>\n<li>O crime ocorreu nos EUA ou violou as leis dos EUA;<\/li>\n<li>A v\u00edtima deve cooperar plenamente com a aplica\u00e7\u00e3o da lei e fornecer informa\u00e7\u00f5es durante a investiga\u00e7\u00e3o e o processo do crime;<\/li>\n<li>De acordo com as atuais leis e regulamentos de imigra\u00e7\u00e3o dos EUA, o requerente \u00e9 admiss\u00edvel nos EUA (se n\u00e3o forem admiss\u00edveis, eles podem solicitar um perd\u00e3o).<\/li>\n<\/ul>\n<p>[\/et_pb_text][\/et_pb_column][et_pb_column type=&#8221;3_5&#8243; _builder_version=&#8221;4.21.0&#8243; _module_preset=&#8221;default&#8221; background_image=&#8221;https:\/\/360immigrationlaw.com\/pt\/wp-content\/uploads\/2023\/06\/U-VISA_image_2.jpg&#8221; background_last_edited=&#8221;on|tablet&#8221; background_enable_image_tablet=&#8221;off&#8221; global_colors_info=&#8221;{}&#8221;][et_pb_image src=&#8221;https:\/\/360immigrationlaw.com\/pt\/wp-content\/uploads\/2023\/06\/U-VISA_image_2.jpg&#8221; alt=&#8221;VICTIMS OF DOMESTIC VIOLENCE &#8221; title_text=&#8221;U-VISA_image_2&#8243; disabled_on=&#8221;off|off|on&#8221; _builder_version=&#8221;4.21.0&#8243; _module_preset=&#8221;default&#8221; sticky_limit_top=&#8221;column&#8221; sticky_limit_bottom=&#8221;column&#8221; global_colors_info=&#8221;{}&#8221;][\/et_pb_image][\/et_pb_column][\/et_pb_row][et_pb_row custom_padding_last_edited=&#8221;on|phone&#8221; _builder_version=&#8221;4.21.0&#8243; _module_preset=&#8221;default&#8221; custom_padding_tablet=&#8221;&#8221; custom_padding_phone=&#8221;0px||||false|false&#8221; locked=&#8221;off&#8221; global_colors_info=&#8221;{}&#8221;][et_pb_column type=&#8221;4_4&#8243; _builder_version=&#8221;4.20.2&#8243; _module_preset=&#8221;default&#8221; global_colors_info=&#8221;{}&#8221;][et_pb_text _builder_version=&#8221;4.21.0&#8243; _module_preset=&#8221;default&#8221; text_font=&#8221;HelveticaNeue normal||||||||&#8221; text_font_size_tablet=&#8221;&#8221; text_font_size_phone=&#8221;20px&#8221; text_font_size_last_edited=&#8221;on|phone&#8221; global_colors_info=&#8221;{}&#8221;]<\/p>\n<p><span style=\"vertical-align: inherit;\"><span style=\"vertical-align: inherit;\">The list of crimes covered is extensive and includes aggravated assault, kidnapping, blackmail and extortion, domestic violence, sexual assault, manslaughter and murder, prostitution, as well as kidnapping and human trafficking. <\/span><span style=\"vertical-align: inherit;\">Other related crimes include the attempt, conspiracy, or solicitation of any of these crimes, or similar activity where the elements of the crime are very similar.<\/span><\/span><\/p>\n<p><span style=\"vertical-align: inherit;\"><span style=\"vertical-align: inherit;\">However, these are just some of the crimes that qualify under a U visa. The list is extensive.<\/span><\/span><\/p>\n<p><span style=\"vertical-align: inherit;\"><span style=\"vertical-align: inherit;\">Even people who have a criminal record or who have violated immigration laws may be eligible for a U visa. Even if an individual entered the country illegally or has a criminal record that makes them \u201cinadmissible\u201d to the United States, there may be a way forward with a request for forgiveness. <\/span><span style=\"vertical-align: inherit;\">The U visa process is one of the most complex cases for immigrants. <\/span><span style=\"vertical-align: inherit;\">Because there is so much at stake, it is always best to consult an immigration attorney before beginning the exemption process.<\/span><\/span><\/p>\n<p><span style=\"vertical-align: inherit;\"><span style=\"vertical-align: inherit;\">If you need help understanding whether you are eligible for a U visa, consult our experienced immigration attorneys at the Law Offices of Jamile Moraes Pellicer PA.<\/span><\/span><\/p>\n<p>[\/et_pb_text][\/et_pb_column][\/et_pb_row][et_pb_row _builder_version=&#8221;4.21.0&#8243; _module_preset=&#8221;default&#8221; background_color=&#8221;rgba(213,207,203,0.42)&#8221; custom_padding=&#8221;20px||0px||false|false&#8221; locked=&#8221;off&#8221; global_colors_info=&#8221;{}&#8221;][et_pb_column type=&#8221;4_4&#8243; _builder_version=&#8221;4.20.2&#8243; _module_preset=&#8221;default&#8221; global_colors_info=&#8221;{}&#8221;][et_pb_cta button_url=&#8221;@ET-DC@eyJkeW5hbWljIjp0cnVlLCJjb250ZW50IjoicG9zdF9saW5rX3VybF9wYWdlIiwic2V0dGluZ3MiOnsicG9zdF9pZCI6IjMwMjcifX0=@&#8221; button_text=&#8221;FALE CONOSCO&#8221; _builder_version=&#8221;4.21.0&#8243; _dynamic_attributes=&#8221;button_url&#8221; _module_preset=&#8221;default&#8221; header_line_height=&#8221;1.2em&#8221; body_font=&#8221;Helvetica Neu Bold|700|||||||&#8221; body_text_color=&#8221;gcid-30b07574-da3b-4944-bfd9-3b5cde1edd29&#8243; background_enable_color=&#8221;off&#8221; custom_button=&#8221;on&#8221; button_text_size=&#8221;18px&#8221; button_bg_color=&#8221;gcid-30b07574-da3b-4944-bfd9-3b5cde1edd29&#8243; button_border_width=&#8221;0px&#8221; button_border_radius=&#8221;15px&#8221; button_font=&#8221;Roboto|700|||||||&#8221; button_use_icon=&#8221;off&#8221; button_custom_margin=&#8221;20px||||false|false&#8221; button_custom_padding=&#8221;|40px||40px|false|true&#8221; module_alignment=&#8221;center&#8221; custom_margin=&#8221;||||false|false&#8221; custom_padding=&#8221;||||false|false&#8221; body_font_size_tablet=&#8221;&#8221; body_font_size_phone=&#8221;20px&#8221; body_font_size_last_edited=&#8221;on|phone&#8221; global_colors_info=&#8221;{%22gcid-30b07574-da3b-4944-bfd9-3b5cde1edd29%22:%91%22body_text_color%22,%22button_bg_color%22%93,%22gcid-eafa90e3-7c53-4465-b3ea-d911763a82f7%22:%91%22button_bg_color__hover%22%93}&#8221; button_bg_color__hover_enabled=&#8221;on|hover&#8221; button_bg_color__hover=&#8221;#400101&#8243; button_bg_enable_color__hover=&#8221;on&#8221;]<\/p>\n<p>Se voc\u00ea quer mesmo descobrir como conseguir sua resid\u00eancia permanente. . .<br \/>Vamos agendar uma sess\u00e3o de planejamento e estrat\u00e9gia legal hoje. Estamos aqui para ajud\u00e1-lo.<\/p>\n<p>[\/et_pb_cta][\/et_pb_column][\/et_pb_row][\/et_pb_section]<\/p>\n","protected":false},"excerpt":{"rendered":"<p>U VISAO U Visa \u00e9 um visto especial que permite que um imigrante ilegal, que foi v\u00edtima de um crime nos Estados Unidos, auxilie ao governo na aplica\u00e7\u00e3o da lei a levar o autor \u00e0 justi\u00e7a enquanto protege sua capacidade de permanecer nos EUA livre de deporta\u00e7\u00e3o. Uma vez aprovado pelos servi\u00e7os de Cidadania e Imigra\u00e7\u00e3o dos EUA (USCIS), o U Visa permitir\u00e1 que o imigrante e sua fam\u00edlia imediata trabalhem e vivam nos Estados Unidos e solicitem resid\u00eancia permanente e green card em tr\u00eas anos. Esta categoria de visto foi projetada para proteger as v\u00edtimas de crimes e seus entes queridos, mas o processo de aplica\u00e7\u00e3o \u00e9 complicado e requer experi\u00eancia na \u00e1rea tanto para trabalhar com o sistema criminal quanto o de imigra\u00e7\u00e3o. No Escrit\u00f3rio de Advocacia Jamile Moraes Pellicer P.A., fornecemos representa\u00e7\u00e3o legal completa e apoio emocional \u00e0s v\u00edtimas e suas fam\u00edlias enquanto buscam esses vistos de n\u00e3o-imigrante.O QUE \u00c9 UM U VISA? Em 2000, o Congresso aprovou a Lei de Prote\u00e7\u00e3o \u00e0s V\u00edtimas de Tr\u00e1fico e Viol\u00eancia. O objetivo desta lei era fortalecer a capacidade de aplica\u00e7\u00e3o da lei de perseguir criminosos envolvidos em tr\u00e1fico humano, viol\u00eancia dom\u00e9stica, agress\u00e3o sexual e outros crimes violentos. Os legisladores [&hellip;]<\/p>\n","protected":false},"author":3,"featured_media":0,"parent":0,"menu_order":0,"comment_status":"closed","ping_status":"closed","template":"","meta":{"_et_pb_use_builder":"on","_et_pb_old_content":"","_et_gb_content_width":"","_lmt_disableupdate":"","_lmt_disable":"","footnotes":""},"class_list":["post-1592","page","type-page","status-publish","hentry"],"yoast_head":"<!-- This site is optimized with the Yoast SEO Premium plugin v21.5 (Yoast SEO v27.3) - https:\/\/yoast.com\/product\/yoast-seo-premium-wordpress\/ -->\n<title>Conhe\u00e7a Servi\u00e7os de Visto U | 360 Immigration Law<\/title>\n<meta name=\"description\" content=\"Precisa de um visto U? Conhe\u00e7a os requisitos. Fale com nosso advogado e comece agora.\" \/>\n<meta name=\"robots\" content=\"index, follow, max-snippet:-1, max-image-preview:large, max-video-preview:-1\" \/>\n<link rel=\"canonical\" href=\"https:\/\/pt.360immigrationlaw.com\/visto-u-para-vitimas-de-crime\/\" \/>\n<meta property=\"og:locale\" content=\"pt_PT\" \/>\n<meta property=\"og:type\" content=\"article\" \/>\n<meta property=\"og:title\" content=\"VISTO U\" \/>\n<meta property=\"og:description\" content=\"Precisa de um visto U? Conhe\u00e7a os requisitos. Fale com nosso advogado e comece agora.\" \/>\n<meta property=\"og:url\" content=\"https:\/\/pt.360immigrationlaw.com\/visto-u-para-vitimas-de-crime\/\" \/>\n<meta property=\"og:site_name\" content=\"360 Immigration Law\" \/>\n<meta property=\"article:publisher\" content=\"https:\/\/www.facebook.com\/360Immigration\/\" \/>\n<meta property=\"article:modified_time\" content=\"2023-09-21T13:24:49+00:00\" \/>\n<meta name=\"twitter:card\" content=\"summary_large_image\" \/>\n<meta name=\"twitter:site\" content=\"@360immigration\" \/>\n<meta name=\"twitter:label1\" content=\"Tempo estimado de leitura\" \/>\n\t<meta name=\"twitter:data1\" content=\"5 minutos\" \/>\n<script type=\"application\/ld+json\" class=\"yoast-schema-graph\">{\"@context\":\"https:\\\/\\\/schema.org\",\"@graph\":[{\"@type\":\"WebPage\",\"@id\":\"https:\\\/\\\/pt.360immigrationlaw.com\\\/visto-u-para-vitimas-de-crime\\\/\",\"url\":\"https:\\\/\\\/pt.360immigrationlaw.com\\\/visto-u-para-vitimas-de-crime\\\/\",\"name\":\"Conhe\u00e7a Servi\u00e7os de Visto U | 360 Immigration Law\",\"isPartOf\":{\"@id\":\"https:\\\/\\\/pt.360immigrationlaw.com\\\/#website\"},\"datePublished\":\"2023-05-23T13:04:23+00:00\",\"dateModified\":\"2023-09-21T13:24:49+00:00\",\"description\":\"Precisa de um visto U? Conhe\u00e7a os requisitos. Fale com nosso advogado e comece agora.\",\"breadcrumb\":{\"@id\":\"https:\\\/\\\/pt.360immigrationlaw.com\\\/visto-u-para-vitimas-de-crime\\\/#breadcrumb\"},\"inLanguage\":\"pt-PT\",\"potentialAction\":[{\"@type\":\"ReadAction\",\"target\":[\"https:\\\/\\\/pt.360immigrationlaw.com\\\/visto-u-para-vitimas-de-crime\\\/\"]}]},{\"@type\":\"BreadcrumbList\",\"@id\":\"https:\\\/\\\/pt.360immigrationlaw.com\\\/visto-u-para-vitimas-de-crime\\\/#breadcrumb\",\"itemListElement\":[{\"@type\":\"ListItem\",\"position\":1,\"name\":\"Home\",\"item\":\"https:\\\/\\\/360immigrationlaw.com\\\/pt\\\/\"},{\"@type\":\"ListItem\",\"position\":2,\"name\":\"VISTO U\"}]},{\"@type\":\"WebSite\",\"@id\":\"https:\\\/\\\/pt.360immigrationlaw.com\\\/#website\",\"url\":\"https:\\\/\\\/pt.360immigrationlaw.com\\\/\",\"name\":\"360 Immigration Law\",\"description\":\"Advogado de imigra\u00e7\u00e3o na Fl\u00f3rida\",\"publisher\":{\"@id\":\"https:\\\/\\\/pt.360immigrationlaw.com\\\/#organization\"},\"potentialAction\":[{\"@type\":\"SearchAction\",\"target\":{\"@type\":\"EntryPoint\",\"urlTemplate\":\"https:\\\/\\\/pt.360immigrationlaw.com\\\/?s={search_term_string}\"},\"query-input\":{\"@type\":\"PropertyValueSpecification\",\"valueRequired\":true,\"valueName\":\"search_term_string\"}}],\"inLanguage\":\"pt-PT\"},{\"@type\":\"Organization\",\"@id\":\"https:\\\/\\\/pt.360immigrationlaw.com\\\/#organization\",\"name\":\"360 Immigration Law\",\"url\":\"https:\\\/\\\/pt.360immigrationlaw.com\\\/\",\"logo\":{\"@type\":\"ImageObject\",\"inLanguage\":\"pt-PT\",\"@id\":\"https:\\\/\\\/pt.360immigrationlaw.com\\\/#\\\/schema\\\/logo\\\/image\\\/\",\"url\":\"https:\\\/\\\/360immigrationlaw.com\\\/pt\\\/wp-content\\\/uploads\\\/2023\\\/06\\\/360_Immigration_Law_Group.jpg\",\"contentUrl\":\"https:\\\/\\\/360immigrationlaw.com\\\/pt\\\/wp-content\\\/uploads\\\/2023\\\/06\\\/360_Immigration_Law_Group.jpg\",\"width\":1264,\"height\":932,\"caption\":\"360 Immigration Law\"},\"image\":{\"@id\":\"https:\\\/\\\/pt.360immigrationlaw.com\\\/#\\\/schema\\\/logo\\\/image\\\/\"},\"sameAs\":[\"https:\\\/\\\/www.facebook.com\\\/360Immigration\\\/\",\"https:\\\/\\\/x.com\\\/360immigration\"]}]}<\/script>\n<!-- \/ Yoast SEO Premium plugin. -->","yoast_head_json":{"title":"Conhe\u00e7a Servi\u00e7os de Visto U | 360 Immigration Law","description":"Precisa de um visto U? Conhe\u00e7a os requisitos. Fale com nosso advogado e comece agora.","robots":{"index":"index","follow":"follow","max-snippet":"max-snippet:-1","max-image-preview":"max-image-preview:large","max-video-preview":"max-video-preview:-1"},"canonical":"https:\/\/pt.360immigrationlaw.com\/visto-u-para-vitimas-de-crime\/","og_locale":"pt_PT","og_type":"article","og_title":"VISTO U","og_description":"Precisa de um visto U? Conhe\u00e7a os requisitos. Fale com nosso advogado e comece agora.","og_url":"https:\/\/pt.360immigrationlaw.com\/visto-u-para-vitimas-de-crime\/","og_site_name":"360 Immigration Law","article_publisher":"https:\/\/www.facebook.com\/360Immigration\/","article_modified_time":"2023-09-21T13:24:49+00:00","twitter_card":"summary_large_image","twitter_site":"@360immigration","twitter_misc":{"Tempo estimado de leitura":"5 minutos"},"schema":{"@context":"https:\/\/schema.org","@graph":[{"@type":"WebPage","@id":"https:\/\/pt.360immigrationlaw.com\/visto-u-para-vitimas-de-crime\/","url":"https:\/\/pt.360immigrationlaw.com\/visto-u-para-vitimas-de-crime\/","name":"Conhe\u00e7a Servi\u00e7os de Visto U | 360 Immigration Law","isPartOf":{"@id":"https:\/\/pt.360immigrationlaw.com\/#website"},"datePublished":"2023-05-23T13:04:23+00:00","dateModified":"2023-09-21T13:24:49+00:00","description":"Precisa de um visto U? Conhe\u00e7a os requisitos. Fale com nosso advogado e comece agora.","breadcrumb":{"@id":"https:\/\/pt.360immigrationlaw.com\/visto-u-para-vitimas-de-crime\/#breadcrumb"},"inLanguage":"pt-PT","potentialAction":[{"@type":"ReadAction","target":["https:\/\/pt.360immigrationlaw.com\/visto-u-para-vitimas-de-crime\/"]}]},{"@type":"BreadcrumbList","@id":"https:\/\/pt.360immigrationlaw.com\/visto-u-para-vitimas-de-crime\/#breadcrumb","itemListElement":[{"@type":"ListItem","position":1,"name":"Home","item":"https:\/\/360immigrationlaw.com\/pt\/"},{"@type":"ListItem","position":2,"name":"VISTO U"}]},{"@type":"WebSite","@id":"https:\/\/pt.360immigrationlaw.com\/#website","url":"https:\/\/pt.360immigrationlaw.com\/","name":"360 Immigration Law","description":"Advogado de imigra\u00e7\u00e3o na Fl\u00f3rida","publisher":{"@id":"https:\/\/pt.360immigrationlaw.com\/#organization"},"potentialAction":[{"@type":"SearchAction","target":{"@type":"EntryPoint","urlTemplate":"https:\/\/pt.360immigrationlaw.com\/?s={search_term_string}"},"query-input":{"@type":"PropertyValueSpecification","valueRequired":true,"valueName":"search_term_string"}}],"inLanguage":"pt-PT"},{"@type":"Organization","@id":"https:\/\/pt.360immigrationlaw.com\/#organization","name":"360 Immigration Law","url":"https:\/\/pt.360immigrationlaw.com\/","logo":{"@type":"ImageObject","inLanguage":"pt-PT","@id":"https:\/\/pt.360immigrationlaw.com\/#\/schema\/logo\/image\/","url":"https:\/\/360immigrationlaw.com\/pt\/wp-content\/uploads\/2023\/06\/360_Immigration_Law_Group.jpg","contentUrl":"https:\/\/360immigrationlaw.com\/pt\/wp-content\/uploads\/2023\/06\/360_Immigration_Law_Group.jpg","width":1264,"height":932,"caption":"360 Immigration Law"},"image":{"@id":"https:\/\/pt.360immigrationlaw.com\/#\/schema\/logo\/image\/"},"sameAs":["https:\/\/www.facebook.com\/360Immigration\/","https:\/\/x.com\/360immigration"]}]}},"_links":{"self":[{"href":"https:\/\/360immigrationlaw.com\/pt\/wp-json\/wp\/v2\/pages\/1592","targetHints":{"allow":["GET"]}}],"collection":[{"href":"https:\/\/360immigrationlaw.com\/pt\/wp-json\/wp\/v2\/pages"}],"about":[{"href":"https:\/\/360immigrationlaw.com\/pt\/wp-json\/wp\/v2\/types\/page"}],"author":[{"embeddable":true,"href":"https:\/\/360immigrationlaw.com\/pt\/wp-json\/wp\/v2\/users\/3"}],"replies":[{"embeddable":true,"href":"https:\/\/360immigrationlaw.com\/pt\/wp-json\/wp\/v2\/comments?post=1592"}],"version-history":[{"count":28,"href":"https:\/\/360immigrationlaw.com\/pt\/wp-json\/wp\/v2\/pages\/1592\/revisions"}],"predecessor-version":[{"id":3660,"href":"https:\/\/360immigrationlaw.com\/pt\/wp-json\/wp\/v2\/pages\/1592\/revisions\/3660"}],"wp:attachment":[{"href":"https:\/\/360immigrationlaw.com\/pt\/wp-json\/wp\/v2\/media?parent=1592"}],"curies":[{"name":"wp","href":"https:\/\/api.w.org\/{rel}","templated":true}]}}