{"id":1606,"date":"2023-05-23T13:16:32","date_gmt":"2023-05-23T13:16:32","guid":{"rendered":"https:\/\/pt.360immigrationlaw.com\/?page_id=1606"},"modified":"2025-01-10T14:00:33","modified_gmt":"2025-01-10T14:00:33","slug":"k-1-visto-para-noivos","status":"publish","type":"page","link":"https:\/\/360immigrationlaw.com\/pt\/k-1-visto-para-noivos\/","title":{"rendered":"VISTO K-1"},"content":{"rendered":"<p>[et_pb_section fb_built=&#8221;1&#8243; custom_padding_last_edited=&#8221;on|phone&#8221; module_id=&#8221;head-sec&#8221; _builder_version=&#8221;4.21.0&#8243; _module_preset=&#8221;default&#8221; use_background_color_gradient=&#8221;on&#8221; background_color_gradient_direction=&#8221;91deg&#8221; background_color_gradient_stops=&#8221;rgba(0,0,0,0.87) 0%|rgba(0,0,0,0.33) 99%&#8221; background_image=&#8221;https:\/\/360immigrationlaw.com\/pt\/wp-content\/uploads\/2023\/05\/K1_Visa_header_image.jpg&#8221; custom_padding=&#8221;400px||80px||false|false&#8221; custom_padding_tablet=&#8221;200px||200px||false|false&#8221; custom_padding_phone=&#8221;30px||30px||true|false&#8221; locked=&#8221;off&#8221; global_colors_info=&#8221;{}&#8221;][et_pb_row custom_padding_last_edited=&#8221;on|desktop&#8221; _builder_version=&#8221;4.21.0&#8243; _module_preset=&#8221;default&#8221; custom_margin=&#8221;||||true|false&#8221; custom_padding=&#8221;80px||80px||true|false&#8221; custom_padding_tablet=&#8221;50px||50px||true|false&#8221; custom_padding_phone=&#8221;150px||0px||false|false&#8221; global_colors_info=&#8221;{}&#8221;][et_pb_column type=&#8221;4_4&#8243; _builder_version=&#8221;4.20.2&#8243; _module_preset=&#8221;default&#8221; global_colors_info=&#8221;{}&#8221;][et_pb_text _builder_version=&#8221;4.21.0&#8243; _module_preset=&#8221;default&#8221; header_font=&#8221;Adobe Garamond Pro Semibold|600|||||||&#8221; background_layout=&#8221;dark&#8221; custom_margin=&#8221;||||false|false&#8221; custom_padding=&#8221;||||false|false&#8221; header_font_size_tablet=&#8221;&#8221; header_font_size_phone=&#8221;30px&#8221; header_font_size_last_edited=&#8221;on|phone&#8221; global_colors_info=&#8221;{}&#8221;]<\/p>\n<h1>K-1 VISTO PARA NOIVOS<\/h1>\n<p>[\/et_pb_text][\/et_pb_column][\/et_pb_row][\/et_pb_section][et_pb_section fb_built=&#8221;1&#8243; custom_padding_last_edited=&#8221;on|phone&#8221; _builder_version=&#8221;4.21.0&#8243; _module_preset=&#8221;default&#8221; custom_padding=&#8221;0px||||false|false&#8221; custom_padding_tablet=&#8221;&#8221; custom_padding_phone=&#8221;0px||||false|false&#8221; locked=&#8221;off&#8221; global_colors_info=&#8221;{}&#8221;][et_pb_row _builder_version=&#8221;4.20.2&#8243; _module_preset=&#8221;default&#8221; global_colors_info=&#8221;{}&#8221;][et_pb_column type=&#8221;4_4&#8243; _builder_version=&#8221;4.20.2&#8243; _module_preset=&#8221;default&#8221; global_colors_info=&#8221;{}&#8221;][et_pb_text _builder_version=&#8221;4.21.0&#8243; _module_preset=&#8221;default&#8221; text_font=&#8221;HelveticaNeue normal||||||||&#8221; text_font_size_tablet=&#8221;&#8221; text_font_size_phone=&#8221;20px&#8221; text_font_size_last_edited=&#8221;on|phone&#8221; global_colors_info=&#8221;{}&#8221;]Se seu futuro c\u00f4njuge for estrangeiro e residente no exterior, voc\u00ea provavelmente ter\u00e1 muitas perguntas sobre green card, vistos e sua capacidade de estabelecer uma vida e um futuro juntos nos Estados Unidos. Por exemplo, qual \u00e9 a diferen\u00e7a entre um visto de noivo(a) e uma peti\u00e7\u00e3o padr\u00e3o por fam\u00edlia? Um visto de noivo(a) envolve processamento consular?<\/p>\n<p>Ao planejar seu casamento, voc\u00ea tamb\u00e9m deve agendar uma consulta com nossos advogados de imigra\u00e7\u00e3o em nosso escrit\u00f3rio Jamile Moraes Pellicer P.A. Podemos ajud\u00e1-lo a entender suas op\u00e7\u00f5es legais e ajudar a aliviar as press\u00f5es do processo de imigra\u00e7\u00e3o, incluindo a comunica\u00e7\u00e3o com o governo.[\/et_pb_text][\/et_pb_column][\/et_pb_row][et_pb_row column_structure=&#8221;2_5,3_5&#8243; make_equal=&#8221;on&#8221; custom_padding_last_edited=&#8221;on|tablet&#8221; _builder_version=&#8221;4.27.4&#8243; _module_preset=&#8221;default&#8221; custom_padding_tablet=&#8221;||0px||false|false&#8221; custom_padding_phone=&#8221;0px||0px||false|false&#8221; hover_enabled=&#8221;0&#8243; global_colors_info=&#8221;{}&#8221; custom_css_main_element_last_edited=&#8221;on|tablet&#8221; custom_css_main_element_tablet=&#8221;display: flex;||flex-direction: column-reverse;&#8221; sticky_enabled=&#8221;0&#8243; custom_css_main_element_phone=&#8221;display: flex;||flex-direction: column-reverse;&#8221;][et_pb_column type=&#8221;2_5&#8243; _builder_version=&#8221;4.27.4&#8243; _module_preset=&#8221;default&#8221; background_image=&#8221;https:\/\/360immigrationlaw.com\/pt\/wp-content\/uploads\/2023\/05\/K1_Visa_image_1.jpg&#8221; background_position=&#8221;top_left&#8221; hover_enabled=&#8221;0&#8243; background_last_edited=&#8221;on|tablet&#8221; background_enable_image_tablet=&#8221;off&#8221; global_colors_info=&#8221;{}&#8221; custom_padding_last_edited=&#8221;on|tablet&#8221; custom_padding_tablet=&#8221;30px||||false|false&#8221; sticky_enabled=&#8221;0&#8243; custom_padding_phone=&#8221;30px||||false|false&#8221;][et_pb_image src=&#8221;https:\/\/360immigrationlaw.com\/pt\/wp-content\/uploads\/2023\/06\/K1_Visa_image_1.png&#8221; alt=&#8221;VICTIMS OF CRIMES&#8221; title_text=&#8221;K1_Visa_image_1&#8243; disabled_on=&#8221;off|off|on&#8221; _builder_version=&#8221;4.21.0&#8243; _module_preset=&#8221;default&#8221; sticky_limit_top=&#8221;column&#8221; sticky_limit_bottom=&#8221;column&#8221; global_colors_info=&#8221;{}&#8221;][\/et_pb_image][\/et_pb_column][et_pb_column type=&#8221;3_5&#8243; _builder_version=&#8221;4.21.0&#8243; _module_preset=&#8221;default&#8221; global_colors_info=&#8221;{}&#8221;][et_pb_text _builder_version=&#8221;4.21.0&#8243; _module_preset=&#8221;default&#8221; text_font=&#8221;HelveticaNeue normal||||||||&#8221; header_4_font=&#8221;Helvetica Neu Bold||||||||&#8221; header_4_font_size=&#8221;25px&#8221; header_4_line_height=&#8221;1.4em&#8221; text_font_size_tablet=&#8221;&#8221; text_font_size_phone=&#8221;20px&#8221; text_font_size_last_edited=&#8221;on|phone&#8221; text_line_height_tablet=&#8221;1.2em&#8221; text_line_height_phone=&#8221;1.2em&#8221; text_line_height_last_edited=&#8221;on|phone&#8221; header_4_font_size_tablet=&#8221;25px&#8221; header_4_font_size_phone=&#8221;24px&#8221; header_4_font_size_last_edited=&#8221;on|phone&#8221; header_4_line_height_tablet=&#8221;1.4em&#8221; header_4_line_height_phone=&#8221;1.2em&#8221; header_4_line_height_last_edited=&#8221;on|phone&#8221; global_colors_info=&#8221;{}&#8221;]<\/p>\n<h4>Meu pretendente precisa de um visto para noivo(a)?<\/h4>\n<p>Um visto de noivo(a), tamb\u00e9m chamado de visto K-1, permite que um cidad\u00e3o estrangeiro que esteja atualmente envolvido com um cidad\u00e3o dos EUA possa entrar e residir nos Estados Unidos antes mesmo da cerim\u00f4nia. No entanto, nem todos os noivos precisam solicitar um visto de noivo(a). Antes de iniciar o demorado processo de solicita\u00e7\u00e3o de visto K-1, voc\u00ea deve avaliar sua situa\u00e7\u00e3o e necessidades espec\u00edficas. Seu noivo(a) n\u00e3o precisar\u00e1 de um visto K-1 se:<\/p>\n<ul>\n<li>Ele(a) n\u00e3o planeja morar nos EUA ap\u00f3s o seu casamento;<\/li>\n<li>Voc\u00eas n\u00e3o planejam se casar nos Estados Unidos;<\/li>\n<li>Ele(a) j\u00e1 possui um green card ou visto v\u00e1lido, j\u00e1 possibilitando residir legalmente nos EUA.<\/li>\n<\/ul>\n<p>Nestas circunst\u00e2ncias, seu noivo(a) pode ter a op\u00e7\u00e3o de solicitar resid\u00eancia permanente ap\u00f3s o casamento, usando um processo diferente. No entanto, se seu futuro c\u00f4njuge vive fora dos Estados Unidos, n\u00e3o possui um visto v\u00e1lido e deseja solicitar resid\u00eancia permanente legal (green card), o primeiro passo na jornada de imigra\u00e7\u00e3o \u00e9 o visto de noivo(a). Podemos ajud\u00e1-lo a entender todo o espectro de op\u00e7\u00f5es de imigra\u00e7\u00e3o dispon\u00edveis para voc\u00ea.[\/et_pb_text][\/et_pb_column][\/et_pb_row][et_pb_row column_structure=&#8221;2_5,3_5&#8243; make_equal=&#8221;on&#8221; custom_padding_last_edited=&#8221;on|phone&#8221; _builder_version=&#8221;4.21.0&#8243; _module_preset=&#8221;default&#8221; custom_padding_tablet=&#8221;&#8221; custom_padding_phone=&#8221;0px||||false|false&#8221; locked=&#8221;off&#8221; global_colors_info=&#8221;{}&#8221;][et_pb_column type=&#8221;2_5&#8243; _builder_version=&#8221;4.21.0&#8243; _module_preset=&#8221;default&#8221; global_colors_info=&#8221;{}&#8221;][et_pb_text _builder_version=&#8221;4.21.0&#8243; _module_preset=&#8221;default&#8221; text_font=&#8221;HelveticaNeue normal||||||||&#8221; header_4_font=&#8221;Helvetica Neu Bold||||||||&#8221; header_4_font_size=&#8221;25px&#8221; header_4_line_height=&#8221;1.4em&#8221; text_font_size_tablet=&#8221;&#8221; text_font_size_phone=&#8221;20px&#8221; text_font_size_last_edited=&#8221;on|phone&#8221; header_4_font_size_tablet=&#8221;25px&#8221; header_4_font_size_phone=&#8221;24px&#8221; header_4_font_size_last_edited=&#8221;on|phone&#8221; header_4_line_height_tablet=&#8221;1.4em&#8221; header_4_line_height_phone=&#8221;1.2em&#8221; header_4_line_height_last_edited=&#8221;on|phone&#8221; global_colors_info=&#8221;{}&#8221;]<\/p>\n<h4>Quem se qualifica para um visto de noivo(a)?<\/h4>\n<p>Os requisitos de elegibilidade para um visto K-1 s\u00e3o relativamente amplos. Mas \u00e9 sempre de grande valia consultar um advogado de imigra\u00e7\u00e3o antes de aplicar. Isso \u00e9 especialmente verdadeiro se seu futuro c\u00f4njuge j\u00e1 foi acusado(a) ou condenado(a) por um crime no exterior ou nos EUA ou cometeu uma viola\u00e7\u00e3o de imigra\u00e7\u00e3o nos EUA. A lei de imigra\u00e7\u00e3o dos EUA \u00e9 muito complicada e at\u00e9 mesmo algo como pequenos furtos ou DUI (constatado que dirigiu embriagado) pode mudar a maneira de como isso se aplica a voc\u00ea ou a um membro da fam\u00edlia. Um advogado de imigra\u00e7\u00e3o pode ajudar a evitar erros que podem custar ao seu noivo(a) o visto ou o green card.[\/et_pb_text][\/et_pb_column][et_pb_column type=&#8221;3_5&#8243; _builder_version=&#8221;4.21.0&#8243; _module_preset=&#8221;default&#8221; background_image=&#8221;https:\/\/360immigrationlaw.com\/pt\/wp-content\/uploads\/2023\/06\/K1_Visa_image_2.png&#8221; background_last_edited=&#8221;on|tablet&#8221; background_enable_image_tablet=&#8221;off&#8221; global_colors_info=&#8221;{}&#8221;][et_pb_image src=&#8221;https:\/\/360immigrationlaw.com\/pt\/wp-content\/uploads\/2023\/06\/K1_Visa_image_2.png&#8221; alt=&#8221;VICTIMS OF DOMESTIC VIOLENCE &#8221; title_text=&#8221;K1_Visa_image_2&#8243; disabled_on=&#8221;off|off|on&#8221; _builder_version=&#8221;4.21.0&#8243; _module_preset=&#8221;default&#8221; sticky_limit_top=&#8221;column&#8221; sticky_limit_bottom=&#8221;column&#8221; global_colors_info=&#8221;{}&#8221;][\/et_pb_image][\/et_pb_column][\/et_pb_row][et_pb_row custom_padding_last_edited=&#8221;on|phone&#8221; _builder_version=&#8221;4.21.0&#8243; _module_preset=&#8221;default&#8221; custom_padding_tablet=&#8221;&#8221; custom_padding_phone=&#8221;0px||||false|false&#8221; locked=&#8221;off&#8221; global_colors_info=&#8221;{}&#8221;][et_pb_column type=&#8221;4_4&#8243; _builder_version=&#8221;4.20.2&#8243; _module_preset=&#8221;default&#8221; global_colors_info=&#8221;{}&#8221;][et_pb_text _builder_version=&#8221;4.21.0&#8243; _module_preset=&#8221;default&#8221; text_font=&#8221;HelveticaNeue normal||||||||&#8221; text_font_size_tablet=&#8221;&#8221; text_font_size_phone=&#8221;20px&#8221; text_font_size_last_edited=&#8221;on|phone&#8221; global_colors_info=&#8221;{}&#8221;]Seu noivo estrangeiro \u00e9 normalmente eleg\u00edvel para um visto de noivo(a) se voc\u00ea puder comprovar o seguinte:<\/p>\n<ul>\n<li>Voc\u00ea \u00e9 um cidad\u00e3o dos EUA;<\/li>\n<li>Voc\u00ea e seu noivo(a) planejam se casar dentro de 90 dias ap\u00f3s a entrada nos Estados Unidos;<\/li>\n<li>Nos \u00faltimos dois anos, voc\u00eas dois se conheceram fisicamente;<\/li>\n<li>Os dois podem se casar legalmente nos EUA. Em outras palavras, atualmente voc\u00ea n\u00e3o estar casado(a).<\/li>\n<\/ul>\n<p>Qualquer um dos filhos de seu noivo(a) com menos de 21 anos de idade tamb\u00e9m poder\u00e3o receber o visto de status derivado K-2, se pretender se mudar para os EUA junto com seu noivo(a). Com rela\u00e7\u00e3o a residentes permanentes legais, benefici\u00e1rios de DACA e outros portadores de visto, n\u00e3o poder\u00e3o solicitar um visto K-1 para o seu pretendente.[\/et_pb_text][\/et_pb_column][\/et_pb_row][et_pb_row _builder_version=&#8221;4.21.0&#8243; _module_preset=&#8221;default&#8221; background_color=&#8221;rgba(213,207,203,0.42)&#8221; custom_padding=&#8221;0px||0px||true|false&#8221; locked=&#8221;off&#8221; global_colors_info=&#8221;{}&#8221;][et_pb_column type=&#8221;4_4&#8243; _builder_version=&#8221;4.20.2&#8243; _module_preset=&#8221;default&#8221; global_colors_info=&#8221;{}&#8221;][et_pb_cta button_url=&#8221;@ET-DC@eyJkeW5hbWljIjp0cnVlLCJjb250ZW50IjoicG9zdF9saW5rX3VybF9wYWdlIiwic2V0dGluZ3MiOnsicG9zdF9pZCI6IjMwMjcifX0=@&#8221; button_text=&#8221;FALE CONOSCO&#8221; _builder_version=&#8221;4.21.0&#8243; _dynamic_attributes=&#8221;button_url&#8221; _module_preset=&#8221;default&#8221; body_font=&#8221;Helvetica Neu Bold|700|||||||&#8221; body_text_color=&#8221;gcid-30b07574-da3b-4944-bfd9-3b5cde1edd29&#8243; background_enable_color=&#8221;off&#8221; custom_button=&#8221;on&#8221; button_text_size=&#8221;20px&#8221; button_bg_color=&#8221;gcid-30b07574-da3b-4944-bfd9-3b5cde1edd29&#8243; button_border_width=&#8221;0px&#8221; button_border_radius=&#8221;15px&#8221; button_font=&#8221;Roboto|700|||||||&#8221; button_use_icon=&#8221;off&#8221; button_custom_margin=&#8221;40px||||false|false&#8221; button_custom_padding=&#8221;|40px||40px|false|true&#8221; module_alignment=&#8221;center&#8221; custom_margin=&#8221;||||false|false&#8221; custom_padding=&#8221;||||false|false&#8221; body_font_size_tablet=&#8221;&#8221; body_font_size_phone=&#8221;20px&#8221; body_font_size_last_edited=&#8221;on|phone&#8221; button_text_size_tablet=&#8221;20px&#8221; button_text_size_phone=&#8221;18px&#8221; button_text_size_last_edited=&#8221;on|phone&#8221; global_colors_info=&#8221;{%22gcid-30b07574-da3b-4944-bfd9-3b5cde1edd29%22:%91%22body_text_color%22,%22button_bg_color%22%93,%22gcid-eafa90e3-7c53-4465-b3ea-d911763a82f7%22:%91%22button_bg_color__hover%22%93}&#8221; button_bg_color__hover_enabled=&#8221;on|hover&#8221; button_bg_color__hover=&#8221;#400101&#8243; button_bg_enable_color__hover=&#8221;on&#8221;]<\/p>\n<p>Pronto para registrar uma solicita\u00e7\u00e3o de visto para seu noivo(a)?<br \/>Vamos agendar sua sess\u00e3o de estrat\u00e9gia e planejamento jur\u00eddico hoje!<\/p>\n<p>[\/et_pb_cta][\/et_pb_column][\/et_pb_row][\/et_pb_section]<\/p>\n","protected":false},"excerpt":{"rendered":"<p>K-1 VISTO PARA NOIVOSSe seu futuro c\u00f4njuge for estrangeiro e residente no exterior, voc\u00ea provavelmente ter\u00e1 muitas perguntas sobre green card, vistos e sua capacidade de estabelecer uma vida e um futuro juntos nos Estados Unidos. Por exemplo, qual \u00e9 a diferen\u00e7a entre um visto de noivo(a) e uma peti\u00e7\u00e3o padr\u00e3o por fam\u00edlia? Um visto de noivo(a) envolve processamento consular? Ao planejar seu casamento, voc\u00ea tamb\u00e9m deve agendar uma consulta com nossos advogados de imigra\u00e7\u00e3o em nosso escrit\u00f3rio Jamile Moraes Pellicer P.A. Podemos ajud\u00e1-lo a entender suas op\u00e7\u00f5es legais e ajudar a aliviar as press\u00f5es do processo de imigra\u00e7\u00e3o, incluindo a comunica\u00e7\u00e3o com o governo.Meu pretendente precisa de um visto para noivo(a)? Um visto de noivo(a), tamb\u00e9m chamado de visto K-1, permite que um cidad\u00e3o estrangeiro que esteja atualmente envolvido com um cidad\u00e3o dos EUA possa entrar e residir nos Estados Unidos antes mesmo da cerim\u00f4nia. No entanto, nem todos os noivos precisam solicitar um visto de noivo(a). Antes de iniciar o demorado processo de solicita\u00e7\u00e3o de visto K-1, voc\u00ea deve avaliar sua situa\u00e7\u00e3o e necessidades espec\u00edficas. Seu noivo(a) n\u00e3o precisar\u00e1 de um visto K-1 se: Ele(a) n\u00e3o planeja morar nos EUA ap\u00f3s o seu casamento; Voc\u00eas n\u00e3o planejam se [&hellip;]<\/p>\n","protected":false},"author":3,"featured_media":0,"parent":0,"menu_order":0,"comment_status":"closed","ping_status":"closed","template":"","meta":{"_et_pb_use_builder":"on","_et_pb_old_content":"","_et_gb_content_width":"","_lmt_disableupdate":"","_lmt_disable":"","footnotes":""},"class_list":["post-1606","page","type-page","status-publish","hentry"],"yoast_head":"<!-- This site is optimized with the Yoast SEO Premium plugin v21.5 (Yoast SEO v27.3) - https:\/\/yoast.com\/product\/yoast-seo-premium-wordpress\/ -->\n<title>Nossos Servi\u00e7os de Visto K-1 | 360 Immigration Law Group<\/title>\n<meta name=\"description\" content=\"Fale com um advogado experiente hoje e comece o processo para obter seu visto K-1. Entre em contato com 360 Immigration Law Group agora.\" \/>\n<meta name=\"robots\" content=\"index, follow, max-snippet:-1, max-image-preview:large, max-video-preview:-1\" \/>\n<link rel=\"canonical\" href=\"https:\/\/360immigrationlaw.com\/pt\/k-1-visto-para-noivos\/\" \/>\n<meta property=\"og:locale\" content=\"pt_PT\" \/>\n<meta property=\"og:type\" content=\"article\" \/>\n<meta property=\"og:title\" content=\"VISTO K-1\" \/>\n<meta property=\"og:description\" content=\"Fale com um advogado experiente hoje e comece o processo para obter seu visto K-1. Entre em contato com 360 Immigration Law Group agora.\" \/>\n<meta property=\"og:url\" content=\"https:\/\/360immigrationlaw.com\/pt\/k-1-visto-para-noivos\/\" \/>\n<meta property=\"og:site_name\" content=\"360 Immigration Law\" \/>\n<meta property=\"article:publisher\" content=\"https:\/\/www.facebook.com\/360Immigration\/\" \/>\n<meta property=\"article:modified_time\" content=\"2025-01-10T14:00:33+00:00\" \/>\n<meta name=\"twitter:card\" content=\"summary_large_image\" \/>\n<meta name=\"twitter:site\" content=\"@360immigration\" \/>\n<meta name=\"twitter:label1\" content=\"Tempo estimado de leitura\" \/>\n\t<meta name=\"twitter:data1\" content=\"5 minutos\" \/>\n<script type=\"application\/ld+json\" class=\"yoast-schema-graph\">{\"@context\":\"https:\\\/\\\/schema.org\",\"@graph\":[{\"@type\":\"WebPage\",\"@id\":\"https:\\\/\\\/360immigrationlaw.com\\\/pt\\\/k-1-visto-para-noivos\\\/\",\"url\":\"https:\\\/\\\/360immigrationlaw.com\\\/pt\\\/k-1-visto-para-noivos\\\/\",\"name\":\"Nossos Servi\u00e7os de Visto K-1 | 360 Immigration Law Group\",\"isPartOf\":{\"@id\":\"https:\\\/\\\/pt.360immigrationlaw.com\\\/#website\"},\"datePublished\":\"2023-05-23T13:16:32+00:00\",\"dateModified\":\"2025-01-10T14:00:33+00:00\",\"description\":\"Fale com um advogado experiente hoje e comece o processo para obter seu visto K-1. Entre em contato com 360 Immigration Law Group agora.\",\"breadcrumb\":{\"@id\":\"https:\\\/\\\/360immigrationlaw.com\\\/pt\\\/k-1-visto-para-noivos\\\/#breadcrumb\"},\"inLanguage\":\"pt-PT\",\"potentialAction\":[{\"@type\":\"ReadAction\",\"target\":[\"https:\\\/\\\/360immigrationlaw.com\\\/pt\\\/k-1-visto-para-noivos\\\/\"]}]},{\"@type\":\"BreadcrumbList\",\"@id\":\"https:\\\/\\\/360immigrationlaw.com\\\/pt\\\/k-1-visto-para-noivos\\\/#breadcrumb\",\"itemListElement\":[{\"@type\":\"ListItem\",\"position\":1,\"name\":\"Home\",\"item\":\"https:\\\/\\\/360immigrationlaw.com\\\/pt\\\/\"},{\"@type\":\"ListItem\",\"position\":2,\"name\":\"VISTO K-1\"}]},{\"@type\":\"WebSite\",\"@id\":\"https:\\\/\\\/pt.360immigrationlaw.com\\\/#website\",\"url\":\"https:\\\/\\\/pt.360immigrationlaw.com\\\/\",\"name\":\"360 Immigration Law\",\"description\":\"Advogado de imigra\u00e7\u00e3o na Fl\u00f3rida\",\"publisher\":{\"@id\":\"https:\\\/\\\/pt.360immigrationlaw.com\\\/#organization\"},\"potentialAction\":[{\"@type\":\"SearchAction\",\"target\":{\"@type\":\"EntryPoint\",\"urlTemplate\":\"https:\\\/\\\/pt.360immigrationlaw.com\\\/?s={search_term_string}\"},\"query-input\":{\"@type\":\"PropertyValueSpecification\",\"valueRequired\":true,\"valueName\":\"search_term_string\"}}],\"inLanguage\":\"pt-PT\"},{\"@type\":\"Organization\",\"@id\":\"https:\\\/\\\/pt.360immigrationlaw.com\\\/#organization\",\"name\":\"360 Immigration Law\",\"url\":\"https:\\\/\\\/pt.360immigrationlaw.com\\\/\",\"logo\":{\"@type\":\"ImageObject\",\"inLanguage\":\"pt-PT\",\"@id\":\"https:\\\/\\\/pt.360immigrationlaw.com\\\/#\\\/schema\\\/logo\\\/image\\\/\",\"url\":\"https:\\\/\\\/360immigrationlaw.com\\\/pt\\\/wp-content\\\/uploads\\\/2023\\\/06\\\/360_Immigration_Law_Group.jpg\",\"contentUrl\":\"https:\\\/\\\/360immigrationlaw.com\\\/pt\\\/wp-content\\\/uploads\\\/2023\\\/06\\\/360_Immigration_Law_Group.jpg\",\"width\":1264,\"height\":932,\"caption\":\"360 Immigration Law\"},\"image\":{\"@id\":\"https:\\\/\\\/pt.360immigrationlaw.com\\\/#\\\/schema\\\/logo\\\/image\\\/\"},\"sameAs\":[\"https:\\\/\\\/www.facebook.com\\\/360Immigration\\\/\",\"https:\\\/\\\/x.com\\\/360immigration\"]}]}<\/script>\n<!-- \/ Yoast SEO Premium plugin. -->","yoast_head_json":{"title":"Nossos Servi\u00e7os de Visto K-1 | 360 Immigration Law Group","description":"Fale com um advogado experiente hoje e comece o processo para obter seu visto K-1. Entre em contato com 360 Immigration Law Group agora.","robots":{"index":"index","follow":"follow","max-snippet":"max-snippet:-1","max-image-preview":"max-image-preview:large","max-video-preview":"max-video-preview:-1"},"canonical":"https:\/\/360immigrationlaw.com\/pt\/k-1-visto-para-noivos\/","og_locale":"pt_PT","og_type":"article","og_title":"VISTO K-1","og_description":"Fale com um advogado experiente hoje e comece o processo para obter seu visto K-1. Entre em contato com 360 Immigration Law Group agora.","og_url":"https:\/\/360immigrationlaw.com\/pt\/k-1-visto-para-noivos\/","og_site_name":"360 Immigration Law","article_publisher":"https:\/\/www.facebook.com\/360Immigration\/","article_modified_time":"2025-01-10T14:00:33+00:00","twitter_card":"summary_large_image","twitter_site":"@360immigration","twitter_misc":{"Tempo estimado de leitura":"5 minutos"},"schema":{"@context":"https:\/\/schema.org","@graph":[{"@type":"WebPage","@id":"https:\/\/360immigrationlaw.com\/pt\/k-1-visto-para-noivos\/","url":"https:\/\/360immigrationlaw.com\/pt\/k-1-visto-para-noivos\/","name":"Nossos Servi\u00e7os de Visto K-1 | 360 Immigration Law Group","isPartOf":{"@id":"https:\/\/pt.360immigrationlaw.com\/#website"},"datePublished":"2023-05-23T13:16:32+00:00","dateModified":"2025-01-10T14:00:33+00:00","description":"Fale com um advogado experiente hoje e comece o processo para obter seu visto K-1. Entre em contato com 360 Immigration Law Group agora.","breadcrumb":{"@id":"https:\/\/360immigrationlaw.com\/pt\/k-1-visto-para-noivos\/#breadcrumb"},"inLanguage":"pt-PT","potentialAction":[{"@type":"ReadAction","target":["https:\/\/360immigrationlaw.com\/pt\/k-1-visto-para-noivos\/"]}]},{"@type":"BreadcrumbList","@id":"https:\/\/360immigrationlaw.com\/pt\/k-1-visto-para-noivos\/#breadcrumb","itemListElement":[{"@type":"ListItem","position":1,"name":"Home","item":"https:\/\/360immigrationlaw.com\/pt\/"},{"@type":"ListItem","position":2,"name":"VISTO K-1"}]},{"@type":"WebSite","@id":"https:\/\/pt.360immigrationlaw.com\/#website","url":"https:\/\/pt.360immigrationlaw.com\/","name":"360 Immigration Law","description":"Advogado de imigra\u00e7\u00e3o na Fl\u00f3rida","publisher":{"@id":"https:\/\/pt.360immigrationlaw.com\/#organization"},"potentialAction":[{"@type":"SearchAction","target":{"@type":"EntryPoint","urlTemplate":"https:\/\/pt.360immigrationlaw.com\/?s={search_term_string}"},"query-input":{"@type":"PropertyValueSpecification","valueRequired":true,"valueName":"search_term_string"}}],"inLanguage":"pt-PT"},{"@type":"Organization","@id":"https:\/\/pt.360immigrationlaw.com\/#organization","name":"360 Immigration Law","url":"https:\/\/pt.360immigrationlaw.com\/","logo":{"@type":"ImageObject","inLanguage":"pt-PT","@id":"https:\/\/pt.360immigrationlaw.com\/#\/schema\/logo\/image\/","url":"https:\/\/360immigrationlaw.com\/pt\/wp-content\/uploads\/2023\/06\/360_Immigration_Law_Group.jpg","contentUrl":"https:\/\/360immigrationlaw.com\/pt\/wp-content\/uploads\/2023\/06\/360_Immigration_Law_Group.jpg","width":1264,"height":932,"caption":"360 Immigration Law"},"image":{"@id":"https:\/\/pt.360immigrationlaw.com\/#\/schema\/logo\/image\/"},"sameAs":["https:\/\/www.facebook.com\/360Immigration\/","https:\/\/x.com\/360immigration"]}]}},"_links":{"self":[{"href":"https:\/\/360immigrationlaw.com\/pt\/wp-json\/wp\/v2\/pages\/1606","targetHints":{"allow":["GET"]}}],"collection":[{"href":"https:\/\/360immigrationlaw.com\/pt\/wp-json\/wp\/v2\/pages"}],"about":[{"href":"https:\/\/360immigrationlaw.com\/pt\/wp-json\/wp\/v2\/types\/page"}],"author":[{"embeddable":true,"href":"https:\/\/360immigrationlaw.com\/pt\/wp-json\/wp\/v2\/users\/3"}],"replies":[{"embeddable":true,"href":"https:\/\/360immigrationlaw.com\/pt\/wp-json\/wp\/v2\/comments?post=1606"}],"version-history":[{"count":23,"href":"https:\/\/360immigrationlaw.com\/pt\/wp-json\/wp\/v2\/pages\/1606\/revisions"}],"predecessor-version":[{"id":83177,"href":"https:\/\/360immigrationlaw.com\/pt\/wp-json\/wp\/v2\/pages\/1606\/revisions\/83177"}],"wp:attachment":[{"href":"https:\/\/360immigrationlaw.com\/pt\/wp-json\/wp\/v2\/media?parent=1606"}],"curies":[{"name":"wp","href":"https:\/\/api.w.org\/{rel}","templated":true}]}}