{"id":1615,"date":"2023-05-23T13:28:10","date_gmt":"2023-05-23T13:28:10","guid":{"rendered":"https:\/\/pt.360immigrationlaw.com\/?page_id=1615"},"modified":"2023-09-18T19:28:37","modified_gmt":"2023-09-18T19:28:37","slug":"ajuste-de-status","status":"publish","type":"page","link":"https:\/\/360immigrationlaw.com\/pt\/ajuste-de-status\/","title":{"rendered":"AJUSTE DE STATUS"},"content":{"rendered":"\n[et_pb_section fb_built=&#8221;1&#8243; custom_padding_last_edited=&#8221;on|phone&#8221; module_id=&#8221;head-sec&#8221; _builder_version=&#8221;4.21.0&#8243; _module_preset=&#8221;default&#8221; use_background_color_gradient=&#8221;on&#8221; background_color_gradient_direction=&#8221;91deg&#8221; background_color_gradient_stops=&#8221;rgba(0,0,0,0.87) 0%|rgba(0,0,0,0.33) 99%&#8221; background_image=&#8221;https:\/\/360immigrationlaw.com\/pt\/wp-content\/uploads\/2023\/05\/ADJUSTMENT_STATUS_header_image.jpg&#8221; custom_padding=&#8221;400px||80px||false|false&#8221; custom_padding_tablet=&#8221;200px||200px||false|false&#8221; custom_padding_phone=&#8221;30px||30px||true|false&#8221; locked=&#8221;off&#8221; global_colors_info=&#8221;{}&#8221;][et_pb_row custom_padding_last_edited=&#8221;on|desktop&#8221; _builder_version=&#8221;4.21.0&#8243; _module_preset=&#8221;default&#8221; custom_padding=&#8221;80px||80px||true|false&#8221; custom_padding_tablet=&#8221;50px||50px||true|false&#8221; custom_padding_phone=&#8221;150px||0px||false|false&#8221; global_colors_info=&#8221;{}&#8221; custom_margin=&#8221;||||true|false&#8221;][et_pb_column type=&#8221;4_4&#8243; _builder_version=&#8221;4.20.2&#8243; _module_preset=&#8221;default&#8221; global_colors_info=&#8221;{}&#8221;][et_pb_text _builder_version=&#8221;4.21.0&#8243; _module_preset=&#8221;default&#8221; header_font=&#8221;Adobe Garamond Pro Semibold|600|||||||&#8221; background_layout=&#8221;dark&#8221; header_font_size_tablet=&#8221;&#8221; header_font_size_phone=&#8221;30px&#8221; header_font_size_last_edited=&#8221;on|phone&#8221; global_colors_info=&#8221;{}&#8221; custom_margin=&#8221;||||false|false&#8221; custom_padding=&#8221;||||false|false&#8221;]<h1>AJUSTE DE STATUS<\/h1>[\/et_pb_text][\/et_pb_column][\/et_pb_row][\/et_pb_section][et_pb_section fb_built=&#8221;1&#8243; custom_padding_last_edited=&#8221;on|phone&#8221; _builder_version=&#8221;4.21.0&#8243; _module_preset=&#8221;default&#8221; custom_padding_tablet=&#8221;&#8221; custom_padding_phone=&#8221;0px||||false|false&#8221; locked=&#8221;off&#8221; global_colors_info=&#8221;{}&#8221;][et_pb_row make_equal=&#8221;on&#8221; _builder_version=&#8221;4.21.0&#8243; _module_preset=&#8221;default&#8221; global_colors_info=&#8221;{}&#8221;][et_pb_column type=&#8221;4_4&#8243; _builder_version=&#8221;4.21.0&#8243; _module_preset=&#8221;default&#8221; global_colors_info=&#8221;{}&#8221;][et_pb_text _builder_version=&#8221;4.21.0&#8243; _module_preset=&#8221;default&#8221; text_font=&#8221;HelveticaNeue normal||||||||&#8221; header_4_font=&#8221;Helvetica Neu Bold||||||||&#8221; header_4_font_size=&#8221;20px&#8221; text_font_size_tablet=&#8221;&#8221; text_font_size_phone=&#8221;20px&#8221; text_font_size_last_edited=&#8221;on|phone&#8221; global_colors_info=&#8221;{}&#8221;]Se voc\u00ea deseja ajustar seu status de portador de visto para o de residente permanente legal ou portador de green card, pode ser um processo longo e complicado. Mudan\u00e7as recentes nas leis de imigra\u00e7\u00e3o dos EUA tornaram os requisitos mais complicados de entender.\n\nVoc\u00ea pode querer contar com um advogado de imigra\u00e7\u00e3o para concluir o processo de ajuste de status, a fim de evitar contratempos ou erros de preenchimento. Isso pode envolver o envio de uma solicita\u00e7\u00e3o para registrar resid\u00eancia permanente ou ajustar o status e formul\u00e1rios adicionais. Seus formul\u00e1rios adicionais poder\u00e3o ser enviados ao mesmo tempo que a sua inscri\u00e7\u00e3o ou separadamente. Process\u00e1-los juntos \u00e9 chamado de \u201caplica\u00e7\u00e3o simult\u00e2nea\u201d. Isso pode reduzir o tempo necess\u00e1rio para obter um ajuste de status.[\/et_pb_text][et_pb_image src=&#8221;https:\/\/360immigrationlaw.com\/pt\/wp-content\/uploads\/2023\/05\/ADJUSTMENT_STATUS_image_1.jpg&#8221; title_text=&#8221;ADJUSTMENT_STATUS_image_1&#8243; _builder_version=&#8221;4.21.0&#8243; _module_preset=&#8221;default&#8221; global_colors_info=&#8221;{}&#8221;][\/et_pb_image][et_pb_text _builder_version=&#8221;4.21.0&#8243; _module_preset=&#8221;default&#8221; text_font=&#8221;HelveticaNeue normal||||||||&#8221; header_4_font=&#8221;Helvetica Neu Bold||||||||&#8221; header_4_font_size=&#8221;20px&#8221; text_font_size_tablet=&#8221;&#8221; text_font_size_phone=&#8221;20px&#8221; text_font_size_last_edited=&#8221;on|phone&#8221; global_colors_info=&#8221;{}&#8221;]Voc\u00ea tamb\u00e9m precisar\u00e1 comparecer a um local de Application Support Center, ou \u201cbiometria\u201d, e a uma entrevista com o USCIS. Esses compromissos exigir\u00e3o que voc\u00ea responda perguntas e revise seus antecedentes. \u00c9 dever de um oficial de imigra\u00e7\u00e3o levantar e descobrir qualquer informa\u00e7\u00e3o pertinente, e isso pode ser uma experi\u00eancia estressante. \u00c9 melhor se preparar para essas entrevistas com a ajuda de um advogado de imigra\u00e7\u00e3o. Um advogado de imigra\u00e7\u00e3o pode at\u00e9 participar da entrevista junto com voc\u00ea, para garantir que voc\u00ea esteja sendo tratado de forma justa.\n\nPara obter um Green Card, voc\u00ea deve se enquadrar em uma categoria espec\u00edfica como imigrante em potencial. Por exemplo, voc\u00ea pode ter um familiar pr\u00f3ximo que seja cidad\u00e3o dos EUA ou residente permanente, ou um empregador que esteja disposto a patrocin\u00e1-lo, ou voc\u00ea pode ser um refugiado ou asilado.\n\nExistem requisitos adicionais, dependendo de qual categoria de imigrantes voc\u00ea se enquadra. Por exemplo, se voc\u00ea \u00e9 um imigrante de base familiar, dever\u00e1 ter uma peti\u00e7\u00e3o de visto aprovada antes do processo de ajuste de status. Sua data de prioridade tamb\u00e9m deve ser atual. Da mesma forma, se voc\u00ea \u00e9 asilado ou refugiado, deve ter esperado o ano necess\u00e1rio a partir da sua entrada nos Estados Unidos ou da data de aprova\u00e7\u00e3o do asilo.\n\nUm requisito para todos os solicitantes do Green Card \u00e9 que voc\u00ea atualmente resida nos Estados Unidos. Voc\u00ea n\u00e3o pode morar em outro pa\u00eds, incluindo seu pa\u00eds de origem. Se voc\u00ea estiver fora dos EUA por um longo per\u00edodo de tempo, provavelmente n\u00e3o se qualificar\u00e1 para um Green Card.[\/et_pb_text][et_pb_text _builder_version=&#8221;4.21.0&#8243; _module_preset=&#8221;default&#8221; text_font=&#8221;HelveticaNeue normal||||||||&#8221; header_4_font=&#8221;Helvetica Neu Bold||||||||&#8221; header_4_font_size=&#8221;25px&#8221; header_4_line_height=&#8221;1.5em&#8221; text_font_size_tablet=&#8221;&#8221; text_font_size_phone=&#8221;20px&#8221; text_font_size_last_edited=&#8221;on|phone&#8221; header_4_font_size_tablet=&#8221;25px&#8221; header_4_font_size_phone=&#8221;24px&#8221; header_4_font_size_last_edited=&#8221;on|phone&#8221; header_4_line_height_tablet=&#8221;1.5em&#8221; header_4_line_height_phone=&#8221;1.2em&#8221; header_4_line_height_last_edited=&#8221;on|phone&#8221; global_colors_info=&#8221;{}&#8221;]<h4>DETERMINANDO SUA ELEGIBILIDADE<\/h4>\nPara ser eleg\u00edvel para um ajuste de status, voc\u00ea deve ter um visto v\u00e1lido. Se o seu visto expirou e voc\u00ea permaneceu al\u00e9m da data v\u00e1lida, pode ser necess\u00e1rio sair do pa\u00eds antes de procurar um ajuste de status. De fato, voc\u00ea pode n\u00e3o ser mais eleg\u00edvel para retornar aos Estados. Existem algumas exce\u00e7\u00f5es para isso sob a Lei de Imigra\u00e7\u00e3o e Nacionalidade 245 (i), se um empregador ou membro da fam\u00edlia tiver apresentado uma peti\u00e7\u00e3o para voc\u00ea, antes ou at\u00e9 o dia 30 de abril de 2001. Isso pode permitir que voc\u00ea pague uma multa de US $ 1.000 e continue a buscar o ajuste de status.\n\n\u00c9 importante trabalhar com um advogado de imigra\u00e7\u00e3o para determinar sua qualifica\u00e7\u00e3o para um ajuste de status. Voc\u00ea ter\u00e1 que provar sua elegibilidade e, se houver alguma d\u00favida sobre sua validade, seu processo poder\u00e1 ser adiado ou sua peti\u00e7\u00e3o poder\u00e1 ser negada.[\/et_pb_text][\/et_pb_column][\/et_pb_row][et_pb_row custom_padding_last_edited=&#8221;on|phone&#8221; _builder_version=&#8221;4.21.0&#8243; _module_preset=&#8221;default&#8221; background_color=&#8221;rgba(213,207,203,0.42)&#8221; custom_margin_tablet=&#8221;&#8221; custom_margin_phone=&#8221;0px||||false|false&#8221; custom_margin_last_edited=&#8221;on|phone&#8221; custom_padding=&#8221;0px||0px||true|false&#8221; custom_padding_tablet=&#8221;&#8221; custom_padding_phone=&#8221;||||false|false&#8221; locked=&#8221;off&#8221; global_colors_info=&#8221;{}&#8221;][et_pb_column type=&#8221;4_4&#8243; _builder_version=&#8221;4.20.2&#8243; _module_preset=&#8221;default&#8221; global_colors_info=&#8221;{}&#8221;][et_pb_cta button_url=&#8221;@ET-DC@eyJkeW5hbWljIjp0cnVlLCJjb250ZW50IjoicG9zdF9saW5rX3VybF9wYWdlIiwic2V0dGluZ3MiOnsicG9zdF9pZCI6IjMwMjcifX0=@&#8221; button_text=&#8221;FALE CONOSCO&#8221; _builder_version=&#8221;4.21.0&#8243; _dynamic_attributes=&#8221;button_url&#8221; _module_preset=&#8221;default&#8221; body_font=&#8221;Helvetica Neu Bold|700|||||||&#8221; body_text_color=&#8221;gcid-30b07574-da3b-4944-bfd9-3b5cde1edd29&#8243; background_enable_color=&#8221;off&#8221; custom_button=&#8221;on&#8221; button_text_size=&#8221;18px&#8221; button_bg_color=&#8221;gcid-30b07574-da3b-4944-bfd9-3b5cde1edd29&#8243; button_border_width=&#8221;0px&#8221; button_border_radius=&#8221;15px&#8221; button_font=&#8221;Roboto|700|||||||&#8221; button_use_icon=&#8221;off&#8221; button_custom_margin=&#8221;40px||||false|false&#8221; button_custom_padding=&#8221;|40px||40px|false|true&#8221; module_alignment=&#8221;center&#8221; custom_margin=&#8221;||||false|false&#8221; custom_padding=&#8221;||||false|false&#8221; body_font_size_tablet=&#8221;&#8221; body_font_size_phone=&#8221;20px&#8221; body_font_size_last_edited=&#8221;on|phone&#8221; global_colors_info=&#8221;{%22gcid-30b07574-da3b-4944-bfd9-3b5cde1edd29%22:%91%22body_text_color%22,%22button_bg_color%22%93,%22gcid-eafa90e3-7c53-4465-b3ea-d911763a82f7%22:%91%22button_bg_color__hover%22%93}&#8221; button_bg_color__hover_enabled=&#8221;on|hover&#8221; button_bg_color__hover=&#8221;#400101&#8243; button_bg_enable_color__hover=&#8221;on&#8221;]<p>Se voc\u00ea estiver disposto a conquistar sua resid\u00eancia permanente. . .<br \/>Vamos agendar sua sess\u00e3o de estrat\u00e9gia e planejamento jur\u00eddico hoje.<\/p>[\/et_pb_cta][\/et_pb_column][\/et_pb_row][\/et_pb_section]\n","protected":false},"excerpt":{"rendered":"<p>AJUSTE DE STATUSSe voc\u00ea deseja ajustar seu status de portador de visto para o de residente permanente legal ou portador de green card, pode ser um processo longo e complicado. Mudan\u00e7as recentes nas leis de imigra\u00e7\u00e3o dos EUA tornaram os requisitos mais complicados de entender. Voc\u00ea pode querer contar com um advogado de imigra\u00e7\u00e3o para concluir o processo de ajuste de status, a fim de evitar contratempos ou erros de preenchimento. Isso pode envolver o envio de uma solicita\u00e7\u00e3o para registrar resid\u00eancia permanente ou ajustar o status e formul\u00e1rios adicionais. Seus formul\u00e1rios adicionais poder\u00e3o ser enviados ao mesmo tempo que a sua inscri\u00e7\u00e3o ou separadamente. Process\u00e1-los juntos \u00e9 chamado de \u201caplica\u00e7\u00e3o simult\u00e2nea\u201d. Isso pode reduzir o tempo necess\u00e1rio para obter um ajuste de status.Voc\u00ea tamb\u00e9m precisar\u00e1 comparecer a um local de Application Support Center, ou \u201cbiometria\u201d, e a uma entrevista com o USCIS. Esses compromissos exigir\u00e3o que voc\u00ea responda perguntas e revise seus antecedentes. \u00c9 dever de um oficial de imigra\u00e7\u00e3o levantar e descobrir qualquer informa\u00e7\u00e3o pertinente, e isso pode ser uma experi\u00eancia estressante. \u00c9 melhor se preparar para essas entrevistas com a ajuda de um advogado de imigra\u00e7\u00e3o. Um advogado de imigra\u00e7\u00e3o pode at\u00e9 participar da entrevista junto com [&hellip;]<\/p>\n","protected":false},"author":3,"featured_media":0,"parent":0,"menu_order":0,"comment_status":"closed","ping_status":"closed","template":"","meta":{"_et_pb_use_builder":"on","_et_pb_old_content":"","_et_gb_content_width":"","_lmt_disableupdate":"","_lmt_disable":"","footnotes":""},"class_list":["post-1615","page","type-page","status-publish","hentry"],"yoast_head":"<!-- This site is optimized with the Yoast SEO Premium plugin v21.5 (Yoast SEO v27.3) - https:\/\/yoast.com\/product\/yoast-seo-premium-wordpress\/ -->\n<title>Fale com Advogado de Ajuste de Status | 360 Immigration Law<\/title>\n<meta name=\"description\" content=\"Nossa equipe de advogados de ajuste de status est\u00e1 pronta para ajudar. Entre em contato com o 360 Immigration Law Group para obter mais informa\u00e7\u00f5es.\" \/>\n<meta name=\"robots\" content=\"index, follow, max-snippet:-1, max-image-preview:large, max-video-preview:-1\" \/>\n<link rel=\"canonical\" href=\"https:\/\/pxv.30a.myftpupload.com\/ajuste-de-status\/\" \/>\n<meta property=\"og:locale\" content=\"pt_PT\" \/>\n<meta property=\"og:type\" content=\"article\" \/>\n<meta property=\"og:title\" content=\"AJUSTE DE STATUS\" \/>\n<meta property=\"og:description\" content=\"Nossa equipe de advogados de ajuste de status est\u00e1 pronta para ajudar. Entre em contato com o 360 Immigration Law Group para obter mais informa\u00e7\u00f5es.\" \/>\n<meta property=\"og:url\" content=\"https:\/\/pxv.30a.myftpupload.com\/ajuste-de-status\/\" \/>\n<meta property=\"og:site_name\" content=\"360 Immigration Law\" \/>\n<meta property=\"article:publisher\" content=\"https:\/\/www.facebook.com\/360Immigration\/\" \/>\n<meta property=\"article:modified_time\" content=\"2023-09-18T19:28:37+00:00\" \/>\n<meta name=\"twitter:card\" content=\"summary_large_image\" \/>\n<meta name=\"twitter:site\" content=\"@360immigration\" \/>\n<meta name=\"twitter:label1\" content=\"Tempo estimado de leitura\" \/>\n\t<meta name=\"twitter:data1\" content=\"4 minutos\" \/>\n<script type=\"application\/ld+json\" class=\"yoast-schema-graph\">{\"@context\":\"https:\\\/\\\/schema.org\",\"@graph\":[{\"@type\":\"WebPage\",\"@id\":\"https:\\\/\\\/pxv.30a.myftpupload.com\\\/ajuste-de-status\\\/\",\"url\":\"https:\\\/\\\/pxv.30a.myftpupload.com\\\/ajuste-de-status\\\/\",\"name\":\"Fale com Advogado de Ajuste de Status | 360 Immigration Law\",\"isPartOf\":{\"@id\":\"https:\\\/\\\/pt.360immigrationlaw.com\\\/#website\"},\"datePublished\":\"2023-05-23T13:28:10+00:00\",\"dateModified\":\"2023-09-18T19:28:37+00:00\",\"description\":\"Nossa equipe de advogados de ajuste de status est\u00e1 pronta para ajudar. Entre em contato com o 360 Immigration Law Group para obter mais informa\u00e7\u00f5es.\",\"breadcrumb\":{\"@id\":\"https:\\\/\\\/pxv.30a.myftpupload.com\\\/ajuste-de-status\\\/#breadcrumb\"},\"inLanguage\":\"pt-PT\",\"potentialAction\":[{\"@type\":\"ReadAction\",\"target\":[\"https:\\\/\\\/pxv.30a.myftpupload.com\\\/ajuste-de-status\\\/\"]}]},{\"@type\":\"BreadcrumbList\",\"@id\":\"https:\\\/\\\/pxv.30a.myftpupload.com\\\/ajuste-de-status\\\/#breadcrumb\",\"itemListElement\":[{\"@type\":\"ListItem\",\"position\":1,\"name\":\"Home\",\"item\":\"https:\\\/\\\/360immigrationlaw.com\\\/pt\\\/\"},{\"@type\":\"ListItem\",\"position\":2,\"name\":\"AJUSTE DE STATUS\"}]},{\"@type\":\"WebSite\",\"@id\":\"https:\\\/\\\/pt.360immigrationlaw.com\\\/#website\",\"url\":\"https:\\\/\\\/pt.360immigrationlaw.com\\\/\",\"name\":\"360 Immigration Law\",\"description\":\"Advogado de imigra\u00e7\u00e3o na Fl\u00f3rida\",\"publisher\":{\"@id\":\"https:\\\/\\\/pt.360immigrationlaw.com\\\/#organization\"},\"potentialAction\":[{\"@type\":\"SearchAction\",\"target\":{\"@type\":\"EntryPoint\",\"urlTemplate\":\"https:\\\/\\\/pt.360immigrationlaw.com\\\/?s={search_term_string}\"},\"query-input\":{\"@type\":\"PropertyValueSpecification\",\"valueRequired\":true,\"valueName\":\"search_term_string\"}}],\"inLanguage\":\"pt-PT\"},{\"@type\":\"Organization\",\"@id\":\"https:\\\/\\\/pt.360immigrationlaw.com\\\/#organization\",\"name\":\"360 Immigration Law\",\"url\":\"https:\\\/\\\/pt.360immigrationlaw.com\\\/\",\"logo\":{\"@type\":\"ImageObject\",\"inLanguage\":\"pt-PT\",\"@id\":\"https:\\\/\\\/pt.360immigrationlaw.com\\\/#\\\/schema\\\/logo\\\/image\\\/\",\"url\":\"https:\\\/\\\/360immigrationlaw.com\\\/pt\\\/wp-content\\\/uploads\\\/2023\\\/06\\\/360_Immigration_Law_Group.jpg\",\"contentUrl\":\"https:\\\/\\\/360immigrationlaw.com\\\/pt\\\/wp-content\\\/uploads\\\/2023\\\/06\\\/360_Immigration_Law_Group.jpg\",\"width\":1264,\"height\":932,\"caption\":\"360 Immigration Law\"},\"image\":{\"@id\":\"https:\\\/\\\/pt.360immigrationlaw.com\\\/#\\\/schema\\\/logo\\\/image\\\/\"},\"sameAs\":[\"https:\\\/\\\/www.facebook.com\\\/360Immigration\\\/\",\"https:\\\/\\\/x.com\\\/360immigration\"]}]}<\/script>\n<!-- \/ Yoast SEO Premium plugin. -->","yoast_head_json":{"title":"Fale com Advogado de Ajuste de Status | 360 Immigration Law","description":"Nossa equipe de advogados de ajuste de status est\u00e1 pronta para ajudar. Entre em contato com o 360 Immigration Law Group para obter mais informa\u00e7\u00f5es.","robots":{"index":"index","follow":"follow","max-snippet":"max-snippet:-1","max-image-preview":"max-image-preview:large","max-video-preview":"max-video-preview:-1"},"canonical":"https:\/\/pxv.30a.myftpupload.com\/ajuste-de-status\/","og_locale":"pt_PT","og_type":"article","og_title":"AJUSTE DE STATUS","og_description":"Nossa equipe de advogados de ajuste de status est\u00e1 pronta para ajudar. Entre em contato com o 360 Immigration Law Group para obter mais informa\u00e7\u00f5es.","og_url":"https:\/\/pxv.30a.myftpupload.com\/ajuste-de-status\/","og_site_name":"360 Immigration Law","article_publisher":"https:\/\/www.facebook.com\/360Immigration\/","article_modified_time":"2023-09-18T19:28:37+00:00","twitter_card":"summary_large_image","twitter_site":"@360immigration","twitter_misc":{"Tempo estimado de leitura":"4 minutos"},"schema":{"@context":"https:\/\/schema.org","@graph":[{"@type":"WebPage","@id":"https:\/\/pxv.30a.myftpupload.com\/ajuste-de-status\/","url":"https:\/\/pxv.30a.myftpupload.com\/ajuste-de-status\/","name":"Fale com Advogado de Ajuste de Status | 360 Immigration Law","isPartOf":{"@id":"https:\/\/pt.360immigrationlaw.com\/#website"},"datePublished":"2023-05-23T13:28:10+00:00","dateModified":"2023-09-18T19:28:37+00:00","description":"Nossa equipe de advogados de ajuste de status est\u00e1 pronta para ajudar. Entre em contato com o 360 Immigration Law Group para obter mais informa\u00e7\u00f5es.","breadcrumb":{"@id":"https:\/\/pxv.30a.myftpupload.com\/ajuste-de-status\/#breadcrumb"},"inLanguage":"pt-PT","potentialAction":[{"@type":"ReadAction","target":["https:\/\/pxv.30a.myftpupload.com\/ajuste-de-status\/"]}]},{"@type":"BreadcrumbList","@id":"https:\/\/pxv.30a.myftpupload.com\/ajuste-de-status\/#breadcrumb","itemListElement":[{"@type":"ListItem","position":1,"name":"Home","item":"https:\/\/360immigrationlaw.com\/pt\/"},{"@type":"ListItem","position":2,"name":"AJUSTE DE STATUS"}]},{"@type":"WebSite","@id":"https:\/\/pt.360immigrationlaw.com\/#website","url":"https:\/\/pt.360immigrationlaw.com\/","name":"360 Immigration Law","description":"Advogado de imigra\u00e7\u00e3o na Fl\u00f3rida","publisher":{"@id":"https:\/\/pt.360immigrationlaw.com\/#organization"},"potentialAction":[{"@type":"SearchAction","target":{"@type":"EntryPoint","urlTemplate":"https:\/\/pt.360immigrationlaw.com\/?s={search_term_string}"},"query-input":{"@type":"PropertyValueSpecification","valueRequired":true,"valueName":"search_term_string"}}],"inLanguage":"pt-PT"},{"@type":"Organization","@id":"https:\/\/pt.360immigrationlaw.com\/#organization","name":"360 Immigration Law","url":"https:\/\/pt.360immigrationlaw.com\/","logo":{"@type":"ImageObject","inLanguage":"pt-PT","@id":"https:\/\/pt.360immigrationlaw.com\/#\/schema\/logo\/image\/","url":"https:\/\/360immigrationlaw.com\/pt\/wp-content\/uploads\/2023\/06\/360_Immigration_Law_Group.jpg","contentUrl":"https:\/\/360immigrationlaw.com\/pt\/wp-content\/uploads\/2023\/06\/360_Immigration_Law_Group.jpg","width":1264,"height":932,"caption":"360 Immigration Law"},"image":{"@id":"https:\/\/pt.360immigrationlaw.com\/#\/schema\/logo\/image\/"},"sameAs":["https:\/\/www.facebook.com\/360Immigration\/","https:\/\/x.com\/360immigration"]}]}},"_links":{"self":[{"href":"https:\/\/360immigrationlaw.com\/pt\/wp-json\/wp\/v2\/pages\/1615","targetHints":{"allow":["GET"]}}],"collection":[{"href":"https:\/\/360immigrationlaw.com\/pt\/wp-json\/wp\/v2\/pages"}],"about":[{"href":"https:\/\/360immigrationlaw.com\/pt\/wp-json\/wp\/v2\/types\/page"}],"author":[{"embeddable":true,"href":"https:\/\/360immigrationlaw.com\/pt\/wp-json\/wp\/v2\/users\/3"}],"replies":[{"embeddable":true,"href":"https:\/\/360immigrationlaw.com\/pt\/wp-json\/wp\/v2\/comments?post=1615"}],"version-history":[{"count":19,"href":"https:\/\/360immigrationlaw.com\/pt\/wp-json\/wp\/v2\/pages\/1615\/revisions"}],"predecessor-version":[{"id":3475,"href":"https:\/\/360immigrationlaw.com\/pt\/wp-json\/wp\/v2\/pages\/1615\/revisions\/3475"}],"wp:attachment":[{"href":"https:\/\/360immigrationlaw.com\/pt\/wp-json\/wp\/v2\/media?parent=1615"}],"curies":[{"name":"wp","href":"https:\/\/api.w.org\/{rel}","templated":true}]}}