{"id":1628,"date":"2023-05-24T06:25:25","date_gmt":"2023-05-24T06:25:25","guid":{"rendered":"https:\/\/pt.360immigrationlaw.com\/?page_id=1628"},"modified":"2025-01-10T14:03:12","modified_gmt":"2025-01-10T14:03:12","slug":"processamento-consular","status":"publish","type":"page","link":"https:\/\/360immigrationlaw.com\/pt\/processamento-consular\/","title":{"rendered":"PROCESSO CONSULAR"},"content":{"rendered":"<p>[et_pb_section fb_built=&#8221;1&#8243; custom_padding_last_edited=&#8221;on|phone&#8221; module_id=&#8221;head-sec&#8221; _builder_version=&#8221;4.21.0&#8243; _module_preset=&#8221;default&#8221; use_background_color_gradient=&#8221;on&#8221; background_color_gradient_direction=&#8221;91deg&#8221; background_color_gradient_stops=&#8221;rgba(0,0,0,0.87) 0%|rgba(0,0,0,0.33) 99%&#8221; background_image=&#8221;https:\/\/360immigrationlaw.com\/pt\/wp-content\/uploads\/2023\/05\/CONSULAR_PROCESSING_header_image.jpg&#8221; custom_padding=&#8221;400px||80px||false|false&#8221; custom_padding_tablet=&#8221;200px||200px||false|false&#8221; custom_padding_phone=&#8221;30px||30px||true|false&#8221; locked=&#8221;off&#8221; global_colors_info=&#8221;{}&#8221;][et_pb_row custom_padding_last_edited=&#8221;on|desktop&#8221; _builder_version=&#8221;4.21.0&#8243; _module_preset=&#8221;default&#8221; custom_margin=&#8221;||||true|false&#8221; custom_padding=&#8221;80px||80px||true|false&#8221; custom_padding_tablet=&#8221;50px||50px||true|false&#8221; custom_padding_phone=&#8221;150px||0px||false|false&#8221; global_colors_info=&#8221;{}&#8221;][et_pb_column type=&#8221;4_4&#8243; _builder_version=&#8221;4.20.2&#8243; _module_preset=&#8221;default&#8221; global_colors_info=&#8221;{}&#8221;][et_pb_text _builder_version=&#8221;4.21.0&#8243; _module_preset=&#8221;default&#8221; header_font=&#8221;Adobe Garamond Pro Semibold|600|||||||&#8221; background_layout=&#8221;dark&#8221; custom_margin=&#8221;||||false|false&#8221; custom_padding=&#8221;||||false|false&#8221; header_font_size_tablet=&#8221;&#8221; header_font_size_phone=&#8221;30px&#8221; header_font_size_last_edited=&#8221;on|phone&#8221; global_colors_info=&#8221;{}&#8221;]<\/p>\n<h1>PROCESSAMENTO CONSULAR<\/h1>\n<p>[\/et_pb_text][\/et_pb_column][\/et_pb_row][\/et_pb_section][et_pb_section fb_built=&#8221;1&#8243; custom_padding_last_edited=&#8221;on|phone&#8221; _builder_version=&#8221;4.27.4&#8243; _module_preset=&#8221;default&#8221; custom_padding_tablet=&#8221;&#8221; custom_padding_phone=&#8221;||0px||false|false&#8221; hover_enabled=&#8221;0&#8243; locked=&#8221;off&#8221; global_colors_info=&#8221;{}&#8221; sticky_enabled=&#8221;0&#8243;][et_pb_row _builder_version=&#8221;4.21.0&#8243; _module_preset=&#8221;default&#8221; custom_padding=&#8221;0px||||false|false&#8221; global_colors_info=&#8221;{}&#8221;][et_pb_column type=&#8221;4_4&#8243; _builder_version=&#8221;4.20.2&#8243; _module_preset=&#8221;default&#8221; global_colors_info=&#8221;{}&#8221;][et_pb_text _builder_version=&#8221;4.27.4&#8243; _module_preset=&#8221;default&#8221; text_font=&#8221;HelveticaNeue normal||||||||&#8221; custom_margin=&#8221;||||true|false&#8221; custom_padding=&#8221;||||true|false&#8221; custom_padding_tablet=&#8221;50px||50px||true|false&#8221; custom_padding_phone=&#8221;150px||0px||false|false&#8221; custom_padding_last_edited=&#8221;off|desktop&#8221; hover_enabled=&#8221;0&#8243; text_font_size_tablet=&#8221;&#8221; text_font_size_phone=&#8221;20px&#8221; text_font_size_last_edited=&#8221;on|phone&#8221; global_colors_info=&#8221;{}&#8221; sticky_enabled=&#8221;0&#8243;]<\/p>\n<p>Se voc\u00ea estiver residindo fora dos Estados Unidos, voc\u00ea poder\u00e1 ter que passar pelo processamento consular para obter um visto de imigrante ou green card. Isso requer que voc\u00ea compare\u00e7a a hor\u00e1rios agendados e entrevistas em seu consulado local. Isso geralmente \u00e9 feito por meio de imigra\u00e7\u00e3o em casos de fam\u00edlia ou outros tipos, dependendo do tipo de visto, situa\u00e7\u00e3o ou objetivos atuais. Seu consulado far\u00e1 a biometria, bem como uma verifica\u00e7\u00e3o de antecedentes e uma entrevista que requer informa\u00e7\u00f5es sobre sua finalidade e conex\u00f5es nos Estados Unidos. \u00c9 melhor se preparar para esse processo com a ajuda de um advogado de imigra\u00e7\u00e3o.<\/p>\n<p>[\/et_pb_text][\/et_pb_column][\/et_pb_row][et_pb_row column_structure=&#8221;3_5,2_5&#8243; make_equal=&#8221;on&#8221; custom_padding_last_edited=&#8221;on|phone&#8221; _builder_version=&#8221;4.21.0&#8243; _module_preset=&#8221;default&#8221; custom_padding=&#8221;0px||||false|false&#8221; custom_padding_tablet=&#8221;&#8221; custom_padding_phone=&#8221;0px||||false|false&#8221; locked=&#8221;off&#8221; global_colors_info=&#8221;{}&#8221;][et_pb_column type=&#8221;3_5&#8243; _builder_version=&#8221;4.21.0&#8243; _module_preset=&#8221;default&#8221; global_colors_info=&#8221;{}&#8221;][et_pb_text _builder_version=&#8221;4.21.0&#8243; _module_preset=&#8221;default&#8221; text_font=&#8221;HelveticaNeue normal||||||||&#8221; header_4_font=&#8221;Helvetica Neu Bold||||||||&#8221; header_4_font_size=&#8221;25px&#8221; header_4_line_height=&#8221;1.5em&#8221; text_font_size_tablet=&#8221;&#8221; text_font_size_phone=&#8221;20px&#8221; text_font_size_last_edited=&#8221;on|phone&#8221; header_4_font_size_tablet=&#8221;25px&#8221; header_4_font_size_phone=&#8221;24px&#8221; header_4_font_size_last_edited=&#8221;on|phone&#8221; header_4_line_height_tablet=&#8221;1.5em&#8221; header_4_line_height_phone=&#8221;1.2em&#8221; header_4_line_height_last_edited=&#8221;on|phone&#8221; global_colors_info=&#8221;{}&#8221;]<\/p>\n<h4>O que \u00e9 processamento consular?<\/h4>\n<p>Como cidad\u00e3o americano ou residente permanente legal, os membros de sua fam\u00edlia podem ter direito a vistos de imigrante e green cards. Existem duas formas de sistemas de imigra\u00e7\u00e3o baseados em fam\u00edlia nos Estados Unidos:<\/p>\n<p>Ajuste de status: converte um visto de n\u00e3o imigrante (como um visto de estudante, visto K-1de noivos ou visto de visitante B-2) em um residente permanente legal; Processamento consular: o processo de imigra\u00e7\u00e3o que d\u00e1 aos membros da fam\u00edlia que moram fora dos Estados Unidos um green card.<\/p>\n<p>No Escrit\u00f3rio de Advocacia Jamile Moraes Pellicer P.A., entendemos a import\u00e2ncia da reunifica\u00e7\u00e3o familiar. Como imigrantes, Jamile e sua equipe entendem pessoalmente como o processo pode ser dif\u00edcil e frustrante, especialmente quando voc\u00ea n\u00e3o tem um advogado com quem possa contar, algu\u00e9m em quem voc\u00ea possa confiar e que lhe d\u00ea cobertura. Nossos experientes advogados de imigra\u00e7\u00e3o e equipe orientam as fam\u00edlias tanto nos ajustes de status quanto no processamento consular. N\u00f3s o mantemos atualizado a cada passo da jornada.<\/p>\n<p>Existem tamb\u00e9m diferentes processos dispon\u00edveis para empregadores que precisam de vistos para seus funcion\u00e1rios e para empres\u00e1rios e outros indiv\u00edduos altamente talentosos.<\/p>\n<p>Se voc\u00ea n\u00e3o tiver certeza de qual processo de imigra\u00e7\u00e3o familiar \u00e9 o certo para seus entes queridos, solicite uma consulta com nossos advogados em nosso escrit\u00f3rio Jamile Moraes Pellicer Law Firm. Ouvimos sua hist\u00f3ria e examinamos sua situa\u00e7\u00e3o, avaliamos suas necessidades e elegibilidade e o educamos sobre suas op\u00e7\u00f5es legais.<\/p>\n<p>Nossa equipe tril\u00edngue ter\u00e1 prazer em ajud\u00e1-lo \u2013 falamos ingl\u00eas, espanhol e portugu\u00eas.[\/et_pb_text][\/et_pb_column][et_pb_column type=&#8221;2_5&#8243; _builder_version=&#8221;4.21.0&#8243; _module_preset=&#8221;default&#8221; background_image=&#8221;https:\/\/360immigrationlaw.com\/pt\/wp-content\/uploads\/2023\/05\/CONSULAR_PROCESSING_image_1.jpg&#8221; background_position=&#8221;top_left&#8221; background_last_edited=&#8221;on|tablet&#8221; background_enable_image_tablet=&#8221;off&#8221; global_colors_info=&#8221;{}&#8221;][et_pb_image src=&#8221;https:\/\/360immigrationlaw.com\/pt\/wp-content\/uploads\/2023\/05\/CONSULAR_PROCESSING_image_1.jpg&#8221; alt=&#8221;VICTIMS OF DOMESTIC VIOLENCE &#8221; title_text=&#8221;CONSULAR_PROCESSING_image_1&#8243; align=&#8221;center&#8221; disabled_on=&#8221;off|off|on&#8221; _builder_version=&#8221;4.21.0&#8243; _module_preset=&#8221;default&#8221; sticky_limit_top=&#8221;column&#8221; sticky_limit_bottom=&#8221;column&#8221; global_colors_info=&#8221;{}&#8221;][\/et_pb_image][\/et_pb_column][\/et_pb_row][et_pb_row make_equal=&#8221;on&#8221; custom_padding_last_edited=&#8221;on|phone&#8221; _builder_version=&#8221;4.21.0&#8243; _module_preset=&#8221;default&#8221; custom_padding=&#8221;0px||||false|false&#8221; custom_padding_tablet=&#8221;&#8221; custom_padding_phone=&#8221;0px||||false|false&#8221; locked=&#8221;off&#8221; global_colors_info=&#8221;{}&#8221;][et_pb_column type=&#8221;4_4&#8243; _builder_version=&#8221;4.21.0&#8243; _module_preset=&#8221;default&#8221; global_colors_info=&#8221;{}&#8221;][et_pb_text _builder_version=&#8221;4.21.0&#8243; _module_preset=&#8221;default&#8221; text_font=&#8221;HelveticaNeue normal||||||||&#8221; header_4_font=&#8221;Helvetica Neu Bold|||on|||||&#8221; header_4_font_size=&#8221;25px&#8221; header_4_line_height=&#8221;1.5em&#8221; text_font_size_tablet=&#8221;&#8221; text_font_size_phone=&#8221;20px&#8221; text_font_size_last_edited=&#8221;on|phone&#8221; header_4_font_size_tablet=&#8221;25px&#8221; header_4_font_size_phone=&#8221;24px&#8221; header_4_font_size_last_edited=&#8221;on|phone&#8221; header_4_line_height_tablet=&#8221;1.5em&#8221; header_4_line_height_phone=&#8221;1.2em&#8221; header_4_line_height_last_edited=&#8221;on|phone&#8221; global_colors_info=&#8221;{}&#8221;]<\/p>\n<h4>Como um advogado de imigra\u00e7\u00e3o pode ajudar<\/h4>\n<p>Nossos advogados e equipe de imigra\u00e7\u00e3o orientam muitas fam\u00edlias durante o processamento consular. Fazemos mais do que apenas preencher os formul\u00e1rios para voc\u00ea. N\u00f3s tamb\u00e9m:<\/p>\n<ul>\n<li>Fornecemos informa\u00e7\u00f5es precisas e conselhos pr\u00e1ticos sobre a lei de imigra\u00e7\u00e3o;<\/li>\n<li>Ajudamos as fam\u00edlias a coletar todos os documentos e evid\u00eancias corretas para servir de apoio ao seu caso;<\/li>\n<li>Cumprindo com as leis federais informamos com precis\u00e3o aos nossos clientes sobre as peti\u00e7\u00f5es e formul\u00e1rios de apoio;<\/li>\n<li>Avaliamos peti\u00e7\u00f5es rejeitadas e negadas, bem como as op\u00e7\u00f5es de apela\u00e7\u00e3o para os nossos clientes;<\/li>\n<li>Preparamos voc\u00ea para a entrevista do consulado, guiando-o passo a passo durante todo o processo da entrevista.<\/li>\n<\/ul>\n<p>Sabemos como o green card do seu ente querido \u00e9 importante para voc\u00ea e sua fam\u00edlia. J\u00e1 estivemos no seu lugar e \u00e9 por isso que trabalhamos incansavelmente para nossos clientes e gastamos um tempo significativo educando-os a respeito de seus casos e as op\u00e7\u00f5es legais adequadas dispon\u00edveis para eles. O processamento consular pode ser uma jornada longa e confusa \u2013 nosso objetivo \u00e9 torn\u00e1-lo o menos \u00e1rduo poss\u00edvel.[\/et_pb_text][et_pb_image src=&#8221;https:\/\/360immigrationlaw.com\/pt\/wp-content\/uploads\/2023\/05\/CONSULAR_PROCESSING_image_2.jpg&#8221; title_text=&#8221;CONSULAR_PROCESSING_image_2&#8243; _builder_version=&#8221;4.21.0&#8243; _module_preset=&#8221;default&#8221; global_colors_info=&#8221;{}&#8221;][\/et_pb_image][\/et_pb_column][\/et_pb_row][et_pb_row make_equal=&#8221;on&#8221; custom_padding_last_edited=&#8221;on|phone&#8221; _builder_version=&#8221;4.21.0&#8243; _module_preset=&#8221;default&#8221; custom_padding_tablet=&#8221;&#8221; custom_padding_phone=&#8221;0px||||false|false&#8221; locked=&#8221;off&#8221; global_colors_info=&#8221;{}&#8221;][et_pb_column type=&#8221;4_4&#8243; _builder_version=&#8221;4.21.0&#8243; _module_preset=&#8221;default&#8221; global_colors_info=&#8221;{}&#8221;][et_pb_text _builder_version=&#8221;4.21.0&#8243; _module_preset=&#8221;default&#8221; text_font=&#8221;HelveticaNeue normal||||||||&#8221; header_4_font=&#8221;Helvetica Neu Bold||||||||&#8221; header_4_font_size=&#8221;25px&#8221; header_4_line_height=&#8221;1.5em&#8221; text_font_size_tablet=&#8221;&#8221; text_font_size_phone=&#8221;20px&#8221; text_font_size_last_edited=&#8221;on|phone&#8221; header_4_font_size_tablet=&#8221;25px&#8221; header_4_font_size_phone=&#8221;24px&#8221; header_4_font_size_last_edited=&#8221;on|phone&#8221; header_4_line_height_tablet=&#8221;1.5em&#8221; header_4_line_height_phone=&#8221;1.2em&#8221; header_4_line_height_last_edited=&#8221;on|phone&#8221; global_colors_info=&#8221;{}&#8221;]<\/p>\n<h4>ONDE \u00c9 REALIZADA A ENTREVISTA?<\/h4>\n<p>O processamento consular \u00e9 supervisionado pelo Departamento de Estado e pelo National Visa Center. A entrevista deve ser realizada no pa\u00eds de origem do seu ente querido. A embaixada ou consulado dos EUA ir\u00e1 processar os documentos, bem como avaliar a elegibilidade de seu familiar para um green card. Se o seu ente querido ainda est\u00e1 no pa\u00eds de origem, este n\u00e3o \u00e9 um desafio significativo.<\/p>\n<p>No entanto, se eles j\u00e1 estiverem nos Estados Unidos e n\u00e3o tiverem um visto v\u00e1lido, voc\u00ea deve consultar um advogado de imigra\u00e7\u00e3o antes de inici\u00e1-lo, pois eles poder\u00e3o precisar de um pedido de perd\u00e3o, antes de iniciar o processamento consular. Se o governo federal descobrir que seu ente querido vivia como um imigrante sem documentos nos Estados Unidos, ele pode impor penalidades significativas. O consulado ir\u00e1 impedi-los de entrar nos EUA por tr\u00eas anos se a perman\u00eancia teve por dura\u00e7\u00e3o entre 180 dias a um ano. Se eles foram residentes indocumentados dos Estados Unidos por mais de um ano, a barreira aumenta para cinco ou dez anos.<\/p>\n<p>Embora seja tentador apenas mentir sobre a situa\u00e7\u00e3o irregular de um ente querido, isso pode resultar em acusa\u00e7\u00f5es de fraude de imigra\u00e7\u00e3o. Em vez disso, fale com nossa equipe de imigra\u00e7\u00e3o no Escrit\u00f3rio de Advocacia de Jamile Moraes Pellicer P.A. Ajudamos nossos clientes a compreenderem as complexidades do sistema de imigra\u00e7\u00e3o dos Estados Unidos e a orient\u00e1-los em seus desafios.[\/et_pb_text][\/et_pb_column][\/et_pb_row][\/et_pb_section][et_pb_section fb_built=&#8221;1&#8243; _builder_version=&#8221;4.21.0&#8243; _module_preset=&#8221;default&#8221; custom_padding=&#8221;0px||||false|false&#8221; locked=&#8221;off&#8221; global_colors_info=&#8221;{}&#8221;][et_pb_row _builder_version=&#8221;4.21.0&#8243; _module_preset=&#8221;default&#8221; background_color=&#8221;rgba(213,207,203,0.42)&#8221; custom_padding=&#8221;0px||0px||true|false&#8221; global_colors_info=&#8221;{}&#8221;][et_pb_column type=&#8221;4_4&#8243; _builder_version=&#8221;4.20.2&#8243; _module_preset=&#8221;default&#8221; global_colors_info=&#8221;{}&#8221;][et_pb_cta button_url=&#8221;@ET-DC@eyJkeW5hbWljIjp0cnVlLCJjb250ZW50IjoicG9zdF9saW5rX3VybF9wYWdlIiwic2V0dGluZ3MiOnsicG9zdF9pZCI6IjMwMjcifX0=@&#8221; button_text=&#8221;FALE CONOSCO&#8221; _builder_version=&#8221;4.21.0&#8243; _dynamic_attributes=&#8221;button_url&#8221; _module_preset=&#8221;default&#8221; body_font=&#8221;Helvetica Neu Bold|700|||||||&#8221; body_text_color=&#8221;gcid-30b07574-da3b-4944-bfd9-3b5cde1edd29&#8243; background_enable_color=&#8221;off&#8221; custom_button=&#8221;on&#8221; button_text_size=&#8221;18px&#8221; button_bg_color=&#8221;gcid-30b07574-da3b-4944-bfd9-3b5cde1edd29&#8243; button_border_width=&#8221;0px&#8221; button_border_radius=&#8221;15px&#8221; button_font=&#8221;Roboto|700|||||||&#8221; button_use_icon=&#8221;off&#8221; button_custom_margin=&#8221;30px||||false|false&#8221; button_custom_padding=&#8221;|40px||40px|false|true&#8221; module_alignment=&#8221;center&#8221; body_font_size_tablet=&#8221;&#8221; body_font_size_phone=&#8221;20px&#8221; body_font_size_last_edited=&#8221;on|phone&#8221; global_colors_info=&#8221;{%22gcid-30b07574-da3b-4944-bfd9-3b5cde1edd29%22:%91%22body_text_color%22,%22button_bg_color%22%93,%22gcid-eafa90e3-7c53-4465-b3ea-d911763a82f7%22:%91%22button_bg_color__hover%22%93}&#8221; button_bg_color__hover_enabled=&#8221;on|hover&#8221; button_bg_color__hover=&#8221;#400101&#8243; button_bg_enable_color__hover=&#8221;on&#8221;]<\/p>\n<p>Se voc\u00ea est\u00e1 fora dos Estados Unidos e quer realmente descobrir como conseguir sua resid\u00eancia permanente, estamos aqui para ajud\u00e1-lo. . .<br \/>Vamos agendar sua sess\u00e3o de estrat\u00e9gia e planejamento jur\u00eddico hoje.<\/p>\n<p>[\/et_pb_cta][\/et_pb_column][\/et_pb_row][\/et_pb_section]<\/p>\n","protected":false},"excerpt":{"rendered":"<p>PROCESSAMENTO CONSULARSe voc\u00ea estiver residindo fora dos Estados Unidos, voc\u00ea poder\u00e1 ter que passar pelo processamento consular para obter um visto de imigrante ou green card. Isso requer que voc\u00ea compare\u00e7a a hor\u00e1rios agendados e entrevistas em seu consulado local. Isso geralmente \u00e9 feito por meio de imigra\u00e7\u00e3o em casos de fam\u00edlia ou outros tipos, dependendo do tipo de visto, situa\u00e7\u00e3o ou objetivos atuais. Seu consulado far\u00e1 a biometria, bem como uma verifica\u00e7\u00e3o de antecedentes e uma entrevista que requer informa\u00e7\u00f5es sobre sua finalidade e conex\u00f5es nos Estados Unidos. \u00c9 melhor se preparar para esse processo com a ajuda de um advogado de imigra\u00e7\u00e3o.O que \u00e9 processamento consular? Como cidad\u00e3o americano ou residente permanente legal, os membros de sua fam\u00edlia podem ter direito a vistos de imigrante e green cards. Existem duas formas de sistemas de imigra\u00e7\u00e3o baseados em fam\u00edlia nos Estados Unidos: Ajuste de status: converte um visto de n\u00e3o imigrante (como um visto de estudante, visto K-1de noivos ou visto de visitante B-2) em um residente permanente legal; Processamento consular: o processo de imigra\u00e7\u00e3o que d\u00e1 aos membros da fam\u00edlia que moram fora dos Estados Unidos um green card. No Escrit\u00f3rio de Advocacia Jamile Moraes Pellicer P.A., entendemos [&hellip;]<\/p>\n","protected":false},"author":3,"featured_media":0,"parent":0,"menu_order":0,"comment_status":"closed","ping_status":"closed","template":"","meta":{"_et_pb_use_builder":"on","_et_pb_old_content":"","_et_gb_content_width":"","_lmt_disableupdate":"","_lmt_disable":"","footnotes":""},"class_list":["post-1628","page","type-page","status-publish","hentry"],"yoast_head":"<!-- This site is optimized with the Yoast SEO Premium plugin v21.5 (Yoast SEO v27.3) - https:\/\/yoast.com\/product\/yoast-seo-premium-wordpress\/ -->\n<title>Advogado de Processo Consular | 360 Immigration Law Group<\/title>\n<meta name=\"description\" content=\"Nossos advogados de imigra\u00e7\u00e3o orientaram muitas fam\u00edlias durante o processo consular. Entre em contato com o 360 Immigration Law Group agora mesmo.\" \/>\n<meta name=\"robots\" content=\"index, follow, max-snippet:-1, max-image-preview:large, max-video-preview:-1\" \/>\n<link rel=\"canonical\" href=\"https:\/\/360immigrationlaw.com\/pt\/processamento-consular\/\" \/>\n<meta property=\"og:locale\" content=\"pt_PT\" \/>\n<meta property=\"og:type\" content=\"article\" \/>\n<meta property=\"og:title\" content=\"PROCESSO CONSULAR\" \/>\n<meta property=\"og:description\" content=\"Nossos advogados de imigra\u00e7\u00e3o orientaram muitas fam\u00edlias durante o processo consular. Entre em contato com o 360 Immigration Law Group agora mesmo.\" \/>\n<meta property=\"og:url\" content=\"https:\/\/360immigrationlaw.com\/pt\/processamento-consular\/\" \/>\n<meta property=\"og:site_name\" content=\"360 Immigration Law\" \/>\n<meta property=\"article:publisher\" content=\"https:\/\/www.facebook.com\/360Immigration\/\" \/>\n<meta property=\"article:modified_time\" content=\"2025-01-10T14:03:12+00:00\" \/>\n<meta name=\"twitter:card\" content=\"summary_large_image\" \/>\n<meta name=\"twitter:site\" content=\"@360immigration\" \/>\n<meta name=\"twitter:label1\" content=\"Tempo estimado de leitura\" \/>\n\t<meta name=\"twitter:data1\" content=\"6 minutos\" \/>\n<script type=\"application\/ld+json\" class=\"yoast-schema-graph\">{\"@context\":\"https:\\\/\\\/schema.org\",\"@graph\":[{\"@type\":\"WebPage\",\"@id\":\"https:\\\/\\\/360immigrationlaw.com\\\/pt\\\/processamento-consular\\\/\",\"url\":\"https:\\\/\\\/360immigrationlaw.com\\\/pt\\\/processamento-consular\\\/\",\"name\":\"Advogado de Processo Consular | 360 Immigration Law Group\",\"isPartOf\":{\"@id\":\"https:\\\/\\\/pt.360immigrationlaw.com\\\/#website\"},\"datePublished\":\"2023-05-24T06:25:25+00:00\",\"dateModified\":\"2025-01-10T14:03:12+00:00\",\"description\":\"Nossos advogados de imigra\u00e7\u00e3o orientaram muitas fam\u00edlias durante o processo consular. Entre em contato com o 360 Immigration Law Group agora mesmo.\",\"breadcrumb\":{\"@id\":\"https:\\\/\\\/360immigrationlaw.com\\\/pt\\\/processamento-consular\\\/#breadcrumb\"},\"inLanguage\":\"pt-PT\",\"potentialAction\":[{\"@type\":\"ReadAction\",\"target\":[\"https:\\\/\\\/360immigrationlaw.com\\\/pt\\\/processamento-consular\\\/\"]}]},{\"@type\":\"BreadcrumbList\",\"@id\":\"https:\\\/\\\/360immigrationlaw.com\\\/pt\\\/processamento-consular\\\/#breadcrumb\",\"itemListElement\":[{\"@type\":\"ListItem\",\"position\":1,\"name\":\"Home\",\"item\":\"https:\\\/\\\/360immigrationlaw.com\\\/pt\\\/\"},{\"@type\":\"ListItem\",\"position\":2,\"name\":\"PROCESSO CONSULAR\"}]},{\"@type\":\"WebSite\",\"@id\":\"https:\\\/\\\/pt.360immigrationlaw.com\\\/#website\",\"url\":\"https:\\\/\\\/pt.360immigrationlaw.com\\\/\",\"name\":\"360 Immigration Law\",\"description\":\"Advogado de imigra\u00e7\u00e3o na Fl\u00f3rida\",\"publisher\":{\"@id\":\"https:\\\/\\\/pt.360immigrationlaw.com\\\/#organization\"},\"potentialAction\":[{\"@type\":\"SearchAction\",\"target\":{\"@type\":\"EntryPoint\",\"urlTemplate\":\"https:\\\/\\\/pt.360immigrationlaw.com\\\/?s={search_term_string}\"},\"query-input\":{\"@type\":\"PropertyValueSpecification\",\"valueRequired\":true,\"valueName\":\"search_term_string\"}}],\"inLanguage\":\"pt-PT\"},{\"@type\":\"Organization\",\"@id\":\"https:\\\/\\\/pt.360immigrationlaw.com\\\/#organization\",\"name\":\"360 Immigration Law\",\"url\":\"https:\\\/\\\/pt.360immigrationlaw.com\\\/\",\"logo\":{\"@type\":\"ImageObject\",\"inLanguage\":\"pt-PT\",\"@id\":\"https:\\\/\\\/pt.360immigrationlaw.com\\\/#\\\/schema\\\/logo\\\/image\\\/\",\"url\":\"https:\\\/\\\/360immigrationlaw.com\\\/pt\\\/wp-content\\\/uploads\\\/2023\\\/06\\\/360_Immigration_Law_Group.jpg\",\"contentUrl\":\"https:\\\/\\\/360immigrationlaw.com\\\/pt\\\/wp-content\\\/uploads\\\/2023\\\/06\\\/360_Immigration_Law_Group.jpg\",\"width\":1264,\"height\":932,\"caption\":\"360 Immigration Law\"},\"image\":{\"@id\":\"https:\\\/\\\/pt.360immigrationlaw.com\\\/#\\\/schema\\\/logo\\\/image\\\/\"},\"sameAs\":[\"https:\\\/\\\/www.facebook.com\\\/360Immigration\\\/\",\"https:\\\/\\\/x.com\\\/360immigration\"]}]}<\/script>\n<!-- \/ Yoast SEO Premium plugin. -->","yoast_head_json":{"title":"Advogado de Processo Consular | 360 Immigration Law Group","description":"Nossos advogados de imigra\u00e7\u00e3o orientaram muitas fam\u00edlias durante o processo consular. Entre em contato com o 360 Immigration Law Group agora mesmo.","robots":{"index":"index","follow":"follow","max-snippet":"max-snippet:-1","max-image-preview":"max-image-preview:large","max-video-preview":"max-video-preview:-1"},"canonical":"https:\/\/360immigrationlaw.com\/pt\/processamento-consular\/","og_locale":"pt_PT","og_type":"article","og_title":"PROCESSO CONSULAR","og_description":"Nossos advogados de imigra\u00e7\u00e3o orientaram muitas fam\u00edlias durante o processo consular. Entre em contato com o 360 Immigration Law Group agora mesmo.","og_url":"https:\/\/360immigrationlaw.com\/pt\/processamento-consular\/","og_site_name":"360 Immigration Law","article_publisher":"https:\/\/www.facebook.com\/360Immigration\/","article_modified_time":"2025-01-10T14:03:12+00:00","twitter_card":"summary_large_image","twitter_site":"@360immigration","twitter_misc":{"Tempo estimado de leitura":"6 minutos"},"schema":{"@context":"https:\/\/schema.org","@graph":[{"@type":"WebPage","@id":"https:\/\/360immigrationlaw.com\/pt\/processamento-consular\/","url":"https:\/\/360immigrationlaw.com\/pt\/processamento-consular\/","name":"Advogado de Processo Consular | 360 Immigration Law Group","isPartOf":{"@id":"https:\/\/pt.360immigrationlaw.com\/#website"},"datePublished":"2023-05-24T06:25:25+00:00","dateModified":"2025-01-10T14:03:12+00:00","description":"Nossos advogados de imigra\u00e7\u00e3o orientaram muitas fam\u00edlias durante o processo consular. Entre em contato com o 360 Immigration Law Group agora mesmo.","breadcrumb":{"@id":"https:\/\/360immigrationlaw.com\/pt\/processamento-consular\/#breadcrumb"},"inLanguage":"pt-PT","potentialAction":[{"@type":"ReadAction","target":["https:\/\/360immigrationlaw.com\/pt\/processamento-consular\/"]}]},{"@type":"BreadcrumbList","@id":"https:\/\/360immigrationlaw.com\/pt\/processamento-consular\/#breadcrumb","itemListElement":[{"@type":"ListItem","position":1,"name":"Home","item":"https:\/\/360immigrationlaw.com\/pt\/"},{"@type":"ListItem","position":2,"name":"PROCESSO CONSULAR"}]},{"@type":"WebSite","@id":"https:\/\/pt.360immigrationlaw.com\/#website","url":"https:\/\/pt.360immigrationlaw.com\/","name":"360 Immigration Law","description":"Advogado de imigra\u00e7\u00e3o na Fl\u00f3rida","publisher":{"@id":"https:\/\/pt.360immigrationlaw.com\/#organization"},"potentialAction":[{"@type":"SearchAction","target":{"@type":"EntryPoint","urlTemplate":"https:\/\/pt.360immigrationlaw.com\/?s={search_term_string}"},"query-input":{"@type":"PropertyValueSpecification","valueRequired":true,"valueName":"search_term_string"}}],"inLanguage":"pt-PT"},{"@type":"Organization","@id":"https:\/\/pt.360immigrationlaw.com\/#organization","name":"360 Immigration Law","url":"https:\/\/pt.360immigrationlaw.com\/","logo":{"@type":"ImageObject","inLanguage":"pt-PT","@id":"https:\/\/pt.360immigrationlaw.com\/#\/schema\/logo\/image\/","url":"https:\/\/360immigrationlaw.com\/pt\/wp-content\/uploads\/2023\/06\/360_Immigration_Law_Group.jpg","contentUrl":"https:\/\/360immigrationlaw.com\/pt\/wp-content\/uploads\/2023\/06\/360_Immigration_Law_Group.jpg","width":1264,"height":932,"caption":"360 Immigration Law"},"image":{"@id":"https:\/\/pt.360immigrationlaw.com\/#\/schema\/logo\/image\/"},"sameAs":["https:\/\/www.facebook.com\/360Immigration\/","https:\/\/x.com\/360immigration"]}]}},"_links":{"self":[{"href":"https:\/\/360immigrationlaw.com\/pt\/wp-json\/wp\/v2\/pages\/1628","targetHints":{"allow":["GET"]}}],"collection":[{"href":"https:\/\/360immigrationlaw.com\/pt\/wp-json\/wp\/v2\/pages"}],"about":[{"href":"https:\/\/360immigrationlaw.com\/pt\/wp-json\/wp\/v2\/types\/page"}],"author":[{"embeddable":true,"href":"https:\/\/360immigrationlaw.com\/pt\/wp-json\/wp\/v2\/users\/3"}],"replies":[{"embeddable":true,"href":"https:\/\/360immigrationlaw.com\/pt\/wp-json\/wp\/v2\/comments?post=1628"}],"version-history":[{"count":27,"href":"https:\/\/360immigrationlaw.com\/pt\/wp-json\/wp\/v2\/pages\/1628\/revisions"}],"predecessor-version":[{"id":83179,"href":"https:\/\/360immigrationlaw.com\/pt\/wp-json\/wp\/v2\/pages\/1628\/revisions\/83179"}],"wp:attachment":[{"href":"https:\/\/360immigrationlaw.com\/pt\/wp-json\/wp\/v2\/media?parent=1628"}],"curies":[{"name":"wp","href":"https:\/\/api.w.org\/{rel}","templated":true}]}}