{"id":82385,"date":"2024-02-01T19:44:08","date_gmt":"2024-02-01T19:44:08","guid":{"rendered":"https:\/\/360immigrationlaw.com\/pt\/?page_id=82385"},"modified":"2025-01-11T09:54:51","modified_gmt":"2025-01-11T09:54:51","slug":"politica-de-privacidade","status":"publish","type":"page","link":"https:\/\/360immigrationlaw.com\/pt\/politica-de-privacidade\/","title":{"rendered":"Pol\u00edtica de Privacidade"},"content":{"rendered":"<p>[et_pb_section fb_built=&#8221;1&#8243; custom_padding_last_edited=&#8221;on|tablet&#8221; _builder_version=&#8221;4.24.0&#8243; _module_preset=&#8221;default&#8221; use_background_color_gradient=&#8221;on&#8221; background_color_gradient_stops=&#8221;#444444 20%|#ffffff 20%&#8221; custom_padding=&#8221;350px||||false|false&#8221; custom_padding_tablet=&#8221;50px||||false|false&#8221; custom_padding_phone=&#8221;0px||||false|false&#8221; background_last_edited=&#8221;on|desktop&#8221; use_background_color_gradient_tablet=&#8221;off&#8221; use_background_color_gradient_phone=&#8221;off&#8221; locked=&#8221;off&#8221; global_colors_info=&#8221;{}&#8221;][et_pb_row custom_padding_last_edited=&#8221;on|phone&#8221; _builder_version=&#8221;4.24.0&#8243; _module_preset=&#8221;default&#8221; custom_margin=&#8221;||||false|false&#8221; custom_padding=&#8221;||||false|false&#8221; custom_padding_tablet=&#8221;0px||||false|false&#8221; custom_padding_phone=&#8221;50px||||false|false&#8221; locked=&#8221;off&#8221; global_colors_info=&#8221;{}&#8221;][et_pb_column type=&#8221;4_4&#8243; _builder_version=&#8221;4.20.2&#8243; _module_preset=&#8221;default&#8221; global_colors_info=&#8221;{}&#8221;][et_pb_text _builder_version=&#8221;4.24.0&#8243; _module_preset=&#8221;default&#8221; header_2_font=&#8221;Helvetica Neu Bold|700|||||||&#8221; header_2_text_color=&#8221;gcid-30b07574-da3b-4944-bfd9-3b5cde1edd29&#8243; header_2_font_size=&#8221;51px&#8221; header_4_font=&#8221;Helvetica Neu Bold|700|||||||&#8221; header_4_text_align=&#8221;center&#8221; header_4_text_color=&#8221;gcid-30b07574-da3b-4944-bfd9-3b5cde1edd29&#8243; header_4_font_size=&#8221;25px&#8221; header_4_line_height=&#8221;1.5em&#8221; text_orientation=&#8221;center&#8221; header_2_font_size_tablet=&#8221;51px&#8221; header_2_font_size_phone=&#8221;30px&#8221; header_2_font_size_last_edited=&#8221;on|phone&#8221; header_2_line_height_tablet=&#8221;&#8221; header_2_line_height_phone=&#8221;1.3em&#8221; header_2_line_height_last_edited=&#8221;on|phone&#8221; header_4_font_size_tablet=&#8221;25px&#8221; header_4_font_size_phone=&#8221;24px&#8221; header_4_font_size_last_edited=&#8221;on|phone&#8221; header_4_line_height_tablet=&#8221;1.5em&#8221; header_4_line_height_phone=&#8221;1.2em&#8221; header_4_line_height_last_edited=&#8221;on|phone&#8221; global_colors_info=&#8221;{%22gcid-30b07574-da3b-4944-bfd9-3b5cde1edd29%22:%91%22header_4_text_color%22,%22header_2_text_color%22%93}&#8221;]<\/p>\n<h2>Pol\u00edtica de Privacidade<\/h2>\n<p>[\/et_pb_text][et_pb_divider color=&#8221;#b0782c&#8221; divider_weight=&#8221;23px&#8221; _builder_version=&#8221;4.21.0&#8243; _module_preset=&#8221;default&#8221; locked=&#8221;off&#8221; global_colors_info=&#8221;{}&#8221;][\/et_pb_divider][\/et_pb_column][\/et_pb_row][et_pb_row _builder_version=&#8221;4.24.0&#8243; _module_preset=&#8221;default&#8221; global_colors_info=&#8221;{}&#8221;][et_pb_column type=&#8221;4_4&#8243; _builder_version=&#8221;4.24.0&#8243; _module_preset=&#8221;default&#8221; global_colors_info=&#8221;{}&#8221;][et_pb_text _builder_version=&#8221;4.27.4&#8243; _module_preset=&#8221;default&#8221; hover_enabled=&#8221;0&#8243; global_colors_info=&#8221;{}&#8221; sticky_enabled=&#8221;0&#8243;]Sua privacidade \u00e9 de extrema import\u00e2ncia para n\u00f3s, e seguimos princ\u00edpios fundamentais para garantir a prote\u00e7\u00e3o de suas informa\u00e7\u00f5es pessoais. Por favor, revise os detalhes a seguir para entender como coletamos, utilizamos e protegemos seus dados.<\/p>\n<ol>\n<li><strong>Coleta Limitada de Informa\u00e7\u00f5es Pessoais:<\/strong> Solicitamos informa\u00e7\u00f5es pessoais apenas quando absolutamente necess\u00e1rio. Evitamos buscar detalhes desnecess\u00e1rios e comprometemo-nos a coletar apenas os dados necess\u00e1rios para finalidades espec\u00edficas.<\/li>\n<li style=\"margin-top:20px\"><strong>Compartilhamento Restrito de Informa\u00e7\u00f5es Pessoais:<\/strong> N\u00e3o compartilhamos suas informa\u00e7\u00f5es pessoais com partes externas, exceto quando exigido por lei, essencial para o desenvolvimento de produtos ou crucial para proteger nossos direitos.<\/li>\n<li style=\"margin-top:20px\"><strong>Manuseio Seguro de Informa\u00e7\u00f5es Pessoais:<\/strong> Informa\u00e7\u00f5es pessoais n\u00e3o s\u00e3o armazenadas em nossos servidores, a menos que seja imperativo para a opera\u00e7\u00e3o cont\u00ednua de nossos servi\u00e7os. Priorizamos a seguran\u00e7a e confidencialidade dos dados que manuseamos.<strong>\u00a0<\/strong><\/li>\n<\/ol>\n<p><strong>Visitantes do Site:<\/strong> Assim como muitos outros operadores de sites, coletamos informa\u00e7\u00f5es n\u00e3o identific\u00e1veis pessoalmente, como tipo de navegador, prefer\u00eancia de idioma, site de refer\u00eancia e hor\u00e1rio de cada solicita\u00e7\u00e3o de visita. Essas informa\u00e7\u00f5es nos ajudam a entender melhor o comportamento do usu\u00e1rio. Al\u00e9m disso, podemos coletar informa\u00e7\u00f5es potencialmente identific\u00e1veis pessoalmente, como endere\u00e7os de Protocolo de Internet (IP).<strong>\u00a0<\/strong><\/p>\n<p><strong>Coleta de Informa\u00e7\u00f5es Identific\u00e1veis Pessoalmente:<\/strong> Usu\u00e1rios que optam por interagir com nosso site podem fornecer informa\u00e7\u00f5es identific\u00e1veis pessoalmente com base na natureza de sua intera\u00e7\u00e3o. Coletamos tais informa\u00e7\u00f5es apenas na medida do necess\u00e1rio para cumprir o prop\u00f3sito da intera\u00e7\u00e3o. Os visitantes t\u00eam a op\u00e7\u00e3o de recusar o fornecimento de informa\u00e7\u00f5es identific\u00e1veis pessoalmente, mas isso pode limitar o acesso a determinadas atividades ou servi\u00e7os relacionados ao site.<strong>\u00a0<\/strong><\/p>\n<p><strong>Prote\u00e7\u00e3o de Informa\u00e7\u00f5es Identific\u00e1veis Pessoalmente:<\/strong> Informa\u00e7\u00f5es potencialmente identific\u00e1veis pessoalmente s\u00e3o divulgadas apenas a indiv\u00edduos e organiza\u00e7\u00f5es afiliadas que precisam das informa\u00e7\u00f5es para fornecer servi\u00e7os em nosso site. Essas partes concordaram em n\u00e3o divulgar as informa\u00e7\u00f5es a terceiros. Ao usar nosso site, voc\u00ea consente a transfer\u00eancia de tais informa\u00e7\u00f5es para indiv\u00edduos ou organiza\u00e7\u00f5es localizados fora de seu pa\u00eds de origem. N\u00e3o alugamos nem vendemos informa\u00e7\u00f5es potencialmente identific\u00e1veis pessoalmente a terceiros, exceto conforme exigido por lei ou para proteger nossos direitos e o interesse p\u00fablico.<strong>\u00a0<\/strong><\/p>\n<p><strong>Cookies:<\/strong> Os cookies s\u00e3o utilizados para aprimorar a experi\u00eancia do usu\u00e1rio, identificando e rastreando visitantes, analisando o uso do site e registrando prefer\u00eancias de acesso ao site. Visitantes que n\u00e3o desejam ter cookies em seus computadores podem configurar seus navegadores para rejeitar cookies, embora isso possa afetar a funcionalidade de determinados recursos em nosso site.<strong>\u00a0<\/strong><\/p>\n<p><strong>Altera\u00e7\u00f5es na Pol\u00edtica de Privacidade:<\/strong> Reservamo-nos o direito de modificar nossa Pol\u00edtica de Privacidade a nosso crit\u00e9rio exclusivo. Embora a maioria das altera\u00e7\u00f5es seja provavelmente m\u00ednima, incentivamos os visitantes a revisar regularmente esta p\u00e1gina para quaisquer atualiza\u00e7\u00f5es. Seu uso cont\u00ednuo de nosso site ap\u00f3s quaisquer modifica\u00e7\u00f5es na Pol\u00edtica de Privacidade indica sua aceita\u00e7\u00e3o dessas altera\u00e7\u00f5es.<\/p>\n<p>Se tiver alguma d\u00favida ou preocupa\u00e7\u00e3o sobre nossa Pol\u00edtica de Privacidade, por favor entre em contato conosco.[\/et_pb_text][\/et_pb_column][\/et_pb_row][\/et_pb_section]<\/p>\n","protected":false},"excerpt":{"rendered":"<p>Pol\u00edtica de PrivacidadeSua privacidade \u00e9 de extrema import\u00e2ncia para n\u00f3s, e seguimos princ\u00edpios fundamentais para garantir a prote\u00e7\u00e3o de suas informa\u00e7\u00f5es pessoais. Por favor, revise os detalhes a seguir para entender como coletamos, utilizamos e protegemos seus dados. Coleta Limitada de Informa\u00e7\u00f5es Pessoais: Solicitamos informa\u00e7\u00f5es pessoais apenas quando absolutamente necess\u00e1rio. Evitamos buscar detalhes desnecess\u00e1rios e comprometemo-nos a coletar apenas os dados necess\u00e1rios para finalidades espec\u00edficas. Compartilhamento Restrito de Informa\u00e7\u00f5es Pessoais: N\u00e3o compartilhamos suas informa\u00e7\u00f5es pessoais com partes externas, exceto quando exigido por lei, essencial para o desenvolvimento de produtos ou crucial para proteger nossos direitos. Manuseio Seguro de Informa\u00e7\u00f5es Pessoais: Informa\u00e7\u00f5es pessoais n\u00e3o s\u00e3o armazenadas em nossos servidores, a menos que seja imperativo para a opera\u00e7\u00e3o cont\u00ednua de nossos servi\u00e7os. Priorizamos a seguran\u00e7a e confidencialidade dos dados que manuseamos.\u00a0 Visitantes do Site: Assim como muitos outros operadores de sites, coletamos informa\u00e7\u00f5es n\u00e3o identific\u00e1veis pessoalmente, como tipo de navegador, prefer\u00eancia de idioma, site de refer\u00eancia e hor\u00e1rio de cada solicita\u00e7\u00e3o de visita. Essas informa\u00e7\u00f5es nos ajudam a entender melhor o comportamento do usu\u00e1rio. Al\u00e9m disso, podemos coletar informa\u00e7\u00f5es potencialmente identific\u00e1veis pessoalmente, como endere\u00e7os de Protocolo de Internet (IP).\u00a0 Coleta de Informa\u00e7\u00f5es Identific\u00e1veis Pessoalmente: Usu\u00e1rios que optam por interagir com nosso site [&hellip;]<\/p>\n","protected":false},"author":3,"featured_media":0,"parent":0,"menu_order":0,"comment_status":"closed","ping_status":"closed","template":"","meta":{"_et_pb_use_builder":"on","_et_pb_old_content":"","_et_gb_content_width":"","_lmt_disableupdate":"","_lmt_disable":"","footnotes":""},"class_list":["post-82385","page","type-page","status-publish","hentry"],"yoast_head":"<!-- This site is optimized with the Yoast SEO Premium plugin v21.5 (Yoast SEO v27.3) - https:\/\/yoast.com\/product\/yoast-seo-premium-wordpress\/ -->\n<title>Pol\u00edtica de Privacidade - 360 Immigration Law<\/title>\n<meta name=\"robots\" content=\"index, follow, max-snippet:-1, max-image-preview:large, max-video-preview:-1\" \/>\n<link rel=\"canonical\" href=\"https:\/\/360immigrationlaw.com\/pt\/politica-de-privacidade\/\" \/>\n<meta property=\"og:locale\" content=\"pt_PT\" \/>\n<meta property=\"og:type\" content=\"article\" \/>\n<meta property=\"og:title\" content=\"Pol\u00edtica de Privacidade\" \/>\n<meta property=\"og:description\" content=\"Pol\u00edtica de PrivacidadeSua privacidade \u00e9 de extrema import\u00e2ncia para n\u00f3s, e seguimos princ\u00edpios fundamentais para garantir a prote\u00e7\u00e3o de suas informa\u00e7\u00f5es pessoais. Por favor, revise os detalhes a seguir para entender como coletamos, utilizamos e protegemos seus dados. Coleta Limitada de Informa\u00e7\u00f5es Pessoais: Solicitamos informa\u00e7\u00f5es pessoais apenas quando absolutamente necess\u00e1rio. Evitamos buscar detalhes desnecess\u00e1rios e comprometemo-nos a coletar apenas os dados necess\u00e1rios para finalidades espec\u00edficas. Compartilhamento Restrito de Informa\u00e7\u00f5es Pessoais: N\u00e3o compartilhamos suas informa\u00e7\u00f5es pessoais com partes externas, exceto quando exigido por lei, essencial para o desenvolvimento de produtos ou crucial para proteger nossos direitos. Manuseio Seguro de Informa\u00e7\u00f5es Pessoais: Informa\u00e7\u00f5es pessoais n\u00e3o s\u00e3o armazenadas em nossos servidores, a menos que seja imperativo para a opera\u00e7\u00e3o cont\u00ednua de nossos servi\u00e7os. Priorizamos a seguran\u00e7a e confidencialidade dos dados que manuseamos.\u00a0 Visitantes do Site: Assim como muitos outros operadores de sites, coletamos informa\u00e7\u00f5es n\u00e3o identific\u00e1veis pessoalmente, como tipo de navegador, prefer\u00eancia de idioma, site de refer\u00eancia e hor\u00e1rio de cada solicita\u00e7\u00e3o de visita. Essas informa\u00e7\u00f5es nos ajudam a entender melhor o comportamento do usu\u00e1rio. Al\u00e9m disso, podemos coletar informa\u00e7\u00f5es potencialmente identific\u00e1veis pessoalmente, como endere\u00e7os de Protocolo de Internet (IP).\u00a0 Coleta de Informa\u00e7\u00f5es Identific\u00e1veis Pessoalmente: Usu\u00e1rios que optam por interagir com nosso site [&hellip;]\" \/>\n<meta property=\"og:url\" content=\"https:\/\/360immigrationlaw.com\/pt\/politica-de-privacidade\/\" \/>\n<meta property=\"og:site_name\" content=\"360 Immigration Law\" \/>\n<meta property=\"article:publisher\" content=\"https:\/\/www.facebook.com\/360Immigration\/\" \/>\n<meta property=\"article:modified_time\" content=\"2025-01-11T09:54:51+00:00\" \/>\n<meta name=\"twitter:card\" content=\"summary_large_image\" \/>\n<meta name=\"twitter:site\" content=\"@360immigration\" \/>\n<script type=\"application\/ld+json\" class=\"yoast-schema-graph\">{\"@context\":\"https:\\\/\\\/schema.org\",\"@graph\":[{\"@type\":\"WebPage\",\"@id\":\"https:\\\/\\\/360immigrationlaw.com\\\/pt\\\/politica-de-privacidade\\\/\",\"url\":\"https:\\\/\\\/360immigrationlaw.com\\\/pt\\\/politica-de-privacidade\\\/\",\"name\":\"Pol\u00edtica de Privacidade - 360 Immigration Law\",\"isPartOf\":{\"@id\":\"https:\\\/\\\/pt.360immigrationlaw.com\\\/#website\"},\"datePublished\":\"2024-02-01T19:44:08+00:00\",\"dateModified\":\"2025-01-11T09:54:51+00:00\",\"breadcrumb\":{\"@id\":\"https:\\\/\\\/360immigrationlaw.com\\\/pt\\\/politica-de-privacidade\\\/#breadcrumb\"},\"inLanguage\":\"pt-PT\",\"potentialAction\":[{\"@type\":\"ReadAction\",\"target\":[\"https:\\\/\\\/360immigrationlaw.com\\\/pt\\\/politica-de-privacidade\\\/\"]}]},{\"@type\":\"BreadcrumbList\",\"@id\":\"https:\\\/\\\/360immigrationlaw.com\\\/pt\\\/politica-de-privacidade\\\/#breadcrumb\",\"itemListElement\":[{\"@type\":\"ListItem\",\"position\":1,\"name\":\"Home\",\"item\":\"https:\\\/\\\/360immigrationlaw.com\\\/pt\\\/\"},{\"@type\":\"ListItem\",\"position\":2,\"name\":\"Pol\u00edtica de Privacidade\"}]},{\"@type\":\"WebSite\",\"@id\":\"https:\\\/\\\/pt.360immigrationlaw.com\\\/#website\",\"url\":\"https:\\\/\\\/pt.360immigrationlaw.com\\\/\",\"name\":\"360 Immigration Law\",\"description\":\"Advogado de imigra\u00e7\u00e3o na Fl\u00f3rida\",\"publisher\":{\"@id\":\"https:\\\/\\\/pt.360immigrationlaw.com\\\/#organization\"},\"potentialAction\":[{\"@type\":\"SearchAction\",\"target\":{\"@type\":\"EntryPoint\",\"urlTemplate\":\"https:\\\/\\\/pt.360immigrationlaw.com\\\/?s={search_term_string}\"},\"query-input\":{\"@type\":\"PropertyValueSpecification\",\"valueRequired\":true,\"valueName\":\"search_term_string\"}}],\"inLanguage\":\"pt-PT\"},{\"@type\":\"Organization\",\"@id\":\"https:\\\/\\\/pt.360immigrationlaw.com\\\/#organization\",\"name\":\"360 Immigration Law\",\"url\":\"https:\\\/\\\/pt.360immigrationlaw.com\\\/\",\"logo\":{\"@type\":\"ImageObject\",\"inLanguage\":\"pt-PT\",\"@id\":\"https:\\\/\\\/pt.360immigrationlaw.com\\\/#\\\/schema\\\/logo\\\/image\\\/\",\"url\":\"https:\\\/\\\/360immigrationlaw.com\\\/pt\\\/wp-content\\\/uploads\\\/2023\\\/06\\\/360_Immigration_Law_Group.jpg\",\"contentUrl\":\"https:\\\/\\\/360immigrationlaw.com\\\/pt\\\/wp-content\\\/uploads\\\/2023\\\/06\\\/360_Immigration_Law_Group.jpg\",\"width\":1264,\"height\":932,\"caption\":\"360 Immigration Law\"},\"image\":{\"@id\":\"https:\\\/\\\/pt.360immigrationlaw.com\\\/#\\\/schema\\\/logo\\\/image\\\/\"},\"sameAs\":[\"https:\\\/\\\/www.facebook.com\\\/360Immigration\\\/\",\"https:\\\/\\\/x.com\\\/360immigration\"]}]}<\/script>\n<!-- \/ Yoast SEO Premium plugin. -->","yoast_head_json":{"title":"Pol\u00edtica de Privacidade - 360 Immigration Law","robots":{"index":"index","follow":"follow","max-snippet":"max-snippet:-1","max-image-preview":"max-image-preview:large","max-video-preview":"max-video-preview:-1"},"canonical":"https:\/\/360immigrationlaw.com\/pt\/politica-de-privacidade\/","og_locale":"pt_PT","og_type":"article","og_title":"Pol\u00edtica de Privacidade","og_description":"Pol\u00edtica de PrivacidadeSua privacidade \u00e9 de extrema import\u00e2ncia para n\u00f3s, e seguimos princ\u00edpios fundamentais para garantir a prote\u00e7\u00e3o de suas informa\u00e7\u00f5es pessoais. Por favor, revise os detalhes a seguir para entender como coletamos, utilizamos e protegemos seus dados. Coleta Limitada de Informa\u00e7\u00f5es Pessoais: Solicitamos informa\u00e7\u00f5es pessoais apenas quando absolutamente necess\u00e1rio. Evitamos buscar detalhes desnecess\u00e1rios e comprometemo-nos a coletar apenas os dados necess\u00e1rios para finalidades espec\u00edficas. Compartilhamento Restrito de Informa\u00e7\u00f5es Pessoais: N\u00e3o compartilhamos suas informa\u00e7\u00f5es pessoais com partes externas, exceto quando exigido por lei, essencial para o desenvolvimento de produtos ou crucial para proteger nossos direitos. Manuseio Seguro de Informa\u00e7\u00f5es Pessoais: Informa\u00e7\u00f5es pessoais n\u00e3o s\u00e3o armazenadas em nossos servidores, a menos que seja imperativo para a opera\u00e7\u00e3o cont\u00ednua de nossos servi\u00e7os. Priorizamos a seguran\u00e7a e confidencialidade dos dados que manuseamos.\u00a0 Visitantes do Site: Assim como muitos outros operadores de sites, coletamos informa\u00e7\u00f5es n\u00e3o identific\u00e1veis pessoalmente, como tipo de navegador, prefer\u00eancia de idioma, site de refer\u00eancia e hor\u00e1rio de cada solicita\u00e7\u00e3o de visita. Essas informa\u00e7\u00f5es nos ajudam a entender melhor o comportamento do usu\u00e1rio. Al\u00e9m disso, podemos coletar informa\u00e7\u00f5es potencialmente identific\u00e1veis pessoalmente, como endere\u00e7os de Protocolo de Internet (IP).\u00a0 Coleta de Informa\u00e7\u00f5es Identific\u00e1veis Pessoalmente: Usu\u00e1rios que optam por interagir com nosso site [&hellip;]","og_url":"https:\/\/360immigrationlaw.com\/pt\/politica-de-privacidade\/","og_site_name":"360 Immigration Law","article_publisher":"https:\/\/www.facebook.com\/360Immigration\/","article_modified_time":"2025-01-11T09:54:51+00:00","twitter_card":"summary_large_image","twitter_site":"@360immigration","schema":{"@context":"https:\/\/schema.org","@graph":[{"@type":"WebPage","@id":"https:\/\/360immigrationlaw.com\/pt\/politica-de-privacidade\/","url":"https:\/\/360immigrationlaw.com\/pt\/politica-de-privacidade\/","name":"Pol\u00edtica de Privacidade - 360 Immigration Law","isPartOf":{"@id":"https:\/\/pt.360immigrationlaw.com\/#website"},"datePublished":"2024-02-01T19:44:08+00:00","dateModified":"2025-01-11T09:54:51+00:00","breadcrumb":{"@id":"https:\/\/360immigrationlaw.com\/pt\/politica-de-privacidade\/#breadcrumb"},"inLanguage":"pt-PT","potentialAction":[{"@type":"ReadAction","target":["https:\/\/360immigrationlaw.com\/pt\/politica-de-privacidade\/"]}]},{"@type":"BreadcrumbList","@id":"https:\/\/360immigrationlaw.com\/pt\/politica-de-privacidade\/#breadcrumb","itemListElement":[{"@type":"ListItem","position":1,"name":"Home","item":"https:\/\/360immigrationlaw.com\/pt\/"},{"@type":"ListItem","position":2,"name":"Pol\u00edtica de Privacidade"}]},{"@type":"WebSite","@id":"https:\/\/pt.360immigrationlaw.com\/#website","url":"https:\/\/pt.360immigrationlaw.com\/","name":"360 Immigration Law","description":"Advogado de imigra\u00e7\u00e3o na Fl\u00f3rida","publisher":{"@id":"https:\/\/pt.360immigrationlaw.com\/#organization"},"potentialAction":[{"@type":"SearchAction","target":{"@type":"EntryPoint","urlTemplate":"https:\/\/pt.360immigrationlaw.com\/?s={search_term_string}"},"query-input":{"@type":"PropertyValueSpecification","valueRequired":true,"valueName":"search_term_string"}}],"inLanguage":"pt-PT"},{"@type":"Organization","@id":"https:\/\/pt.360immigrationlaw.com\/#organization","name":"360 Immigration Law","url":"https:\/\/pt.360immigrationlaw.com\/","logo":{"@type":"ImageObject","inLanguage":"pt-PT","@id":"https:\/\/pt.360immigrationlaw.com\/#\/schema\/logo\/image\/","url":"https:\/\/360immigrationlaw.com\/pt\/wp-content\/uploads\/2023\/06\/360_Immigration_Law_Group.jpg","contentUrl":"https:\/\/360immigrationlaw.com\/pt\/wp-content\/uploads\/2023\/06\/360_Immigration_Law_Group.jpg","width":1264,"height":932,"caption":"360 Immigration Law"},"image":{"@id":"https:\/\/pt.360immigrationlaw.com\/#\/schema\/logo\/image\/"},"sameAs":["https:\/\/www.facebook.com\/360Immigration\/","https:\/\/x.com\/360immigration"]}]}},"_links":{"self":[{"href":"https:\/\/360immigrationlaw.com\/pt\/wp-json\/wp\/v2\/pages\/82385","targetHints":{"allow":["GET"]}}],"collection":[{"href":"https:\/\/360immigrationlaw.com\/pt\/wp-json\/wp\/v2\/pages"}],"about":[{"href":"https:\/\/360immigrationlaw.com\/pt\/wp-json\/wp\/v2\/types\/page"}],"author":[{"embeddable":true,"href":"https:\/\/360immigrationlaw.com\/pt\/wp-json\/wp\/v2\/users\/3"}],"replies":[{"embeddable":true,"href":"https:\/\/360immigrationlaw.com\/pt\/wp-json\/wp\/v2\/comments?post=82385"}],"version-history":[{"count":4,"href":"https:\/\/360immigrationlaw.com\/pt\/wp-json\/wp\/v2\/pages\/82385\/revisions"}],"predecessor-version":[{"id":83187,"href":"https:\/\/360immigrationlaw.com\/pt\/wp-json\/wp\/v2\/pages\/82385\/revisions\/83187"}],"wp:attachment":[{"href":"https:\/\/360immigrationlaw.com\/pt\/wp-json\/wp\/v2\/media?parent=82385"}],"curies":[{"name":"wp","href":"https:\/\/api.w.org\/{rel}","templated":true}]}}