{"id":82393,"date":"2024-02-09T13:13:34","date_gmt":"2024-02-09T13:13:34","guid":{"rendered":"https:\/\/360immigrationlaw.com\/pt\/politica-de-cookies-ue-2\/"},"modified":"2024-02-09T13:42:25","modified_gmt":"2024-02-09T13:42:25","slug":"politica-de-cookies-ue","status":"publish","type":"page","link":"https:\/\/360immigrationlaw.com\/pt\/politica-de-cookies-ue\/","title":{"rendered":"Pol\u00edtica de Cookies (UE)"},"content":{"rendered":"<p>[et_pb_section fb_built=&#8221;1&#8243; _builder_version=&#8221;4.24.0&#8243; _module_preset=&#8221;default&#8221; background_color=&#8221;#000000&#8243; custom_padding=&#8221;8%||8%||true|false&#8221; global_colors_info=&#8221;{}&#8221; disabled_on=&#8221;on|on|off&#8221;][et_pb_row _builder_version=&#8221;4.24.0&#8243; _module_preset=&#8221;default&#8221; global_colors_info=&#8221;{}&#8221;][et_pb_column type=&#8221;4_4&#8243; _builder_version=&#8221;4.24.0&#8243; _module_preset=&#8221;default&#8221; global_colors_info=&#8221;{}&#8221;][\/et_pb_column][\/et_pb_row][\/et_pb_section][et_pb_section fb_built=&#8221;1&#8243; _builder_version=&#8221;4.24.0&#8243; _module_preset=&#8221;default&#8221; global_colors_info=&#8221;{}&#8221;][et_pb_row _builder_version=&#8221;4.24.0&#8243; _module_preset=&#8221;default&#8221; global_colors_info=&#8221;{}&#8221;][et_pb_column type=&#8221;4_4&#8243; _builder_version=&#8221;4.24.0&#8243; _module_preset=&#8221;default&#8221; global_colors_info=&#8221;{}&#8221;][et_pb_text _builder_version=&#8221;4.24.0&#8243; _module_preset=&#8221;default&#8221; text_font_size=&#8221;14px&#8221; header_2_font_size=&#8221;22px&#8221; global_colors_info=&#8221;{}&#8221;]<\/p>\n<h1>Pol\u00edtica de Cookies<\/h1>\n<p>\t\tEsta Pol\u00edtica de Cookies foi atualizada pela \u00faltima vez em 21 de julho de 2023 e se aplica a cidad\u00e3os e residentes permanentes legais da \u00c1rea Econ\u00f4mica Europeia e Su\u00ed\u00e7a.<\/p>\n<h2>1. Introdu\u00e7\u00e3o<\/h2>\n<p>\t\t\tNosso site, https:\/\/360immigrationlaw.com\/pt (doravante: &#8220;o site&#8221;), utiliza cookies e outras tecnologias relacionadas (para conveni\u00eancia, todas as tecnologias s\u00e3o referidas como &#8220;cookies&#8221;). Cookies tamb\u00e9m podem ser colocados por terceiros com os quais nos envolvemos. No documento abaixo, informamos sobre o uso de cookies em nosso site.<\/p>\n<h2>2. O que s\u00e3o cookies?<\/h2>\n<p>\t\tUm cookie \u00e9 um pequeno arquivo simples que \u00e9 enviado junto com as p\u00e1ginas deste site e armazenado pelo seu navegador no disco r\u00edgido do seu computador ou outro dispositivo. As informa\u00e7\u00f5es ali armazenadas podem ser retornadas aos nossos servidores ou aos servidores dos terceiros relevantes durante uma visita subsequente.<\/p>\n<h2>3. O que s\u00e3o scripts?<\/h2>\n<p>\t\tUm script \u00e9 um trecho de c\u00f3digo de programa usado para fazer com que nosso site funcione adequadamente e interativamente. Esse c\u00f3digo \u00e9 executado em nosso servidor ou em seu dispositivo.<\/p>\n<h2>4. O que \u00e9 um web beacon?<\/h2>\n<p>\t\tUm web beacon (ou uma tag de pixel) \u00e9 um pequeno peda\u00e7o de texto ou imagem invis\u00edvel em um site usado para monitorar o tr\u00e1fego em um site. Para fazer isso, v\u00e1rios dados sobre voc\u00ea s\u00e3o armazenados usando web beacons.<\/p>\n<h2>5. Cookies<\/h2>\n<p>\t\t<strong>5.1 Cookies t\u00e9cnicos ou funcionais<\/strong><\/p>\n<p>\t\tAlguns cookies garantem que determinadas partes do site funcionem corretamente e que suas prefer\u00eancias de usu\u00e1rio permane\u00e7am conhecidas. Ao colocar cookies funcionais, facilitamos sua visita ao nosso site. Dessa forma, voc\u00ea n\u00e3o precisa inserir repetidamente as mesmas informa\u00e7\u00f5es ao visitar nosso site e, por exemplo, os itens permanecem no seu carrinho de compras at\u00e9 que voc\u00ea tenha pago. Podemos colocar esses cookies sem o seu consentimento.<\/p>\n<p>\t\t<strong>5.2 Cookies de estat\u00edsticas<\/strong><\/p>\n<p>\t\tUtilizamos cookies de estat\u00edsticas para otimizar a experi\u00eancia no site para nossos usu\u00e1rios. Com esses cookies de estat\u00edsticas, obtemos insights sobre o uso do nosso site. Pedimos sua permiss\u00e3o para colocar cookies de estat\u00edsticas.<\/p>\n<p>\t\t<strong>5.3 Cookies de marketing\/rastreamento<\/strong><\/p>\n<p>\t\tCookies de marketing\/rastreamento s\u00e3o cookies ou qualquer outra forma de armazenamento local, usados para criar perfis de usu\u00e1rio para exibir publicidade ou rastrear o usu\u00e1rio neste site ou em v\u00e1rios sites para fins de marketing semelhantes.<\/p>\n<p>\t\t<strong>5.4 M\u00eddias sociais<\/strong><\/p>\n<p>\t\tEm nosso site, inclu\u00edmos conte\u00fado do WhatsApp para promover p\u00e1ginas da web (por exemplo, &#8220;curtir&#8221;, &#8220;fixar&#8221;) ou compartilhar (por exemplo, &#8220;twittar&#8221;) em redes sociais como o WhatsApp. Esse conte\u00fado \u00e9 incorporado com c\u00f3digo derivado do WhatsApp e coloca cookies. Esse conte\u00fado pode armazenar e processar certas informa\u00e7\u00f5es para publicidade personalizada.<\/p>\n<p>\t\tLeia a declara\u00e7\u00e3o de privacidade dessas redes sociais (que pode mudar regularmente) para saber o que elas fazem com seus dados (pessoais) processados por esses cookies. Os dados recuperados s\u00e3o anonimizados o m\u00e1ximo poss\u00edvel. O WhatsApp est\u00e1 localizado nos Estados Unidos.<\/p>\n<h2>6. Cookies colocados<\/h2>\n<h2>7. Consentimento<\/h2>\n<p>\t\tAo visitar nosso site pela primeira vez, mostraremos a voc\u00ea um pop-up com uma explica\u00e7\u00e3o sobre cookies. Assim que clicar em &#8220;Aceitar&#8221;, voc\u00ea consente que utilizemos todos os cookies e plug-ins conforme descrito no pop-up e nesta Pol\u00edtica de Cookies. Voc\u00ea pode desativar o uso de cookies atrav\u00e9s do seu navegador, mas observe que nosso site pode n\u00e3o funcionar corretamente.<\/p>\n<p>\t\t<stroong>7.1 Gerencie suas configura\u00e7\u00f5es de consentimento<\/stroong><\/p>\n<h2>8. Ativar\/Desativar e Excluir Cookies<\/h2>\n<p>\t\tVoc\u00ea pode usar o navegador da Internet para excluir cookies automaticamente ou manualmente. Voc\u00ea tamb\u00e9m pode especificar que determinados cookies n\u00e3o podem ser colocados. Outra op\u00e7\u00e3o \u00e9 alterar as configura\u00e7\u00f5es do seu navegador da Internet para que voc\u00ea receba uma mensagem sempre que um cookie for colocado. Para obter mais informa\u00e7\u00f5es sobre essas op\u00e7\u00f5es, consulte as instru\u00e7\u00f5es na se\u00e7\u00e3o de Ajuda do seu navegador.<\/p>\n<p>\t\tObserve que nosso site pode n\u00e3o funcionar corretamente se todos os cookies estiverem desativados. Se voc\u00ea excluir os cookies no seu navegador, eles ser\u00e3o colocados novamente ap\u00f3s o seu consentimento quando voc\u00ea visitar nosso site novamente.<\/p>\n<h2>9. Seus Direitos em Rela\u00e7\u00e3o aos Dados Pessoais<\/h2>\n<p>\t\tVoc\u00ea tem os seguintes direitos em rela\u00e7\u00e3o aos seus dados pessoais:<\/p>\n<ul>\n<li>Voc\u00ea tem o direito de saber por que seus dados pessoais s\u00e3o necess\u00e1rios, o que acontecer\u00e1 com eles e por quanto tempo ser\u00e3o retidos.<\/li>\n<li>Direito de acesso: Voc\u00ea tem o direito de acessar seus dados pessoais que s\u00e3o conhecidos por n\u00f3s.<\/li>\n<li>Direito de retifica\u00e7\u00e3o: Voc\u00ea tem o direito de complementar, corrigir, excluir ou bloquear seus dados pessoais sempre que desejar.<\/li>\n<li>Se voc\u00ea nos der o consentimento para processar seus dados, voc\u00ea tem o direito de revogar esse consentimento e ter seus dados pessoais exclu\u00eddos.<\/li>\n<li>Direito de transferir seus dados: Voc\u00ea tem o direito de solicitar todos os seus dados pessoais ao controlador e transferi-los na \u00edntegra para outro controlador.<\/li>\n<li>Direito de obje\u00e7\u00e3o: Voc\u00ea pode se opor ao processamento de seus dados. Cumprimos isso, a menos que haja motivos justificados para o processamento.<\/li>\n<\/ul>\n<p>\t\tPara exercer esses direitos, entre em contato conosco. Consulte os detalhes de contato no final desta Pol\u00edtica de Cookies. Se voc\u00ea tiver uma reclama\u00e7\u00e3o sobre como lidamos com seus dados, gostar\u00edamos de ouvir de voc\u00ea, mas voc\u00ea tamb\u00e9m tem o direito de apresentar uma reclama\u00e7\u00e3o \u00e0 autoridade supervisora (a Autoridade de Prote\u00e7\u00e3o de Dados).<\/p>\n<h2>10. Detalhes de Contato<\/h2>\n<p>\t\tPara perguntas e\/ou coment\u00e1rios sobre nossa Pol\u00edtica de Cookies e este comunicado, entre em contato conosco usando os seguintes detalhes de contato:<\/p>\n<p>\t\t360 Immigration Law Group<\/p>\n<p>\t\t10100 West Sample Road, Suite 106<\/p>\n<p>\t\tCoral Springs, FL 33065 Estados Unidos<\/p>\n<p>\t\tSite: <a href=\"https:\/\/360immigrationlaw.com\/pt\">https:\/\/360immigrationlaw.com\/pt<\/a><\/p>\n<p>\t\tCorreio eletr\u00f4nico:<a href=\"info@360immirgationlaw.com\"> info@360immirgationlaw.com<\/a><\/p>\n<p>\t\tN\u00famero de telefone: 954.667.3660<\/p>\n<p>\t\tEsta Pol\u00edtica de Cookies foi sincronizada com <a href=\"cookiedatabase.org\">https:\/\/cookiedatabase.org\/<\/a> em 21 de julho de 2023[\/et_pb_text][\/et_pb_column][\/et_pb_row][\/et_pb_section]<\/p>\n","protected":false},"excerpt":{"rendered":"<p>Pol\u00edtica de Cookies Esta Pol\u00edtica de Cookies foi atualizada pela \u00faltima vez em 21 de julho de 2023 e se aplica a cidad\u00e3os e residentes permanentes legais da \u00c1rea Econ\u00f4mica Europeia e Su\u00ed\u00e7a. 1. Introdu\u00e7\u00e3o Nosso site, https:\/\/360immigrationlaw.com\/pt (doravante: &#8220;o site&#8221;), utiliza cookies e outras tecnologias relacionadas (para conveni\u00eancia, todas as tecnologias s\u00e3o referidas como &#8220;cookies&#8221;). Cookies tamb\u00e9m podem ser colocados por terceiros com os quais nos envolvemos. No documento abaixo, informamos sobre o uso de cookies em nosso site. 2. O que s\u00e3o cookies? Um cookie \u00e9 um pequeno arquivo simples que \u00e9 enviado junto com as p\u00e1ginas deste site e armazenado pelo seu navegador no disco r\u00edgido do seu computador ou outro dispositivo. As informa\u00e7\u00f5es ali armazenadas podem ser retornadas aos nossos servidores ou aos servidores dos terceiros relevantes durante uma visita subsequente. 3. O que s\u00e3o scripts? Um script \u00e9 um trecho de c\u00f3digo de programa usado para fazer com que nosso site funcione adequadamente e interativamente. Esse c\u00f3digo \u00e9 executado em nosso servidor ou em seu dispositivo. 4. O que \u00e9 um web beacon? Um web beacon (ou uma tag de pixel) \u00e9 um pequeno peda\u00e7o de texto ou imagem invis\u00edvel em um site usado para [&hellip;]<\/p>\n","protected":false},"author":3,"featured_media":0,"parent":0,"menu_order":0,"comment_status":"closed","ping_status":"closed","template":"","meta":{"_et_pb_use_builder":"on","_et_pb_old_content":"<!-- wp:complianz\/document {\"selectedDocument\":\"cookie-statement\"} \/-->","_et_gb_content_width":"","_lmt_disableupdate":"","_lmt_disable":"","footnotes":""},"class_list":["post-82393","page","type-page","status-publish","hentry"],"yoast_head":"<!-- This site is optimized with the Yoast SEO Premium plugin v21.5 (Yoast SEO v27.3) - https:\/\/yoast.com\/product\/yoast-seo-premium-wordpress\/ -->\n<title>Pol\u00edtica de Cookies (UE) - 360 Immigration Law<\/title>\n<meta name=\"robots\" content=\"index, follow, max-snippet:-1, max-image-preview:large, max-video-preview:-1\" \/>\n<link rel=\"canonical\" href=\"https:\/\/360immigrationlaw.com\/pt\/politica-de-cookies-ue\/\" \/>\n<meta property=\"og:locale\" content=\"pt_PT\" \/>\n<meta property=\"og:type\" content=\"article\" \/>\n<meta property=\"og:title\" content=\"Pol\u00edtica de Cookies (UE)\" \/>\n<meta property=\"og:description\" content=\"Pol\u00edtica de Cookies Esta Pol\u00edtica de Cookies foi atualizada pela \u00faltima vez em 21 de julho de 2023 e se aplica a cidad\u00e3os e residentes permanentes legais da \u00c1rea Econ\u00f4mica Europeia e Su\u00ed\u00e7a. 1. Introdu\u00e7\u00e3o Nosso site, https:\/\/360immigrationlaw.com\/pt (doravante: &quot;o site&quot;), utiliza cookies e outras tecnologias relacionadas (para conveni\u00eancia, todas as tecnologias s\u00e3o referidas como &quot;cookies&quot;). Cookies tamb\u00e9m podem ser colocados por terceiros com os quais nos envolvemos. No documento abaixo, informamos sobre o uso de cookies em nosso site. 2. O que s\u00e3o cookies? Um cookie \u00e9 um pequeno arquivo simples que \u00e9 enviado junto com as p\u00e1ginas deste site e armazenado pelo seu navegador no disco r\u00edgido do seu computador ou outro dispositivo. As informa\u00e7\u00f5es ali armazenadas podem ser retornadas aos nossos servidores ou aos servidores dos terceiros relevantes durante uma visita subsequente. 3. O que s\u00e3o scripts? Um script \u00e9 um trecho de c\u00f3digo de programa usado para fazer com que nosso site funcione adequadamente e interativamente. Esse c\u00f3digo \u00e9 executado em nosso servidor ou em seu dispositivo. 4. O que \u00e9 um web beacon? Um web beacon (ou uma tag de pixel) \u00e9 um pequeno peda\u00e7o de texto ou imagem invis\u00edvel em um site usado para [&hellip;]\" \/>\n<meta property=\"og:url\" content=\"https:\/\/360immigrationlaw.com\/pt\/politica-de-cookies-ue\/\" \/>\n<meta property=\"og:site_name\" content=\"360 Immigration Law\" \/>\n<meta property=\"article:publisher\" content=\"https:\/\/www.facebook.com\/360Immigration\/\" \/>\n<meta property=\"article:modified_time\" content=\"2024-02-09T13:42:25+00:00\" \/>\n<meta name=\"twitter:card\" content=\"summary_large_image\" \/>\n<meta name=\"twitter:site\" content=\"@360immigration\" \/>\n<script type=\"application\/ld+json\" class=\"yoast-schema-graph\">{\"@context\":\"https:\\\/\\\/schema.org\",\"@graph\":[{\"@type\":\"WebPage\",\"@id\":\"https:\\\/\\\/360immigrationlaw.com\\\/pt\\\/politica-de-cookies-ue\\\/\",\"url\":\"https:\\\/\\\/360immigrationlaw.com\\\/pt\\\/politica-de-cookies-ue\\\/\",\"name\":\"Pol\u00edtica de Cookies (UE) - 360 Immigration Law\",\"isPartOf\":{\"@id\":\"https:\\\/\\\/pt.360immigrationlaw.com\\\/#website\"},\"datePublished\":\"2024-02-09T13:13:34+00:00\",\"dateModified\":\"2024-02-09T13:42:25+00:00\",\"breadcrumb\":{\"@id\":\"https:\\\/\\\/360immigrationlaw.com\\\/pt\\\/politica-de-cookies-ue\\\/#breadcrumb\"},\"inLanguage\":\"pt-PT\",\"potentialAction\":[{\"@type\":\"ReadAction\",\"target\":[\"https:\\\/\\\/360immigrationlaw.com\\\/pt\\\/politica-de-cookies-ue\\\/\"]}]},{\"@type\":\"BreadcrumbList\",\"@id\":\"https:\\\/\\\/360immigrationlaw.com\\\/pt\\\/politica-de-cookies-ue\\\/#breadcrumb\",\"itemListElement\":[{\"@type\":\"ListItem\",\"position\":1,\"name\":\"Home\",\"item\":\"https:\\\/\\\/360immigrationlaw.com\\\/pt\\\/\"},{\"@type\":\"ListItem\",\"position\":2,\"name\":\"Pol\u00edtica de Cookies (UE)\"}]},{\"@type\":\"WebSite\",\"@id\":\"https:\\\/\\\/pt.360immigrationlaw.com\\\/#website\",\"url\":\"https:\\\/\\\/pt.360immigrationlaw.com\\\/\",\"name\":\"360 Immigration Law\",\"description\":\"Advogado de imigra\u00e7\u00e3o na Fl\u00f3rida\",\"publisher\":{\"@id\":\"https:\\\/\\\/pt.360immigrationlaw.com\\\/#organization\"},\"potentialAction\":[{\"@type\":\"SearchAction\",\"target\":{\"@type\":\"EntryPoint\",\"urlTemplate\":\"https:\\\/\\\/pt.360immigrationlaw.com\\\/?s={search_term_string}\"},\"query-input\":{\"@type\":\"PropertyValueSpecification\",\"valueRequired\":true,\"valueName\":\"search_term_string\"}}],\"inLanguage\":\"pt-PT\"},{\"@type\":\"Organization\",\"@id\":\"https:\\\/\\\/pt.360immigrationlaw.com\\\/#organization\",\"name\":\"360 Immigration Law\",\"url\":\"https:\\\/\\\/pt.360immigrationlaw.com\\\/\",\"logo\":{\"@type\":\"ImageObject\",\"inLanguage\":\"pt-PT\",\"@id\":\"https:\\\/\\\/pt.360immigrationlaw.com\\\/#\\\/schema\\\/logo\\\/image\\\/\",\"url\":\"https:\\\/\\\/360immigrationlaw.com\\\/pt\\\/wp-content\\\/uploads\\\/2023\\\/06\\\/360_Immigration_Law_Group.jpg\",\"contentUrl\":\"https:\\\/\\\/360immigrationlaw.com\\\/pt\\\/wp-content\\\/uploads\\\/2023\\\/06\\\/360_Immigration_Law_Group.jpg\",\"width\":1264,\"height\":932,\"caption\":\"360 Immigration Law\"},\"image\":{\"@id\":\"https:\\\/\\\/pt.360immigrationlaw.com\\\/#\\\/schema\\\/logo\\\/image\\\/\"},\"sameAs\":[\"https:\\\/\\\/www.facebook.com\\\/360Immigration\\\/\",\"https:\\\/\\\/x.com\\\/360immigration\"]}]}<\/script>\n<!-- \/ Yoast SEO Premium plugin. -->","yoast_head_json":{"title":"Pol\u00edtica de Cookies (UE) - 360 Immigration Law","robots":{"index":"index","follow":"follow","max-snippet":"max-snippet:-1","max-image-preview":"max-image-preview:large","max-video-preview":"max-video-preview:-1"},"canonical":"https:\/\/360immigrationlaw.com\/pt\/politica-de-cookies-ue\/","og_locale":"pt_PT","og_type":"article","og_title":"Pol\u00edtica de Cookies (UE)","og_description":"Pol\u00edtica de Cookies Esta Pol\u00edtica de Cookies foi atualizada pela \u00faltima vez em 21 de julho de 2023 e se aplica a cidad\u00e3os e residentes permanentes legais da \u00c1rea Econ\u00f4mica Europeia e Su\u00ed\u00e7a. 1. Introdu\u00e7\u00e3o Nosso site, https:\/\/360immigrationlaw.com\/pt (doravante: \"o site\"), utiliza cookies e outras tecnologias relacionadas (para conveni\u00eancia, todas as tecnologias s\u00e3o referidas como \"cookies\"). Cookies tamb\u00e9m podem ser colocados por terceiros com os quais nos envolvemos. No documento abaixo, informamos sobre o uso de cookies em nosso site. 2. O que s\u00e3o cookies? Um cookie \u00e9 um pequeno arquivo simples que \u00e9 enviado junto com as p\u00e1ginas deste site e armazenado pelo seu navegador no disco r\u00edgido do seu computador ou outro dispositivo. As informa\u00e7\u00f5es ali armazenadas podem ser retornadas aos nossos servidores ou aos servidores dos terceiros relevantes durante uma visita subsequente. 3. O que s\u00e3o scripts? Um script \u00e9 um trecho de c\u00f3digo de programa usado para fazer com que nosso site funcione adequadamente e interativamente. Esse c\u00f3digo \u00e9 executado em nosso servidor ou em seu dispositivo. 4. O que \u00e9 um web beacon? Um web beacon (ou uma tag de pixel) \u00e9 um pequeno peda\u00e7o de texto ou imagem invis\u00edvel em um site usado para [&hellip;]","og_url":"https:\/\/360immigrationlaw.com\/pt\/politica-de-cookies-ue\/","og_site_name":"360 Immigration Law","article_publisher":"https:\/\/www.facebook.com\/360Immigration\/","article_modified_time":"2024-02-09T13:42:25+00:00","twitter_card":"summary_large_image","twitter_site":"@360immigration","schema":{"@context":"https:\/\/schema.org","@graph":[{"@type":"WebPage","@id":"https:\/\/360immigrationlaw.com\/pt\/politica-de-cookies-ue\/","url":"https:\/\/360immigrationlaw.com\/pt\/politica-de-cookies-ue\/","name":"Pol\u00edtica de Cookies (UE) - 360 Immigration Law","isPartOf":{"@id":"https:\/\/pt.360immigrationlaw.com\/#website"},"datePublished":"2024-02-09T13:13:34+00:00","dateModified":"2024-02-09T13:42:25+00:00","breadcrumb":{"@id":"https:\/\/360immigrationlaw.com\/pt\/politica-de-cookies-ue\/#breadcrumb"},"inLanguage":"pt-PT","potentialAction":[{"@type":"ReadAction","target":["https:\/\/360immigrationlaw.com\/pt\/politica-de-cookies-ue\/"]}]},{"@type":"BreadcrumbList","@id":"https:\/\/360immigrationlaw.com\/pt\/politica-de-cookies-ue\/#breadcrumb","itemListElement":[{"@type":"ListItem","position":1,"name":"Home","item":"https:\/\/360immigrationlaw.com\/pt\/"},{"@type":"ListItem","position":2,"name":"Pol\u00edtica de Cookies (UE)"}]},{"@type":"WebSite","@id":"https:\/\/pt.360immigrationlaw.com\/#website","url":"https:\/\/pt.360immigrationlaw.com\/","name":"360 Immigration Law","description":"Advogado de imigra\u00e7\u00e3o na Fl\u00f3rida","publisher":{"@id":"https:\/\/pt.360immigrationlaw.com\/#organization"},"potentialAction":[{"@type":"SearchAction","target":{"@type":"EntryPoint","urlTemplate":"https:\/\/pt.360immigrationlaw.com\/?s={search_term_string}"},"query-input":{"@type":"PropertyValueSpecification","valueRequired":true,"valueName":"search_term_string"}}],"inLanguage":"pt-PT"},{"@type":"Organization","@id":"https:\/\/pt.360immigrationlaw.com\/#organization","name":"360 Immigration Law","url":"https:\/\/pt.360immigrationlaw.com\/","logo":{"@type":"ImageObject","inLanguage":"pt-PT","@id":"https:\/\/pt.360immigrationlaw.com\/#\/schema\/logo\/image\/","url":"https:\/\/360immigrationlaw.com\/pt\/wp-content\/uploads\/2023\/06\/360_Immigration_Law_Group.jpg","contentUrl":"https:\/\/360immigrationlaw.com\/pt\/wp-content\/uploads\/2023\/06\/360_Immigration_Law_Group.jpg","width":1264,"height":932,"caption":"360 Immigration Law"},"image":{"@id":"https:\/\/pt.360immigrationlaw.com\/#\/schema\/logo\/image\/"},"sameAs":["https:\/\/www.facebook.com\/360Immigration\/","https:\/\/x.com\/360immigration"]}]}},"_links":{"self":[{"href":"https:\/\/360immigrationlaw.com\/pt\/wp-json\/wp\/v2\/pages\/82393","targetHints":{"allow":["GET"]}}],"collection":[{"href":"https:\/\/360immigrationlaw.com\/pt\/wp-json\/wp\/v2\/pages"}],"about":[{"href":"https:\/\/360immigrationlaw.com\/pt\/wp-json\/wp\/v2\/types\/page"}],"author":[{"embeddable":true,"href":"https:\/\/360immigrationlaw.com\/pt\/wp-json\/wp\/v2\/users\/3"}],"replies":[{"embeddable":true,"href":"https:\/\/360immigrationlaw.com\/pt\/wp-json\/wp\/v2\/comments?post=82393"}],"version-history":[{"count":9,"href":"https:\/\/360immigrationlaw.com\/pt\/wp-json\/wp\/v2\/pages\/82393\/revisions"}],"predecessor-version":[{"id":82416,"href":"https:\/\/360immigrationlaw.com\/pt\/wp-json\/wp\/v2\/pages\/82393\/revisions\/82416"}],"wp:attachment":[{"href":"https:\/\/360immigrationlaw.com\/pt\/wp-json\/wp\/v2\/media?parent=82393"}],"curies":[{"name":"wp","href":"https:\/\/api.w.org\/{rel}","templated":true}]}}