{"id":82424,"date":"2024-02-10T16:49:10","date_gmt":"2024-02-10T16:49:10","guid":{"rendered":"https:\/\/360immigrationlaw.com\/pt\/?page_id=82424"},"modified":"2024-04-02T18:46:26","modified_gmt":"2024-04-02T18:46:26","slug":"triagem-gratuita","status":"publish","type":"page","link":"https:\/\/360immigrationlaw.com\/pt\/triagem-gratuita\/","title":{"rendered":"Triagem Gratuita"},"content":{"rendered":"<p>[et_pb_section fb_built=&#8221;1&#8243; custom_padding_last_edited=&#8221;on|phone&#8221; module_id=&#8221;head-sec&#8221; _builder_version=&#8221;4.24.0&#8243; _module_preset=&#8221;default&#8221; use_background_color_gradient=&#8221;on&#8221; background_color_gradient_direction=&#8221;91deg&#8221; background_color_gradient_stops=&#8221;rgba(0,0,0,0.87) 0%|rgba(0,0,0,0.33) 99%&#8221; background_image=&#8221;https:\/\/360immigrationlaw.com\/pt\/wp-content\/uploads\/2024\/02\/faq-banner-jpg.webp&#8221; custom_padding=&#8221;300px||30px||false|false&#8221; custom_padding_tablet=&#8221;50px||50px||false|false&#8221; custom_padding_phone=&#8221;30px||30px||true|false&#8221; global_colors_info=&#8221;{}&#8221;][et_pb_row custom_padding_last_edited=&#8221;on|desktop&#8221; _builder_version=&#8221;4.21.0&#8243; _module_preset=&#8221;default&#8221; custom_padding=&#8221;80px||80px||true|false&#8221; custom_padding_tablet=&#8221;50px||50px||true|false&#8221; custom_padding_phone=&#8221;50px||50px||true|false&#8221; global_colors_info=&#8221;{}&#8221;][et_pb_column type=&#8221;4_4&#8243; _builder_version=&#8221;4.20.2&#8243; _module_preset=&#8221;default&#8221; global_colors_info=&#8221;{}&#8221;][et_pb_text _builder_version=&#8221;4.24.0&#8243; _module_preset=&#8221;default&#8221; header_font=&#8221;Adobe Garamond Pro Semibold|600|||||||&#8221; background_layout=&#8221;dark&#8221; global_colors_info=&#8221;{}&#8221;]<\/p>\n<h1>TRIAGEM GRATUITA<\/h1>\n<p>[\/et_pb_text][\/et_pb_column][\/et_pb_row][\/et_pb_section][et_pb_section fb_built=&#8221;1&#8243; _builder_version=&#8221;4.20.2&#8243; _module_preset=&#8221;default&#8221; global_colors_info=&#8221;{}&#8221;][et_pb_row column_structure=&#8221;1_2,1_2&#8243; _builder_version=&#8221;4.24.0&#8243; _module_preset=&#8221;default&#8221; global_colors_info=&#8221;{}&#8221;][et_pb_column type=&#8221;1_2&#8243; _builder_version=&#8221;4.24.0&#8243; _module_preset=&#8221;default&#8221; sticky_position=&#8221;top&#8221; sticky_limit_bottom=&#8221;row&#8221; sticky_position_tablet=&#8221;none&#8221; sticky_position_phone=&#8221;&#8221; sticky_position_last_edited=&#8221;on|tablet&#8221; global_colors_info=&#8221;{}&#8221;][et_pb_text _builder_version=&#8221;4.24.2&#8243; _module_preset=&#8221;default&#8221; header_2_font_size=&#8221;40px&#8221; hover_enabled=&#8221;0&#8243; header_2_font_size_tablet=&#8221;30px&#8221; header_2_font_size_phone=&#8221;&#8221; header_2_font_size_last_edited=&#8221;on|phone&#8221; global_colors_info=&#8221;{}&#8221; sticky_enabled=&#8221;0&#8243;]<\/p>\n<h2>Precisa de ajuda com a imigra\u00e7\u00e3o? Agende uma avalia\u00e7\u00e3o de caso gratuita hoje!<\/h2>\n<p>Se voc\u00ea j\u00e1 est\u00e1 nos EUA e precisa de apoio ou est\u00e1 se preparando para dar este passo importante, ent\u00e3o voc\u00ea precisa de um advogado de imigra\u00e7\u00e3o experiente que possa orient\u00e1-lo de forma eficiente para um resultado satisfat\u00f3rio do seu caso.<\/p>\n<p>Durante a avalia\u00e7\u00e3o do seu caso, nossos analistas jur\u00eddicos analisam minuciosamente os detalhes do seu caso para determinar como podemos ajud\u00e1-lo a atingir seus objetivos. Se voc\u00ea precisar de assist\u00eancia com vistos, documenta\u00e7\u00e3o, green cards, naturaliza\u00e7\u00e3o de cidadania americana ou outra necessidade de imigra\u00e7\u00e3o, dedicamos tempo para entender suas necessidades para que possamos lhe dar o suporte necess\u00e1rio. Inicie agora o processo de Avalia\u00e7\u00e3o de Caso Gratuito ligando para n\u00f3s ou preenchendo nosso formul\u00e1rio.[\/et_pb_text][et_pb_text _builder_version=&#8221;4.24.0&#8243; _module_preset=&#8221;default&#8221; header_4_font_size=&#8221;30px&#8221; custom_margin=&#8221;||10px||false|false&#8221; header_4_font_size_tablet=&#8221;26px&#8221; header_4_font_size_phone=&#8221;&#8221; header_4_font_size_last_edited=&#8221;on|tablet&#8221; global_colors_info=&#8221;{}&#8221;]<\/p>\n<h4>Contato 360 Immigration Law Group<\/h4>\n<p>[\/et_pb_text][dsm_icon_list icon_gap_width=&#8221;1.5em&#8221; icon_font_size=&#8221;20px&#8221; list_space_between=&#8221;10px&#8221; _builder_version=&#8221;4.24.0&#8243; _module_preset=&#8221;default&#8221; max_width=&#8221;400px&#8221; global_colors_info=&#8221;{}&#8221;][dsm_icon_list_child text=&#8221;954.667.3660&#8243; font_icon=&#8221;&#xe090;||divi||400&#8243; url=&#8221;tel:9546673660&#8243; _builder_version=&#8221;4.24.0&#8243; _module_preset=&#8221;default&#8221; global_colors_info=&#8221;{}&#8221;][\/dsm_icon_list_child][dsm_icon_list_child text=&#8221;info@360immigrationlaw.com&#8221; font_icon=&#8221;&#xf0e0;||fa||900&#8243; url=&#8221;mailto:info@360immigrationlaw.com&#8221; _builder_version=&#8221;4.24.0&#8243; _module_preset=&#8221;default&#8221; global_colors_info=&#8221;{}&#8221;][\/dsm_icon_list_child][dsm_icon_list_child text=&#8221;10100 West Sample Road, Suite 106 Coral Springs, FL 33065&#8243; font_icon=&#8221;&#xe081;||divi||400&#8243; url=&#8221;https:\/\/maps.app.goo.gl\/Xd7bCns2E9gE2QPq8&#8243; url_new_window=&#8221;on&#8221; _builder_version=&#8221;4.24.0&#8243; _module_preset=&#8221;default&#8221; global_colors_info=&#8221;{}&#8221;][\/dsm_icon_list_child][\/dsm_icon_list][\/et_pb_column][et_pb_column type=&#8221;1_2&#8243; _builder_version=&#8221;4.20.2&#8243; _module_preset=&#8221;default&#8221; global_colors_info=&#8221;{}&#8221;][et_pb_code _builder_version=&#8221;4.24.0&#8243; _module_preset=&#8221;default&#8221; global_colors_info=&#8221;{}&#8221;]<!-- Start Lawmatics Embedded Snippet --><!-- [et_pb_line_break_holder] --><script id=\"lm-embedded-script\"><!-- [et_pb_line_break_holder] -->!function(e,t,n,a,s,c,i){if(!e[s]){i=e[s]=function(){i.process?i.process.apply(i,arguments):i.queue.push(arguments)},i.queue=[],i.t=1*new Date;var o=t.createElement(n);o.async=1,o.src=a+\"?t=\"+Math.ceil(new Date\/c)*c;var r=t.getElementsByTagName(n)[0];r.parentNode.insertBefore(o,r)}}(window,document,\"script\",\"https:\/\/navi.lawmatics.com\/intake.min.js\",\"lm_intake\",864e5),lm_intake(\"55d98d74-1168-496a-b0c7-4c283e869bca\");<!-- [et_pb_line_break_holder] --><\/script><!-- [et_pb_line_break_holder] --><!-- End Lawmatics Embedded Snippet -->[\/et_pb_code][\/et_pb_column][\/et_pb_row][\/et_pb_section]<\/p>\n","protected":false},"excerpt":{"rendered":"<p>TRIAGEM GRATUITAPrecisa de ajuda com a imigra\u00e7\u00e3o? Agende uma avalia\u00e7\u00e3o de caso gratuita hoje! Se voc\u00ea j\u00e1 est\u00e1 nos EUA e precisa de apoio ou est\u00e1 se preparando para dar este passo importante, ent\u00e3o voc\u00ea precisa de um advogado de imigra\u00e7\u00e3o experiente que possa orient\u00e1-lo de forma eficiente para um resultado satisfat\u00f3rio do seu caso. Durante a avalia\u00e7\u00e3o do seu caso, nossos analistas jur\u00eddicos analisam minuciosamente os detalhes do seu caso para determinar como podemos ajud\u00e1-lo a atingir seus objetivos. Se voc\u00ea precisar de assist\u00eancia com vistos, documenta\u00e7\u00e3o, green cards, naturaliza\u00e7\u00e3o de cidadania americana ou outra necessidade de imigra\u00e7\u00e3o, dedicamos tempo para entender suas necessidades para que possamos lhe dar o suporte necess\u00e1rio. Inicie agora o processo de Avalia\u00e7\u00e3o de Caso Gratuito ligando para n\u00f3s ou preenchendo nosso formul\u00e1rio.Contato 360 Immigration Law Group<div class=\"et_pb_module dsm_icon_list dsm_icon_list_0\">\n\t\t\t\t\n\t\t\t\t\n\t\t\t\t\n\t\t\t\t\n\t\t\t\t\n\t\t\t\t\n\t\t\t\t<div class=\"et_pb_module_inner\">\n\t\t\t\t\t<ul class=\"dsm_icon_list_items dsm_icon_list_ltr_direction dsm_icon_list_layout_vertical\"><li class=\"dsm_icon_list_child dsm_icon_list_child_0\">\n\t\t\t\t\n\t\t\t\t\n\t\t\t\t\n\t\t\t\t\n\t\t\t\t<a href=\"tel:9546673660\"><span class=\"dsm_icon_list_wrapper\"><span class=\"dsm_icon_list_icon\">\ue090<\/span><\/span><span class=\"dsm_icon_list_text\">954.667.3660<\/span><\/a>\n\t\t\t<\/li><li class=\"dsm_icon_list_child dsm_icon_list_child_1\">\n\t\t\t\t\n\t\t\t\t\n\t\t\t\t\n\t\t\t\t\n\t\t\t\t<a href=\"mailto:info@360immigrationlaw.com\"><span class=\"dsm_icon_list_wrapper\"><span class=\"dsm_icon_list_icon\">\uf0e0<\/span><\/span><span class=\"dsm_icon_list_text\">info@360immigrationlaw.com<\/span><\/a>\n\t\t\t<\/li><li class=\"dsm_icon_list_child dsm_icon_list_child_2\">\n\t\t\t\t\n\t\t\t\t\n\t\t\t\t\n\t\t\t\t\n\t\t\t\t<a href=\"https:\/\/maps.app.goo.gl\/Xd7bCns2E9gE2QPq8\" target=\"_blank\"><span class=\"dsm_icon_list_wrapper\"><span class=\"dsm_icon_list_icon\">\ue081<\/span><\/span><span class=\"dsm_icon_list_text\">10100 West Sample Road, Suite 106 Coral Springs, FL 33065<\/span><\/a>\n\t\t\t<\/li><\/ul>\n\t\t\t\t<\/div>\n\t\t\t<\/div><\/p>\n","protected":false},"author":3,"featured_media":0,"parent":0,"menu_order":0,"comment_status":"closed","ping_status":"closed","template":"","meta":{"_et_pb_use_builder":"on","_et_pb_old_content":"","_et_gb_content_width":"","_lmt_disableupdate":"","_lmt_disable":"","footnotes":""},"class_list":["post-82424","page","type-page","status-publish","hentry"],"yoast_head":"<!-- This site is optimized with the Yoast SEO Premium plugin v21.5 (Yoast SEO v27.3) - https:\/\/yoast.com\/product\/yoast-seo-premium-wordpress\/ -->\n<title>Triagem Gratuita - 360 Immigration Law<\/title>\n<meta name=\"robots\" content=\"index, follow, max-snippet:-1, max-image-preview:large, max-video-preview:-1\" \/>\n<link rel=\"canonical\" href=\"https:\/\/360immigrationlaw.com\/pt\/triagem-gratuita\/\" \/>\n<meta property=\"og:locale\" content=\"pt_PT\" \/>\n<meta property=\"og:type\" content=\"article\" \/>\n<meta property=\"og:title\" content=\"Triagem Gratuita\" \/>\n<meta property=\"og:description\" content=\"TRIAGEM GRATUITAPrecisa de ajuda com a imigra\u00e7\u00e3o? Agende uma avalia\u00e7\u00e3o de caso gratuita hoje! Se voc\u00ea j\u00e1 est\u00e1 nos EUA e precisa de apoio ou est\u00e1 se preparando para dar este passo importante, ent\u00e3o voc\u00ea precisa de um advogado de imigra\u00e7\u00e3o experiente que possa orient\u00e1-lo de forma eficiente para um resultado satisfat\u00f3rio do seu caso. Durante a avalia\u00e7\u00e3o do seu caso, nossos analistas jur\u00eddicos analisam minuciosamente os detalhes do seu caso para determinar como podemos ajud\u00e1-lo a atingir seus objetivos. Se voc\u00ea precisar de assist\u00eancia com vistos, documenta\u00e7\u00e3o, green cards, naturaliza\u00e7\u00e3o de cidadania americana ou outra necessidade de imigra\u00e7\u00e3o, dedicamos tempo para entender suas necessidades para que possamos lhe dar o suporte necess\u00e1rio. Inicie agora o processo de Avalia\u00e7\u00e3o de Caso Gratuito ligando para n\u00f3s ou preenchendo nosso formul\u00e1rio.Contato 360 Immigration Law Group\" \/>\n<meta property=\"og:url\" content=\"https:\/\/360immigrationlaw.com\/pt\/triagem-gratuita\/\" \/>\n<meta property=\"og:site_name\" content=\"360 Immigration Law\" \/>\n<meta property=\"article:publisher\" content=\"https:\/\/www.facebook.com\/360Immigration\/\" \/>\n<meta property=\"article:modified_time\" content=\"2024-04-02T18:46:26+00:00\" \/>\n<meta name=\"twitter:card\" content=\"summary_large_image\" \/>\n<meta name=\"twitter:site\" content=\"@360immigration\" \/>\n<script type=\"application\/ld+json\" class=\"yoast-schema-graph\">{\"@context\":\"https:\\\/\\\/schema.org\",\"@graph\":[{\"@type\":\"WebPage\",\"@id\":\"https:\\\/\\\/360immigrationlaw.com\\\/pt\\\/triagem-gratuita\\\/\",\"url\":\"https:\\\/\\\/360immigrationlaw.com\\\/pt\\\/triagem-gratuita\\\/\",\"name\":\"Triagem Gratuita - 360 Immigration Law\",\"isPartOf\":{\"@id\":\"https:\\\/\\\/pt.360immigrationlaw.com\\\/#website\"},\"datePublished\":\"2024-02-10T16:49:10+00:00\",\"dateModified\":\"2024-04-02T18:46:26+00:00\",\"breadcrumb\":{\"@id\":\"https:\\\/\\\/360immigrationlaw.com\\\/pt\\\/triagem-gratuita\\\/#breadcrumb\"},\"inLanguage\":\"pt-PT\",\"potentialAction\":[{\"@type\":\"ReadAction\",\"target\":[\"https:\\\/\\\/360immigrationlaw.com\\\/pt\\\/triagem-gratuita\\\/\"]}]},{\"@type\":\"BreadcrumbList\",\"@id\":\"https:\\\/\\\/360immigrationlaw.com\\\/pt\\\/triagem-gratuita\\\/#breadcrumb\",\"itemListElement\":[{\"@type\":\"ListItem\",\"position\":1,\"name\":\"Home\",\"item\":\"https:\\\/\\\/360immigrationlaw.com\\\/pt\\\/\"},{\"@type\":\"ListItem\",\"position\":2,\"name\":\"Triagem Gratuita\"}]},{\"@type\":\"WebSite\",\"@id\":\"https:\\\/\\\/pt.360immigrationlaw.com\\\/#website\",\"url\":\"https:\\\/\\\/pt.360immigrationlaw.com\\\/\",\"name\":\"360 Immigration Law\",\"description\":\"Advogado de imigra\u00e7\u00e3o na Fl\u00f3rida\",\"publisher\":{\"@id\":\"https:\\\/\\\/pt.360immigrationlaw.com\\\/#organization\"},\"potentialAction\":[{\"@type\":\"SearchAction\",\"target\":{\"@type\":\"EntryPoint\",\"urlTemplate\":\"https:\\\/\\\/pt.360immigrationlaw.com\\\/?s={search_term_string}\"},\"query-input\":{\"@type\":\"PropertyValueSpecification\",\"valueRequired\":true,\"valueName\":\"search_term_string\"}}],\"inLanguage\":\"pt-PT\"},{\"@type\":\"Organization\",\"@id\":\"https:\\\/\\\/pt.360immigrationlaw.com\\\/#organization\",\"name\":\"360 Immigration Law\",\"url\":\"https:\\\/\\\/pt.360immigrationlaw.com\\\/\",\"logo\":{\"@type\":\"ImageObject\",\"inLanguage\":\"pt-PT\",\"@id\":\"https:\\\/\\\/pt.360immigrationlaw.com\\\/#\\\/schema\\\/logo\\\/image\\\/\",\"url\":\"https:\\\/\\\/360immigrationlaw.com\\\/pt\\\/wp-content\\\/uploads\\\/2023\\\/06\\\/360_Immigration_Law_Group.jpg\",\"contentUrl\":\"https:\\\/\\\/360immigrationlaw.com\\\/pt\\\/wp-content\\\/uploads\\\/2023\\\/06\\\/360_Immigration_Law_Group.jpg\",\"width\":1264,\"height\":932,\"caption\":\"360 Immigration Law\"},\"image\":{\"@id\":\"https:\\\/\\\/pt.360immigrationlaw.com\\\/#\\\/schema\\\/logo\\\/image\\\/\"},\"sameAs\":[\"https:\\\/\\\/www.facebook.com\\\/360Immigration\\\/\",\"https:\\\/\\\/x.com\\\/360immigration\"]}]}<\/script>\n<!-- \/ Yoast SEO Premium plugin. -->","yoast_head_json":{"title":"Triagem Gratuita - 360 Immigration Law","robots":{"index":"index","follow":"follow","max-snippet":"max-snippet:-1","max-image-preview":"max-image-preview:large","max-video-preview":"max-video-preview:-1"},"canonical":"https:\/\/360immigrationlaw.com\/pt\/triagem-gratuita\/","og_locale":"pt_PT","og_type":"article","og_title":"Triagem Gratuita","og_description":"TRIAGEM GRATUITAPrecisa de ajuda com a imigra\u00e7\u00e3o? Agende uma avalia\u00e7\u00e3o de caso gratuita hoje! Se voc\u00ea j\u00e1 est\u00e1 nos EUA e precisa de apoio ou est\u00e1 se preparando para dar este passo importante, ent\u00e3o voc\u00ea precisa de um advogado de imigra\u00e7\u00e3o experiente que possa orient\u00e1-lo de forma eficiente para um resultado satisfat\u00f3rio do seu caso. Durante a avalia\u00e7\u00e3o do seu caso, nossos analistas jur\u00eddicos analisam minuciosamente os detalhes do seu caso para determinar como podemos ajud\u00e1-lo a atingir seus objetivos. Se voc\u00ea precisar de assist\u00eancia com vistos, documenta\u00e7\u00e3o, green cards, naturaliza\u00e7\u00e3o de cidadania americana ou outra necessidade de imigra\u00e7\u00e3o, dedicamos tempo para entender suas necessidades para que possamos lhe dar o suporte necess\u00e1rio. Inicie agora o processo de Avalia\u00e7\u00e3o de Caso Gratuito ligando para n\u00f3s ou preenchendo nosso formul\u00e1rio.Contato 360 Immigration Law Group","og_url":"https:\/\/360immigrationlaw.com\/pt\/triagem-gratuita\/","og_site_name":"360 Immigration Law","article_publisher":"https:\/\/www.facebook.com\/360Immigration\/","article_modified_time":"2024-04-02T18:46:26+00:00","twitter_card":"summary_large_image","twitter_site":"@360immigration","schema":{"@context":"https:\/\/schema.org","@graph":[{"@type":"WebPage","@id":"https:\/\/360immigrationlaw.com\/pt\/triagem-gratuita\/","url":"https:\/\/360immigrationlaw.com\/pt\/triagem-gratuita\/","name":"Triagem Gratuita - 360 Immigration Law","isPartOf":{"@id":"https:\/\/pt.360immigrationlaw.com\/#website"},"datePublished":"2024-02-10T16:49:10+00:00","dateModified":"2024-04-02T18:46:26+00:00","breadcrumb":{"@id":"https:\/\/360immigrationlaw.com\/pt\/triagem-gratuita\/#breadcrumb"},"inLanguage":"pt-PT","potentialAction":[{"@type":"ReadAction","target":["https:\/\/360immigrationlaw.com\/pt\/triagem-gratuita\/"]}]},{"@type":"BreadcrumbList","@id":"https:\/\/360immigrationlaw.com\/pt\/triagem-gratuita\/#breadcrumb","itemListElement":[{"@type":"ListItem","position":1,"name":"Home","item":"https:\/\/360immigrationlaw.com\/pt\/"},{"@type":"ListItem","position":2,"name":"Triagem Gratuita"}]},{"@type":"WebSite","@id":"https:\/\/pt.360immigrationlaw.com\/#website","url":"https:\/\/pt.360immigrationlaw.com\/","name":"360 Immigration Law","description":"Advogado de imigra\u00e7\u00e3o na Fl\u00f3rida","publisher":{"@id":"https:\/\/pt.360immigrationlaw.com\/#organization"},"potentialAction":[{"@type":"SearchAction","target":{"@type":"EntryPoint","urlTemplate":"https:\/\/pt.360immigrationlaw.com\/?s={search_term_string}"},"query-input":{"@type":"PropertyValueSpecification","valueRequired":true,"valueName":"search_term_string"}}],"inLanguage":"pt-PT"},{"@type":"Organization","@id":"https:\/\/pt.360immigrationlaw.com\/#organization","name":"360 Immigration Law","url":"https:\/\/pt.360immigrationlaw.com\/","logo":{"@type":"ImageObject","inLanguage":"pt-PT","@id":"https:\/\/pt.360immigrationlaw.com\/#\/schema\/logo\/image\/","url":"https:\/\/360immigrationlaw.com\/pt\/wp-content\/uploads\/2023\/06\/360_Immigration_Law_Group.jpg","contentUrl":"https:\/\/360immigrationlaw.com\/pt\/wp-content\/uploads\/2023\/06\/360_Immigration_Law_Group.jpg","width":1264,"height":932,"caption":"360 Immigration Law"},"image":{"@id":"https:\/\/pt.360immigrationlaw.com\/#\/schema\/logo\/image\/"},"sameAs":["https:\/\/www.facebook.com\/360Immigration\/","https:\/\/x.com\/360immigration"]}]}},"_links":{"self":[{"href":"https:\/\/360immigrationlaw.com\/pt\/wp-json\/wp\/v2\/pages\/82424","targetHints":{"allow":["GET"]}}],"collection":[{"href":"https:\/\/360immigrationlaw.com\/pt\/wp-json\/wp\/v2\/pages"}],"about":[{"href":"https:\/\/360immigrationlaw.com\/pt\/wp-json\/wp\/v2\/types\/page"}],"author":[{"embeddable":true,"href":"https:\/\/360immigrationlaw.com\/pt\/wp-json\/wp\/v2\/users\/3"}],"replies":[{"embeddable":true,"href":"https:\/\/360immigrationlaw.com\/pt\/wp-json\/wp\/v2\/comments?post=82424"}],"version-history":[{"count":6,"href":"https:\/\/360immigrationlaw.com\/pt\/wp-json\/wp\/v2\/pages\/82424\/revisions"}],"predecessor-version":[{"id":82467,"href":"https:\/\/360immigrationlaw.com\/pt\/wp-json\/wp\/v2\/pages\/82424\/revisions\/82467"}],"wp:attachment":[{"href":"https:\/\/360immigrationlaw.com\/pt\/wp-json\/wp\/v2\/media?parent=82424"}],"curies":[{"name":"wp","href":"https:\/\/api.w.org\/{rel}","templated":true}]}}